{"id":31705,"date":"2026-03-31T15:25:18","date_gmt":"2026-03-31T13:25:18","guid":{"rendered":"https:\/\/www.linkeus.fr\/produit\/jw-marriott-cannes-13\/"},"modified":"2026-03-31T15:25:18","modified_gmt":"2026-03-31T13:25:18","slug":"jw-marriott-cannes-13","status":"publish","type":"product","link":"https:\/\/www.linkeus.fr\/en\/produit\/jw-marriott-cannes-13\/","title":{"rendered":"JW Marriott Cannes"},"content":{"rendered":"<div id=\"tw-container\" class=\"nev7se\" data-cp=\"1\" data-nnttsvi=\"1\" data-sletp=\"false\" data-sm=\"1\" data-ssbp=\"false\" data-sugg-time=\"500\" data-sugg-url=\"https:\/\/clients1.google.com\/complete\/search\" data-uilc=\"fr\" data-vil=\",af,af-ZA,am,am-ET,ar-EG,ar-AE,ar-KW,ar-QA,ar,ar-IL,ar-JO,ar-LB,ar-PS,az,az-AZ,bg,bg-BG,bn,bn-BD,bn-IN,ca,ca-es,cs,cs-CZ,de,de-DE,de-CH,de-AT,de-LI,en,en-US,en-CA,en-AU,en-NZ,en-GB,en-IN,en-KE,en-TZ,en-NG,en-GH,en-PH,en-ZA,es,es-ES,es-AR,es-UY,es-419,es-BO,es-CL,es-CR,es-CO,es-DO,es-EC,es-GT,es-HN,es-NI,es-PA,es-PE,es-PR,es-PY,es-SV,es-VE,es-MX,es-US,eu,eu-ES,fi,fi-FI,fr,fr-FR,fr-CH,fr-BE,gl,gl-ES,gu,gu-IN,he,he-IL,iw,iw-IL,hu,hu-HU,hy,hy-AM,id,id-ID,is,is-IS,it,it-IT,it-CH,ja,ja-JP,jv,jv-ID,ka,ka-GE,km,km-KH,kn,kn-IN,ko,ko-KR,la,lo,lo-LA,lv,lv-LV,ml,ml-IN,mr,mr-IN,ms,ms-MY,nl,nl-NL,nb,nb-NO,ne,ne-NP,pl,pl-PL,pt,pt-BR,pt-PT,ro,ro-RO,ru,ru-RU,si-LK,sk,sk-SK,sr,sr-RS,su,su-ID,sv,sv-SE,sw,sw-TZ,sw-KE,ta,ta-IN,ta-SG,ta-LK,ta-MY,te,te-IN,tr,tr-TR,ur,ur-PK,ur-IN,yue,yue-HK,yue-Hant-HK,zh-HK,zh,zh-CN,zh-cmn,zh-cmn-CN,zh-Hans,zh-Hans-CN,zh-cmn-Hans,zh-cmn-Hans-CN,cmn-CN,cmn-Hans,cmn-Hans-CN,zh-TW,zh-Hant-TW,cmn-TW,cmn-Hant-TW,zh-cmn-TW,zh-cmn-Hant-TW,zu,zu-ZA,hi,hi-IN,tl,tl-PH,pa,pa-IN\">\n<div>\n<div>\n<div id=\"tw-ob\" class=\"tw-src-ltr\">\n<div class=\"oSioSc\">\n<div id=\"tw-target\">\n<div id=\"kAz1tf\" class=\"g9WsWb PZPZlf\" data-attrid=\"tw-targetArea\" data-entityname=\"Google Translate\">\n<div id=\"tw-target-text-container\" class=\"tw-ta-container tw-nfl\" tabindex=\"0\" role=\"text\">\n<p id=\"tw-target-text\" class=\"tw-data-text tw-text-large tw-ta\" dir=\"ltr\" tabindex=\"-1\" role=\"text\" data-placeholder=\"Traduction\" data-ved=\"2ahUKEwi76NeKlcySAxXXOPsDHbC6HssQ3ewLegQIDBAW\" aria-label=\"Texte traduit\u00a0: The JW Marriott Cannes, steeped in Cannes history and the birthplace of the Film Festival, occupies the historic site of the first Palais des Festivals. It welcomes you to Cannes, on the Boulevard de la Croisette, just 50 meters from the beach. This 5-star hotel offers a rooftop pool, a private partner beach, a casino, and a shopping arcade. With a cutting-edge entrance, sleek design, and 261 rooms, including 50 fully renovated suites, experience a 5-star oceanfront stay. Ideally located on the legendary Croisette, the JW Marriott is within easy reach of Cannes' most popular local attractions. Discover Mediterranean and Asian culinary creations at the private Palais St\u00e9phanie Beach, upscale Italian specialties at Scalini, and enjoy a cocktail on the Sunset Terrace, offering a sublime sunset in a tranquil setting. Featuring an iconic 820-seat theatre, a rooftop offering breathtaking views of the Bay of Cannes, 13 modular meeting rooms and a private beach, the JW Marriott Cannes is the ideal venue for an unforgettable event.\">Rooted in Cannes\u2019 rich history and birthplace of the Film Festival, the JW Marriott Cannes stands on the historic site of the city\u2019s first Palais des Festivals.<\/p>\n<p class=\"tw-data-text tw-text-large tw-ta\" dir=\"ltr\" tabindex=\"-1\" role=\"text\" data-placeholder=\"Traduction\" data-ved=\"2ahUKEwi76NeKlcySAxXXOPsDHbC6HssQ3ewLegQIDBAW\" aria-label=\"Texte traduit\u00a0: The JW Marriott Cannes, steeped in Cannes history and the birthplace of the Film Festival, occupies the historic site of the first Palais des Festivals. It welcomes you to Cannes, on the Boulevard de la Croisette, just 50 meters from the beach. This 5-star hotel offers a rooftop pool, a private partner beach, a casino, and a shopping arcade. With a cutting-edge entrance, sleek design, and 261 rooms, including 50 fully renovated suites, experience a 5-star oceanfront stay. Ideally located on the legendary Croisette, the JW Marriott is within easy reach of Cannes' most popular local attractions. Discover Mediterranean and Asian culinary creations at the private Palais St\u00e9phanie Beach, upscale Italian specialties at Scalini, and enjoy a cocktail on the Sunset Terrace, offering a sublime sunset in a tranquil setting. Featuring an iconic 820-seat theatre, a rooftop offering breathtaking views of the Bay of Cannes, 13 modular meeting rooms and a private beach, the JW Marriott Cannes is the ideal venue for an unforgettable event.\">Located on the famous Boulevard de la Croisette, just 50 meters from the beach, this 5-star hotel features a rooftop pool, a private partner beach, a casino, and a shopping gallery. With its avant-garde entrance, sleek design, and 261 rooms including 50 fully renovated suites, guests can enjoy a true five-star experience by the sea.<\/p>\n<p class=\"tw-data-text tw-text-large tw-ta\" dir=\"ltr\" tabindex=\"-1\" role=\"text\" data-placeholder=\"Traduction\" data-ved=\"2ahUKEwi76NeKlcySAxXXOPsDHbC6HssQ3ewLegQIDBAW\" aria-label=\"Texte traduit\u00a0: The JW Marriott Cannes, steeped in Cannes history and the birthplace of the Film Festival, occupies the historic site of the first Palais des Festivals. It welcomes you to Cannes, on the Boulevard de la Croisette, just 50 meters from the beach. This 5-star hotel offers a rooftop pool, a private partner beach, a casino, and a shopping arcade. With a cutting-edge entrance, sleek design, and 261 rooms, including 50 fully renovated suites, experience a 5-star oceanfront stay. Ideally located on the legendary Croisette, the JW Marriott is within easy reach of Cannes' most popular local attractions. Discover Mediterranean and Asian culinary creations at the private Palais St\u00e9phanie Beach, upscale Italian specialties at Scalini, and enjoy a cocktail on the Sunset Terrace, offering a sublime sunset in a tranquil setting. Featuring an iconic 820-seat theatre, a rooftop offering breathtaking views of the Bay of Cannes, 13 modular meeting rooms and a private beach, the JW Marriott Cannes is the ideal venue for an unforgettable event.\">Ideally situated along the legendary Croisette, the JW Marriott Cannes is within short distance of the city&#8217;s most popular attractions. Discover refined Mediterranean and Asian creations at the private Palais St\u00e9phanie Beach, savor upscale Italian specialties at Scalini, or enjoy a cocktail on the Sunset Terrace while admiring a stunning sunset in a peaceful setting. Featuring an iconic 820-seat theater, a rooftop with breathtaking views over the Bay of Cannes, 13 flexible meeting rooms, and a private beach, the JW Marriott Cannes is the perfect venue to host an unforgettable event.<\/p>\n<p class=\"tw-data-text tw-text-large tw-ta\" dir=\"ltr\" tabindex=\"-1\" role=\"text\" data-placeholder=\"Traduction\" data-ved=\"2ahUKEwi76NeKlcySAxXXOPsDHbC6HssQ3ewLegQIDBAW\" aria-label=\"Texte traduit\u00a0: The JW Marriott Cannes, steeped in Cannes history and the birthplace of the Film Festival, occupies the historic site of the first Palais des Festivals. It welcomes you to Cannes, on the Boulevard de la Croisette, just 50 meters from the beach. This 5-star hotel offers a rooftop pool, a private partner beach, a casino, and a shopping arcade. With a cutting-edge entrance, sleek design, and 261 rooms, including 50 fully renovated suites, experience a 5-star oceanfront stay. Ideally located on the legendary Croisette, the JW Marriott is within easy reach of Cannes' most popular local attractions. Discover Mediterranean and Asian culinary creations at the private Palais St\u00e9phanie Beach, upscale Italian specialties at Scalini, and enjoy a cocktail on the Sunset Terrace, offering a sublime sunset in a tranquil setting. Featuring an iconic 820-seat theatre, a rooftop offering breathtaking views of the Bay of Cannes, 13 modular meeting rooms and a private beach, the JW Marriott Cannes is the ideal venue for an unforgettable event.\"><strong>New: <\/strong><\/p>\n<p class=\"tw-data-text tw-text-large tw-ta\" dir=\"ltr\" tabindex=\"-1\" role=\"text\" data-placeholder=\"Traduction\" data-ved=\"2ahUKEwi76NeKlcySAxXXOPsDHbC6HssQ3ewLegQIDBAW\" aria-label=\"Texte traduit\u00a0: The JW Marriott Cannes, steeped in Cannes history and the birthplace of the Film Festival, occupies the historic site of the first Palais des Festivals. It welcomes you to Cannes, on the Boulevard de la Croisette, just 50 meters from the beach. This 5-star hotel offers a rooftop pool, a private partner beach, a casino, and a shopping arcade. With a cutting-edge entrance, sleek design, and 261 rooms, including 50 fully renovated suites, experience a 5-star oceanfront stay. Ideally located on the legendary Croisette, the JW Marriott is within easy reach of Cannes' most popular local attractions. Discover Mediterranean and Asian culinary creations at the private Palais St\u00e9phanie Beach, upscale Italian specialties at Scalini, and enjoy a cocktail on the Sunset Terrace, offering a sublime sunset in a tranquil setting. Featuring an iconic 820-seat theatre, a rooftop offering breathtaking views of the Bay of Cannes, 13 modular meeting rooms and a private beach, the JW Marriott Cannes is the ideal venue for an unforgettable event.\">The JW Marriott Cannes is proud to unveil its new Panoramic Terrace, an exceptional space dedicated to professional events. Facing the Mediterranean, with stunning views of the L\u00e9rins Islands and the Esterel mountains, this emblematic venue has been reinvented to offer a premium and inspiring setting on the Croisette. Designed as a fully modular event space, the rooftop accommodates seminars, conferences, product launches, strategic meetings, and corporate evenings in an atmosphere combining prestige and comfort. During the winter season, an elegant, fully equipped structure allows for receptions, business lunches, and networking cocktails in a warm and luminous ambiance, while preserving the spectacular panoramic view. A unique venue, thoughtfully designed to elevate MICE events and create memorable professional experiences all year round.<\/p>\n<\/div>\n<\/div>\n<\/div>\n<\/div>\n<\/div>\n<\/div>\n<\/div>\n<\/div>\n","protected":false},"excerpt":{"rendered":"<p>Rooted in Cannes\u2019 rich history and birthplace of the Film Festival, the JW Marriott Cannes stands on the historic site of the city\u2019s first Palais des Festivals. Located on the famous Boulevard de la Croisette, just 50 meters from the beach, this 5-star hotel features a rooftop pool, a private partner beach, a casino, and [&hellip;]<\/p>\n","protected":false},"featured_media":0,"comment_status":"closed","ping_status":"closed","template":"","meta":{"inline_featured_image":false},"product_cat":[],"product_tag":[],"class_list":{"0":"post-31705","1":"product","2":"type-product","3":"status-publish","6":"first","7":"instock","8":"virtual","9":"sold-individually","10":"purchasable","11":"product-type-listing_booking"},"yoast_head":"<!-- This site is optimized with the Yoast SEO plugin v24.0 - https:\/\/yoast.com\/wordpress\/plugins\/seo\/ -->\n<title>JW Marriott Cannes - Linkeus Provence C\u00f4te d&#039;Azur Events<\/title>\n<meta name=\"robots\" content=\"index, follow, max-snippet:-1, max-image-preview:large, max-video-preview:-1\" \/>\n<link rel=\"canonical\" href=\"https:\/\/www.linkeus.fr\/en\/produit\/jw-marriott-cannes-13\/\" \/>\n<meta property=\"og:locale\" content=\"en_US\" \/>\n<meta property=\"og:type\" content=\"article\" \/>\n<meta property=\"og:title\" content=\"JW Marriott Cannes - Linkeus Provence C\u00f4te d&#039;Azur Events\" \/>\n<meta property=\"og:description\" content=\"Rooted in Cannes\u2019 rich history and birthplace of the Film Festival, the JW Marriott Cannes stands on the historic site of the city\u2019s first Palais des Festivals. Located on the famous Boulevard de la Croisette, just 50 meters from the beach, this 5-star hotel features a rooftop pool, a private partner beach, a casino, and [&hellip;]\" \/>\n<meta property=\"og:url\" content=\"https:\/\/www.linkeus.fr\/en\/produit\/jw-marriott-cannes-13\/\" \/>\n<meta property=\"og:site_name\" content=\"Linkeus Provence C\u00f4te d&#039;Azur Events\" \/>\n<meta property=\"article:publisher\" content=\"https:\/\/www.facebook.com\/ProvenceCotedAzurEvents\" \/>\n<meta property=\"og:image\" content=\"https:\/\/www.linkeus.fr\/wp-content\/uploads\/2021\/07\/pce-image-resaux-sociaux-scaled.jpg\" \/>\n\t<meta property=\"og:image:width\" content=\"2560\" \/>\n\t<meta property=\"og:image:height\" content=\"1204\" \/>\n\t<meta property=\"og:image:type\" content=\"image\/jpeg\" \/>\n<meta name=\"twitter:card\" content=\"summary_large_image\" \/>\n<meta name=\"twitter:label1\" content=\"Est. reading time\" \/>\n\t<meta name=\"twitter:data1\" content=\"1 minute\" \/>\n<script type=\"application\/ld+json\" class=\"yoast-schema-graph\">{\"@context\":\"https:\/\/schema.org\",\"@graph\":[{\"@type\":\"WebPage\",\"@id\":\"https:\/\/www.linkeus.fr\/en\/produit\/jw-marriott-cannes-13\/\",\"url\":\"https:\/\/www.linkeus.fr\/en\/produit\/jw-marriott-cannes-13\/\",\"name\":\"JW Marriott Cannes - Linkeus Provence C\u00f4te d&#039;Azur Events\",\"isPartOf\":{\"@id\":\"https:\/\/www.linkeus.fr\/#website\"},\"datePublished\":\"2026-03-31T13:25:18+00:00\",\"dateModified\":\"2026-03-31T13:25:18+00:00\",\"breadcrumb\":{\"@id\":\"https:\/\/www.linkeus.fr\/en\/produit\/jw-marriott-cannes-13\/#breadcrumb\"},\"inLanguage\":\"en-US\",\"potentialAction\":[{\"@type\":\"ReadAction\",\"target\":[\"https:\/\/www.linkeus.fr\/en\/produit\/jw-marriott-cannes-13\/\"]}]},{\"@type\":\"BreadcrumbList\",\"@id\":\"https:\/\/www.linkeus.fr\/en\/produit\/jw-marriott-cannes-13\/#breadcrumb\",\"itemListElement\":[{\"@type\":\"ListItem\",\"position\":1,\"name\":\"Accueil\",\"item\":\"https:\/\/www.linkeus.fr\/en\/\"},{\"@type\":\"ListItem\",\"position\":2,\"name\":\"Produits\",\"item\":\"https:\/\/www.linkeus.fr\/shop\/\"},{\"@type\":\"ListItem\",\"position\":3,\"name\":\"JW Marriott Cannes\"}]},{\"@type\":\"WebSite\",\"@id\":\"https:\/\/www.linkeus.fr\/#website\",\"url\":\"https:\/\/www.linkeus.fr\/\",\"name\":\"Linkeus Provence C\u00f4te d&#039;Azur Events\",\"description\":\"Le bureau des congr\u00e8s regional : l&#039;interlocuteur privil\u00e9gi\u00e9 pour l&#039;organisation de vos \u00e9v\u00e8nements professionnels en Provence Alpes C\u00f4te d&#039;Azur\",\"publisher\":{\"@id\":\"https:\/\/www.linkeus.fr\/#organization\"},\"potentialAction\":[{\"@type\":\"SearchAction\",\"target\":{\"@type\":\"EntryPoint\",\"urlTemplate\":\"https:\/\/www.linkeus.fr\/?s={search_term_string}\"},\"query-input\":{\"@type\":\"PropertyValueSpecification\",\"valueRequired\":true,\"valueName\":\"search_term_string\"}}],\"inLanguage\":\"en-US\"},{\"@type\":\"Organization\",\"@id\":\"https:\/\/www.linkeus.fr\/#organization\",\"name\":\"Linkeus Provence C\u00f4te d&#039;Azur Events\",\"url\":\"https:\/\/www.linkeus.fr\/\",\"logo\":{\"@type\":\"ImageObject\",\"inLanguage\":\"en-US\",\"@id\":\"https:\/\/www.linkeus.fr\/#\/schema\/logo\/image\/\",\"url\":\"https:\/\/www.linkeus.fr\/wp-content\/uploads\/2022\/09\/log-linkeus290.png\",\"contentUrl\":\"https:\/\/www.linkeus.fr\/wp-content\/uploads\/2022\/09\/log-linkeus290.png\",\"width\":290,\"height\":100,\"caption\":\"Linkeus Provence C\u00f4te d&#039;Azur Events\"},\"image\":{\"@id\":\"https:\/\/www.linkeus.fr\/#\/schema\/logo\/image\/\"},\"sameAs\":[\"https:\/\/www.facebook.com\/ProvenceCotedAzurEvents\"]}]}<\/script>\n<!-- \/ Yoast SEO plugin. -->","yoast_head_json":{"title":"JW Marriott Cannes - Linkeus Provence C\u00f4te d&#039;Azur Events","robots":{"index":"index","follow":"follow","max-snippet":"max-snippet:-1","max-image-preview":"max-image-preview:large","max-video-preview":"max-video-preview:-1"},"canonical":"https:\/\/www.linkeus.fr\/en\/produit\/jw-marriott-cannes-13\/","og_locale":"en_US","og_type":"article","og_title":"JW Marriott Cannes - Linkeus Provence C\u00f4te d&#039;Azur Events","og_description":"Rooted in Cannes\u2019 rich history and birthplace of the Film Festival, the JW Marriott Cannes stands on the historic site of the city\u2019s first Palais des Festivals. Located on the famous Boulevard de la Croisette, just 50 meters from the beach, this 5-star hotel features a rooftop pool, a private partner beach, a casino, and [&hellip;]","og_url":"https:\/\/www.linkeus.fr\/en\/produit\/jw-marriott-cannes-13\/","og_site_name":"Linkeus Provence C\u00f4te d&#039;Azur Events","article_publisher":"https:\/\/www.facebook.com\/ProvenceCotedAzurEvents","og_image":[{"width":2560,"height":1204,"url":"https:\/\/www.linkeus.fr\/wp-content\/uploads\/2021\/07\/pce-image-resaux-sociaux-scaled.jpg","type":"image\/jpeg"}],"twitter_card":"summary_large_image","twitter_misc":{"Est. reading time":"1 minute"},"schema":{"@context":"https:\/\/schema.org","@graph":[{"@type":"WebPage","@id":"https:\/\/www.linkeus.fr\/en\/produit\/jw-marriott-cannes-13\/","url":"https:\/\/www.linkeus.fr\/en\/produit\/jw-marriott-cannes-13\/","name":"JW Marriott Cannes - Linkeus Provence C\u00f4te d&#039;Azur Events","isPartOf":{"@id":"https:\/\/www.linkeus.fr\/#website"},"datePublished":"2026-03-31T13:25:18+00:00","dateModified":"2026-03-31T13:25:18+00:00","breadcrumb":{"@id":"https:\/\/www.linkeus.fr\/en\/produit\/jw-marriott-cannes-13\/#breadcrumb"},"inLanguage":"en-US","potentialAction":[{"@type":"ReadAction","target":["https:\/\/www.linkeus.fr\/en\/produit\/jw-marriott-cannes-13\/"]}]},{"@type":"BreadcrumbList","@id":"https:\/\/www.linkeus.fr\/en\/produit\/jw-marriott-cannes-13\/#breadcrumb","itemListElement":[{"@type":"ListItem","position":1,"name":"Accueil","item":"https:\/\/www.linkeus.fr\/en\/"},{"@type":"ListItem","position":2,"name":"Produits","item":"https:\/\/www.linkeus.fr\/shop\/"},{"@type":"ListItem","position":3,"name":"JW Marriott Cannes"}]},{"@type":"WebSite","@id":"https:\/\/www.linkeus.fr\/#website","url":"https:\/\/www.linkeus.fr\/","name":"Linkeus Provence C\u00f4te d&#039;Azur Events","description":"Le bureau des congr\u00e8s regional : l&#039;interlocuteur privil\u00e9gi\u00e9 pour l&#039;organisation de vos \u00e9v\u00e8nements professionnels en Provence Alpes C\u00f4te d&#039;Azur","publisher":{"@id":"https:\/\/www.linkeus.fr\/#organization"},"potentialAction":[{"@type":"SearchAction","target":{"@type":"EntryPoint","urlTemplate":"https:\/\/www.linkeus.fr\/?s={search_term_string}"},"query-input":{"@type":"PropertyValueSpecification","valueRequired":true,"valueName":"search_term_string"}}],"inLanguage":"en-US"},{"@type":"Organization","@id":"https:\/\/www.linkeus.fr\/#organization","name":"Linkeus Provence C\u00f4te d&#039;Azur Events","url":"https:\/\/www.linkeus.fr\/","logo":{"@type":"ImageObject","inLanguage":"en-US","@id":"https:\/\/www.linkeus.fr\/#\/schema\/logo\/image\/","url":"https:\/\/www.linkeus.fr\/wp-content\/uploads\/2022\/09\/log-linkeus290.png","contentUrl":"https:\/\/www.linkeus.fr\/wp-content\/uploads\/2022\/09\/log-linkeus290.png","width":290,"height":100,"caption":"Linkeus Provence C\u00f4te d&#039;Azur Events"},"image":{"@id":"https:\/\/www.linkeus.fr\/#\/schema\/logo\/image\/"},"sameAs":["https:\/\/www.facebook.com\/ProvenceCotedAzurEvents"]}]}},"_links":{"self":[{"href":"https:\/\/www.linkeus.fr\/en\/wp-json\/wp\/v2\/product\/31705","targetHints":{"allow":["GET"]}}],"collection":[{"href":"https:\/\/www.linkeus.fr\/en\/wp-json\/wp\/v2\/product"}],"about":[{"href":"https:\/\/www.linkeus.fr\/en\/wp-json\/wp\/v2\/types\/product"}],"replies":[{"embeddable":true,"href":"https:\/\/www.linkeus.fr\/en\/wp-json\/wp\/v2\/comments?post=31705"}],"wp:attachment":[{"href":"https:\/\/www.linkeus.fr\/en\/wp-json\/wp\/v2\/media?parent=31705"}],"wp:term":[{"taxonomy":"product_cat","embeddable":true,"href":"https:\/\/www.linkeus.fr\/en\/wp-json\/wp\/v2\/product_cat?post=31705"},{"taxonomy":"product_tag","embeddable":true,"href":"https:\/\/www.linkeus.fr\/en\/wp-json\/wp\/v2\/product_tag?post=31705"}],"curies":[{"name":"wp","href":"https:\/\/api.w.org\/{rel}","templated":true}]}}