{"id":31662,"date":"2026-03-20T15:24:40","date_gmt":"2026-03-20T14:24:40","guid":{"rendered":"https:\/\/www.linkeus.fr\/produit\/brouillon-auto-31\/"},"modified":"2026-03-20T16:07:55","modified_gmt":"2026-03-20T15:07:55","slug":"brouillon-auto-31","status":"publish","type":"product","link":"https:\/\/www.linkeus.fr\/en\/produit\/brouillon-auto-31\/","title":{"rendered":""},"content":{"rendered":"<p>Located in the heart of the Mediterranean, Aix-Marseille Provence offers a unique mix of Provencal charm, fascinating history and modern facilities. Whether you\u2019re looking for an outstanding location or a team of committed professionals, Aix-Marseille Provence has everything you need to make your event a success. Discover why this region is the perfect choice for your next congress and let you seduce by its unique atmosphere.<\/p>\n<p>Aix-Marseille Provence, France\u2019s sunniest metropolis on the Mediterranean Efficient national and international accessibility: Thanks to its international airport, which has recently been refurbished with a new terminal designed by Norman Foster, more than 150 destinations worldwide are linked to Marseille, which is also accessible daily by TGV from major European cities. 2 TGV stations, one in the heart of Marseille and one 15 minutes from Aix-enProvence.<\/p>\n<p>An extensive range of 4 Congress Centres, ideally located and easily accessible by public transport: Marseille Chanot, Palais du Pharo, World Trade Center Marseille Provence, and Aix en Provence Congress Centre A wide variety of hotels, with more than 10 284 rooms in Marseille and 22 561 in the AixMarseille Provence metropolitan area A large choice of exceptional and unusual venues: rooftop, museum, island, vineyards, Provencal farmhouse, or historical and iconic places: you will be amazed by the diversity of the offer<\/p>\n<p>A wide variety of hotels, with more than 10 360 rooms in Marseille and 22 647 in the AixMarseille Provence metropolitan area A large choice of exceptional and unusual venues: rooftop, museum, island, vineyards, Provencal farmhouse, or historical and iconic places. you will be amazed by the diversity of the offer Expertise in hosting major international events in the field of business, sports, and cultural tourism Development of sustainable tourism: protection of the coastline and natural areas (Calanques National Park, Sainte Victoire Mountain), promotion of soft transport, support for hotels in their green key certification process, obtaining ISO 20121 \u201cInnovative and Sustainable Marseille\u201d certification and improved ranking in the GDS Index.<br \/>\n\u00ab50% of the hotels, among which 97% in 5* hotels and 81% in 4* hotels, have the \u201cGreen Key\u201d label. Marseille is a model city, being the 1st Green Key City in the region.<\/p>\n<p>Innovative Aix-Marseille: With the largest multidisciplinary French-speaking university, 6 fields of excellence, research centres (2nd largest public research centre in France), Eurom\u00e9diterran\u00e9e, the largest urban regeneration project in Europe, make the metropolis a dynamic territory 3rd French city for hosting international congresses and one of the top 50 destinations worldwide (ICCA 2024 ranking).<\/p>\n<p>Aix-Marseille Provence is a natural and cultural paradise for social programmes! An exceptional playground for the organisation of visits.<\/p>\n<p>Economic field:<br \/>\nInternational Metropolis, \u201cEurom\u00e9diterran\u00e9e\u201d, largest business centre in southern Europe. Marseille-Fos, 1 port of France, 3rd oil port in the world, 1st cruise ship port\u00a0 in\u00a0 Mediterranean. Leader in the aeronautic industry with Airbus Eurocopter Company. 14000 shops and 4500 downtown: a trendy city.<\/p>\n<p>The successful fusion between the 3 universities Aix-Marseille makes Marseille the first Frenchspeaking University in the world with 75000 students.<br \/>\nSecond public scientific and research centre in France with 7700 researchers and 130 laboratories.<br \/>\n4 labeled French tech sites, a fast-growing startup network, 7 000 companies, 40 000 jobs generated. Interxion, the giant European data center, chose Marseille to develop connectivity. In order to improve the movie industry, the city created the \u201cBureau du Cin\u00e9ma\u201d in 1996. The organization monitors industry trends and provides project assistance: a motion capture studio and special effects at the Belle de Mai Media Hub. 2nd film making destination in France with 385 film shoots.<\/p>\n<p>3rd University Hospital Centre of France, Marseille plays a key role in maintaining France\u2019s international standing in terms of medical excellence.<br \/>\nThe country\u2019s reputation is founded on its highly skilled practitioners and healthcare teams, the quality of its technical resources, innovation and scientific and clinical research, as well as the provision of universal health care. Marseille is also a city undergoing a metamorphosis with Eurom\u00e9diterran\u00e9e, the largest urban renewal project in Europe, and is consolidating its attractiveness with a renovated and expanded hotel complex, the largest business district in Southern Europe. MarseilleFos, France\u2019s leading port, the world\u2019s 3rd largest oil port and France\u2019s leading cruise port in the Mediterranean. Leader in aeronautics, notably with Airbus Eurocopter.<br \/>\n14,000 shops including 4,500 in the hypercentre, a lively and festive place to live.<br \/>\nSecond French city for public research and world-renowned in health: second French centre for clinical trials and oncology, Marseille is home to the Immunop\u00f4le cluster, along with the IHU M\u00e9diterran\u00e9e Infection and Gyptis, the largest research institute for rare diseases. Marseille has become a major hub for submarine backbone lines carrying optical fibers to link<br \/>\nEuropean content operators to the rest of the world (Americas, China, India, Africa).<\/p>\n<p>Major data centers are being set up in the city to host their customers\u2019 servers (the GAFA are already there). A context that echoes one of the flagship sectors of the metropolis: digital, labeled French Tech. Aeronautics, maritime transport and logistics, energy, water and the environment, the art of living and tourism are promising sectors for Marseille\u2019s growth.<\/p>\n<p>Healthcare :<br \/>\nA world class recognized experience in innovating therapies. 2nd French lab in clinical trials and cancerology. Marseille Immunopole, French immunology cluster.<\/p>\n<p>Audiovisuel Digital &amp; Creative Industries :<br \/>\nA hyper-connected metropolis with the largest Internet backbone in Southern Europe<\/p>\n<p>Mechanical &amp; Aeronautics Industry :<br \/>\n1st industrial sector of the metropolis and 1st mechanical centre in France after Paris Worldleader in helicopter manufacturing.<\/p>\n<p>Environment &amp; Energy:<br \/>\n1st French Marine Geothermal power station, Thalassia; 1st electricity production from biogas and World Water Council Headquarters.<\/p>\n<p>Marine Sector&amp; logistics:<br \/>\n1st French port and 1st French center for 3rd largest oil port in the world.<\/p>\n<p>Tourisme &amp; Art of Living :<br \/>\nProvence, a star brand with 6 classified resorts, 7 million tourists a year, 1st French cruise port and 1st European Marina port.<\/p>\n<p><b><span data-contrast=\"auto\">Some Events Held in Marseille 2025-2026<\/span><\/b><span data-ccp-props=\"{}\">\u00a0<\/span><\/p>\n<p><span data-contrast=\"auto\">European Physical Society Conference on High Energy Physics &#8211; EPS-HEP 2025<\/span><span data-ccp-props=\"{}\">\u00a0<\/span><\/p>\n<p><span data-contrast=\"auto\">\u00a0Global Business Forum<\/span><span data-ccp-props=\"{}\">\u00a0<\/span><\/p>\n<p><span data-contrast=\"auto\">Annual Scientific Meeting of the European Society of Magnetic Resonance in Medicine and Biology -ESMRMB<\/span><span data-ccp-props=\"{}\">\u00a0<\/span><\/p>\n<p><span data-contrast=\"auto\">\u00a026th International Congress on Irrigation and Drainage \u2013 ICID<\/span><span data-ccp-props=\"{}\">\u00a0<\/span><\/p>\n<p><span data-contrast=\"auto\">World News Media Congress<\/span><span data-ccp-props=\"{}\">\u00a0<\/span><\/p>\n<p><span data-contrast=\"auto\">BioFIT\u00a0MedFIT\u00a0et\u00a0MEDigIT\u00a02026<\/span><span data-ccp-props=\"{}\">\u00a0<\/span><\/p>\n<p><span data-contrast=\"auto\">Annual Meeting of European Society for\u00a0Paeditric\u00a0Endocrinology \u2013 ESPE<\/span><span data-ccp-props=\"{}\">\u00a0<\/span><\/p>\n<p><span data-contrast=\"auto\">OPTRO2026\u00a0Conference\u00a0&#8211; Conf\u00e9rence\u00a0de l\u2019Optronique de D\u00e9fense et S\u00e9curit\u00e9<\/span><span data-ccp-props=\"{}\"><br \/>\n<\/span><\/p>\n<p><b><span data-contrast=\"auto\">UPCOMING EVENTS IN MARSEILLE 2027\u00a0\u2013\u00a02028<\/span><\/b><span data-ccp-props=\"{}\">\u00a0<\/span><\/p>\n<p><span data-contrast=\"auto\">Eurordis\u00a0Membership Meeting<\/span><span data-ccp-props=\"{}\">\u00a0<\/span><\/p>\n<p><span data-contrast=\"auto\">Congress of the French-Speaking Society of Nephrology, Dialysis and Transplantation (SNFDT)<\/span><span data-ccp-props=\"{}\">\u00a0<\/span><\/p>\n<p><span data-contrast=\"auto\">Convergence Health &amp; Hospital Meetings (SNPHPU)<\/span><span data-ccp-props=\"{}\">\u00a0<\/span><\/p>\n<p><span data-contrast=\"auto\">\u00a0SFMES \u2013 SFCS Congress \u2013 National Congress of Sports Medicine and Traumatology<\/span><span data-ccp-props=\"{}\">\u00a0<\/span><\/p>\n<p><span data-contrast=\"auto\">Congress of the French Association of Mechanics<\/span><span data-ccp-props=\"{}\">\u00a0<\/span><\/p>\n<p><span data-contrast=\"auto\">Congress of the Federation of Solidarity Actors<\/span><span data-ccp-props=\"{}\">\u00a0<\/span><\/p>\n<p><span data-contrast=\"auto\">Coter\u00a0Num\u00e9rique Congress\u00a0<\/span><\/p>\n<p>&nbsp;<\/p>\n<p><span data-contrast=\"auto\">Congress of the French Society for the Study and Treatment of Pain<\/span><span data-ccp-props=\"{}\"><br \/>\nAix-Marseille Provence Convention Bureau is part of the Tourist Office &amp; Convention Bureau and plays an active role in promoting the city, its appeal and its reputation.<\/span><\/p>\n<p>It federates and centralises local service providers that abide by a shared charter governing quality, hospitality and services.<br \/>\nNo matter how complex your request, all 9 members of the team are here to listen to you and to advise you on every decision.<br \/>\nSo if you would like to organise a convention, symposium, seminar, meeting or incentive trip in Marseille, or support the choice of Marseille for a national or international association\u2019s event, or even share your passion for Marseille:<\/p>\n<p style=\"text-align: center;\"><a href=\"https:\/\/fr.calameo.com\/read\/0022434016152b176c469\"><img loading=\"lazy\" decoding=\"async\" class=\"alignleft wp-image-30338\" src=\"https:\/\/www.linkeus.fr\/wp-content\/uploads\/2020\/08\/Guide-Congres-a-remplacer-.pdf.jpg\" alt=\"\" width=\"680\" height=\"947\" srcset=\"https:\/\/www.linkeus.fr\/wp-content\/uploads\/2020\/08\/Guide-Congres-a-remplacer-.pdf.jpg 1436w, https:\/\/www.linkeus.fr\/wp-content\/uploads\/2020\/08\/Guide-Congres-a-remplacer-.pdf-215x300.jpg 215w, https:\/\/www.linkeus.fr\/wp-content\/uploads\/2020\/08\/Guide-Congres-a-remplacer-.pdf-735x1024.jpg 735w, https:\/\/www.linkeus.fr\/wp-content\/uploads\/2020\/08\/Guide-Congres-a-remplacer-.pdf-768x1070.jpg 768w, https:\/\/www.linkeus.fr\/wp-content\/uploads\/2020\/08\/Guide-Congres-a-remplacer-.pdf-1103x1536.jpg 1103w, https:\/\/www.linkeus.fr\/wp-content\/uploads\/2020\/08\/Guide-Congres-a-remplacer-.pdf-424x590.jpg 424w, https:\/\/www.linkeus.fr\/wp-content\/uploads\/2020\/08\/Guide-Congres-a-remplacer-.pdf-481x670.jpg 481w, https:\/\/www.linkeus.fr\/wp-content\/uploads\/2020\/08\/Guide-Congres-a-remplacer-.pdf-577x804.jpg 577w, https:\/\/www.linkeus.fr\/wp-content\/uploads\/2020\/08\/Guide-Congres-a-remplacer-.pdf-1200x1671.jpg 1200w, https:\/\/www.linkeus.fr\/wp-content\/uploads\/2020\/08\/Guide-Congres-a-remplacer-.pdf-600x836.jpg 600w\" sizes=\"auto, (max-width: 680px) 100vw, 680px\" \/><\/a><\/p>\n<p>&nbsp;<\/p>\n<p>&nbsp;<\/p>\n<p>&nbsp;<\/p>\n<p>Marseille Chanot has emerged as one France\u2019s leading convention and business tourism venues. Convention Centre Over 100 000 sqm of indoor and outdoor areas all on one site: Marseille Chanot, after two rounds of modernization, offers 5 exhibition halls in the city centre. The Convention centre boasts 15 000 sqm on three floors surrounding an expansive and bright patio area. 2 auditoria : 1205 seats &amp; 426 seats 12 breakout rooms 1450 m2 modular space terrace of 500 m2 6 halls (40 000 m2 exhibition space)<\/p>\n<p>Palais du Pharo : http:\/\/palaisdupharo.marseille.fr\/ (http:\/\/palaisdupharo.marseille.fr\/) Give your event a historical edge! The Palais du Pharo is situated at the entrance to the Vieux-Port with over 500 hotel rooms in the area. It offers 7000 sqm for your convention spread over two architectural spaces : the historic palace and its modern extension. 4000 m2 of exhibition spaces for convention, the historical Palace (seating 10 to 300) and the contemporary extension (auditorium, seating 900), the catering area (seating 1000) and breakout rooms. Auditorium with 900 seats Plenary for 300 seats breakout rooms 1150 m2 catering hall 1640 m2 exhibition hall 2 historical lounges An exceptional site with an amazing view Facing the see and the Old Port<\/p>\n<p>Aix en Provence Congress Center : www.aixenprovence-congres.com (http:\/\/www.aixenprovencecongres.com)\u2013 Certificated ISO 20121 Ideally located in the heart of the historic capital of Provence, the modern and functional Aix-en-Provence Congress Centre offers various configurations, adapting to different kind of professional events: congresses, conventions, scientific conferences, seminars, exhibitions, etc. Aix en Provence Convention Centre for a professional event that\u2019s 100% Provence !<\/p>\n<p>Marseille Hotels Facilities :<br \/>\n5* : 4 h\u00f4tels \u2013\u00a0 367 rooms<br \/>\n4* : 25 h\u00f4tels \u2013 692 rooms<br \/>\n3* : 37 h\u00f4tels \u2013 712 rooms<br \/>\n2* : 21 h\u00f4tels \u2013 1 397 rooms<br \/>\n1* not classified \/ 0 star hotels : 24 h\u00f4tels \u2013 750 rooms<br \/>\nApartment hotels : 23 for 2 392<br \/>\nrooms Total : 134 hotels \u2013 10 360 rooms<\/p>\n<p>Marseille and its territory Hotel Facilities :<br \/>\n5* : 15 hotels \u2013 873 rooms<br \/>\n4* : 52 hotels : 4 533 rooms<br \/>\n3*: 123 hotels : 6 619 rooms<br \/>\n2* : 64 hotels : 3 497 rooms<br \/>\n1*\/non classified \/0 star hotels : 62 hotels : 1 511 rooms<br \/>\nApartment hotels\u202671 hotels \u2013 5 528 rooms<br \/>\nTotal : 387 hotels \u2013 22 561 rooms<\/p>\n<p>AIRPORT<br \/>\nMarseille Provence Airport<\/p>\n<p>Lien du film UK : (<a href=\"https:\/\/youtu.be\/7dY-ZXayO9g (https:\/\/youtu.be\/7dY-ZXayO9g\">https:\/\/youtu.be\/7dY-ZXayO9g (https:\/\/youtu.be\/7dY-ZXayO9g<\/a>)<br \/>\nBY TRAIN<br \/>\nOver 200 trains daily, 17 TGV Mediterran\u00e9e Paris\/Marseille daily<\/p>\n<p>ROADS<br \/>\n3 motorways linking Spain, Italy and Northern Europe intersect in Marseille A wide choice of exceptional and outstanding venues, whether on a rooftop, in a museum, on an island, in the middle of vineyards, in a Provencal farmhouse, in historic and emblematic places: you will be amazed by the diversity of the offer.<\/p>\n<p>Choosing Aix-Marseille Provence to organise your event means opting for a region that is resolutely committed to a sustainable approach. Marseille Tourist Office, Leisure and Convention Bureau has published a guide entitled \u2018Your sustainable event\u2019 to help event organisers adopt a responsible approach to business tourism. Consult the Guide to sustainable events :<br \/>\nlink here\u00a0 (https:\/\/www.calameo.com\/read\/0022434011210566614e3)<\/p>\n","protected":false},"excerpt":{"rendered":"<p>Located in the heart of the Mediterranean, Aix-Marseille Provence offers a unique mix of Provencal charm, fascinating history and modern facilities. Whether you\u2019re looking for an outstanding location or a team of committed professionals, Aix-Marseille Provence has everything you need to make your event a success. Discover why this region is the perfect choice for [&hellip;]<\/p>\n","protected":false},"featured_media":19946,"comment_status":"closed","ping_status":"closed","template":"","meta":{"inline_featured_image":false},"product_cat":[30],"product_tag":[],"class_list":{"0":"post-31662","1":"product","2":"type-product","3":"status-publish","4":"has-post-thumbnail","6":"product_cat-listeo-booking","8":"first","9":"instock","10":"virtual","11":"sold-individually","12":"purchasable","13":"product-type-listing_booking"},"yoast_head":"<!-- This site is optimized with the Yoast SEO plugin v24.0 - https:\/\/yoast.com\/wordpress\/plugins\/seo\/ -->\n<title>- Linkeus Provence C\u00f4te d&#039;Azur Events<\/title>\n<meta name=\"robots\" content=\"index, follow, max-snippet:-1, max-image-preview:large, max-video-preview:-1\" \/>\n<link rel=\"canonical\" href=\"https:\/\/www.linkeus.fr\/en\/produit\/brouillon-auto-31\/\" \/>\n<meta property=\"og:locale\" content=\"en_US\" \/>\n<meta property=\"og:type\" content=\"article\" \/>\n<meta property=\"og:title\" content=\"- Linkeus Provence C\u00f4te d&#039;Azur Events\" \/>\n<meta property=\"og:description\" content=\"Located in the heart of the Mediterranean, Aix-Marseille Provence offers a unique mix of Provencal charm, fascinating history and modern facilities. Whether you\u2019re looking for an outstanding location or a team of committed professionals, Aix-Marseille Provence has everything you need to make your event a success. Discover why this region is the perfect choice for [&hellip;]\" \/>\n<meta property=\"og:url\" content=\"https:\/\/www.linkeus.fr\/en\/produit\/brouillon-auto-31\/\" \/>\n<meta property=\"og:site_name\" content=\"Linkeus Provence C\u00f4te d&#039;Azur Events\" \/>\n<meta property=\"article:publisher\" content=\"https:\/\/www.facebook.com\/ProvenceCotedAzurEvents\" \/>\n<meta property=\"article:modified_time\" content=\"2026-03-20T15:07:55+00:00\" \/>\n<meta property=\"og:image\" content=\"https:\/\/www.linkeus.fr\/wp-content\/uploads\/2020\/08\/Photo-filigrane\u0301e-Vue-Vieux-Port-Pharo-Iles-Frioul-If-\u00a9OMTCM-scaled-e1740494452612.jpg\" \/>\n\t<meta property=\"og:image:width\" content=\"2560\" \/>\n\t<meta property=\"og:image:height\" content=\"1440\" \/>\n\t<meta property=\"og:image:type\" content=\"image\/jpeg\" \/>\n<meta name=\"twitter:card\" content=\"summary_large_image\" \/>\n<meta name=\"twitter:label1\" content=\"Est. reading time\" \/>\n\t<meta name=\"twitter:data1\" content=\"8 minutes\" \/>\n<script type=\"application\/ld+json\" class=\"yoast-schema-graph\">{\"@context\":\"https:\/\/schema.org\",\"@graph\":[{\"@type\":\"WebPage\",\"@id\":\"https:\/\/www.linkeus.fr\/en\/produit\/brouillon-auto-31\/\",\"url\":\"https:\/\/www.linkeus.fr\/en\/produit\/brouillon-auto-31\/\",\"name\":\"- Linkeus Provence C\u00f4te d&#039;Azur Events\",\"isPartOf\":{\"@id\":\"https:\/\/www.linkeus.fr\/#website\"},\"primaryImageOfPage\":{\"@id\":\"https:\/\/www.linkeus.fr\/en\/produit\/brouillon-auto-31\/#primaryimage\"},\"image\":{\"@id\":\"https:\/\/www.linkeus.fr\/en\/produit\/brouillon-auto-31\/#primaryimage\"},\"thumbnailUrl\":\"https:\/\/www.linkeus.fr\/wp-content\/uploads\/2020\/08\/Photo-filigrane\u0301e-Vue-Vieux-Port-Pharo-Iles-Frioul-If-\u00a9OMTCM-scaled-e1740494452612.jpg\",\"datePublished\":\"2026-03-20T14:24:40+00:00\",\"dateModified\":\"2026-03-20T15:07:55+00:00\",\"breadcrumb\":{\"@id\":\"https:\/\/www.linkeus.fr\/en\/produit\/brouillon-auto-31\/#breadcrumb\"},\"inLanguage\":\"en-US\",\"potentialAction\":[{\"@type\":\"ReadAction\",\"target\":[\"https:\/\/www.linkeus.fr\/en\/produit\/brouillon-auto-31\/\"]}]},{\"@type\":\"ImageObject\",\"inLanguage\":\"en-US\",\"@id\":\"https:\/\/www.linkeus.fr\/en\/produit\/brouillon-auto-31\/#primaryimage\",\"url\":\"https:\/\/www.linkeus.fr\/wp-content\/uploads\/2020\/08\/Photo-filigrane\u0301e-Vue-Vieux-Port-Pharo-Iles-Frioul-If-\u00a9OMTCM-scaled-e1740494452612.jpg\",\"contentUrl\":\"https:\/\/www.linkeus.fr\/wp-content\/uploads\/2020\/08\/Photo-filigrane\u0301e-Vue-Vieux-Port-Pharo-Iles-Frioul-If-\u00a9OMTCM-scaled-e1740494452612.jpg\",\"width\":2560,\"height\":1440},{\"@type\":\"BreadcrumbList\",\"@id\":\"https:\/\/www.linkeus.fr\/en\/produit\/brouillon-auto-31\/#breadcrumb\",\"itemListElement\":[{\"@type\":\"ListItem\",\"position\":1,\"name\":\"Accueil\",\"item\":\"https:\/\/www.linkeus.fr\/en\/\"},{\"@type\":\"ListItem\",\"position\":2,\"name\":\"Produits\",\"item\":\"https:\/\/www.linkeus.fr\/shop\/\"}]},{\"@type\":\"WebSite\",\"@id\":\"https:\/\/www.linkeus.fr\/#website\",\"url\":\"https:\/\/www.linkeus.fr\/\",\"name\":\"Linkeus Provence C\u00f4te d&#039;Azur Events\",\"description\":\"Le bureau des congr\u00e8s regional : l&#039;interlocuteur privil\u00e9gi\u00e9 pour l&#039;organisation de vos \u00e9v\u00e8nements professionnels en Provence Alpes C\u00f4te d&#039;Azur\",\"publisher\":{\"@id\":\"https:\/\/www.linkeus.fr\/#organization\"},\"potentialAction\":[{\"@type\":\"SearchAction\",\"target\":{\"@type\":\"EntryPoint\",\"urlTemplate\":\"https:\/\/www.linkeus.fr\/?s={search_term_string}\"},\"query-input\":{\"@type\":\"PropertyValueSpecification\",\"valueRequired\":true,\"valueName\":\"search_term_string\"}}],\"inLanguage\":\"en-US\"},{\"@type\":\"Organization\",\"@id\":\"https:\/\/www.linkeus.fr\/#organization\",\"name\":\"Linkeus Provence C\u00f4te d&#039;Azur Events\",\"url\":\"https:\/\/www.linkeus.fr\/\",\"logo\":{\"@type\":\"ImageObject\",\"inLanguage\":\"en-US\",\"@id\":\"https:\/\/www.linkeus.fr\/#\/schema\/logo\/image\/\",\"url\":\"https:\/\/www.linkeus.fr\/wp-content\/uploads\/2022\/09\/log-linkeus290.png\",\"contentUrl\":\"https:\/\/www.linkeus.fr\/wp-content\/uploads\/2022\/09\/log-linkeus290.png\",\"width\":290,\"height\":100,\"caption\":\"Linkeus Provence C\u00f4te d&#039;Azur Events\"},\"image\":{\"@id\":\"https:\/\/www.linkeus.fr\/#\/schema\/logo\/image\/\"},\"sameAs\":[\"https:\/\/www.facebook.com\/ProvenceCotedAzurEvents\"]}]}<\/script>\n<!-- \/ Yoast SEO plugin. -->","yoast_head_json":{"title":"- Linkeus Provence C\u00f4te d&#039;Azur Events","robots":{"index":"index","follow":"follow","max-snippet":"max-snippet:-1","max-image-preview":"max-image-preview:large","max-video-preview":"max-video-preview:-1"},"canonical":"https:\/\/www.linkeus.fr\/en\/produit\/brouillon-auto-31\/","og_locale":"en_US","og_type":"article","og_title":"- Linkeus Provence C\u00f4te d&#039;Azur Events","og_description":"Located in the heart of the Mediterranean, Aix-Marseille Provence offers a unique mix of Provencal charm, fascinating history and modern facilities. Whether you\u2019re looking for an outstanding location or a team of committed professionals, Aix-Marseille Provence has everything you need to make your event a success. Discover why this region is the perfect choice for [&hellip;]","og_url":"https:\/\/www.linkeus.fr\/en\/produit\/brouillon-auto-31\/","og_site_name":"Linkeus Provence C\u00f4te d&#039;Azur Events","article_publisher":"https:\/\/www.facebook.com\/ProvenceCotedAzurEvents","article_modified_time":"2026-03-20T15:07:55+00:00","og_image":[{"width":2560,"height":1440,"url":"https:\/\/www.linkeus.fr\/wp-content\/uploads\/2020\/08\/Photo-filigrane\u0301e-Vue-Vieux-Port-Pharo-Iles-Frioul-If-\u00a9OMTCM-scaled-e1740494452612.jpg","type":"image\/jpeg"}],"twitter_card":"summary_large_image","twitter_misc":{"Est. reading time":"8 minutes"},"schema":{"@context":"https:\/\/schema.org","@graph":[{"@type":"WebPage","@id":"https:\/\/www.linkeus.fr\/en\/produit\/brouillon-auto-31\/","url":"https:\/\/www.linkeus.fr\/en\/produit\/brouillon-auto-31\/","name":"- Linkeus Provence C\u00f4te d&#039;Azur Events","isPartOf":{"@id":"https:\/\/www.linkeus.fr\/#website"},"primaryImageOfPage":{"@id":"https:\/\/www.linkeus.fr\/en\/produit\/brouillon-auto-31\/#primaryimage"},"image":{"@id":"https:\/\/www.linkeus.fr\/en\/produit\/brouillon-auto-31\/#primaryimage"},"thumbnailUrl":"https:\/\/www.linkeus.fr\/wp-content\/uploads\/2020\/08\/Photo-filigrane\u0301e-Vue-Vieux-Port-Pharo-Iles-Frioul-If-\u00a9OMTCM-scaled-e1740494452612.jpg","datePublished":"2026-03-20T14:24:40+00:00","dateModified":"2026-03-20T15:07:55+00:00","breadcrumb":{"@id":"https:\/\/www.linkeus.fr\/en\/produit\/brouillon-auto-31\/#breadcrumb"},"inLanguage":"en-US","potentialAction":[{"@type":"ReadAction","target":["https:\/\/www.linkeus.fr\/en\/produit\/brouillon-auto-31\/"]}]},{"@type":"ImageObject","inLanguage":"en-US","@id":"https:\/\/www.linkeus.fr\/en\/produit\/brouillon-auto-31\/#primaryimage","url":"https:\/\/www.linkeus.fr\/wp-content\/uploads\/2020\/08\/Photo-filigrane\u0301e-Vue-Vieux-Port-Pharo-Iles-Frioul-If-\u00a9OMTCM-scaled-e1740494452612.jpg","contentUrl":"https:\/\/www.linkeus.fr\/wp-content\/uploads\/2020\/08\/Photo-filigrane\u0301e-Vue-Vieux-Port-Pharo-Iles-Frioul-If-\u00a9OMTCM-scaled-e1740494452612.jpg","width":2560,"height":1440},{"@type":"BreadcrumbList","@id":"https:\/\/www.linkeus.fr\/en\/produit\/brouillon-auto-31\/#breadcrumb","itemListElement":[{"@type":"ListItem","position":1,"name":"Accueil","item":"https:\/\/www.linkeus.fr\/en\/"},{"@type":"ListItem","position":2,"name":"Produits","item":"https:\/\/www.linkeus.fr\/shop\/"}]},{"@type":"WebSite","@id":"https:\/\/www.linkeus.fr\/#website","url":"https:\/\/www.linkeus.fr\/","name":"Linkeus Provence C\u00f4te d&#039;Azur Events","description":"Le bureau des congr\u00e8s regional : l&#039;interlocuteur privil\u00e9gi\u00e9 pour l&#039;organisation de vos \u00e9v\u00e8nements professionnels en Provence Alpes C\u00f4te d&#039;Azur","publisher":{"@id":"https:\/\/www.linkeus.fr\/#organization"},"potentialAction":[{"@type":"SearchAction","target":{"@type":"EntryPoint","urlTemplate":"https:\/\/www.linkeus.fr\/?s={search_term_string}"},"query-input":{"@type":"PropertyValueSpecification","valueRequired":true,"valueName":"search_term_string"}}],"inLanguage":"en-US"},{"@type":"Organization","@id":"https:\/\/www.linkeus.fr\/#organization","name":"Linkeus Provence C\u00f4te d&#039;Azur Events","url":"https:\/\/www.linkeus.fr\/","logo":{"@type":"ImageObject","inLanguage":"en-US","@id":"https:\/\/www.linkeus.fr\/#\/schema\/logo\/image\/","url":"https:\/\/www.linkeus.fr\/wp-content\/uploads\/2022\/09\/log-linkeus290.png","contentUrl":"https:\/\/www.linkeus.fr\/wp-content\/uploads\/2022\/09\/log-linkeus290.png","width":290,"height":100,"caption":"Linkeus Provence C\u00f4te d&#039;Azur Events"},"image":{"@id":"https:\/\/www.linkeus.fr\/#\/schema\/logo\/image\/"},"sameAs":["https:\/\/www.facebook.com\/ProvenceCotedAzurEvents"]}]}},"_links":{"self":[{"href":"https:\/\/www.linkeus.fr\/en\/wp-json\/wp\/v2\/product\/31662","targetHints":{"allow":["GET"]}}],"collection":[{"href":"https:\/\/www.linkeus.fr\/en\/wp-json\/wp\/v2\/product"}],"about":[{"href":"https:\/\/www.linkeus.fr\/en\/wp-json\/wp\/v2\/types\/product"}],"replies":[{"embeddable":true,"href":"https:\/\/www.linkeus.fr\/en\/wp-json\/wp\/v2\/comments?post=31662"}],"wp:featuredmedia":[{"embeddable":true,"href":"https:\/\/www.linkeus.fr\/en\/wp-json\/wp\/v2\/media\/19946"}],"wp:attachment":[{"href":"https:\/\/www.linkeus.fr\/en\/wp-json\/wp\/v2\/media?parent=31662"}],"wp:term":[{"taxonomy":"product_cat","embeddable":true,"href":"https:\/\/www.linkeus.fr\/en\/wp-json\/wp\/v2\/product_cat?post=31662"},{"taxonomy":"product_tag","embeddable":true,"href":"https:\/\/www.linkeus.fr\/en\/wp-json\/wp\/v2\/product_tag?post=31662"}],"curies":[{"name":"wp","href":"https:\/\/api.w.org\/{rel}","templated":true}]}}