{"id":31224,"date":"2026-01-29T12:33:50","date_gmt":"2026-01-29T11:33:50","guid":{"rendered":"https:\/\/www.linkeus.fr\/produit\/brouillon-auto-29\/"},"modified":"2026-01-29T12:38:36","modified_gmt":"2026-01-29T11:38:36","slug":"brouillon-auto-29","status":"publish","type":"product","link":"https:\/\/www.linkeus.fr\/en\/produit\/brouillon-auto-29\/","title":{"rendered":"Anantara Plaza Nice"},"content":{"rendered":"<p>After more than two years of renovations, and to restore this legendary Nice hotel to its former glory, we called upon the renowned and celebrated designer David Collins Studio, based in London!<\/p>\n<p>Discover our rooms:<br \/>\n\u2022 65% of our inventory is front-facing.<\/p>\n<p>\u2022 A 75m\u00b2 Presidential Suite with a 30m\u00b2 terrace.<\/p>\n<p>\u2022 36 suites of at least 40m\u00b2 with a terrace\/balcony.<\/p>\n<p>\u2022 24 Premium Rooms of at least 32m\u00b2 with a terrace\/balcony.<\/p>\n<p>\u2022 91 Deluxe Rooms, single or double, of at least 20m\u00b2.<br \/>\nAll our rooms are air-conditioned and feature a minibar and Nespresso machine.<\/p>\n<p>After a refreshing walk-in shower, using a line of products created exclusively for our hotel and made with 98% natural, locally sourced ingredients, wrap yourself in our bathrobes and relax in your own private haven.<\/p>\n<p>Need relaxation and leisure?<br \/>\n\u2022 A spa with 5 treatment rooms. \u2022 A sauna and hammam.<\/p>\n<p>\u2022 A fitness room equipped with the best machines available and a personal trainer on hand.<\/p>\n<p>Does duty call?<\/p>\n<p>\u2022 We have a 309m\u00b2 ballroom, &#8220;La Baie des Anges,&#8221; that can accommodate 300 guests and all types of bespoke, personalized events.<\/p>\n<p>\u2022 Five meeting rooms are also available, ranging from 20m\u00b2 to 81m\u00b2, which can be configured to your liking, accommodating meetings, cocktail parties, private dinners, product launches, and more.<\/p>\n<p>\u2022 Elevate your dinners and cocktail parties to the 6th floor, where we offer an exceptional 360-degree view of Nice.<\/p>\n<p>Our rooftop terrace!<\/p>\n<p>\u2022 Our panoramic terrace on the 6th and top floor offers an exceptional and unique view, but we invite you not only to admire the view but also to tantalize your taste buds at our bar or restaurant, where you&#8217;ll be transported on a journey of unique regional flavors.<\/p>\n<p>\u2022 Its new design allows us to welcome you year-round in a setting protected from the rare inclement weather, while still enjoying the view through its large windows.<\/p>\n<p>\u2022 Our open-air space also allows us to host all types of events, such as receptions, weddings, lunches, and dinners.<\/p>\n","protected":false},"excerpt":{"rendered":"<p>After more than two years of renovations, and to restore this legendary Nice hotel to its former glory, we called upon the renowned and celebrated designer David Collins Studio, based in London! Discover our rooms: \u2022 65% of our inventory is front-facing. \u2022 A 75m\u00b2 Presidential Suite with a 30m\u00b2 terrace. \u2022 36 suites of [&hellip;]<\/p>\n","protected":false},"featured_media":17211,"comment_status":"closed","ping_status":"closed","template":"","meta":{"inline_featured_image":false},"product_cat":[30],"product_tag":[],"class_list":{"0":"post-31224","1":"product","2":"type-product","3":"status-publish","4":"has-post-thumbnail","6":"product_cat-listeo-booking","8":"first","9":"instock","10":"virtual","11":"sold-individually","12":"purchasable","13":"product-type-listing_booking"},"yoast_head":"<!-- This site is optimized with the Yoast SEO plugin v24.0 - https:\/\/yoast.com\/wordpress\/plugins\/seo\/ -->\n<title>Anantara Plaza Nice - Linkeus Provence C\u00f4te d&#039;Azur Events<\/title>\n<meta name=\"robots\" content=\"index, follow, max-snippet:-1, max-image-preview:large, max-video-preview:-1\" \/>\n<link rel=\"canonical\" href=\"https:\/\/www.linkeus.fr\/en\/produit\/brouillon-auto-29\/\" \/>\n<meta property=\"og:locale\" content=\"en_US\" \/>\n<meta property=\"og:type\" content=\"article\" \/>\n<meta property=\"og:title\" content=\"Anantara Plaza Nice - Linkeus Provence C\u00f4te d&#039;Azur Events\" \/>\n<meta property=\"og:description\" content=\"After more than two years of renovations, and to restore this legendary Nice hotel to its former glory, we called upon the renowned and celebrated designer David Collins Studio, based in London! Discover our rooms: \u2022 65% of our inventory is front-facing. \u2022 A 75m\u00b2 Presidential Suite with a 30m\u00b2 terrace. \u2022 36 suites of [&hellip;]\" \/>\n<meta property=\"og:url\" content=\"https:\/\/www.linkeus.fr\/en\/produit\/brouillon-auto-29\/\" \/>\n<meta property=\"og:site_name\" content=\"Linkeus Provence C\u00f4te d&#039;Azur Events\" \/>\n<meta property=\"article:publisher\" content=\"https:\/\/www.facebook.com\/ProvenceCotedAzurEvents\" \/>\n<meta property=\"article:modified_time\" content=\"2026-01-29T11:38:36+00:00\" \/>\n<meta property=\"og:image\" content=\"https:\/\/www.linkeus.fr\/wp-content\/uploads\/2020\/08\/Plaza-banniere-scaled.jpg\" \/>\n\t<meta property=\"og:image:width\" content=\"2560\" \/>\n\t<meta property=\"og:image:height\" content=\"1260\" \/>\n\t<meta property=\"og:image:type\" content=\"image\/jpeg\" \/>\n<meta name=\"twitter:card\" content=\"summary_large_image\" \/>\n<meta name=\"twitter:label1\" content=\"Est. reading time\" \/>\n\t<meta name=\"twitter:data1\" content=\"2 minutes\" \/>\n<script type=\"application\/ld+json\" class=\"yoast-schema-graph\">{\"@context\":\"https:\/\/schema.org\",\"@graph\":[{\"@type\":\"WebPage\",\"@id\":\"https:\/\/www.linkeus.fr\/en\/produit\/brouillon-auto-29\/\",\"url\":\"https:\/\/www.linkeus.fr\/en\/produit\/brouillon-auto-29\/\",\"name\":\"Anantara Plaza Nice - Linkeus Provence C\u00f4te d&#039;Azur Events\",\"isPartOf\":{\"@id\":\"https:\/\/www.linkeus.fr\/#website\"},\"primaryImageOfPage\":{\"@id\":\"https:\/\/www.linkeus.fr\/en\/produit\/brouillon-auto-29\/#primaryimage\"},\"image\":{\"@id\":\"https:\/\/www.linkeus.fr\/en\/produit\/brouillon-auto-29\/#primaryimage\"},\"thumbnailUrl\":\"https:\/\/www.linkeus.fr\/wp-content\/uploads\/2020\/08\/Plaza-banniere-scaled.jpg\",\"datePublished\":\"2026-01-29T11:33:50+00:00\",\"dateModified\":\"2026-01-29T11:38:36+00:00\",\"breadcrumb\":{\"@id\":\"https:\/\/www.linkeus.fr\/en\/produit\/brouillon-auto-29\/#breadcrumb\"},\"inLanguage\":\"en-US\",\"potentialAction\":[{\"@type\":\"ReadAction\",\"target\":[\"https:\/\/www.linkeus.fr\/en\/produit\/brouillon-auto-29\/\"]}]},{\"@type\":\"ImageObject\",\"inLanguage\":\"en-US\",\"@id\":\"https:\/\/www.linkeus.fr\/en\/produit\/brouillon-auto-29\/#primaryimage\",\"url\":\"https:\/\/www.linkeus.fr\/wp-content\/uploads\/2020\/08\/Plaza-banniere-scaled.jpg\",\"contentUrl\":\"https:\/\/www.linkeus.fr\/wp-content\/uploads\/2020\/08\/Plaza-banniere-scaled.jpg\",\"width\":2560,\"height\":1260},{\"@type\":\"BreadcrumbList\",\"@id\":\"https:\/\/www.linkeus.fr\/en\/produit\/brouillon-auto-29\/#breadcrumb\",\"itemListElement\":[{\"@type\":\"ListItem\",\"position\":1,\"name\":\"Accueil\",\"item\":\"https:\/\/www.linkeus.fr\/en\/\"},{\"@type\":\"ListItem\",\"position\":2,\"name\":\"Produits\",\"item\":\"https:\/\/www.linkeus.fr\/shop\/\"},{\"@type\":\"ListItem\",\"position\":3,\"name\":\"Anantara Plaza Nice\"}]},{\"@type\":\"WebSite\",\"@id\":\"https:\/\/www.linkeus.fr\/#website\",\"url\":\"https:\/\/www.linkeus.fr\/\",\"name\":\"Linkeus Provence C\u00f4te d&#039;Azur Events\",\"description\":\"Le bureau des congr\u00e8s regional : l&#039;interlocuteur privil\u00e9gi\u00e9 pour l&#039;organisation de vos \u00e9v\u00e8nements professionnels en Provence Alpes C\u00f4te d&#039;Azur\",\"publisher\":{\"@id\":\"https:\/\/www.linkeus.fr\/#organization\"},\"potentialAction\":[{\"@type\":\"SearchAction\",\"target\":{\"@type\":\"EntryPoint\",\"urlTemplate\":\"https:\/\/www.linkeus.fr\/?s={search_term_string}\"},\"query-input\":{\"@type\":\"PropertyValueSpecification\",\"valueRequired\":true,\"valueName\":\"search_term_string\"}}],\"inLanguage\":\"en-US\"},{\"@type\":\"Organization\",\"@id\":\"https:\/\/www.linkeus.fr\/#organization\",\"name\":\"Linkeus Provence C\u00f4te d&#039;Azur Events\",\"url\":\"https:\/\/www.linkeus.fr\/\",\"logo\":{\"@type\":\"ImageObject\",\"inLanguage\":\"en-US\",\"@id\":\"https:\/\/www.linkeus.fr\/#\/schema\/logo\/image\/\",\"url\":\"https:\/\/www.linkeus.fr\/wp-content\/uploads\/2022\/09\/log-linkeus290.png\",\"contentUrl\":\"https:\/\/www.linkeus.fr\/wp-content\/uploads\/2022\/09\/log-linkeus290.png\",\"width\":290,\"height\":100,\"caption\":\"Linkeus Provence C\u00f4te d&#039;Azur Events\"},\"image\":{\"@id\":\"https:\/\/www.linkeus.fr\/#\/schema\/logo\/image\/\"},\"sameAs\":[\"https:\/\/www.facebook.com\/ProvenceCotedAzurEvents\"]}]}<\/script>\n<!-- \/ Yoast SEO plugin. -->","yoast_head_json":{"title":"Anantara Plaza Nice - Linkeus Provence C\u00f4te d&#039;Azur Events","robots":{"index":"index","follow":"follow","max-snippet":"max-snippet:-1","max-image-preview":"max-image-preview:large","max-video-preview":"max-video-preview:-1"},"canonical":"https:\/\/www.linkeus.fr\/en\/produit\/brouillon-auto-29\/","og_locale":"en_US","og_type":"article","og_title":"Anantara Plaza Nice - Linkeus Provence C\u00f4te d&#039;Azur Events","og_description":"After more than two years of renovations, and to restore this legendary Nice hotel to its former glory, we called upon the renowned and celebrated designer David Collins Studio, based in London! Discover our rooms: \u2022 65% of our inventory is front-facing. \u2022 A 75m\u00b2 Presidential Suite with a 30m\u00b2 terrace. \u2022 36 suites of [&hellip;]","og_url":"https:\/\/www.linkeus.fr\/en\/produit\/brouillon-auto-29\/","og_site_name":"Linkeus Provence C\u00f4te d&#039;Azur Events","article_publisher":"https:\/\/www.facebook.com\/ProvenceCotedAzurEvents","article_modified_time":"2026-01-29T11:38:36+00:00","og_image":[{"width":2560,"height":1260,"url":"https:\/\/www.linkeus.fr\/wp-content\/uploads\/2020\/08\/Plaza-banniere-scaled.jpg","type":"image\/jpeg"}],"twitter_card":"summary_large_image","twitter_misc":{"Est. reading time":"2 minutes"},"schema":{"@context":"https:\/\/schema.org","@graph":[{"@type":"WebPage","@id":"https:\/\/www.linkeus.fr\/en\/produit\/brouillon-auto-29\/","url":"https:\/\/www.linkeus.fr\/en\/produit\/brouillon-auto-29\/","name":"Anantara Plaza Nice - Linkeus Provence C\u00f4te d&#039;Azur Events","isPartOf":{"@id":"https:\/\/www.linkeus.fr\/#website"},"primaryImageOfPage":{"@id":"https:\/\/www.linkeus.fr\/en\/produit\/brouillon-auto-29\/#primaryimage"},"image":{"@id":"https:\/\/www.linkeus.fr\/en\/produit\/brouillon-auto-29\/#primaryimage"},"thumbnailUrl":"https:\/\/www.linkeus.fr\/wp-content\/uploads\/2020\/08\/Plaza-banniere-scaled.jpg","datePublished":"2026-01-29T11:33:50+00:00","dateModified":"2026-01-29T11:38:36+00:00","breadcrumb":{"@id":"https:\/\/www.linkeus.fr\/en\/produit\/brouillon-auto-29\/#breadcrumb"},"inLanguage":"en-US","potentialAction":[{"@type":"ReadAction","target":["https:\/\/www.linkeus.fr\/en\/produit\/brouillon-auto-29\/"]}]},{"@type":"ImageObject","inLanguage":"en-US","@id":"https:\/\/www.linkeus.fr\/en\/produit\/brouillon-auto-29\/#primaryimage","url":"https:\/\/www.linkeus.fr\/wp-content\/uploads\/2020\/08\/Plaza-banniere-scaled.jpg","contentUrl":"https:\/\/www.linkeus.fr\/wp-content\/uploads\/2020\/08\/Plaza-banniere-scaled.jpg","width":2560,"height":1260},{"@type":"BreadcrumbList","@id":"https:\/\/www.linkeus.fr\/en\/produit\/brouillon-auto-29\/#breadcrumb","itemListElement":[{"@type":"ListItem","position":1,"name":"Accueil","item":"https:\/\/www.linkeus.fr\/en\/"},{"@type":"ListItem","position":2,"name":"Produits","item":"https:\/\/www.linkeus.fr\/shop\/"},{"@type":"ListItem","position":3,"name":"Anantara Plaza Nice"}]},{"@type":"WebSite","@id":"https:\/\/www.linkeus.fr\/#website","url":"https:\/\/www.linkeus.fr\/","name":"Linkeus Provence C\u00f4te d&#039;Azur Events","description":"Le bureau des congr\u00e8s regional : l&#039;interlocuteur privil\u00e9gi\u00e9 pour l&#039;organisation de vos \u00e9v\u00e8nements professionnels en Provence Alpes C\u00f4te d&#039;Azur","publisher":{"@id":"https:\/\/www.linkeus.fr\/#organization"},"potentialAction":[{"@type":"SearchAction","target":{"@type":"EntryPoint","urlTemplate":"https:\/\/www.linkeus.fr\/?s={search_term_string}"},"query-input":{"@type":"PropertyValueSpecification","valueRequired":true,"valueName":"search_term_string"}}],"inLanguage":"en-US"},{"@type":"Organization","@id":"https:\/\/www.linkeus.fr\/#organization","name":"Linkeus Provence C\u00f4te d&#039;Azur Events","url":"https:\/\/www.linkeus.fr\/","logo":{"@type":"ImageObject","inLanguage":"en-US","@id":"https:\/\/www.linkeus.fr\/#\/schema\/logo\/image\/","url":"https:\/\/www.linkeus.fr\/wp-content\/uploads\/2022\/09\/log-linkeus290.png","contentUrl":"https:\/\/www.linkeus.fr\/wp-content\/uploads\/2022\/09\/log-linkeus290.png","width":290,"height":100,"caption":"Linkeus Provence C\u00f4te d&#039;Azur Events"},"image":{"@id":"https:\/\/www.linkeus.fr\/#\/schema\/logo\/image\/"},"sameAs":["https:\/\/www.facebook.com\/ProvenceCotedAzurEvents"]}]}},"_links":{"self":[{"href":"https:\/\/www.linkeus.fr\/en\/wp-json\/wp\/v2\/product\/31224","targetHints":{"allow":["GET"]}}],"collection":[{"href":"https:\/\/www.linkeus.fr\/en\/wp-json\/wp\/v2\/product"}],"about":[{"href":"https:\/\/www.linkeus.fr\/en\/wp-json\/wp\/v2\/types\/product"}],"replies":[{"embeddable":true,"href":"https:\/\/www.linkeus.fr\/en\/wp-json\/wp\/v2\/comments?post=31224"}],"wp:featuredmedia":[{"embeddable":true,"href":"https:\/\/www.linkeus.fr\/en\/wp-json\/wp\/v2\/media\/17211"}],"wp:attachment":[{"href":"https:\/\/www.linkeus.fr\/en\/wp-json\/wp\/v2\/media?parent=31224"}],"wp:term":[{"taxonomy":"product_cat","embeddable":true,"href":"https:\/\/www.linkeus.fr\/en\/wp-json\/wp\/v2\/product_cat?post=31224"},{"taxonomy":"product_tag","embeddable":true,"href":"https:\/\/www.linkeus.fr\/en\/wp-json\/wp\/v2\/product_tag?post=31224"}],"curies":[{"name":"wp","href":"https:\/\/api.w.org\/{rel}","templated":true}]}}