{"id":31219,"date":"2026-01-29T11:22:24","date_gmt":"2026-01-29T10:22:24","guid":{"rendered":"https:\/\/www.linkeus.fr\/produit\/hotel-intercontinental-marseille-hotel-dieu\/"},"modified":"2026-01-29T11:22:24","modified_gmt":"2026-01-29T10:22:24","slug":"hotel-intercontinental-marseille-hotel-dieu","status":"publish","type":"product","link":"https:\/\/www.linkeus.fr\/en\/produit\/hotel-intercontinental-marseille-hotel-dieu\/","title":{"rendered":"H\u00f4tel InterContinental Marseille &#8211; Hotel Dieu"},"content":{"rendered":"<p>The InterContinental Marseille &#8211; Hotel Dieu is an 18th-century masterpiece inaugurated by Napoleon III, in person. This classified historical monument offers an inimitable view of the landmark Notre-Dame-de-la-Garde Basilica, while firmly seated in the present-day and very contemporary Marseille. It boasts 179 stylish rooms and 15 spacious suites in all \u2013 72 rooms either offer splendid panoramic views of the Vieux-Port or include private terraces. In addition to the brasserie Les Fen\u00eatres, which extends onto an outdoor terrace, guests enjoy Michelin-starred Alcyone restaurant, leader in the field of modern Marseille gastronomy. Behind the majestic facade, over 1,300 m2 of elegant reception and meeting rooms are ready and waiting, all equipped with the latest technology to ensure the success of your meetings and events. The H\u00f4tel-Dieu continues to stand tall above the city, as it has done for centuries: it is an ideal venue for anyone wishing to really get to know Marseille, both past and present.<\/p>\n","protected":false},"excerpt":{"rendered":"<p>The InterContinental Marseille &#8211; Hotel Dieu is an 18th-century masterpiece inaugurated by Napoleon III, in person. This classified historical monument offers an inimitable view of the landmark Notre-Dame-de-la-Garde Basilica, while firmly seated in the present-day and very contemporary Marseille. It boasts 179 stylish rooms and 15 spacious suites in all \u2013 72 rooms either offer [&hellip;]<\/p>\n","protected":false},"featured_media":0,"comment_status":"closed","ping_status":"closed","template":"","meta":{"inline_featured_image":false},"product_cat":[],"product_tag":[],"class_list":{"0":"post-31219","1":"product","2":"type-product","3":"status-publish","6":"first","7":"instock","8":"virtual","9":"sold-individually","10":"purchasable","11":"product-type-listing_booking"},"yoast_head":"<!-- This site is optimized with the Yoast SEO plugin v24.0 - https:\/\/yoast.com\/wordpress\/plugins\/seo\/ -->\n<title>H\u00f4tel InterContinental Marseille - Hotel Dieu - Linkeus Provence C\u00f4te d&#039;Azur Events<\/title>\n<meta name=\"robots\" content=\"index, follow, max-snippet:-1, max-image-preview:large, max-video-preview:-1\" \/>\n<link rel=\"canonical\" href=\"https:\/\/www.linkeus.fr\/en\/produit\/hotel-intercontinental-marseille-hotel-dieu\/\" \/>\n<meta property=\"og:locale\" content=\"en_US\" \/>\n<meta property=\"og:type\" content=\"article\" \/>\n<meta property=\"og:title\" content=\"H\u00f4tel InterContinental Marseille - Hotel Dieu - Linkeus Provence C\u00f4te d&#039;Azur Events\" \/>\n<meta property=\"og:description\" content=\"The InterContinental Marseille &#8211; Hotel Dieu is an 18th-century masterpiece inaugurated by Napoleon III, in person. This classified historical monument offers an inimitable view of the landmark Notre-Dame-de-la-Garde Basilica, while firmly seated in the present-day and very contemporary Marseille. It boasts 179 stylish rooms and 15 spacious suites in all \u2013 72 rooms either offer [&hellip;]\" \/>\n<meta property=\"og:url\" content=\"https:\/\/www.linkeus.fr\/en\/produit\/hotel-intercontinental-marseille-hotel-dieu\/\" \/>\n<meta property=\"og:site_name\" content=\"Linkeus Provence C\u00f4te d&#039;Azur Events\" \/>\n<meta property=\"article:publisher\" content=\"https:\/\/www.facebook.com\/ProvenceCotedAzurEvents\" \/>\n<meta property=\"og:image\" content=\"https:\/\/www.linkeus.fr\/wp-content\/uploads\/2021\/07\/pce-image-resaux-sociaux-scaled.jpg\" \/>\n\t<meta property=\"og:image:width\" content=\"2560\" \/>\n\t<meta property=\"og:image:height\" content=\"1204\" \/>\n\t<meta property=\"og:image:type\" content=\"image\/jpeg\" \/>\n<meta name=\"twitter:card\" content=\"summary_large_image\" \/>\n<meta name=\"twitter:label1\" content=\"Est. reading time\" \/>\n\t<meta name=\"twitter:data1\" content=\"1 minute\" \/>\n<script type=\"application\/ld+json\" class=\"yoast-schema-graph\">{\"@context\":\"https:\/\/schema.org\",\"@graph\":[{\"@type\":\"WebPage\",\"@id\":\"https:\/\/www.linkeus.fr\/en\/produit\/hotel-intercontinental-marseille-hotel-dieu\/\",\"url\":\"https:\/\/www.linkeus.fr\/en\/produit\/hotel-intercontinental-marseille-hotel-dieu\/\",\"name\":\"H\u00f4tel InterContinental Marseille - Hotel Dieu - Linkeus Provence C\u00f4te d&#039;Azur Events\",\"isPartOf\":{\"@id\":\"https:\/\/www.linkeus.fr\/#website\"},\"datePublished\":\"2026-01-29T10:22:24+00:00\",\"dateModified\":\"2026-01-29T10:22:24+00:00\",\"breadcrumb\":{\"@id\":\"https:\/\/www.linkeus.fr\/en\/produit\/hotel-intercontinental-marseille-hotel-dieu\/#breadcrumb\"},\"inLanguage\":\"en-US\",\"potentialAction\":[{\"@type\":\"ReadAction\",\"target\":[\"https:\/\/www.linkeus.fr\/en\/produit\/hotel-intercontinental-marseille-hotel-dieu\/\"]}]},{\"@type\":\"BreadcrumbList\",\"@id\":\"https:\/\/www.linkeus.fr\/en\/produit\/hotel-intercontinental-marseille-hotel-dieu\/#breadcrumb\",\"itemListElement\":[{\"@type\":\"ListItem\",\"position\":1,\"name\":\"Accueil\",\"item\":\"https:\/\/www.linkeus.fr\/en\/\"},{\"@type\":\"ListItem\",\"position\":2,\"name\":\"Produits\",\"item\":\"https:\/\/www.linkeus.fr\/shop\/\"},{\"@type\":\"ListItem\",\"position\":3,\"name\":\"H\u00f4tel InterContinental Marseille &#8211; Hotel Dieu\"}]},{\"@type\":\"WebSite\",\"@id\":\"https:\/\/www.linkeus.fr\/#website\",\"url\":\"https:\/\/www.linkeus.fr\/\",\"name\":\"Linkeus Provence C\u00f4te d&#039;Azur Events\",\"description\":\"Le bureau des congr\u00e8s regional : l&#039;interlocuteur privil\u00e9gi\u00e9 pour l&#039;organisation de vos \u00e9v\u00e8nements professionnels en Provence Alpes C\u00f4te d&#039;Azur\",\"publisher\":{\"@id\":\"https:\/\/www.linkeus.fr\/#organization\"},\"potentialAction\":[{\"@type\":\"SearchAction\",\"target\":{\"@type\":\"EntryPoint\",\"urlTemplate\":\"https:\/\/www.linkeus.fr\/?s={search_term_string}\"},\"query-input\":{\"@type\":\"PropertyValueSpecification\",\"valueRequired\":true,\"valueName\":\"search_term_string\"}}],\"inLanguage\":\"en-US\"},{\"@type\":\"Organization\",\"@id\":\"https:\/\/www.linkeus.fr\/#organization\",\"name\":\"Linkeus Provence C\u00f4te d&#039;Azur Events\",\"url\":\"https:\/\/www.linkeus.fr\/\",\"logo\":{\"@type\":\"ImageObject\",\"inLanguage\":\"en-US\",\"@id\":\"https:\/\/www.linkeus.fr\/#\/schema\/logo\/image\/\",\"url\":\"https:\/\/www.linkeus.fr\/wp-content\/uploads\/2022\/09\/log-linkeus290.png\",\"contentUrl\":\"https:\/\/www.linkeus.fr\/wp-content\/uploads\/2022\/09\/log-linkeus290.png\",\"width\":290,\"height\":100,\"caption\":\"Linkeus Provence C\u00f4te d&#039;Azur Events\"},\"image\":{\"@id\":\"https:\/\/www.linkeus.fr\/#\/schema\/logo\/image\/\"},\"sameAs\":[\"https:\/\/www.facebook.com\/ProvenceCotedAzurEvents\"]}]}<\/script>\n<!-- \/ Yoast SEO plugin. -->","yoast_head_json":{"title":"H\u00f4tel InterContinental Marseille - Hotel Dieu - Linkeus Provence C\u00f4te d&#039;Azur Events","robots":{"index":"index","follow":"follow","max-snippet":"max-snippet:-1","max-image-preview":"max-image-preview:large","max-video-preview":"max-video-preview:-1"},"canonical":"https:\/\/www.linkeus.fr\/en\/produit\/hotel-intercontinental-marseille-hotel-dieu\/","og_locale":"en_US","og_type":"article","og_title":"H\u00f4tel InterContinental Marseille - Hotel Dieu - Linkeus Provence C\u00f4te d&#039;Azur Events","og_description":"The InterContinental Marseille &#8211; Hotel Dieu is an 18th-century masterpiece inaugurated by Napoleon III, in person. This classified historical monument offers an inimitable view of the landmark Notre-Dame-de-la-Garde Basilica, while firmly seated in the present-day and very contemporary Marseille. It boasts 179 stylish rooms and 15 spacious suites in all \u2013 72 rooms either offer [&hellip;]","og_url":"https:\/\/www.linkeus.fr\/en\/produit\/hotel-intercontinental-marseille-hotel-dieu\/","og_site_name":"Linkeus Provence C\u00f4te d&#039;Azur Events","article_publisher":"https:\/\/www.facebook.com\/ProvenceCotedAzurEvents","og_image":[{"width":2560,"height":1204,"url":"https:\/\/www.linkeus.fr\/wp-content\/uploads\/2021\/07\/pce-image-resaux-sociaux-scaled.jpg","type":"image\/jpeg"}],"twitter_card":"summary_large_image","twitter_misc":{"Est. reading time":"1 minute"},"schema":{"@context":"https:\/\/schema.org","@graph":[{"@type":"WebPage","@id":"https:\/\/www.linkeus.fr\/en\/produit\/hotel-intercontinental-marseille-hotel-dieu\/","url":"https:\/\/www.linkeus.fr\/en\/produit\/hotel-intercontinental-marseille-hotel-dieu\/","name":"H\u00f4tel InterContinental Marseille - Hotel Dieu - Linkeus Provence C\u00f4te d&#039;Azur Events","isPartOf":{"@id":"https:\/\/www.linkeus.fr\/#website"},"datePublished":"2026-01-29T10:22:24+00:00","dateModified":"2026-01-29T10:22:24+00:00","breadcrumb":{"@id":"https:\/\/www.linkeus.fr\/en\/produit\/hotel-intercontinental-marseille-hotel-dieu\/#breadcrumb"},"inLanguage":"en-US","potentialAction":[{"@type":"ReadAction","target":["https:\/\/www.linkeus.fr\/en\/produit\/hotel-intercontinental-marseille-hotel-dieu\/"]}]},{"@type":"BreadcrumbList","@id":"https:\/\/www.linkeus.fr\/en\/produit\/hotel-intercontinental-marseille-hotel-dieu\/#breadcrumb","itemListElement":[{"@type":"ListItem","position":1,"name":"Accueil","item":"https:\/\/www.linkeus.fr\/en\/"},{"@type":"ListItem","position":2,"name":"Produits","item":"https:\/\/www.linkeus.fr\/shop\/"},{"@type":"ListItem","position":3,"name":"H\u00f4tel InterContinental Marseille &#8211; Hotel Dieu"}]},{"@type":"WebSite","@id":"https:\/\/www.linkeus.fr\/#website","url":"https:\/\/www.linkeus.fr\/","name":"Linkeus Provence C\u00f4te d&#039;Azur Events","description":"Le bureau des congr\u00e8s regional : l&#039;interlocuteur privil\u00e9gi\u00e9 pour l&#039;organisation de vos \u00e9v\u00e8nements professionnels en Provence Alpes C\u00f4te d&#039;Azur","publisher":{"@id":"https:\/\/www.linkeus.fr\/#organization"},"potentialAction":[{"@type":"SearchAction","target":{"@type":"EntryPoint","urlTemplate":"https:\/\/www.linkeus.fr\/?s={search_term_string}"},"query-input":{"@type":"PropertyValueSpecification","valueRequired":true,"valueName":"search_term_string"}}],"inLanguage":"en-US"},{"@type":"Organization","@id":"https:\/\/www.linkeus.fr\/#organization","name":"Linkeus Provence C\u00f4te d&#039;Azur Events","url":"https:\/\/www.linkeus.fr\/","logo":{"@type":"ImageObject","inLanguage":"en-US","@id":"https:\/\/www.linkeus.fr\/#\/schema\/logo\/image\/","url":"https:\/\/www.linkeus.fr\/wp-content\/uploads\/2022\/09\/log-linkeus290.png","contentUrl":"https:\/\/www.linkeus.fr\/wp-content\/uploads\/2022\/09\/log-linkeus290.png","width":290,"height":100,"caption":"Linkeus Provence C\u00f4te d&#039;Azur Events"},"image":{"@id":"https:\/\/www.linkeus.fr\/#\/schema\/logo\/image\/"},"sameAs":["https:\/\/www.facebook.com\/ProvenceCotedAzurEvents"]}]}},"_links":{"self":[{"href":"https:\/\/www.linkeus.fr\/en\/wp-json\/wp\/v2\/product\/31219","targetHints":{"allow":["GET"]}}],"collection":[{"href":"https:\/\/www.linkeus.fr\/en\/wp-json\/wp\/v2\/product"}],"about":[{"href":"https:\/\/www.linkeus.fr\/en\/wp-json\/wp\/v2\/types\/product"}],"replies":[{"embeddable":true,"href":"https:\/\/www.linkeus.fr\/en\/wp-json\/wp\/v2\/comments?post=31219"}],"wp:attachment":[{"href":"https:\/\/www.linkeus.fr\/en\/wp-json\/wp\/v2\/media?parent=31219"}],"wp:term":[{"taxonomy":"product_cat","embeddable":true,"href":"https:\/\/www.linkeus.fr\/en\/wp-json\/wp\/v2\/product_cat?post=31219"},{"taxonomy":"product_tag","embeddable":true,"href":"https:\/\/www.linkeus.fr\/en\/wp-json\/wp\/v2\/product_tag?post=31219"}],"curies":[{"name":"wp","href":"https:\/\/api.w.org\/{rel}","templated":true}]}}