{"id":30743,"date":"2026-01-19T15:20:39","date_gmt":"2026-01-19T14:20:39","guid":{"rendered":"https:\/\/www.linkeus.fr\/produit\/campanile-nice-airport-2\/"},"modified":"2026-01-19T15:20:39","modified_gmt":"2026-01-19T14:20:39","slug":"campanile-nice-airport-2","status":"publish","type":"product","link":"https:\/\/www.linkeus.fr\/en\/produit\/campanile-nice-airport-2\/","title":{"rendered":"Campanile*** Nice Airport"},"content":{"rendered":"<p>Land softly in the enchanting setting of the French Riviera. Our 3 stars Hotel, idealy located on the Promenade des Anglais in front of Nice International Airport Terminal 1 is at your disposal for welcoming your guests and team. Live the Campanile experience and find a free shuttle to transport you to and from the airport, 170 rooms with sea view and Arenas view, air-conditioned and soundproofed. All our rooms are equipped with high speed WiFi, satellite TV and courtesy tray.<\/p>\n<p>And to make you feel at home, also find BeIn Sport in our cozy lobby to share the match over a drink or a dinner on a sofa with friendlyness ! To each of us his Lyfe Style ! At Campanile Nice Airport, you will always find yours.<\/p>\n<p>What about a seminar under the sun ? Think Campanile Nice Airport! And organize your events in one of our 3 renovated rooms.<br \/>\nCozy atmosphere in the Terra Space equipped with an Interactive beamer or funny atmosphere in the living room Amata? All our rooms will be proposed to you in the configuration of your choice.<\/p>\n<p>&#8211; <strong>Terra Lounge<\/strong>, cozy and elegant, interactive beamer, Paperboard, water, notepad and criteria for each participant, 40m\u00b2.<\/p>\n<p>&#8211; <strong>Amata Lounge<\/strong>, funny and comics trip, classic ceiling beamer, paperboard, water, notepad and criteria for each participant, 40m\u00b2.<br \/>\nThese two lounges are communicating and allow a vast space of 80m \u00b2.<\/p>\n<p>&#8211; <strong>Nika\u00efa Lounge,<\/strong>\u00a0very nice room of 150m \u00b2 harmonious and luminous by its large windows opening on a privative terrace, classic beamer on the ceiling, Paperboard, water, bloc note and criterium for each participant.<br \/>\nCommunicating wall with the living room Amata.<\/p>\n<p>Choose your coffee breaks and your lunch according to your desires, ask it is granted ! And take advantage of the expertise of our advisors who will help you organize your event in the best conditions.<\/p>\n","protected":false},"excerpt":{"rendered":"<p>Land softly in the enchanting setting of the French Riviera. Our 3 stars Hotel, idealy located on the Promenade des Anglais in front of Nice International Airport Terminal 1 is at your disposal for welcoming your guests and team. Live the Campanile experience and find a free shuttle to transport you to and from the [&hellip;]<\/p>\n","protected":false},"featured_media":0,"comment_status":"closed","ping_status":"closed","template":"","meta":{"inline_featured_image":false},"product_cat":[],"product_tag":[],"class_list":{"0":"post-30743","1":"product","2":"type-product","3":"status-publish","6":"first","7":"instock","8":"virtual","9":"sold-individually","10":"purchasable","11":"product-type-listing_booking"},"yoast_head":"<!-- This site is optimized with the Yoast SEO plugin v24.0 - https:\/\/yoast.com\/wordpress\/plugins\/seo\/ -->\n<title>Campanile*** Nice Airport - Linkeus Provence C\u00f4te d&#039;Azur Events<\/title>\n<meta name=\"robots\" content=\"index, follow, max-snippet:-1, max-image-preview:large, max-video-preview:-1\" \/>\n<link rel=\"canonical\" href=\"https:\/\/www.linkeus.fr\/en\/produit\/campanile-nice-airport-2\/\" \/>\n<meta property=\"og:locale\" content=\"en_US\" \/>\n<meta property=\"og:type\" content=\"article\" \/>\n<meta property=\"og:title\" content=\"Campanile*** Nice Airport - Linkeus Provence C\u00f4te d&#039;Azur Events\" \/>\n<meta property=\"og:description\" content=\"Land softly in the enchanting setting of the French Riviera. Our 3 stars Hotel, idealy located on the Promenade des Anglais in front of Nice International Airport Terminal 1 is at your disposal for welcoming your guests and team. Live the Campanile experience and find a free shuttle to transport you to and from the [&hellip;]\" \/>\n<meta property=\"og:url\" content=\"https:\/\/www.linkeus.fr\/en\/produit\/campanile-nice-airport-2\/\" \/>\n<meta property=\"og:site_name\" content=\"Linkeus Provence C\u00f4te d&#039;Azur Events\" \/>\n<meta property=\"article:publisher\" content=\"https:\/\/www.facebook.com\/ProvenceCotedAzurEvents\" \/>\n<meta property=\"og:image\" content=\"https:\/\/www.linkeus.fr\/wp-content\/uploads\/2021\/07\/pce-image-resaux-sociaux-scaled.jpg\" \/>\n\t<meta property=\"og:image:width\" content=\"2560\" \/>\n\t<meta property=\"og:image:height\" content=\"1204\" \/>\n\t<meta property=\"og:image:type\" content=\"image\/jpeg\" \/>\n<meta name=\"twitter:card\" content=\"summary_large_image\" \/>\n<meta name=\"twitter:label1\" content=\"Est. reading time\" \/>\n\t<meta name=\"twitter:data1\" content=\"2 minutes\" \/>\n<script type=\"application\/ld+json\" class=\"yoast-schema-graph\">{\"@context\":\"https:\/\/schema.org\",\"@graph\":[{\"@type\":\"WebPage\",\"@id\":\"https:\/\/www.linkeus.fr\/en\/produit\/campanile-nice-airport-2\/\",\"url\":\"https:\/\/www.linkeus.fr\/en\/produit\/campanile-nice-airport-2\/\",\"name\":\"Campanile*** Nice Airport - Linkeus Provence C\u00f4te d&#039;Azur Events\",\"isPartOf\":{\"@id\":\"https:\/\/www.linkeus.fr\/#website\"},\"datePublished\":\"2026-01-19T14:20:39+00:00\",\"dateModified\":\"2026-01-19T14:20:39+00:00\",\"breadcrumb\":{\"@id\":\"https:\/\/www.linkeus.fr\/en\/produit\/campanile-nice-airport-2\/#breadcrumb\"},\"inLanguage\":\"en-US\",\"potentialAction\":[{\"@type\":\"ReadAction\",\"target\":[\"https:\/\/www.linkeus.fr\/en\/produit\/campanile-nice-airport-2\/\"]}]},{\"@type\":\"BreadcrumbList\",\"@id\":\"https:\/\/www.linkeus.fr\/en\/produit\/campanile-nice-airport-2\/#breadcrumb\",\"itemListElement\":[{\"@type\":\"ListItem\",\"position\":1,\"name\":\"Accueil\",\"item\":\"https:\/\/www.linkeus.fr\/en\/\"},{\"@type\":\"ListItem\",\"position\":2,\"name\":\"Produits\",\"item\":\"https:\/\/www.linkeus.fr\/shop\/\"},{\"@type\":\"ListItem\",\"position\":3,\"name\":\"Campanile*** Nice Airport\"}]},{\"@type\":\"WebSite\",\"@id\":\"https:\/\/www.linkeus.fr\/#website\",\"url\":\"https:\/\/www.linkeus.fr\/\",\"name\":\"Linkeus Provence C\u00f4te d&#039;Azur Events\",\"description\":\"Le bureau des congr\u00e8s regional : l&#039;interlocuteur privil\u00e9gi\u00e9 pour l&#039;organisation de vos \u00e9v\u00e8nements professionnels en Provence Alpes C\u00f4te d&#039;Azur\",\"publisher\":{\"@id\":\"https:\/\/www.linkeus.fr\/#organization\"},\"potentialAction\":[{\"@type\":\"SearchAction\",\"target\":{\"@type\":\"EntryPoint\",\"urlTemplate\":\"https:\/\/www.linkeus.fr\/?s={search_term_string}\"},\"query-input\":{\"@type\":\"PropertyValueSpecification\",\"valueRequired\":true,\"valueName\":\"search_term_string\"}}],\"inLanguage\":\"en-US\"},{\"@type\":\"Organization\",\"@id\":\"https:\/\/www.linkeus.fr\/#organization\",\"name\":\"Linkeus Provence C\u00f4te d&#039;Azur Events\",\"url\":\"https:\/\/www.linkeus.fr\/\",\"logo\":{\"@type\":\"ImageObject\",\"inLanguage\":\"en-US\",\"@id\":\"https:\/\/www.linkeus.fr\/#\/schema\/logo\/image\/\",\"url\":\"https:\/\/www.linkeus.fr\/wp-content\/uploads\/2022\/09\/log-linkeus290.png\",\"contentUrl\":\"https:\/\/www.linkeus.fr\/wp-content\/uploads\/2022\/09\/log-linkeus290.png\",\"width\":290,\"height\":100,\"caption\":\"Linkeus Provence C\u00f4te d&#039;Azur Events\"},\"image\":{\"@id\":\"https:\/\/www.linkeus.fr\/#\/schema\/logo\/image\/\"},\"sameAs\":[\"https:\/\/www.facebook.com\/ProvenceCotedAzurEvents\"]}]}<\/script>\n<!-- \/ Yoast SEO plugin. -->","yoast_head_json":{"title":"Campanile*** Nice Airport - Linkeus Provence C\u00f4te d&#039;Azur Events","robots":{"index":"index","follow":"follow","max-snippet":"max-snippet:-1","max-image-preview":"max-image-preview:large","max-video-preview":"max-video-preview:-1"},"canonical":"https:\/\/www.linkeus.fr\/en\/produit\/campanile-nice-airport-2\/","og_locale":"en_US","og_type":"article","og_title":"Campanile*** Nice Airport - Linkeus Provence C\u00f4te d&#039;Azur Events","og_description":"Land softly in the enchanting setting of the French Riviera. Our 3 stars Hotel, idealy located on the Promenade des Anglais in front of Nice International Airport Terminal 1 is at your disposal for welcoming your guests and team. Live the Campanile experience and find a free shuttle to transport you to and from the [&hellip;]","og_url":"https:\/\/www.linkeus.fr\/en\/produit\/campanile-nice-airport-2\/","og_site_name":"Linkeus Provence C\u00f4te d&#039;Azur Events","article_publisher":"https:\/\/www.facebook.com\/ProvenceCotedAzurEvents","og_image":[{"width":2560,"height":1204,"url":"https:\/\/www.linkeus.fr\/wp-content\/uploads\/2021\/07\/pce-image-resaux-sociaux-scaled.jpg","type":"image\/jpeg"}],"twitter_card":"summary_large_image","twitter_misc":{"Est. reading time":"2 minutes"},"schema":{"@context":"https:\/\/schema.org","@graph":[{"@type":"WebPage","@id":"https:\/\/www.linkeus.fr\/en\/produit\/campanile-nice-airport-2\/","url":"https:\/\/www.linkeus.fr\/en\/produit\/campanile-nice-airport-2\/","name":"Campanile*** Nice Airport - Linkeus Provence C\u00f4te d&#039;Azur Events","isPartOf":{"@id":"https:\/\/www.linkeus.fr\/#website"},"datePublished":"2026-01-19T14:20:39+00:00","dateModified":"2026-01-19T14:20:39+00:00","breadcrumb":{"@id":"https:\/\/www.linkeus.fr\/en\/produit\/campanile-nice-airport-2\/#breadcrumb"},"inLanguage":"en-US","potentialAction":[{"@type":"ReadAction","target":["https:\/\/www.linkeus.fr\/en\/produit\/campanile-nice-airport-2\/"]}]},{"@type":"BreadcrumbList","@id":"https:\/\/www.linkeus.fr\/en\/produit\/campanile-nice-airport-2\/#breadcrumb","itemListElement":[{"@type":"ListItem","position":1,"name":"Accueil","item":"https:\/\/www.linkeus.fr\/en\/"},{"@type":"ListItem","position":2,"name":"Produits","item":"https:\/\/www.linkeus.fr\/shop\/"},{"@type":"ListItem","position":3,"name":"Campanile*** Nice Airport"}]},{"@type":"WebSite","@id":"https:\/\/www.linkeus.fr\/#website","url":"https:\/\/www.linkeus.fr\/","name":"Linkeus Provence C\u00f4te d&#039;Azur Events","description":"Le bureau des congr\u00e8s regional : l&#039;interlocuteur privil\u00e9gi\u00e9 pour l&#039;organisation de vos \u00e9v\u00e8nements professionnels en Provence Alpes C\u00f4te d&#039;Azur","publisher":{"@id":"https:\/\/www.linkeus.fr\/#organization"},"potentialAction":[{"@type":"SearchAction","target":{"@type":"EntryPoint","urlTemplate":"https:\/\/www.linkeus.fr\/?s={search_term_string}"},"query-input":{"@type":"PropertyValueSpecification","valueRequired":true,"valueName":"search_term_string"}}],"inLanguage":"en-US"},{"@type":"Organization","@id":"https:\/\/www.linkeus.fr\/#organization","name":"Linkeus Provence C\u00f4te d&#039;Azur Events","url":"https:\/\/www.linkeus.fr\/","logo":{"@type":"ImageObject","inLanguage":"en-US","@id":"https:\/\/www.linkeus.fr\/#\/schema\/logo\/image\/","url":"https:\/\/www.linkeus.fr\/wp-content\/uploads\/2022\/09\/log-linkeus290.png","contentUrl":"https:\/\/www.linkeus.fr\/wp-content\/uploads\/2022\/09\/log-linkeus290.png","width":290,"height":100,"caption":"Linkeus Provence C\u00f4te d&#039;Azur Events"},"image":{"@id":"https:\/\/www.linkeus.fr\/#\/schema\/logo\/image\/"},"sameAs":["https:\/\/www.facebook.com\/ProvenceCotedAzurEvents"]}]}},"_links":{"self":[{"href":"https:\/\/www.linkeus.fr\/en\/wp-json\/wp\/v2\/product\/30743","targetHints":{"allow":["GET"]}}],"collection":[{"href":"https:\/\/www.linkeus.fr\/en\/wp-json\/wp\/v2\/product"}],"about":[{"href":"https:\/\/www.linkeus.fr\/en\/wp-json\/wp\/v2\/types\/product"}],"replies":[{"embeddable":true,"href":"https:\/\/www.linkeus.fr\/en\/wp-json\/wp\/v2\/comments?post=30743"}],"wp:attachment":[{"href":"https:\/\/www.linkeus.fr\/en\/wp-json\/wp\/v2\/media?parent=30743"}],"wp:term":[{"taxonomy":"product_cat","embeddable":true,"href":"https:\/\/www.linkeus.fr\/en\/wp-json\/wp\/v2\/product_cat?post=30743"},{"taxonomy":"product_tag","embeddable":true,"href":"https:\/\/www.linkeus.fr\/en\/wp-json\/wp\/v2\/product_tag?post=30743"}],"curies":[{"name":"wp","href":"https:\/\/api.w.org\/{rel}","templated":true}]}}