{"id":30250,"date":"2025-10-17T10:26:40","date_gmt":"2025-10-17T08:26:40","guid":{"rendered":"https:\/\/www.linkeus.fr\/produit\/grimaldi-forum-monaco-6\/"},"modified":"2025-10-17T10:26:40","modified_gmt":"2025-10-17T08:26:40","slug":"grimaldi-forum-monaco-6","status":"publish","type":"product","link":"https:\/\/www.linkeus.fr\/en\/produit\/grimaldi-forum-monaco-6\/","title":{"rendered":"Grimaldi Forum Monaco"},"content":{"rendered":"<p><strong>The Grimaldi Forum Monaco, 25 years of creation in an exceptional setting.<\/strong><\/p>\n<p>Recognisable by its spectacular glass-and-steel design, the Principality of Monaco\u2019s congress and cultural centre offers a modular surface area of 70,000 m<sup>2<\/sup> reclaimed from the sea for the organisation of conferences, congresses, tradeshows, exhibitions, concerts and shows. It hosts an average of 100 events and 250,000 visitors every year. Praised for the quality of its spaces and the expertise of its teams, this unique site has been able to attract and retain numerous international events since its creation in 2000.<\/p>\n<p>After five years of consistent growth, 2019 broke all records for the Grimaldi Forum with a 20% increase in its turnover compared to 2018, and with only ten days of inoccupancy for the whole year!<\/p>\n<p>In 2020, it adapted to the health and safety challenges and received the national \u201cMonaco Safe\u201d label which guarantees the organisation of an event under the best conditions. The congress and cultural centre has also enriched the range of its services with innovative event solutions that combine face-to-face with virtual participation and are now an integral part of its offer.<\/p>\n<p>In collaboration with its historical partner Key4Events, the Grimaldi Forum Monaco offers its clients turnkey solutions for:<\/p>\n<ul>\n<li><em>Allowing participants who cannot be physically present to attend, either alone or in groups, live or deferred-transmission events via a single website or several other websites, with the possibility of interacting live;<\/em><\/li>\n<li><em>Inviting speakers who cannot be physically present to speak remotely, either live or by deferred transmission.<\/em><\/li>\n<\/ul>\n<p><em>To complete its collection, diffusion and branding offer, the Grimaldi Forum Monaco also proposes solutions for storing and downloading content, as well as statistical studies to measure the impact of these hybrid events which can be of all types<\/em> (congresses, conferences, seminars, exhibitions, tradeshows, etc.).<\/p>\n<p>For Sylvie Biancheri, General Manager of the Grimaldi Forum Monaco, \u201cThe remote experience cannot replace face-to-face contact \u2013 human contact is the very essence of our activity. But the concept of the hybrid or \u2018phygital\u2019 event makes it possible to overcome the impossibility of attending an event, as can be the case with the Covid19 health crisis. By streaming the event to one or more hubs located where other participants are gathered remotely, this concept can also increase the total audience of an event that has reached its maximum face-to-face capacity, and in this regard it constitutes an interesting lever for development\u201d.<\/p>\n<p data-start=\"56\" data-end=\"726\">The Grimaldi Forum Monaco is expanding with a new sea-front extension, increasing its exhibition space by 50%, or an additional 6,000 m\u00b2. Connected to the main building via the Hall Diaghilev, this extension also features an independent entrance on the seafront. To make the most of its exceptional location in the heart of the Principality, 2,000 m\u00b2 of outdoor spaces are also available, including the 600 m\u00b2 Ravel Terrace with stunning views of the Mediterranean.<br data-start=\"521\" data-end=\"524\" \/>This additional space will allow the Forum to host larger-scale events, accommodate multiple simultaneous gatherings, and offer greater flexibility for ever more innovative and original event formats.<\/p>\n<p data-start=\"56\" data-end=\"726\">This additional space allows its customers to take advantage of the location of Monaco, with its Mediterranean climate and an exceptional 300 days of sunshine a year! Situated on the side of the building facing the sea, and opening onto the promenade running alongside it, this terrace is the ideal place for setting up dedicated <em>lounge and networking <\/em>spaces or for organising outdoor finger buffets and cocktails for up to 800 people standing.<\/p>\n<p>The Monaco congress and cultural centre reaffirms its positioning as a unique event venue in an exceptional location with an <em>ever more competitive <\/em>MICE (<em>Meetings, Incentives, Conferences &amp; Exhibitions<\/em>) offer proposed in conjunction with its partners (the <em>Monaco Convention Bureau and the main hotels). Customer service remains a priority; the creativity of its teams and the modularity of its spaces are among the most appreciated of its assets, as is its commitment to the environment, established as a key element of its corporate strategy since receiving <\/em>ISO 14001 certification in 2008. The 2,500 m\u00b2 of photovoltaic panels installed in 2019 on the roof of its building, as well as using 100% renewable energy, now consolidate its position as a pioneer committed to conservation by constant improvement of its environmental performance.<\/p>\n","protected":false},"excerpt":{"rendered":"<p>The Grimaldi Forum Monaco, 25 years of creation in an exceptional setting. Recognisable by its spectacular glass-and-steel design, the Principality of Monaco\u2019s congress and cultural centre offers a modular surface area of 70,000 m2 reclaimed from the sea for the organisation of conferences, congresses, tradeshows, exhibitions, concerts and shows. It hosts an average of 100 [&hellip;]<\/p>\n","protected":false},"featured_media":0,"comment_status":"closed","ping_status":"closed","template":"","meta":{"inline_featured_image":false},"product_cat":[],"product_tag":[],"class_list":{"0":"post-30250","1":"product","2":"type-product","3":"status-publish","6":"first","7":"instock","8":"virtual","9":"sold-individually","10":"purchasable","11":"product-type-listing_booking"},"yoast_head":"<!-- This site is optimized with the Yoast SEO plugin v24.0 - https:\/\/yoast.com\/wordpress\/plugins\/seo\/ -->\n<title>Grimaldi Forum Monaco - Linkeus Provence C\u00f4te d&#039;Azur Events<\/title>\n<meta name=\"robots\" content=\"index, follow, max-snippet:-1, max-image-preview:large, max-video-preview:-1\" \/>\n<link rel=\"canonical\" href=\"https:\/\/www.linkeus.fr\/en\/produit\/grimaldi-forum-monaco-6\/\" \/>\n<meta property=\"og:locale\" content=\"en_US\" \/>\n<meta property=\"og:type\" content=\"article\" \/>\n<meta property=\"og:title\" content=\"Grimaldi Forum Monaco - Linkeus Provence C\u00f4te d&#039;Azur Events\" \/>\n<meta property=\"og:description\" content=\"The Grimaldi Forum Monaco, 25 years of creation in an exceptional setting. Recognisable by its spectacular glass-and-steel design, the Principality of Monaco\u2019s congress and cultural centre offers a modular surface area of 70,000 m2 reclaimed from the sea for the organisation of conferences, congresses, tradeshows, exhibitions, concerts and shows. It hosts an average of 100 [&hellip;]\" \/>\n<meta property=\"og:url\" content=\"https:\/\/www.linkeus.fr\/en\/produit\/grimaldi-forum-monaco-6\/\" \/>\n<meta property=\"og:site_name\" content=\"Linkeus Provence C\u00f4te d&#039;Azur Events\" \/>\n<meta property=\"article:publisher\" content=\"https:\/\/www.facebook.com\/ProvenceCotedAzurEvents\" \/>\n<meta property=\"og:image\" content=\"https:\/\/www.linkeus.fr\/wp-content\/uploads\/2021\/07\/pce-image-resaux-sociaux-scaled.jpg\" \/>\n\t<meta property=\"og:image:width\" content=\"2560\" \/>\n\t<meta property=\"og:image:height\" content=\"1204\" \/>\n\t<meta property=\"og:image:type\" content=\"image\/jpeg\" \/>\n<meta name=\"twitter:card\" content=\"summary_large_image\" \/>\n<meta name=\"twitter:label1\" content=\"Est. reading time\" \/>\n\t<meta name=\"twitter:data1\" content=\"3 minutes\" \/>\n<script type=\"application\/ld+json\" class=\"yoast-schema-graph\">{\"@context\":\"https:\/\/schema.org\",\"@graph\":[{\"@type\":\"WebPage\",\"@id\":\"https:\/\/www.linkeus.fr\/en\/produit\/grimaldi-forum-monaco-6\/\",\"url\":\"https:\/\/www.linkeus.fr\/en\/produit\/grimaldi-forum-monaco-6\/\",\"name\":\"Grimaldi Forum Monaco - Linkeus Provence C\u00f4te d&#039;Azur Events\",\"isPartOf\":{\"@id\":\"https:\/\/www.linkeus.fr\/#website\"},\"datePublished\":\"2025-10-17T08:26:40+00:00\",\"dateModified\":\"2025-10-17T08:26:40+00:00\",\"breadcrumb\":{\"@id\":\"https:\/\/www.linkeus.fr\/en\/produit\/grimaldi-forum-monaco-6\/#breadcrumb\"},\"inLanguage\":\"en-US\",\"potentialAction\":[{\"@type\":\"ReadAction\",\"target\":[\"https:\/\/www.linkeus.fr\/en\/produit\/grimaldi-forum-monaco-6\/\"]}]},{\"@type\":\"BreadcrumbList\",\"@id\":\"https:\/\/www.linkeus.fr\/en\/produit\/grimaldi-forum-monaco-6\/#breadcrumb\",\"itemListElement\":[{\"@type\":\"ListItem\",\"position\":1,\"name\":\"Accueil\",\"item\":\"https:\/\/www.linkeus.fr\/en\/\"},{\"@type\":\"ListItem\",\"position\":2,\"name\":\"Produits\",\"item\":\"https:\/\/www.linkeus.fr\/shop\/\"},{\"@type\":\"ListItem\",\"position\":3,\"name\":\"Grimaldi Forum Monaco\"}]},{\"@type\":\"WebSite\",\"@id\":\"https:\/\/www.linkeus.fr\/#website\",\"url\":\"https:\/\/www.linkeus.fr\/\",\"name\":\"Linkeus Provence C\u00f4te d&#039;Azur Events\",\"description\":\"Le bureau des congr\u00e8s regional : l&#039;interlocuteur privil\u00e9gi\u00e9 pour l&#039;organisation de vos \u00e9v\u00e8nements professionnels en Provence Alpes C\u00f4te d&#039;Azur\",\"publisher\":{\"@id\":\"https:\/\/www.linkeus.fr\/#organization\"},\"potentialAction\":[{\"@type\":\"SearchAction\",\"target\":{\"@type\":\"EntryPoint\",\"urlTemplate\":\"https:\/\/www.linkeus.fr\/?s={search_term_string}\"},\"query-input\":{\"@type\":\"PropertyValueSpecification\",\"valueRequired\":true,\"valueName\":\"search_term_string\"}}],\"inLanguage\":\"en-US\"},{\"@type\":\"Organization\",\"@id\":\"https:\/\/www.linkeus.fr\/#organization\",\"name\":\"Linkeus Provence C\u00f4te d&#039;Azur Events\",\"url\":\"https:\/\/www.linkeus.fr\/\",\"logo\":{\"@type\":\"ImageObject\",\"inLanguage\":\"en-US\",\"@id\":\"https:\/\/www.linkeus.fr\/#\/schema\/logo\/image\/\",\"url\":\"https:\/\/www.linkeus.fr\/wp-content\/uploads\/2022\/09\/log-linkeus290.png\",\"contentUrl\":\"https:\/\/www.linkeus.fr\/wp-content\/uploads\/2022\/09\/log-linkeus290.png\",\"width\":290,\"height\":100,\"caption\":\"Linkeus Provence C\u00f4te d&#039;Azur Events\"},\"image\":{\"@id\":\"https:\/\/www.linkeus.fr\/#\/schema\/logo\/image\/\"},\"sameAs\":[\"https:\/\/www.facebook.com\/ProvenceCotedAzurEvents\"]}]}<\/script>\n<!-- \/ Yoast SEO plugin. -->","yoast_head_json":{"title":"Grimaldi Forum Monaco - Linkeus Provence C\u00f4te d&#039;Azur Events","robots":{"index":"index","follow":"follow","max-snippet":"max-snippet:-1","max-image-preview":"max-image-preview:large","max-video-preview":"max-video-preview:-1"},"canonical":"https:\/\/www.linkeus.fr\/en\/produit\/grimaldi-forum-monaco-6\/","og_locale":"en_US","og_type":"article","og_title":"Grimaldi Forum Monaco - Linkeus Provence C\u00f4te d&#039;Azur Events","og_description":"The Grimaldi Forum Monaco, 25 years of creation in an exceptional setting. Recognisable by its spectacular glass-and-steel design, the Principality of Monaco\u2019s congress and cultural centre offers a modular surface area of 70,000 m2 reclaimed from the sea for the organisation of conferences, congresses, tradeshows, exhibitions, concerts and shows. It hosts an average of 100 [&hellip;]","og_url":"https:\/\/www.linkeus.fr\/en\/produit\/grimaldi-forum-monaco-6\/","og_site_name":"Linkeus Provence C\u00f4te d&#039;Azur Events","article_publisher":"https:\/\/www.facebook.com\/ProvenceCotedAzurEvents","og_image":[{"width":2560,"height":1204,"url":"https:\/\/www.linkeus.fr\/wp-content\/uploads\/2021\/07\/pce-image-resaux-sociaux-scaled.jpg","type":"image\/jpeg"}],"twitter_card":"summary_large_image","twitter_misc":{"Est. reading time":"3 minutes"},"schema":{"@context":"https:\/\/schema.org","@graph":[{"@type":"WebPage","@id":"https:\/\/www.linkeus.fr\/en\/produit\/grimaldi-forum-monaco-6\/","url":"https:\/\/www.linkeus.fr\/en\/produit\/grimaldi-forum-monaco-6\/","name":"Grimaldi Forum Monaco - Linkeus Provence C\u00f4te d&#039;Azur Events","isPartOf":{"@id":"https:\/\/www.linkeus.fr\/#website"},"datePublished":"2025-10-17T08:26:40+00:00","dateModified":"2025-10-17T08:26:40+00:00","breadcrumb":{"@id":"https:\/\/www.linkeus.fr\/en\/produit\/grimaldi-forum-monaco-6\/#breadcrumb"},"inLanguage":"en-US","potentialAction":[{"@type":"ReadAction","target":["https:\/\/www.linkeus.fr\/en\/produit\/grimaldi-forum-monaco-6\/"]}]},{"@type":"BreadcrumbList","@id":"https:\/\/www.linkeus.fr\/en\/produit\/grimaldi-forum-monaco-6\/#breadcrumb","itemListElement":[{"@type":"ListItem","position":1,"name":"Accueil","item":"https:\/\/www.linkeus.fr\/en\/"},{"@type":"ListItem","position":2,"name":"Produits","item":"https:\/\/www.linkeus.fr\/shop\/"},{"@type":"ListItem","position":3,"name":"Grimaldi Forum Monaco"}]},{"@type":"WebSite","@id":"https:\/\/www.linkeus.fr\/#website","url":"https:\/\/www.linkeus.fr\/","name":"Linkeus Provence C\u00f4te d&#039;Azur Events","description":"Le bureau des congr\u00e8s regional : l&#039;interlocuteur privil\u00e9gi\u00e9 pour l&#039;organisation de vos \u00e9v\u00e8nements professionnels en Provence Alpes C\u00f4te d&#039;Azur","publisher":{"@id":"https:\/\/www.linkeus.fr\/#organization"},"potentialAction":[{"@type":"SearchAction","target":{"@type":"EntryPoint","urlTemplate":"https:\/\/www.linkeus.fr\/?s={search_term_string}"},"query-input":{"@type":"PropertyValueSpecification","valueRequired":true,"valueName":"search_term_string"}}],"inLanguage":"en-US"},{"@type":"Organization","@id":"https:\/\/www.linkeus.fr\/#organization","name":"Linkeus Provence C\u00f4te d&#039;Azur Events","url":"https:\/\/www.linkeus.fr\/","logo":{"@type":"ImageObject","inLanguage":"en-US","@id":"https:\/\/www.linkeus.fr\/#\/schema\/logo\/image\/","url":"https:\/\/www.linkeus.fr\/wp-content\/uploads\/2022\/09\/log-linkeus290.png","contentUrl":"https:\/\/www.linkeus.fr\/wp-content\/uploads\/2022\/09\/log-linkeus290.png","width":290,"height":100,"caption":"Linkeus Provence C\u00f4te d&#039;Azur Events"},"image":{"@id":"https:\/\/www.linkeus.fr\/#\/schema\/logo\/image\/"},"sameAs":["https:\/\/www.facebook.com\/ProvenceCotedAzurEvents"]}]}},"_links":{"self":[{"href":"https:\/\/www.linkeus.fr\/en\/wp-json\/wp\/v2\/product\/30250","targetHints":{"allow":["GET"]}}],"collection":[{"href":"https:\/\/www.linkeus.fr\/en\/wp-json\/wp\/v2\/product"}],"about":[{"href":"https:\/\/www.linkeus.fr\/en\/wp-json\/wp\/v2\/types\/product"}],"replies":[{"embeddable":true,"href":"https:\/\/www.linkeus.fr\/en\/wp-json\/wp\/v2\/comments?post=30250"}],"wp:attachment":[{"href":"https:\/\/www.linkeus.fr\/en\/wp-json\/wp\/v2\/media?parent=30250"}],"wp:term":[{"taxonomy":"product_cat","embeddable":true,"href":"https:\/\/www.linkeus.fr\/en\/wp-json\/wp\/v2\/product_cat?post=30250"},{"taxonomy":"product_tag","embeddable":true,"href":"https:\/\/www.linkeus.fr\/en\/wp-json\/wp\/v2\/product_tag?post=30250"}],"curies":[{"name":"wp","href":"https:\/\/api.w.org\/{rel}","templated":true}]}}