{"id":30248,"date":"2025-10-14T10:12:41","date_gmt":"2025-10-14T08:12:41","guid":{"rendered":"https:\/\/www.linkeus.fr\/produit\/office-de-tourisme-daix-en-provence-7\/"},"modified":"2025-10-14T10:12:41","modified_gmt":"2025-10-14T08:12:41","slug":"office-de-tourisme-daix-en-provence-7","status":"publish","type":"product","link":"https:\/\/www.linkeus.fr\/en\/produit\/office-de-tourisme-daix-en-provence-7\/","title":{"rendered":"Office de Tourisme d\u2019Aix-en-Provence"},"content":{"rendered":"<p data-start=\"79\" data-end=\"124\"><strong data-start=\"79\" data-end=\"122\">Inspire Your Business | AIX-EN-PROVENCE<\/strong><\/p>\n<p data-start=\"126\" data-end=\"396\">Choosing Aix-en-Provence means choosing an <strong data-start=\"169\" data-end=\"198\">inspirational destination<\/strong> to generate the best ideas and boost your teams\u2019 creativity. Aix-en-Provence\u2019s MICE offerings, its landscapes, history, and cultural events encourage imagination, sharing, and healthy challenges.<\/p>\n<p data-start=\"398\" data-end=\"905\">Easily accessible (3 hours by high-speed train from Paris; Marseille Airport 30 min. away), the city of C\u00e9zanne enjoys <strong data-start=\"517\" data-end=\"550\">300 days of sunshine per year<\/strong>. Aix-en-Provence offers over 3,200 rooms across 50 hotels of all categories. The <strong data-start=\"632\" data-end=\"653\">Convention Center<\/strong>, ideally located in the city center, features a <strong data-start=\"702\" data-end=\"725\">508-seat auditorium<\/strong> and <strong data-start=\"730\" data-end=\"758\">600 m\u00b2 of flexible space<\/strong>. Prestigious venues await for your evening events: Proven\u00e7al bastides, private mansions, castles, vineyards, and cultural or artistic locations.<\/p>\n<p data-start=\"907\" data-end=\"1135\">The MICE teams at the Tourist Office offer a <strong data-start=\"952\" data-end=\"978\">wide range of services<\/strong>: venue research, accommodation proposals, central booking for conferences and events, business packages, incentive activities, and team-building programs.<\/p>\n<p data-start=\"1137\" data-end=\"1204\"><strong data-start=\"1137\" data-end=\"1202\">5 Good Reasons to Choose Aix-en-Provence for Your Next Event:<\/strong><\/p>\n<ul>\n<li data-start=\"1208\" data-end=\"1321\"><strong data-start=\"1208\" data-end=\"1224\">Easy access:<\/strong> Aix TGV station, proximity to Marseille Airport, north-south and east-west highway connections<\/li>\n<li data-start=\"1324\" data-end=\"1398\"><strong data-start=\"1324\" data-end=\"1356\">High-quality hotel offering:<\/strong> over 3,200 rooms, mainly 3*, 4*, and 5*<\/li>\n<li data-start=\"1401\" data-end=\"1536\"><strong data-start=\"1401\" data-end=\"1447\">Wide choice of meeting and evening venues:<\/strong> convention center, cultural venues, campuses, vineyards, hotel event spaces, bastides\u2026<\/li>\n<li data-start=\"1539\" data-end=\"1641\"><strong data-start=\"1539\" data-end=\"1600\">Perfect setting for incentive &amp; team-building activities:<\/strong> historic city center and nearby nature<\/li>\n<li data-start=\"1644\" data-end=\"1701\"><strong data-start=\"1644\" data-end=\"1671\">Tourist Office services<\/strong> to help organize your event<\/li>\n<\/ul>\n<p>&nbsp;<\/p>\n<p data-start=\"1703\" data-end=\"1774\"><strong data-start=\"1703\" data-end=\"1772\">Discover all our destination offerings on our dedicated websites:<\/strong><\/p>\n<ul>\n<li data-start=\"1778\" data-end=\"1878\">Business tourism: <a class=\"decorated-link\" href=\"https:\/\/mice.aixenprovencetourism.com\/\" target=\"_new\" rel=\"noopener\" data-start=\"1796\" data-end=\"1876\">https:\/\/mice.aixenprovencetourism.com\/<\/a><\/li>\n<li data-start=\"1881\" data-end=\"1982\">Convention Center: <a class=\"decorated-link\" href=\"https:\/\/www.aixenprovence-congres.com\/\" target=\"_new\" rel=\"noopener\" data-start=\"1900\" data-end=\"1980\">https:\/\/www.aixenprovence-congres.com\/<\/a><\/li>\n<li data-start=\"1985\" data-end=\"2094\">Tourism professionals: <a class=\"decorated-link\" href=\"https:\/\/travel.aixenprovencetourism.com\/\" target=\"_new\" rel=\"noopener\" data-start=\"2008\" data-end=\"2092\">https:\/\/travel.aixenprovencetourism.com\/<\/a><\/li>\n<li data-start=\"2097\" data-end=\"2188\">Press: <a class=\"decorated-link\" href=\"https:\/\/press.aixenprovencetourism.com\/\" target=\"_new\" rel=\"noopener\" data-start=\"2104\" data-end=\"2186\">https:\/\/press.aixenprovencetourism.com\/<\/a><\/li>\n<li data-start=\"2191\" data-end=\"2287\">General public: <a class=\"decorated-link\" href=\"https:\/\/www.aixenprovencetourism.com\/\" target=\"_new\" rel=\"noopener\" data-start=\"2207\" data-end=\"2285\">https:\/\/www.aixenprovencetourism.com\/<\/a><\/li>\n<\/ul>\n<p>&nbsp;<\/p>\n<p>Cr\u00e9dit photos : \u00a9 R.Cintas-Flores &#8211; \u00a9 Atout France &#8211; \u00a9Thomas Luppo &#8211; \u00a9 Sophie Spiteri &#8211; \u00a9 Daniel Kapikian &#8211; \u00a9 JC Carbonne &#8211; \u00a9 Caumont Centre d\u2019Art &#8211; \u00a9 Cyclo Pub &#8211; \u00a9 thecamp<\/p>\n<p>&nbsp;<\/p>\n<p><strong>Follow us on <a href=\"https:\/\/www.linkedin.com\/company\/aixenprovencetourism\/posts\/?feedView=all\">LinkedIn<\/a> or on :\u00a0<\/strong><\/p>\n","protected":false},"excerpt":{"rendered":"<p>Inspire Your Business | AIX-EN-PROVENCE Choosing Aix-en-Provence means choosing an inspirational destination to generate the best ideas and boost your teams\u2019 creativity. Aix-en-Provence\u2019s MICE offerings, its landscapes, history, and cultural events encourage imagination, sharing, and healthy challenges. Easily accessible (3 hours by high-speed train from Paris; Marseille Airport 30 min. away), the city of C\u00e9zanne [&hellip;]<\/p>\n","protected":false},"featured_media":0,"comment_status":"closed","ping_status":"closed","template":"","meta":{"inline_featured_image":false},"product_cat":[],"product_tag":[],"class_list":{"0":"post-30248","1":"product","2":"type-product","3":"status-publish","6":"first","7":"instock","8":"virtual","9":"sold-individually","10":"purchasable","11":"product-type-listing_booking"},"yoast_head":"<!-- This site is optimized with the Yoast SEO plugin v24.0 - https:\/\/yoast.com\/wordpress\/plugins\/seo\/ -->\n<title>Office de Tourisme d\u2019Aix-en-Provence - Linkeus Provence C\u00f4te d&#039;Azur Events<\/title>\n<meta name=\"robots\" content=\"index, follow, max-snippet:-1, max-image-preview:large, max-video-preview:-1\" \/>\n<link rel=\"canonical\" href=\"https:\/\/www.linkeus.fr\/en\/produit\/office-de-tourisme-daix-en-provence-7\/\" \/>\n<meta property=\"og:locale\" content=\"en_US\" \/>\n<meta property=\"og:type\" content=\"article\" \/>\n<meta property=\"og:title\" content=\"Office de Tourisme d\u2019Aix-en-Provence - Linkeus Provence C\u00f4te d&#039;Azur Events\" \/>\n<meta property=\"og:description\" content=\"Inspire Your Business | AIX-EN-PROVENCE Choosing Aix-en-Provence means choosing an inspirational destination to generate the best ideas and boost your teams\u2019 creativity. Aix-en-Provence\u2019s MICE offerings, its landscapes, history, and cultural events encourage imagination, sharing, and healthy challenges. Easily accessible (3 hours by high-speed train from Paris; Marseille Airport 30 min. away), the city of C\u00e9zanne [&hellip;]\" \/>\n<meta property=\"og:url\" content=\"https:\/\/www.linkeus.fr\/en\/produit\/office-de-tourisme-daix-en-provence-7\/\" \/>\n<meta property=\"og:site_name\" content=\"Linkeus Provence C\u00f4te d&#039;Azur Events\" \/>\n<meta property=\"article:publisher\" content=\"https:\/\/www.facebook.com\/ProvenceCotedAzurEvents\" \/>\n<meta property=\"og:image\" content=\"https:\/\/www.linkeus.fr\/wp-content\/uploads\/2021\/07\/pce-image-resaux-sociaux-scaled.jpg\" \/>\n\t<meta property=\"og:image:width\" content=\"2560\" \/>\n\t<meta property=\"og:image:height\" content=\"1204\" \/>\n\t<meta property=\"og:image:type\" content=\"image\/jpeg\" \/>\n<meta name=\"twitter:card\" content=\"summary_large_image\" \/>\n<meta name=\"twitter:label1\" content=\"Est. reading time\" \/>\n\t<meta name=\"twitter:data1\" content=\"1 minute\" \/>\n<script type=\"application\/ld+json\" class=\"yoast-schema-graph\">{\"@context\":\"https:\/\/schema.org\",\"@graph\":[{\"@type\":\"WebPage\",\"@id\":\"https:\/\/www.linkeus.fr\/en\/produit\/office-de-tourisme-daix-en-provence-7\/\",\"url\":\"https:\/\/www.linkeus.fr\/en\/produit\/office-de-tourisme-daix-en-provence-7\/\",\"name\":\"Office de Tourisme d\u2019Aix-en-Provence - Linkeus Provence C\u00f4te d&#039;Azur Events\",\"isPartOf\":{\"@id\":\"https:\/\/www.linkeus.fr\/#website\"},\"datePublished\":\"2025-10-14T08:12:41+00:00\",\"dateModified\":\"2025-10-14T08:12:41+00:00\",\"breadcrumb\":{\"@id\":\"https:\/\/www.linkeus.fr\/en\/produit\/office-de-tourisme-daix-en-provence-7\/#breadcrumb\"},\"inLanguage\":\"en-US\",\"potentialAction\":[{\"@type\":\"ReadAction\",\"target\":[\"https:\/\/www.linkeus.fr\/en\/produit\/office-de-tourisme-daix-en-provence-7\/\"]}]},{\"@type\":\"BreadcrumbList\",\"@id\":\"https:\/\/www.linkeus.fr\/en\/produit\/office-de-tourisme-daix-en-provence-7\/#breadcrumb\",\"itemListElement\":[{\"@type\":\"ListItem\",\"position\":1,\"name\":\"Accueil\",\"item\":\"https:\/\/www.linkeus.fr\/en\/\"},{\"@type\":\"ListItem\",\"position\":2,\"name\":\"Produits\",\"item\":\"https:\/\/www.linkeus.fr\/shop\/\"},{\"@type\":\"ListItem\",\"position\":3,\"name\":\"Office de Tourisme d\u2019Aix-en-Provence\"}]},{\"@type\":\"WebSite\",\"@id\":\"https:\/\/www.linkeus.fr\/#website\",\"url\":\"https:\/\/www.linkeus.fr\/\",\"name\":\"Linkeus Provence C\u00f4te d&#039;Azur Events\",\"description\":\"Le bureau des congr\u00e8s regional : l&#039;interlocuteur privil\u00e9gi\u00e9 pour l&#039;organisation de vos \u00e9v\u00e8nements professionnels en Provence Alpes C\u00f4te d&#039;Azur\",\"publisher\":{\"@id\":\"https:\/\/www.linkeus.fr\/#organization\"},\"potentialAction\":[{\"@type\":\"SearchAction\",\"target\":{\"@type\":\"EntryPoint\",\"urlTemplate\":\"https:\/\/www.linkeus.fr\/?s={search_term_string}\"},\"query-input\":{\"@type\":\"PropertyValueSpecification\",\"valueRequired\":true,\"valueName\":\"search_term_string\"}}],\"inLanguage\":\"en-US\"},{\"@type\":\"Organization\",\"@id\":\"https:\/\/www.linkeus.fr\/#organization\",\"name\":\"Linkeus Provence C\u00f4te d&#039;Azur Events\",\"url\":\"https:\/\/www.linkeus.fr\/\",\"logo\":{\"@type\":\"ImageObject\",\"inLanguage\":\"en-US\",\"@id\":\"https:\/\/www.linkeus.fr\/#\/schema\/logo\/image\/\",\"url\":\"https:\/\/www.linkeus.fr\/wp-content\/uploads\/2022\/09\/log-linkeus290.png\",\"contentUrl\":\"https:\/\/www.linkeus.fr\/wp-content\/uploads\/2022\/09\/log-linkeus290.png\",\"width\":290,\"height\":100,\"caption\":\"Linkeus Provence C\u00f4te d&#039;Azur Events\"},\"image\":{\"@id\":\"https:\/\/www.linkeus.fr\/#\/schema\/logo\/image\/\"},\"sameAs\":[\"https:\/\/www.facebook.com\/ProvenceCotedAzurEvents\"]}]}<\/script>\n<!-- \/ Yoast SEO plugin. -->","yoast_head_json":{"title":"Office de Tourisme d\u2019Aix-en-Provence - Linkeus Provence C\u00f4te d&#039;Azur Events","robots":{"index":"index","follow":"follow","max-snippet":"max-snippet:-1","max-image-preview":"max-image-preview:large","max-video-preview":"max-video-preview:-1"},"canonical":"https:\/\/www.linkeus.fr\/en\/produit\/office-de-tourisme-daix-en-provence-7\/","og_locale":"en_US","og_type":"article","og_title":"Office de Tourisme d\u2019Aix-en-Provence - Linkeus Provence C\u00f4te d&#039;Azur Events","og_description":"Inspire Your Business | AIX-EN-PROVENCE Choosing Aix-en-Provence means choosing an inspirational destination to generate the best ideas and boost your teams\u2019 creativity. Aix-en-Provence\u2019s MICE offerings, its landscapes, history, and cultural events encourage imagination, sharing, and healthy challenges. Easily accessible (3 hours by high-speed train from Paris; Marseille Airport 30 min. away), the city of C\u00e9zanne [&hellip;]","og_url":"https:\/\/www.linkeus.fr\/en\/produit\/office-de-tourisme-daix-en-provence-7\/","og_site_name":"Linkeus Provence C\u00f4te d&#039;Azur Events","article_publisher":"https:\/\/www.facebook.com\/ProvenceCotedAzurEvents","og_image":[{"width":2560,"height":1204,"url":"https:\/\/www.linkeus.fr\/wp-content\/uploads\/2021\/07\/pce-image-resaux-sociaux-scaled.jpg","type":"image\/jpeg"}],"twitter_card":"summary_large_image","twitter_misc":{"Est. reading time":"1 minute"},"schema":{"@context":"https:\/\/schema.org","@graph":[{"@type":"WebPage","@id":"https:\/\/www.linkeus.fr\/en\/produit\/office-de-tourisme-daix-en-provence-7\/","url":"https:\/\/www.linkeus.fr\/en\/produit\/office-de-tourisme-daix-en-provence-7\/","name":"Office de Tourisme d\u2019Aix-en-Provence - Linkeus Provence C\u00f4te d&#039;Azur Events","isPartOf":{"@id":"https:\/\/www.linkeus.fr\/#website"},"datePublished":"2025-10-14T08:12:41+00:00","dateModified":"2025-10-14T08:12:41+00:00","breadcrumb":{"@id":"https:\/\/www.linkeus.fr\/en\/produit\/office-de-tourisme-daix-en-provence-7\/#breadcrumb"},"inLanguage":"en-US","potentialAction":[{"@type":"ReadAction","target":["https:\/\/www.linkeus.fr\/en\/produit\/office-de-tourisme-daix-en-provence-7\/"]}]},{"@type":"BreadcrumbList","@id":"https:\/\/www.linkeus.fr\/en\/produit\/office-de-tourisme-daix-en-provence-7\/#breadcrumb","itemListElement":[{"@type":"ListItem","position":1,"name":"Accueil","item":"https:\/\/www.linkeus.fr\/en\/"},{"@type":"ListItem","position":2,"name":"Produits","item":"https:\/\/www.linkeus.fr\/shop\/"},{"@type":"ListItem","position":3,"name":"Office de Tourisme d\u2019Aix-en-Provence"}]},{"@type":"WebSite","@id":"https:\/\/www.linkeus.fr\/#website","url":"https:\/\/www.linkeus.fr\/","name":"Linkeus Provence C\u00f4te d&#039;Azur Events","description":"Le bureau des congr\u00e8s regional : l&#039;interlocuteur privil\u00e9gi\u00e9 pour l&#039;organisation de vos \u00e9v\u00e8nements professionnels en Provence Alpes C\u00f4te d&#039;Azur","publisher":{"@id":"https:\/\/www.linkeus.fr\/#organization"},"potentialAction":[{"@type":"SearchAction","target":{"@type":"EntryPoint","urlTemplate":"https:\/\/www.linkeus.fr\/?s={search_term_string}"},"query-input":{"@type":"PropertyValueSpecification","valueRequired":true,"valueName":"search_term_string"}}],"inLanguage":"en-US"},{"@type":"Organization","@id":"https:\/\/www.linkeus.fr\/#organization","name":"Linkeus Provence C\u00f4te d&#039;Azur Events","url":"https:\/\/www.linkeus.fr\/","logo":{"@type":"ImageObject","inLanguage":"en-US","@id":"https:\/\/www.linkeus.fr\/#\/schema\/logo\/image\/","url":"https:\/\/www.linkeus.fr\/wp-content\/uploads\/2022\/09\/log-linkeus290.png","contentUrl":"https:\/\/www.linkeus.fr\/wp-content\/uploads\/2022\/09\/log-linkeus290.png","width":290,"height":100,"caption":"Linkeus Provence C\u00f4te d&#039;Azur Events"},"image":{"@id":"https:\/\/www.linkeus.fr\/#\/schema\/logo\/image\/"},"sameAs":["https:\/\/www.facebook.com\/ProvenceCotedAzurEvents"]}]}},"_links":{"self":[{"href":"https:\/\/www.linkeus.fr\/en\/wp-json\/wp\/v2\/product\/30248","targetHints":{"allow":["GET"]}}],"collection":[{"href":"https:\/\/www.linkeus.fr\/en\/wp-json\/wp\/v2\/product"}],"about":[{"href":"https:\/\/www.linkeus.fr\/en\/wp-json\/wp\/v2\/types\/product"}],"replies":[{"embeddable":true,"href":"https:\/\/www.linkeus.fr\/en\/wp-json\/wp\/v2\/comments?post=30248"}],"wp:attachment":[{"href":"https:\/\/www.linkeus.fr\/en\/wp-json\/wp\/v2\/media?parent=30248"}],"wp:term":[{"taxonomy":"product_cat","embeddable":true,"href":"https:\/\/www.linkeus.fr\/en\/wp-json\/wp\/v2\/product_cat?post=30248"},{"taxonomy":"product_tag","embeddable":true,"href":"https:\/\/www.linkeus.fr\/en\/wp-json\/wp\/v2\/product_tag?post=30248"}],"curies":[{"name":"wp","href":"https:\/\/api.w.org\/{rel}","templated":true}]}}