{"id":29991,"date":"2025-09-10T12:24:36","date_gmt":"2025-09-10T10:24:36","guid":{"rendered":"https:\/\/www.linkeus.fr\/produit\/provence-mediterranee-5\/"},"modified":"2025-09-10T12:24:36","modified_gmt":"2025-09-10T10:24:36","slug":"provence-mediterranee-5","status":"publish","type":"product","link":"https:\/\/www.linkeus.fr\/en\/produit\/provence-mediterranee-5\/","title":{"rendered":"Provence M\u00e9diterran\u00e9e"},"content":{"rendered":"<p><strong>Located in the Southern part of the Cote D\u2019Azur &#8211; just 1h15 from Paris by plane and 1h20 from Marseille or Nice -, Hy\u00e8res and the Golden Isles offer an exceptional natural and patrimonial heritage for your meetings to take a whole new dimension.<\/strong><\/p>\n<h2>Welcome to Hy\u00e8res and the Golden Isles<\/h2>\n<p>Besides being home to the National Park of Port-Cros, a biodiversity reserve, and the Archipelago les Iles d&#8217;Or (three golden isles: Porquerolles, Port-Cros and Le Levant) Hy\u00e8res looks over 2400 years of history. The city invites its visitors to walk in the footsteps of those who shaped its history and architecture: Olbia, a greek commercial outpost on the shores of the Mediterranean ; the colourful labyrinth of streets of the medieval town dominated by the ruins of the castle ; rich facades, &#8220;Remarkable Gardens&#8221;, palaces and grand hotels from the 19th century. Last but not least, the Villa Noailles, that attracted the artistic avant-garde to town in the 20th century, is now an art center. The city of the 7000 palm trees covers a vast territory known for the variety of landscapes and exceptional untouched coastline- alternating sandy beaches, cliffs and coves. Hy\u00e8res and the Golden Isles offer a multitude of activities to ensure you don\u2019t run out of variety.<\/p>\n<h2>5 good reasons to organize your next event in Hy\u00e8res and the Golden Isles<\/h2>\n<ul>\n<li>A unique location in the extreme south of Provence,<\/li>\n<li>An incomparable untouched nature and 300 days of sunshine per year.<\/li>\n<li>A wide range of activities to fully live your desires: paddle, kayaking, snorkeling, diving, canoe, hiking, jet-ski, mountain bike&#8230;<\/li>\n<li>A genuine cote d&#8217;Azur&#8217;s art de vivre, from wineries and gastronomy to nightlife, suitable for all budgets and event types<\/li>\n<li>equipment: Auditorium of 620 seats, sub-committee rooms, exhibition areas, restaurants and catering areas and incredible places for exceptional evenings &#8230;<\/li>\n<\/ul>\n<p>Only one hour away from Paris by plane, Hy\u00e8res welcomes you. Our dedicated team is specialised in organising tailor-maid conferences, seminars, business meetings and events &#8230; and is at your disposal for any request or quotation.<\/p>\n<p>&nbsp;<\/p>\n<p>Located in the heart of the city, the Forum of the <strong>\u201cCasino des Palmiers\u201d <\/strong> offers you:<\/p>\n<ul>\n<li>A <strong>600-Seat<\/strong> auditorium<\/li>\n<li>A modular multipurpose room of <strong>1570 Sqm<\/strong> which can accommodate up to <strong>1120 people<\/strong> in catering<\/li>\n<li>4 subcommittee room around <strong>100 Sqm<\/strong><\/li>\n<li><strong>A 40 Sqm<\/strong> secretariat room<\/li>\n<li><strong>A 380 Sqm<\/strong> lounge restaurant (approximately 180 people)<\/li>\n<li><strong>A 250 Sqm<\/strong>exhibition hall<\/li>\n<li><strong>A 127 Sqm<\/strong> art gallery<\/li>\n<li><strong>A 96 Sqm<\/strong> secretariat\/office<\/li>\n<li>2 reception hall <strong>(First one = 150 m\u00b2 and the other one = 40 m\u00b2)<\/strong><\/li>\n<li>50 stands of <strong>3 Sqm<\/strong><\/li>\n<\/ul>\n<p><strong>2*:<\/strong> 376 rooms<br \/>\n<strong>3*:<\/strong> 173 rooms<br \/>\n<strong>4*:<\/strong> 134 rooms<br \/>\n<strong>Holiday residence:<\/strong> 1943 rooms<\/p>\n<p>Daily connections, Paris Orly Airport Toulon Hy\u00e8res (based in Hy\u00e8res). <strong>Flying time:<\/strong> 1:25 hour.<br \/>\n<strong>Other destinations:<\/strong> Brest and Brussels (throughout the year). Ajaccio and Bastia (during summer), London STN and City, Oslo, Rotterdam, Tunis (seasonal lines)<br \/>\nDaily connections, Paris, Hy\u00e8res by High-speed train: <strong>3:45 hours<\/strong><br \/>\nCorrespondence between Paris and Toulon, and transfer services by coach between the train station of Toulon and the cities of the region.<\/p>\n<p>&nbsp;<\/p>\n<p>\u00a9 Laurent Parienti<\/p>\n","protected":false},"excerpt":{"rendered":"<p>Located in the Southern part of the Cote D\u2019Azur &#8211; just 1h15 from Paris by plane and 1h20 from Marseille or Nice -, Hy\u00e8res and the Golden Isles offer an exceptional natural and patrimonial heritage for your meetings to take a whole new dimension. Welcome to Hy\u00e8res and the Golden Isles Besides being home to [&hellip;]<\/p>\n","protected":false},"featured_media":0,"comment_status":"closed","ping_status":"closed","template":"","meta":{"inline_featured_image":false},"product_cat":[],"product_tag":[],"class_list":{"0":"post-29991","1":"product","2":"type-product","3":"status-publish","6":"first","7":"instock","8":"virtual","9":"sold-individually","10":"purchasable","11":"product-type-listing_booking"},"yoast_head":"<!-- This site is optimized with the Yoast SEO plugin v24.0 - https:\/\/yoast.com\/wordpress\/plugins\/seo\/ -->\n<title>Provence M\u00e9diterran\u00e9e - Linkeus Provence C\u00f4te d&#039;Azur Events<\/title>\n<meta name=\"robots\" content=\"index, follow, max-snippet:-1, max-image-preview:large, max-video-preview:-1\" \/>\n<link rel=\"canonical\" href=\"https:\/\/www.linkeus.fr\/en\/produit\/provence-mediterranee-5\/\" \/>\n<meta property=\"og:locale\" content=\"en_US\" \/>\n<meta property=\"og:type\" content=\"article\" \/>\n<meta property=\"og:title\" content=\"Provence M\u00e9diterran\u00e9e - Linkeus Provence C\u00f4te d&#039;Azur Events\" \/>\n<meta property=\"og:description\" content=\"Located in the Southern part of the Cote D\u2019Azur &#8211; just 1h15 from Paris by plane and 1h20 from Marseille or Nice -, Hy\u00e8res and the Golden Isles offer an exceptional natural and patrimonial heritage for your meetings to take a whole new dimension. Welcome to Hy\u00e8res and the Golden Isles Besides being home to [&hellip;]\" \/>\n<meta property=\"og:url\" content=\"https:\/\/www.linkeus.fr\/en\/produit\/provence-mediterranee-5\/\" \/>\n<meta property=\"og:site_name\" content=\"Linkeus Provence C\u00f4te d&#039;Azur Events\" \/>\n<meta property=\"article:publisher\" content=\"https:\/\/www.facebook.com\/ProvenceCotedAzurEvents\" \/>\n<meta property=\"og:image\" content=\"https:\/\/www.linkeus.fr\/wp-content\/uploads\/2021\/07\/pce-image-resaux-sociaux-scaled.jpg\" \/>\n\t<meta property=\"og:image:width\" content=\"2560\" \/>\n\t<meta property=\"og:image:height\" content=\"1204\" \/>\n\t<meta property=\"og:image:type\" content=\"image\/jpeg\" \/>\n<meta name=\"twitter:card\" content=\"summary_large_image\" \/>\n<meta name=\"twitter:label1\" content=\"Est. reading time\" \/>\n\t<meta name=\"twitter:data1\" content=\"2 minutes\" \/>\n<script type=\"application\/ld+json\" class=\"yoast-schema-graph\">{\"@context\":\"https:\/\/schema.org\",\"@graph\":[{\"@type\":\"WebPage\",\"@id\":\"https:\/\/www.linkeus.fr\/en\/produit\/provence-mediterranee-5\/\",\"url\":\"https:\/\/www.linkeus.fr\/en\/produit\/provence-mediterranee-5\/\",\"name\":\"Provence M\u00e9diterran\u00e9e - Linkeus Provence C\u00f4te d&#039;Azur Events\",\"isPartOf\":{\"@id\":\"https:\/\/www.linkeus.fr\/#website\"},\"datePublished\":\"2025-09-10T10:24:36+00:00\",\"dateModified\":\"2025-09-10T10:24:36+00:00\",\"breadcrumb\":{\"@id\":\"https:\/\/www.linkeus.fr\/en\/produit\/provence-mediterranee-5\/#breadcrumb\"},\"inLanguage\":\"en-US\",\"potentialAction\":[{\"@type\":\"ReadAction\",\"target\":[\"https:\/\/www.linkeus.fr\/en\/produit\/provence-mediterranee-5\/\"]}]},{\"@type\":\"BreadcrumbList\",\"@id\":\"https:\/\/www.linkeus.fr\/en\/produit\/provence-mediterranee-5\/#breadcrumb\",\"itemListElement\":[{\"@type\":\"ListItem\",\"position\":1,\"name\":\"Accueil\",\"item\":\"https:\/\/www.linkeus.fr\/en\/\"},{\"@type\":\"ListItem\",\"position\":2,\"name\":\"Produits\",\"item\":\"https:\/\/www.linkeus.fr\/shop\/\"},{\"@type\":\"ListItem\",\"position\":3,\"name\":\"Provence M\u00e9diterran\u00e9e\"}]},{\"@type\":\"WebSite\",\"@id\":\"https:\/\/www.linkeus.fr\/#website\",\"url\":\"https:\/\/www.linkeus.fr\/\",\"name\":\"Linkeus Provence C\u00f4te d&#039;Azur Events\",\"description\":\"Le bureau des congr\u00e8s regional : l&#039;interlocuteur privil\u00e9gi\u00e9 pour l&#039;organisation de vos \u00e9v\u00e8nements professionnels en Provence Alpes C\u00f4te d&#039;Azur\",\"publisher\":{\"@id\":\"https:\/\/www.linkeus.fr\/#organization\"},\"potentialAction\":[{\"@type\":\"SearchAction\",\"target\":{\"@type\":\"EntryPoint\",\"urlTemplate\":\"https:\/\/www.linkeus.fr\/?s={search_term_string}\"},\"query-input\":{\"@type\":\"PropertyValueSpecification\",\"valueRequired\":true,\"valueName\":\"search_term_string\"}}],\"inLanguage\":\"en-US\"},{\"@type\":\"Organization\",\"@id\":\"https:\/\/www.linkeus.fr\/#organization\",\"name\":\"Linkeus Provence C\u00f4te d&#039;Azur Events\",\"url\":\"https:\/\/www.linkeus.fr\/\",\"logo\":{\"@type\":\"ImageObject\",\"inLanguage\":\"en-US\",\"@id\":\"https:\/\/www.linkeus.fr\/#\/schema\/logo\/image\/\",\"url\":\"https:\/\/www.linkeus.fr\/wp-content\/uploads\/2022\/09\/log-linkeus290.png\",\"contentUrl\":\"https:\/\/www.linkeus.fr\/wp-content\/uploads\/2022\/09\/log-linkeus290.png\",\"width\":290,\"height\":100,\"caption\":\"Linkeus Provence C\u00f4te d&#039;Azur Events\"},\"image\":{\"@id\":\"https:\/\/www.linkeus.fr\/#\/schema\/logo\/image\/\"},\"sameAs\":[\"https:\/\/www.facebook.com\/ProvenceCotedAzurEvents\"]}]}<\/script>\n<!-- \/ Yoast SEO plugin. -->","yoast_head_json":{"title":"Provence M\u00e9diterran\u00e9e - Linkeus Provence C\u00f4te d&#039;Azur Events","robots":{"index":"index","follow":"follow","max-snippet":"max-snippet:-1","max-image-preview":"max-image-preview:large","max-video-preview":"max-video-preview:-1"},"canonical":"https:\/\/www.linkeus.fr\/en\/produit\/provence-mediterranee-5\/","og_locale":"en_US","og_type":"article","og_title":"Provence M\u00e9diterran\u00e9e - Linkeus Provence C\u00f4te d&#039;Azur Events","og_description":"Located in the Southern part of the Cote D\u2019Azur &#8211; just 1h15 from Paris by plane and 1h20 from Marseille or Nice -, Hy\u00e8res and the Golden Isles offer an exceptional natural and patrimonial heritage for your meetings to take a whole new dimension. Welcome to Hy\u00e8res and the Golden Isles Besides being home to [&hellip;]","og_url":"https:\/\/www.linkeus.fr\/en\/produit\/provence-mediterranee-5\/","og_site_name":"Linkeus Provence C\u00f4te d&#039;Azur Events","article_publisher":"https:\/\/www.facebook.com\/ProvenceCotedAzurEvents","og_image":[{"width":2560,"height":1204,"url":"https:\/\/www.linkeus.fr\/wp-content\/uploads\/2021\/07\/pce-image-resaux-sociaux-scaled.jpg","type":"image\/jpeg"}],"twitter_card":"summary_large_image","twitter_misc":{"Est. reading time":"2 minutes"},"schema":{"@context":"https:\/\/schema.org","@graph":[{"@type":"WebPage","@id":"https:\/\/www.linkeus.fr\/en\/produit\/provence-mediterranee-5\/","url":"https:\/\/www.linkeus.fr\/en\/produit\/provence-mediterranee-5\/","name":"Provence M\u00e9diterran\u00e9e - Linkeus Provence C\u00f4te d&#039;Azur Events","isPartOf":{"@id":"https:\/\/www.linkeus.fr\/#website"},"datePublished":"2025-09-10T10:24:36+00:00","dateModified":"2025-09-10T10:24:36+00:00","breadcrumb":{"@id":"https:\/\/www.linkeus.fr\/en\/produit\/provence-mediterranee-5\/#breadcrumb"},"inLanguage":"en-US","potentialAction":[{"@type":"ReadAction","target":["https:\/\/www.linkeus.fr\/en\/produit\/provence-mediterranee-5\/"]}]},{"@type":"BreadcrumbList","@id":"https:\/\/www.linkeus.fr\/en\/produit\/provence-mediterranee-5\/#breadcrumb","itemListElement":[{"@type":"ListItem","position":1,"name":"Accueil","item":"https:\/\/www.linkeus.fr\/en\/"},{"@type":"ListItem","position":2,"name":"Produits","item":"https:\/\/www.linkeus.fr\/shop\/"},{"@type":"ListItem","position":3,"name":"Provence M\u00e9diterran\u00e9e"}]},{"@type":"WebSite","@id":"https:\/\/www.linkeus.fr\/#website","url":"https:\/\/www.linkeus.fr\/","name":"Linkeus Provence C\u00f4te d&#039;Azur Events","description":"Le bureau des congr\u00e8s regional : l&#039;interlocuteur privil\u00e9gi\u00e9 pour l&#039;organisation de vos \u00e9v\u00e8nements professionnels en Provence Alpes C\u00f4te d&#039;Azur","publisher":{"@id":"https:\/\/www.linkeus.fr\/#organization"},"potentialAction":[{"@type":"SearchAction","target":{"@type":"EntryPoint","urlTemplate":"https:\/\/www.linkeus.fr\/?s={search_term_string}"},"query-input":{"@type":"PropertyValueSpecification","valueRequired":true,"valueName":"search_term_string"}}],"inLanguage":"en-US"},{"@type":"Organization","@id":"https:\/\/www.linkeus.fr\/#organization","name":"Linkeus Provence C\u00f4te d&#039;Azur Events","url":"https:\/\/www.linkeus.fr\/","logo":{"@type":"ImageObject","inLanguage":"en-US","@id":"https:\/\/www.linkeus.fr\/#\/schema\/logo\/image\/","url":"https:\/\/www.linkeus.fr\/wp-content\/uploads\/2022\/09\/log-linkeus290.png","contentUrl":"https:\/\/www.linkeus.fr\/wp-content\/uploads\/2022\/09\/log-linkeus290.png","width":290,"height":100,"caption":"Linkeus Provence C\u00f4te d&#039;Azur Events"},"image":{"@id":"https:\/\/www.linkeus.fr\/#\/schema\/logo\/image\/"},"sameAs":["https:\/\/www.facebook.com\/ProvenceCotedAzurEvents"]}]}},"_links":{"self":[{"href":"https:\/\/www.linkeus.fr\/en\/wp-json\/wp\/v2\/product\/29991","targetHints":{"allow":["GET"]}}],"collection":[{"href":"https:\/\/www.linkeus.fr\/en\/wp-json\/wp\/v2\/product"}],"about":[{"href":"https:\/\/www.linkeus.fr\/en\/wp-json\/wp\/v2\/types\/product"}],"replies":[{"embeddable":true,"href":"https:\/\/www.linkeus.fr\/en\/wp-json\/wp\/v2\/comments?post=29991"}],"wp:attachment":[{"href":"https:\/\/www.linkeus.fr\/en\/wp-json\/wp\/v2\/media?parent=29991"}],"wp:term":[{"taxonomy":"product_cat","embeddable":true,"href":"https:\/\/www.linkeus.fr\/en\/wp-json\/wp\/v2\/product_cat?post=29991"},{"taxonomy":"product_tag","embeddable":true,"href":"https:\/\/www.linkeus.fr\/en\/wp-json\/wp\/v2\/product_tag?post=29991"}],"curies":[{"name":"wp","href":"https:\/\/api.w.org\/{rel}","templated":true}]}}