{"id":29798,"date":"2025-07-24T10:07:34","date_gmt":"2025-07-24T08:07:34","guid":{"rendered":"https:\/\/www.linkeus.fr\/produit\/nice-convention-bureau-2\/"},"modified":"2025-07-24T10:07:34","modified_gmt":"2025-07-24T08:07:34","slug":"nice-convention-bureau-2","status":"publish","type":"product","link":"https:\/\/www.linkeus.fr\/en\/produit\/nice-convention-bureau-2\/","title":{"rendered":"Nice Convention Bureau"},"content":{"rendered":"<p><strong>Capital of the French Riviera and France\u2019s leading international tourist destination after Paris, Nice offers a surprising diversity in terms of culture, heritage, tourism and nature. Between the sea and the mountains, it\u2019s like a natural amphitheatre, ideal for organizing events. Nice is a cosmopolitan, dynamic city, bursting with creative energy, and has a wealth of experience in hosting business meetings, product launches, incentives, etc. Its amenities and urban development projects are all aimed at improving the living environment and accommodation for major events.<\/strong><\/p>\n<h2>Business tourism: a clear ambition<\/h2>\n<p>Choose Nice for your next event! After 200 years of excellence, Nice has entered a new cycle, a new stage in its evolution based on an outstanding economic and natural environment, first-class amenities and structuring projects.<\/p>\n<h2>International Airport\u2013 A city that\u2019s easy to live in: everything\u2019s so close<\/h2>\n<p>With its international airport 15 minutes from the city centre, its Conference Centre offering over 30,000 m\u00b2 of flexible space and a choice of nearly 200 hotels, Nice attracts excellence from the four corners of the earth. Whatever your project, Nice has something for you! Its advantages as a destination lie in the fact that it offers a global package: geographical location, heritage, amenities and the fact that the city is easy to live in.<br \/>\nA further advantage is that the city is so close to the surrounding network of high-tech industries and the leading scientific and medical research centre (Sophia-Antipolis technology park and its universities).<\/p>\n<h2>Nice: a leading city for sustainable development<\/h2>\n<p>Nice, the conference office and the firms involved in events organization and business tourism are particularly concerned about caring for and preserving the environment, which is a major asset to this outstanding city. They follow an eco-responsible approach and some of them have been awarded labels in recognition of their commitment. The city\u2019s projects and structuring developments are undertaken in the same spirit (Promenade du Paillon, Allianz Riviera Stadium, clean transport, etc.).<\/p>\n<p>&nbsp;<\/p>\n<p><strong>New Nice Convention Centre:\u00a0<\/strong><br \/>\nIt will be inaugurated on the occasion of the 3rd United Nations Ocean Conference in June 2025.<br \/>\nLocated in the Port of Nice, this project will house a large hall and areas reserved for hosting conferences and other events.<br \/>\nWith a surface area of 3,600m\u00b2, this multi-purpose hall will be able to accommodate up to 2,100 people.<br \/>\nA two-module ferry terminal will complete the project. With one floor and a flat roof covering a total surface area of 3,800m\u00b2, this complex will be able to accommodate 2,150 people.<\/p>\n<p><strong>Nika\u00efa concert hal<\/strong>l: <strong>5,000-seater<\/strong> auditorium<br \/>\n20 Hotels have meeting rooms for up to <strong>500 people<\/strong><br \/>\nAuditoria in the universities and museums for up to <strong>500 people<\/strong><\/p>\n<p><strong>5* and 4*:<\/strong> 32 establishments offering 3,859 rooms<br \/>\n<strong>3* :<\/strong> 56 establishments offering 3,663<br \/>\n<strong>2* :<\/strong> 30 establishments offering 428 rooms<br \/>\n<strong>1* :<\/strong> 4 establishments offering 219 rooms<br \/>\n<strong>Not classified:<\/strong> 51 establishments offering 986 rooms<br \/>\n<strong>And over 798 rooms<\/strong> in residential complexes<\/p>\n<p><strong>By air:<\/strong> Nice C\u00f4te d&#8217;Azur Airport only <strong>15 minutes<\/strong> from the city centre.<br \/>\nFrance\u2019s 2nd biggest airport, 104 direct destinations including sixty European cities<br \/>\n<strong>By rail:<\/strong> The French Riviera is connected to all parts of France and all the major European cities by high-speed and express services.<br \/>\nThe <strong>\u201cTGV M\u00e9diterran\u00e9e\u201d<\/strong> covers the journey between Paris and Nice in 5hr30.<br \/>\n<strong>By road:<\/strong> Nice is linked to Europe\u2019s major metropolitan areas by a substantial motorway network.<\/p>\n","protected":false},"excerpt":{"rendered":"<p>Capital of the French Riviera and France\u2019s leading international tourist destination after Paris, Nice offers a surprising diversity in terms of culture, heritage, tourism and nature. Between the sea and the mountains, it\u2019s like a natural amphitheatre, ideal for organizing events. Nice is a cosmopolitan, dynamic city, bursting with creative energy, and has a wealth [&hellip;]<\/p>\n","protected":false},"featured_media":0,"comment_status":"closed","ping_status":"closed","template":"","meta":{"inline_featured_image":false},"product_cat":[],"product_tag":[],"class_list":{"0":"post-29798","1":"product","2":"type-product","3":"status-publish","6":"first","7":"instock","8":"virtual","9":"sold-individually","10":"purchasable","11":"product-type-listing_booking"},"yoast_head":"<!-- This site is optimized with the Yoast SEO plugin v24.0 - https:\/\/yoast.com\/wordpress\/plugins\/seo\/ -->\n<title>Nice Convention Bureau - Linkeus Provence C\u00f4te d&#039;Azur Events<\/title>\n<meta name=\"robots\" content=\"index, follow, max-snippet:-1, max-image-preview:large, max-video-preview:-1\" \/>\n<link rel=\"canonical\" href=\"https:\/\/www.linkeus.fr\/en\/produit\/nice-convention-bureau-2\/\" \/>\n<meta property=\"og:locale\" content=\"en_US\" \/>\n<meta property=\"og:type\" content=\"article\" \/>\n<meta property=\"og:title\" content=\"Nice Convention Bureau - Linkeus Provence C\u00f4te d&#039;Azur Events\" \/>\n<meta property=\"og:description\" content=\"Capital of the French Riviera and France\u2019s leading international tourist destination after Paris, Nice offers a surprising diversity in terms of culture, heritage, tourism and nature. Between the sea and the mountains, it\u2019s like a natural amphitheatre, ideal for organizing events. Nice is a cosmopolitan, dynamic city, bursting with creative energy, and has a wealth [&hellip;]\" \/>\n<meta property=\"og:url\" content=\"https:\/\/www.linkeus.fr\/en\/produit\/nice-convention-bureau-2\/\" \/>\n<meta property=\"og:site_name\" content=\"Linkeus Provence C\u00f4te d&#039;Azur Events\" \/>\n<meta property=\"article:publisher\" content=\"https:\/\/www.facebook.com\/ProvenceCotedAzurEvents\" \/>\n<meta property=\"og:image\" content=\"https:\/\/www.linkeus.fr\/wp-content\/uploads\/2021\/07\/pce-image-resaux-sociaux-scaled.jpg\" \/>\n\t<meta property=\"og:image:width\" content=\"2560\" \/>\n\t<meta property=\"og:image:height\" content=\"1204\" \/>\n\t<meta property=\"og:image:type\" content=\"image\/jpeg\" \/>\n<meta name=\"twitter:card\" content=\"summary_large_image\" \/>\n<meta name=\"twitter:label1\" content=\"Est. reading time\" \/>\n\t<meta name=\"twitter:data1\" content=\"3 minutes\" \/>\n<script type=\"application\/ld+json\" class=\"yoast-schema-graph\">{\"@context\":\"https:\/\/schema.org\",\"@graph\":[{\"@type\":\"WebPage\",\"@id\":\"https:\/\/www.linkeus.fr\/en\/produit\/nice-convention-bureau-2\/\",\"url\":\"https:\/\/www.linkeus.fr\/en\/produit\/nice-convention-bureau-2\/\",\"name\":\"Nice Convention Bureau - Linkeus Provence C\u00f4te d&#039;Azur Events\",\"isPartOf\":{\"@id\":\"https:\/\/www.linkeus.fr\/#website\"},\"datePublished\":\"2025-07-24T08:07:34+00:00\",\"dateModified\":\"2025-07-24T08:07:34+00:00\",\"breadcrumb\":{\"@id\":\"https:\/\/www.linkeus.fr\/en\/produit\/nice-convention-bureau-2\/#breadcrumb\"},\"inLanguage\":\"en-US\",\"potentialAction\":[{\"@type\":\"ReadAction\",\"target\":[\"https:\/\/www.linkeus.fr\/en\/produit\/nice-convention-bureau-2\/\"]}]},{\"@type\":\"BreadcrumbList\",\"@id\":\"https:\/\/www.linkeus.fr\/en\/produit\/nice-convention-bureau-2\/#breadcrumb\",\"itemListElement\":[{\"@type\":\"ListItem\",\"position\":1,\"name\":\"Accueil\",\"item\":\"https:\/\/www.linkeus.fr\/en\/\"},{\"@type\":\"ListItem\",\"position\":2,\"name\":\"Produits\",\"item\":\"https:\/\/www.linkeus.fr\/shop\/\"},{\"@type\":\"ListItem\",\"position\":3,\"name\":\"Nice Convention Bureau\"}]},{\"@type\":\"WebSite\",\"@id\":\"https:\/\/www.linkeus.fr\/#website\",\"url\":\"https:\/\/www.linkeus.fr\/\",\"name\":\"Linkeus Provence C\u00f4te d&#039;Azur Events\",\"description\":\"Le bureau des congr\u00e8s regional : l&#039;interlocuteur privil\u00e9gi\u00e9 pour l&#039;organisation de vos \u00e9v\u00e8nements professionnels en Provence Alpes C\u00f4te d&#039;Azur\",\"publisher\":{\"@id\":\"https:\/\/www.linkeus.fr\/#organization\"},\"potentialAction\":[{\"@type\":\"SearchAction\",\"target\":{\"@type\":\"EntryPoint\",\"urlTemplate\":\"https:\/\/www.linkeus.fr\/?s={search_term_string}\"},\"query-input\":{\"@type\":\"PropertyValueSpecification\",\"valueRequired\":true,\"valueName\":\"search_term_string\"}}],\"inLanguage\":\"en-US\"},{\"@type\":\"Organization\",\"@id\":\"https:\/\/www.linkeus.fr\/#organization\",\"name\":\"Linkeus Provence C\u00f4te d&#039;Azur Events\",\"url\":\"https:\/\/www.linkeus.fr\/\",\"logo\":{\"@type\":\"ImageObject\",\"inLanguage\":\"en-US\",\"@id\":\"https:\/\/www.linkeus.fr\/#\/schema\/logo\/image\/\",\"url\":\"https:\/\/www.linkeus.fr\/wp-content\/uploads\/2022\/09\/log-linkeus290.png\",\"contentUrl\":\"https:\/\/www.linkeus.fr\/wp-content\/uploads\/2022\/09\/log-linkeus290.png\",\"width\":290,\"height\":100,\"caption\":\"Linkeus Provence C\u00f4te d&#039;Azur Events\"},\"image\":{\"@id\":\"https:\/\/www.linkeus.fr\/#\/schema\/logo\/image\/\"},\"sameAs\":[\"https:\/\/www.facebook.com\/ProvenceCotedAzurEvents\"]}]}<\/script>\n<!-- \/ Yoast SEO plugin. -->","yoast_head_json":{"title":"Nice Convention Bureau - Linkeus Provence C\u00f4te d&#039;Azur Events","robots":{"index":"index","follow":"follow","max-snippet":"max-snippet:-1","max-image-preview":"max-image-preview:large","max-video-preview":"max-video-preview:-1"},"canonical":"https:\/\/www.linkeus.fr\/en\/produit\/nice-convention-bureau-2\/","og_locale":"en_US","og_type":"article","og_title":"Nice Convention Bureau - Linkeus Provence C\u00f4te d&#039;Azur Events","og_description":"Capital of the French Riviera and France\u2019s leading international tourist destination after Paris, Nice offers a surprising diversity in terms of culture, heritage, tourism and nature. Between the sea and the mountains, it\u2019s like a natural amphitheatre, ideal for organizing events. Nice is a cosmopolitan, dynamic city, bursting with creative energy, and has a wealth [&hellip;]","og_url":"https:\/\/www.linkeus.fr\/en\/produit\/nice-convention-bureau-2\/","og_site_name":"Linkeus Provence C\u00f4te d&#039;Azur Events","article_publisher":"https:\/\/www.facebook.com\/ProvenceCotedAzurEvents","og_image":[{"width":2560,"height":1204,"url":"https:\/\/www.linkeus.fr\/wp-content\/uploads\/2021\/07\/pce-image-resaux-sociaux-scaled.jpg","type":"image\/jpeg"}],"twitter_card":"summary_large_image","twitter_misc":{"Est. reading time":"3 minutes"},"schema":{"@context":"https:\/\/schema.org","@graph":[{"@type":"WebPage","@id":"https:\/\/www.linkeus.fr\/en\/produit\/nice-convention-bureau-2\/","url":"https:\/\/www.linkeus.fr\/en\/produit\/nice-convention-bureau-2\/","name":"Nice Convention Bureau - Linkeus Provence C\u00f4te d&#039;Azur Events","isPartOf":{"@id":"https:\/\/www.linkeus.fr\/#website"},"datePublished":"2025-07-24T08:07:34+00:00","dateModified":"2025-07-24T08:07:34+00:00","breadcrumb":{"@id":"https:\/\/www.linkeus.fr\/en\/produit\/nice-convention-bureau-2\/#breadcrumb"},"inLanguage":"en-US","potentialAction":[{"@type":"ReadAction","target":["https:\/\/www.linkeus.fr\/en\/produit\/nice-convention-bureau-2\/"]}]},{"@type":"BreadcrumbList","@id":"https:\/\/www.linkeus.fr\/en\/produit\/nice-convention-bureau-2\/#breadcrumb","itemListElement":[{"@type":"ListItem","position":1,"name":"Accueil","item":"https:\/\/www.linkeus.fr\/en\/"},{"@type":"ListItem","position":2,"name":"Produits","item":"https:\/\/www.linkeus.fr\/shop\/"},{"@type":"ListItem","position":3,"name":"Nice Convention Bureau"}]},{"@type":"WebSite","@id":"https:\/\/www.linkeus.fr\/#website","url":"https:\/\/www.linkeus.fr\/","name":"Linkeus Provence C\u00f4te d&#039;Azur Events","description":"Le bureau des congr\u00e8s regional : l&#039;interlocuteur privil\u00e9gi\u00e9 pour l&#039;organisation de vos \u00e9v\u00e8nements professionnels en Provence Alpes C\u00f4te d&#039;Azur","publisher":{"@id":"https:\/\/www.linkeus.fr\/#organization"},"potentialAction":[{"@type":"SearchAction","target":{"@type":"EntryPoint","urlTemplate":"https:\/\/www.linkeus.fr\/?s={search_term_string}"},"query-input":{"@type":"PropertyValueSpecification","valueRequired":true,"valueName":"search_term_string"}}],"inLanguage":"en-US"},{"@type":"Organization","@id":"https:\/\/www.linkeus.fr\/#organization","name":"Linkeus Provence C\u00f4te d&#039;Azur Events","url":"https:\/\/www.linkeus.fr\/","logo":{"@type":"ImageObject","inLanguage":"en-US","@id":"https:\/\/www.linkeus.fr\/#\/schema\/logo\/image\/","url":"https:\/\/www.linkeus.fr\/wp-content\/uploads\/2022\/09\/log-linkeus290.png","contentUrl":"https:\/\/www.linkeus.fr\/wp-content\/uploads\/2022\/09\/log-linkeus290.png","width":290,"height":100,"caption":"Linkeus Provence C\u00f4te d&#039;Azur Events"},"image":{"@id":"https:\/\/www.linkeus.fr\/#\/schema\/logo\/image\/"},"sameAs":["https:\/\/www.facebook.com\/ProvenceCotedAzurEvents"]}]}},"_links":{"self":[{"href":"https:\/\/www.linkeus.fr\/en\/wp-json\/wp\/v2\/product\/29798","targetHints":{"allow":["GET"]}}],"collection":[{"href":"https:\/\/www.linkeus.fr\/en\/wp-json\/wp\/v2\/product"}],"about":[{"href":"https:\/\/www.linkeus.fr\/en\/wp-json\/wp\/v2\/types\/product"}],"replies":[{"embeddable":true,"href":"https:\/\/www.linkeus.fr\/en\/wp-json\/wp\/v2\/comments?post=29798"}],"wp:attachment":[{"href":"https:\/\/www.linkeus.fr\/en\/wp-json\/wp\/v2\/media?parent=29798"}],"wp:term":[{"taxonomy":"product_cat","embeddable":true,"href":"https:\/\/www.linkeus.fr\/en\/wp-json\/wp\/v2\/product_cat?post=29798"},{"taxonomy":"product_tag","embeddable":true,"href":"https:\/\/www.linkeus.fr\/en\/wp-json\/wp\/v2\/product_tag?post=29798"}],"curies":[{"name":"wp","href":"https:\/\/api.w.org\/{rel}","templated":true}]}}