{"id":28636,"date":"2025-03-03T16:32:13","date_gmt":"2025-03-03T15:32:13","guid":{"rendered":"https:\/\/www.linkeus.fr\/produit\/agence-4cast-3\/"},"modified":"2025-03-03T16:32:13","modified_gmt":"2025-03-03T15:32:13","slug":"agence-4cast-3","status":"publish","type":"product","link":"https:\/\/www.linkeus.fr\/en\/produit\/agence-4cast-3\/","title":{"rendered":"Agence 4cast"},"content":{"rendered":"<h3>4CAST brings your events to life!<\/h3>\n<p>From seminars to conventions, galas to TV shows, we use our audiovisual expertise to create immersive experiences. From technical study to operational deployment, we support each project with innovative solutions for recording, broadcasting and scenography. Make your event unforgettable!<\/p>\n<p><img loading=\"lazy\" decoding=\"async\" class=\"alignnone wp-image-28615\" src=\"https:\/\/www.linkeus.fr\/wp-content\/uploads\/2020\/08\/vlcsnap-00012-3.jpg\" alt=\"\" width=\"699\" height=\"393\" srcset=\"https:\/\/www.linkeus.fr\/wp-content\/uploads\/2020\/08\/vlcsnap-00012-3.jpg 1920w, https:\/\/www.linkeus.fr\/wp-content\/uploads\/2020\/08\/vlcsnap-00012-3-300x169.jpg 300w, https:\/\/www.linkeus.fr\/wp-content\/uploads\/2020\/08\/vlcsnap-00012-3-1024x576.jpg 1024w, https:\/\/www.linkeus.fr\/wp-content\/uploads\/2020\/08\/vlcsnap-00012-3-768x432.jpg 768w, https:\/\/www.linkeus.fr\/wp-content\/uploads\/2020\/08\/vlcsnap-00012-3-1536x864.jpg 1536w, https:\/\/www.linkeus.fr\/wp-content\/uploads\/2020\/08\/vlcsnap-00012-3-590x332.jpg 590w, https:\/\/www.linkeus.fr\/wp-content\/uploads\/2020\/08\/vlcsnap-00012-3-1191x670.jpg 1191w, https:\/\/www.linkeus.fr\/wp-content\/uploads\/2020\/08\/vlcsnap-00012-3-577x325.jpg 577w, https:\/\/www.linkeus.fr\/wp-content\/uploads\/2020\/08\/vlcsnap-00012-3-1200x675.jpg 1200w, https:\/\/www.linkeus.fr\/wp-content\/uploads\/2020\/08\/vlcsnap-00012-3-600x338.jpg 600w\" sizes=\"auto, (max-width: 699px) 100vw, 699px\" \/><\/p>\n<p><img loading=\"lazy\" decoding=\"async\" class=\"alignnone wp-image-28629\" src=\"https:\/\/www.linkeus.fr\/wp-content\/uploads\/2020\/08\/cannesseries-scaled.jpg\" alt=\"\" width=\"695\" height=\"521\" srcset=\"https:\/\/www.linkeus.fr\/wp-content\/uploads\/2020\/08\/cannesseries-scaled.jpg 2560w, https:\/\/www.linkeus.fr\/wp-content\/uploads\/2020\/08\/cannesseries-300x225.jpg 300w, https:\/\/www.linkeus.fr\/wp-content\/uploads\/2020\/08\/cannesseries-1024x768.jpg 1024w, https:\/\/www.linkeus.fr\/wp-content\/uploads\/2020\/08\/cannesseries-768x576.jpg 768w, https:\/\/www.linkeus.fr\/wp-content\/uploads\/2020\/08\/cannesseries-1536x1152.jpg 1536w, https:\/\/www.linkeus.fr\/wp-content\/uploads\/2020\/08\/cannesseries-2048x1536.jpg 2048w, https:\/\/www.linkeus.fr\/wp-content\/uploads\/2020\/08\/cannesseries-590x443.jpg 590w, https:\/\/www.linkeus.fr\/wp-content\/uploads\/2020\/08\/cannesseries-893x670.jpg 893w, https:\/\/www.linkeus.fr\/wp-content\/uploads\/2020\/08\/cannesseries-577x433.jpg 577w, https:\/\/www.linkeus.fr\/wp-content\/uploads\/2020\/08\/cannesseries-1200x900.jpg 1200w, https:\/\/www.linkeus.fr\/wp-content\/uploads\/2020\/08\/cannesseries-600x450.jpg 600w\" sizes=\"auto, (max-width: 695px) 100vw, 695px\" \/><\/p>\n<p><img loading=\"lazy\" decoding=\"async\" class=\"alignnone wp-image-28631\" src=\"https:\/\/www.linkeus.fr\/wp-content\/uploads\/2020\/08\/match.jpg\" alt=\"\" width=\"693\" height=\"390\" srcset=\"https:\/\/www.linkeus.fr\/wp-content\/uploads\/2020\/08\/match.jpg 1600w, https:\/\/www.linkeus.fr\/wp-content\/uploads\/2020\/08\/match-300x169.jpg 300w, https:\/\/www.linkeus.fr\/wp-content\/uploads\/2020\/08\/match-1024x576.jpg 1024w, https:\/\/www.linkeus.fr\/wp-content\/uploads\/2020\/08\/match-768x432.jpg 768w, https:\/\/www.linkeus.fr\/wp-content\/uploads\/2020\/08\/match-1536x864.jpg 1536w, https:\/\/www.linkeus.fr\/wp-content\/uploads\/2020\/08\/match-590x332.jpg 590w, https:\/\/www.linkeus.fr\/wp-content\/uploads\/2020\/08\/match-1191x670.jpg 1191w, https:\/\/www.linkeus.fr\/wp-content\/uploads\/2020\/08\/match-577x325.jpg 577w, https:\/\/www.linkeus.fr\/wp-content\/uploads\/2020\/08\/match-1200x675.jpg 1200w, https:\/\/www.linkeus.fr\/wp-content\/uploads\/2020\/08\/match-600x338.jpg 600w\" sizes=\"auto, (max-width: 693px) 100vw, 693px\" \/><\/p>\n","protected":false},"excerpt":{"rendered":"<p>4CAST brings your events to life! From seminars to conventions, galas to TV shows, we use our audiovisual expertise to create immersive experiences. From technical study to operational deployment, we support each project with innovative solutions for recording, broadcasting and scenography. Make your event unforgettable!<\/p>\n","protected":false},"featured_media":0,"comment_status":"closed","ping_status":"closed","template":"","meta":{"inline_featured_image":false},"product_cat":[],"product_tag":[],"class_list":{"0":"post-28636","1":"product","2":"type-product","3":"status-publish","6":"first","7":"instock","8":"virtual","9":"sold-individually","10":"purchasable","11":"product-type-listing_booking"},"yoast_head":"<!-- This site is optimized with the Yoast SEO plugin v24.0 - https:\/\/yoast.com\/wordpress\/plugins\/seo\/ -->\n<title>Agence 4cast - Linkeus Provence C\u00f4te d&#039;Azur Events<\/title>\n<meta name=\"robots\" content=\"index, follow, max-snippet:-1, max-image-preview:large, max-video-preview:-1\" \/>\n<link rel=\"canonical\" href=\"https:\/\/www.linkeus.fr\/en\/produit\/agence-4cast-3\/\" \/>\n<meta property=\"og:locale\" content=\"en_US\" \/>\n<meta property=\"og:type\" content=\"article\" \/>\n<meta property=\"og:title\" content=\"Agence 4cast - Linkeus Provence C\u00f4te d&#039;Azur Events\" \/>\n<meta property=\"og:description\" content=\"4CAST brings your events to life! From seminars to conventions, galas to TV shows, we use our audiovisual expertise to create immersive experiences. From technical study to operational deployment, we support each project with innovative solutions for recording, broadcasting and scenography. Make your event unforgettable!\" \/>\n<meta property=\"og:url\" content=\"https:\/\/www.linkeus.fr\/en\/produit\/agence-4cast-3\/\" \/>\n<meta property=\"og:site_name\" content=\"Linkeus Provence C\u00f4te d&#039;Azur Events\" \/>\n<meta property=\"article:publisher\" content=\"https:\/\/www.facebook.com\/ProvenceCotedAzurEvents\" \/>\n<meta property=\"og:image\" content=\"https:\/\/www.linkeus.fr\/wp-content\/uploads\/2020\/08\/vlcsnap-00012-3.jpg\" \/>\n\t<meta property=\"og:image:width\" content=\"1920\" \/>\n\t<meta property=\"og:image:height\" content=\"1080\" \/>\n\t<meta property=\"og:image:type\" content=\"image\/jpeg\" \/>\n<meta name=\"twitter:card\" content=\"summary_large_image\" \/>\n<script type=\"application\/ld+json\" class=\"yoast-schema-graph\">{\"@context\":\"https:\/\/schema.org\",\"@graph\":[{\"@type\":\"WebPage\",\"@id\":\"https:\/\/www.linkeus.fr\/en\/produit\/agence-4cast-3\/\",\"url\":\"https:\/\/www.linkeus.fr\/en\/produit\/agence-4cast-3\/\",\"name\":\"Agence 4cast - Linkeus Provence C\u00f4te d&#039;Azur Events\",\"isPartOf\":{\"@id\":\"https:\/\/www.linkeus.fr\/#website\"},\"primaryImageOfPage\":{\"@id\":\"https:\/\/www.linkeus.fr\/en\/produit\/agence-4cast-3\/#primaryimage\"},\"image\":{\"@id\":\"https:\/\/www.linkeus.fr\/en\/produit\/agence-4cast-3\/#primaryimage\"},\"thumbnailUrl\":\"https:\/\/www.linkeus.fr\/wp-content\/uploads\/2020\/08\/vlcsnap-00012-3.jpg\",\"datePublished\":\"2025-03-03T15:32:13+00:00\",\"dateModified\":\"2025-03-03T15:32:13+00:00\",\"breadcrumb\":{\"@id\":\"https:\/\/www.linkeus.fr\/en\/produit\/agence-4cast-3\/#breadcrumb\"},\"inLanguage\":\"en-US\",\"potentialAction\":[{\"@type\":\"ReadAction\",\"target\":[\"https:\/\/www.linkeus.fr\/en\/produit\/agence-4cast-3\/\"]}]},{\"@type\":\"ImageObject\",\"inLanguage\":\"en-US\",\"@id\":\"https:\/\/www.linkeus.fr\/en\/produit\/agence-4cast-3\/#primaryimage\",\"url\":\"https:\/\/www.linkeus.fr\/wp-content\/uploads\/2020\/08\/vlcsnap-00012-3.jpg\",\"contentUrl\":\"https:\/\/www.linkeus.fr\/wp-content\/uploads\/2020\/08\/vlcsnap-00012-3.jpg\"},{\"@type\":\"BreadcrumbList\",\"@id\":\"https:\/\/www.linkeus.fr\/en\/produit\/agence-4cast-3\/#breadcrumb\",\"itemListElement\":[{\"@type\":\"ListItem\",\"position\":1,\"name\":\"Accueil\",\"item\":\"https:\/\/www.linkeus.fr\/en\/\"},{\"@type\":\"ListItem\",\"position\":2,\"name\":\"Produits\",\"item\":\"https:\/\/www.linkeus.fr\/shop\/\"},{\"@type\":\"ListItem\",\"position\":3,\"name\":\"Agence 4cast\"}]},{\"@type\":\"WebSite\",\"@id\":\"https:\/\/www.linkeus.fr\/#website\",\"url\":\"https:\/\/www.linkeus.fr\/\",\"name\":\"Linkeus Provence C\u00f4te d&#039;Azur Events\",\"description\":\"Le bureau des congr\u00e8s regional : l&#039;interlocuteur privil\u00e9gi\u00e9 pour l&#039;organisation de vos \u00e9v\u00e8nements professionnels en Provence Alpes C\u00f4te d&#039;Azur\",\"publisher\":{\"@id\":\"https:\/\/www.linkeus.fr\/#organization\"},\"potentialAction\":[{\"@type\":\"SearchAction\",\"target\":{\"@type\":\"EntryPoint\",\"urlTemplate\":\"https:\/\/www.linkeus.fr\/?s={search_term_string}\"},\"query-input\":{\"@type\":\"PropertyValueSpecification\",\"valueRequired\":true,\"valueName\":\"search_term_string\"}}],\"inLanguage\":\"en-US\"},{\"@type\":\"Organization\",\"@id\":\"https:\/\/www.linkeus.fr\/#organization\",\"name\":\"Linkeus Provence C\u00f4te d&#039;Azur Events\",\"url\":\"https:\/\/www.linkeus.fr\/\",\"logo\":{\"@type\":\"ImageObject\",\"inLanguage\":\"en-US\",\"@id\":\"https:\/\/www.linkeus.fr\/#\/schema\/logo\/image\/\",\"url\":\"https:\/\/www.linkeus.fr\/wp-content\/uploads\/2022\/09\/log-linkeus290.png\",\"contentUrl\":\"https:\/\/www.linkeus.fr\/wp-content\/uploads\/2022\/09\/log-linkeus290.png\",\"width\":290,\"height\":100,\"caption\":\"Linkeus Provence C\u00f4te d&#039;Azur Events\"},\"image\":{\"@id\":\"https:\/\/www.linkeus.fr\/#\/schema\/logo\/image\/\"},\"sameAs\":[\"https:\/\/www.facebook.com\/ProvenceCotedAzurEvents\"]}]}<\/script>\n<!-- \/ Yoast SEO plugin. -->","yoast_head_json":{"title":"Agence 4cast - Linkeus Provence C\u00f4te d&#039;Azur Events","robots":{"index":"index","follow":"follow","max-snippet":"max-snippet:-1","max-image-preview":"max-image-preview:large","max-video-preview":"max-video-preview:-1"},"canonical":"https:\/\/www.linkeus.fr\/en\/produit\/agence-4cast-3\/","og_locale":"en_US","og_type":"article","og_title":"Agence 4cast - Linkeus Provence C\u00f4te d&#039;Azur Events","og_description":"4CAST brings your events to life! From seminars to conventions, galas to TV shows, we use our audiovisual expertise to create immersive experiences. From technical study to operational deployment, we support each project with innovative solutions for recording, broadcasting and scenography. Make your event unforgettable!","og_url":"https:\/\/www.linkeus.fr\/en\/produit\/agence-4cast-3\/","og_site_name":"Linkeus Provence C\u00f4te d&#039;Azur Events","article_publisher":"https:\/\/www.facebook.com\/ProvenceCotedAzurEvents","og_image":[{"width":1920,"height":1080,"url":"https:\/\/www.linkeus.fr\/wp-content\/uploads\/2020\/08\/vlcsnap-00012-3.jpg","type":"image\/jpeg"}],"twitter_card":"summary_large_image","schema":{"@context":"https:\/\/schema.org","@graph":[{"@type":"WebPage","@id":"https:\/\/www.linkeus.fr\/en\/produit\/agence-4cast-3\/","url":"https:\/\/www.linkeus.fr\/en\/produit\/agence-4cast-3\/","name":"Agence 4cast - Linkeus Provence C\u00f4te d&#039;Azur Events","isPartOf":{"@id":"https:\/\/www.linkeus.fr\/#website"},"primaryImageOfPage":{"@id":"https:\/\/www.linkeus.fr\/en\/produit\/agence-4cast-3\/#primaryimage"},"image":{"@id":"https:\/\/www.linkeus.fr\/en\/produit\/agence-4cast-3\/#primaryimage"},"thumbnailUrl":"https:\/\/www.linkeus.fr\/wp-content\/uploads\/2020\/08\/vlcsnap-00012-3.jpg","datePublished":"2025-03-03T15:32:13+00:00","dateModified":"2025-03-03T15:32:13+00:00","breadcrumb":{"@id":"https:\/\/www.linkeus.fr\/en\/produit\/agence-4cast-3\/#breadcrumb"},"inLanguage":"en-US","potentialAction":[{"@type":"ReadAction","target":["https:\/\/www.linkeus.fr\/en\/produit\/agence-4cast-3\/"]}]},{"@type":"ImageObject","inLanguage":"en-US","@id":"https:\/\/www.linkeus.fr\/en\/produit\/agence-4cast-3\/#primaryimage","url":"https:\/\/www.linkeus.fr\/wp-content\/uploads\/2020\/08\/vlcsnap-00012-3.jpg","contentUrl":"https:\/\/www.linkeus.fr\/wp-content\/uploads\/2020\/08\/vlcsnap-00012-3.jpg"},{"@type":"BreadcrumbList","@id":"https:\/\/www.linkeus.fr\/en\/produit\/agence-4cast-3\/#breadcrumb","itemListElement":[{"@type":"ListItem","position":1,"name":"Accueil","item":"https:\/\/www.linkeus.fr\/en\/"},{"@type":"ListItem","position":2,"name":"Produits","item":"https:\/\/www.linkeus.fr\/shop\/"},{"@type":"ListItem","position":3,"name":"Agence 4cast"}]},{"@type":"WebSite","@id":"https:\/\/www.linkeus.fr\/#website","url":"https:\/\/www.linkeus.fr\/","name":"Linkeus Provence C\u00f4te d&#039;Azur Events","description":"Le bureau des congr\u00e8s regional : l&#039;interlocuteur privil\u00e9gi\u00e9 pour l&#039;organisation de vos \u00e9v\u00e8nements professionnels en Provence Alpes C\u00f4te d&#039;Azur","publisher":{"@id":"https:\/\/www.linkeus.fr\/#organization"},"potentialAction":[{"@type":"SearchAction","target":{"@type":"EntryPoint","urlTemplate":"https:\/\/www.linkeus.fr\/?s={search_term_string}"},"query-input":{"@type":"PropertyValueSpecification","valueRequired":true,"valueName":"search_term_string"}}],"inLanguage":"en-US"},{"@type":"Organization","@id":"https:\/\/www.linkeus.fr\/#organization","name":"Linkeus Provence C\u00f4te d&#039;Azur Events","url":"https:\/\/www.linkeus.fr\/","logo":{"@type":"ImageObject","inLanguage":"en-US","@id":"https:\/\/www.linkeus.fr\/#\/schema\/logo\/image\/","url":"https:\/\/www.linkeus.fr\/wp-content\/uploads\/2022\/09\/log-linkeus290.png","contentUrl":"https:\/\/www.linkeus.fr\/wp-content\/uploads\/2022\/09\/log-linkeus290.png","width":290,"height":100,"caption":"Linkeus Provence C\u00f4te d&#039;Azur Events"},"image":{"@id":"https:\/\/www.linkeus.fr\/#\/schema\/logo\/image\/"},"sameAs":["https:\/\/www.facebook.com\/ProvenceCotedAzurEvents"]}]}},"_links":{"self":[{"href":"https:\/\/www.linkeus.fr\/en\/wp-json\/wp\/v2\/product\/28636","targetHints":{"allow":["GET"]}}],"collection":[{"href":"https:\/\/www.linkeus.fr\/en\/wp-json\/wp\/v2\/product"}],"about":[{"href":"https:\/\/www.linkeus.fr\/en\/wp-json\/wp\/v2\/types\/product"}],"replies":[{"embeddable":true,"href":"https:\/\/www.linkeus.fr\/en\/wp-json\/wp\/v2\/comments?post=28636"}],"wp:attachment":[{"href":"https:\/\/www.linkeus.fr\/en\/wp-json\/wp\/v2\/media?parent=28636"}],"wp:term":[{"taxonomy":"product_cat","embeddable":true,"href":"https:\/\/www.linkeus.fr\/en\/wp-json\/wp\/v2\/product_cat?post=28636"},{"taxonomy":"product_tag","embeddable":true,"href":"https:\/\/www.linkeus.fr\/en\/wp-json\/wp\/v2\/product_tag?post=28636"}],"curies":[{"name":"wp","href":"https:\/\/api.w.org\/{rel}","templated":true}]}}