{"id":28571,"date":"2025-02-26T11:40:31","date_gmt":"2025-02-26T10:40:31","guid":{"rendered":"https:\/\/www.linkeus.fr\/produit\/palais-des-congres-antipolis-4\/"},"modified":"2025-02-26T11:40:31","modified_gmt":"2025-02-26T10:40:31","slug":"palais-des-congres-antipolis-4","status":"publish","type":"product","link":"https:\/\/www.linkeus.fr\/en\/produit\/palais-des-congres-antipolis-4\/","title":{"rendered":"Palais des congr\u00e8s Antipolis"},"content":{"rendered":"<p><strong>In the heart of the C\u00f4te d\u2019Azur, admirably located next to the crystalline foothills of the Southern Alps, a few minutes from the Nice- C\u00f4te d\u2019Azur International Airport, Antibes-Juan les Pins has, with its 25 kilometers of coast, one of the vastest coastal fringes of France.\u00a0Modern and dynamic, as shown by Sophia-Antipolis and its cutting edge technological poles, endowed with a prestigious past, Antibes Juan-les-Pins knows how to remain a city where each and every one can live. With its new convention centre located in Juan-les-Pins, the city is now a new business destination, with a \u201cspirit resort\u2019.<\/strong><\/p>\n<h2>The new conference centre<\/h2>\n<p>Antibes Juan-les-Pins new Conference centre marks the advent of a new generation of convention centers by proposing, beyond its original function, a set of services composed of a shopping gallery, restaurants and an underground parking lot.<\/p>\n<h3>Functional and aesthetic<\/h3>\n<p>Designed by architect Jean-Jacques Ory, this building with its elegant and harmonious lines, marked with boldness and modernity, shows a strong architectural landmark at the heart of the resort of Juan-les-Pins.<\/p>\n<h3>Perfect location<\/h3>\n<p>The location of the site at 150m from the sea and in the heart of a green path between the Gould Pine Grove and the Sidney Bechet square offers very attractive surroundings to the participants. The areas dedicated to the events are located on the 2 upper stories with a view over the sea.<\/p>\n<h3>7 Good reasons for choosing Antibes Juan-Les-Pins<\/h3>\n<p><strong>National and international ACCESSIBILITY:<\/strong><br \/>\nProximity to the Nice C\u00f4te d\u2019Azur International Airport located just 17km from Antibes-Juan-les-Pins<br \/>\n<strong>A NEW GENERATION CONVENTION CENTER:<\/strong><br \/>\nQuality and beauty of an avant-gardist architecture, functionality of spaces, environmentally high quality building, view of the sea, various integrated services (restaurants, gallery, stores, parking&#8230;)<br \/>\n<strong>A unique location where everything lies within walking distance:<\/strong><br \/>\nConference Center in the heart of a concentrated tourist area: hotels, restaurants, beaches, pine grove, shops and night life.<br \/>\n<strong>A HOTEL DISTRICT NEAR the Convention Center:<\/strong><br \/>\n1000 rooms at walking distance spread out through 21 hotels of which two are 4* hotels with great lodging capacity (221 and 175 rooms). The hotels are less than 150m away from the convention center<br \/>\n<strong>A REMARKABLE ENVIRONMENT for festive and cultural activities:<\/strong><br \/>\nVillas at the Cape of Antibes, beaches, Picasso museum, Old Antibes, gala locations, nightclubs, marinas\u2026<br \/>\n<strong>A TEAM OF PROFESSIONALS at your service:<\/strong><br \/>\nPermanent support of the organizer, expertise and knowledge of the territory.<br \/>\n<strong>An engaged PARTNERSHIP with all the touristic players:<\/strong><br \/>\nService quality guaranteed thanks to an index of the city\u2019s best professionals<\/p>\n<ul>\n<li>1 Auditorium with <strong>500 seats<\/strong> with retractable writing tables<\/li>\n<li>Audiovisual control room (level 4)<\/li>\n<li>3 pre-equipped simultaneous translation cubicles<\/li>\n<li>VIP and resting room for translators<\/li>\n<li><strong>200sqm<\/strong> stage<\/li>\n<li>Dressing room<\/li>\n<li><strong>5 to 12<\/strong> modular meeting rooms<\/li>\n<li>A <strong>500sqm reception area<\/strong> with lounge and bar and a panoramic terrace overlooking the sea<\/li>\n<li>Exhibition\/Catering modular area ( with natural light throughout the whole area) <strong>of 1600sqm<\/strong> with capacity for:<\/li>\n<\/ul>\n<p>An exhibition of <strong>85 stands of 9sqm<\/strong><br \/>\nUp to <strong>1000 seated<\/strong> people<br \/>\n1 to 3 plenary conference rooms up to <strong>250 places.<\/strong><\/p>\n<p><strong>Antibes Juan-les-Pins<\/strong> has an important <strong>hotel district<\/strong> perfectly adapted for customers who participate in <strong>conventions<\/strong>. The total accommodation capacity on the conurbation is <strong>3045 hotel and apartment rooms<\/strong> in hotel establishments within a district composed of <strong>six 5* hotels<\/strong> ( 476 bedrooms), <strong>seven 4* hotels<\/strong> (546 bedrooms) <strong>and 19 3* hotels<\/strong> (446 bedrooms).<br \/>\nAround the Convention center there is a concentrated accommodation offer, in a true \u201cresort\u201d spirit.<br \/>\n<strong>1000 hotel rooms<\/strong> in the 3*, 4*, 5* categories are at the disposal of the participants in a walking distance close to the <strong>Convention Center.<\/strong><\/p>\n<p><strong>By plane :<\/strong> Nice Cote d\u2019Azur International Airport, <strong>17 km from Antibes Juan-les-Pins<\/strong><br \/>\n<strong>By train :<\/strong> The SNCF Antibes railway station (TGV &amp; local lines) and the SNCF Juan-les-Pins railway station (local lines )<\/p>\n","protected":false},"excerpt":{"rendered":"<p>In the heart of the C\u00f4te d\u2019Azur, admirably located next to the crystalline foothills of the Southern Alps, a few minutes from the Nice- C\u00f4te d\u2019Azur International Airport, Antibes-Juan les Pins has, with its 25 kilometers of coast, one of the vastest coastal fringes of France.\u00a0Modern and dynamic, as shown by Sophia-Antipolis and its cutting [&hellip;]<\/p>\n","protected":false},"featured_media":0,"comment_status":"closed","ping_status":"closed","template":"","meta":{"inline_featured_image":false},"product_cat":[],"product_tag":[],"class_list":{"0":"post-28571","1":"product","2":"type-product","3":"status-publish","6":"first","7":"instock","8":"virtual","9":"sold-individually","10":"purchasable","11":"product-type-listing_booking"},"yoast_head":"<!-- This site is optimized with the Yoast SEO plugin v24.0 - https:\/\/yoast.com\/wordpress\/plugins\/seo\/ -->\n<title>Palais des congr\u00e8s Antipolis - Linkeus Provence C\u00f4te d&#039;Azur Events<\/title>\n<meta name=\"robots\" content=\"index, follow, max-snippet:-1, max-image-preview:large, max-video-preview:-1\" \/>\n<link rel=\"canonical\" href=\"https:\/\/www.linkeus.fr\/en\/produit\/palais-des-congres-antipolis-4\/\" \/>\n<meta property=\"og:locale\" content=\"en_US\" \/>\n<meta property=\"og:type\" content=\"article\" \/>\n<meta property=\"og:title\" content=\"Palais des congr\u00e8s Antipolis - Linkeus Provence C\u00f4te d&#039;Azur Events\" \/>\n<meta property=\"og:description\" content=\"In the heart of the C\u00f4te d\u2019Azur, admirably located next to the crystalline foothills of the Southern Alps, a few minutes from the Nice- C\u00f4te d\u2019Azur International Airport, Antibes-Juan les Pins has, with its 25 kilometers of coast, one of the vastest coastal fringes of France.\u00a0Modern and dynamic, as shown by Sophia-Antipolis and its cutting [&hellip;]\" \/>\n<meta property=\"og:url\" content=\"https:\/\/www.linkeus.fr\/en\/produit\/palais-des-congres-antipolis-4\/\" \/>\n<meta property=\"og:site_name\" content=\"Linkeus Provence C\u00f4te d&#039;Azur Events\" \/>\n<meta property=\"article:publisher\" content=\"https:\/\/www.facebook.com\/ProvenceCotedAzurEvents\" \/>\n<meta property=\"og:image\" content=\"https:\/\/www.linkeus.fr\/wp-content\/uploads\/2021\/07\/pce-image-resaux-sociaux-scaled.jpg\" \/>\n\t<meta property=\"og:image:width\" content=\"2560\" \/>\n\t<meta property=\"og:image:height\" content=\"1204\" \/>\n\t<meta property=\"og:image:type\" content=\"image\/jpeg\" \/>\n<meta name=\"twitter:card\" content=\"summary_large_image\" \/>\n<meta name=\"twitter:label1\" content=\"Est. reading time\" \/>\n\t<meta name=\"twitter:data1\" content=\"3 minutes\" \/>\n<script type=\"application\/ld+json\" class=\"yoast-schema-graph\">{\"@context\":\"https:\/\/schema.org\",\"@graph\":[{\"@type\":\"WebPage\",\"@id\":\"https:\/\/www.linkeus.fr\/en\/produit\/palais-des-congres-antipolis-4\/\",\"url\":\"https:\/\/www.linkeus.fr\/en\/produit\/palais-des-congres-antipolis-4\/\",\"name\":\"Palais des congr\u00e8s Antipolis - Linkeus Provence C\u00f4te d&#039;Azur Events\",\"isPartOf\":{\"@id\":\"https:\/\/www.linkeus.fr\/#website\"},\"datePublished\":\"2025-02-26T10:40:31+00:00\",\"dateModified\":\"2025-02-26T10:40:31+00:00\",\"breadcrumb\":{\"@id\":\"https:\/\/www.linkeus.fr\/en\/produit\/palais-des-congres-antipolis-4\/#breadcrumb\"},\"inLanguage\":\"en-US\",\"potentialAction\":[{\"@type\":\"ReadAction\",\"target\":[\"https:\/\/www.linkeus.fr\/en\/produit\/palais-des-congres-antipolis-4\/\"]}]},{\"@type\":\"BreadcrumbList\",\"@id\":\"https:\/\/www.linkeus.fr\/en\/produit\/palais-des-congres-antipolis-4\/#breadcrumb\",\"itemListElement\":[{\"@type\":\"ListItem\",\"position\":1,\"name\":\"Accueil\",\"item\":\"https:\/\/www.linkeus.fr\/en\/\"},{\"@type\":\"ListItem\",\"position\":2,\"name\":\"Produits\",\"item\":\"https:\/\/www.linkeus.fr\/shop\/\"},{\"@type\":\"ListItem\",\"position\":3,\"name\":\"Palais des congr\u00e8s Antipolis\"}]},{\"@type\":\"WebSite\",\"@id\":\"https:\/\/www.linkeus.fr\/#website\",\"url\":\"https:\/\/www.linkeus.fr\/\",\"name\":\"Linkeus Provence C\u00f4te d&#039;Azur Events\",\"description\":\"Le bureau des congr\u00e8s regional : l&#039;interlocuteur privil\u00e9gi\u00e9 pour l&#039;organisation de vos \u00e9v\u00e8nements professionnels en Provence Alpes C\u00f4te d&#039;Azur\",\"publisher\":{\"@id\":\"https:\/\/www.linkeus.fr\/#organization\"},\"potentialAction\":[{\"@type\":\"SearchAction\",\"target\":{\"@type\":\"EntryPoint\",\"urlTemplate\":\"https:\/\/www.linkeus.fr\/?s={search_term_string}\"},\"query-input\":{\"@type\":\"PropertyValueSpecification\",\"valueRequired\":true,\"valueName\":\"search_term_string\"}}],\"inLanguage\":\"en-US\"},{\"@type\":\"Organization\",\"@id\":\"https:\/\/www.linkeus.fr\/#organization\",\"name\":\"Linkeus Provence C\u00f4te d&#039;Azur Events\",\"url\":\"https:\/\/www.linkeus.fr\/\",\"logo\":{\"@type\":\"ImageObject\",\"inLanguage\":\"en-US\",\"@id\":\"https:\/\/www.linkeus.fr\/#\/schema\/logo\/image\/\",\"url\":\"https:\/\/www.linkeus.fr\/wp-content\/uploads\/2022\/09\/log-linkeus290.png\",\"contentUrl\":\"https:\/\/www.linkeus.fr\/wp-content\/uploads\/2022\/09\/log-linkeus290.png\",\"width\":290,\"height\":100,\"caption\":\"Linkeus Provence C\u00f4te d&#039;Azur Events\"},\"image\":{\"@id\":\"https:\/\/www.linkeus.fr\/#\/schema\/logo\/image\/\"},\"sameAs\":[\"https:\/\/www.facebook.com\/ProvenceCotedAzurEvents\"]}]}<\/script>\n<!-- \/ Yoast SEO plugin. -->","yoast_head_json":{"title":"Palais des congr\u00e8s Antipolis - Linkeus Provence C\u00f4te d&#039;Azur Events","robots":{"index":"index","follow":"follow","max-snippet":"max-snippet:-1","max-image-preview":"max-image-preview:large","max-video-preview":"max-video-preview:-1"},"canonical":"https:\/\/www.linkeus.fr\/en\/produit\/palais-des-congres-antipolis-4\/","og_locale":"en_US","og_type":"article","og_title":"Palais des congr\u00e8s Antipolis - Linkeus Provence C\u00f4te d&#039;Azur Events","og_description":"In the heart of the C\u00f4te d\u2019Azur, admirably located next to the crystalline foothills of the Southern Alps, a few minutes from the Nice- C\u00f4te d\u2019Azur International Airport, Antibes-Juan les Pins has, with its 25 kilometers of coast, one of the vastest coastal fringes of France.\u00a0Modern and dynamic, as shown by Sophia-Antipolis and its cutting [&hellip;]","og_url":"https:\/\/www.linkeus.fr\/en\/produit\/palais-des-congres-antipolis-4\/","og_site_name":"Linkeus Provence C\u00f4te d&#039;Azur Events","article_publisher":"https:\/\/www.facebook.com\/ProvenceCotedAzurEvents","og_image":[{"width":2560,"height":1204,"url":"https:\/\/www.linkeus.fr\/wp-content\/uploads\/2021\/07\/pce-image-resaux-sociaux-scaled.jpg","type":"image\/jpeg"}],"twitter_card":"summary_large_image","twitter_misc":{"Est. reading time":"3 minutes"},"schema":{"@context":"https:\/\/schema.org","@graph":[{"@type":"WebPage","@id":"https:\/\/www.linkeus.fr\/en\/produit\/palais-des-congres-antipolis-4\/","url":"https:\/\/www.linkeus.fr\/en\/produit\/palais-des-congres-antipolis-4\/","name":"Palais des congr\u00e8s Antipolis - Linkeus Provence C\u00f4te d&#039;Azur Events","isPartOf":{"@id":"https:\/\/www.linkeus.fr\/#website"},"datePublished":"2025-02-26T10:40:31+00:00","dateModified":"2025-02-26T10:40:31+00:00","breadcrumb":{"@id":"https:\/\/www.linkeus.fr\/en\/produit\/palais-des-congres-antipolis-4\/#breadcrumb"},"inLanguage":"en-US","potentialAction":[{"@type":"ReadAction","target":["https:\/\/www.linkeus.fr\/en\/produit\/palais-des-congres-antipolis-4\/"]}]},{"@type":"BreadcrumbList","@id":"https:\/\/www.linkeus.fr\/en\/produit\/palais-des-congres-antipolis-4\/#breadcrumb","itemListElement":[{"@type":"ListItem","position":1,"name":"Accueil","item":"https:\/\/www.linkeus.fr\/en\/"},{"@type":"ListItem","position":2,"name":"Produits","item":"https:\/\/www.linkeus.fr\/shop\/"},{"@type":"ListItem","position":3,"name":"Palais des congr\u00e8s Antipolis"}]},{"@type":"WebSite","@id":"https:\/\/www.linkeus.fr\/#website","url":"https:\/\/www.linkeus.fr\/","name":"Linkeus Provence C\u00f4te d&#039;Azur Events","description":"Le bureau des congr\u00e8s regional : l&#039;interlocuteur privil\u00e9gi\u00e9 pour l&#039;organisation de vos \u00e9v\u00e8nements professionnels en Provence Alpes C\u00f4te d&#039;Azur","publisher":{"@id":"https:\/\/www.linkeus.fr\/#organization"},"potentialAction":[{"@type":"SearchAction","target":{"@type":"EntryPoint","urlTemplate":"https:\/\/www.linkeus.fr\/?s={search_term_string}"},"query-input":{"@type":"PropertyValueSpecification","valueRequired":true,"valueName":"search_term_string"}}],"inLanguage":"en-US"},{"@type":"Organization","@id":"https:\/\/www.linkeus.fr\/#organization","name":"Linkeus Provence C\u00f4te d&#039;Azur Events","url":"https:\/\/www.linkeus.fr\/","logo":{"@type":"ImageObject","inLanguage":"en-US","@id":"https:\/\/www.linkeus.fr\/#\/schema\/logo\/image\/","url":"https:\/\/www.linkeus.fr\/wp-content\/uploads\/2022\/09\/log-linkeus290.png","contentUrl":"https:\/\/www.linkeus.fr\/wp-content\/uploads\/2022\/09\/log-linkeus290.png","width":290,"height":100,"caption":"Linkeus Provence C\u00f4te d&#039;Azur Events"},"image":{"@id":"https:\/\/www.linkeus.fr\/#\/schema\/logo\/image\/"},"sameAs":["https:\/\/www.facebook.com\/ProvenceCotedAzurEvents"]}]}},"_links":{"self":[{"href":"https:\/\/www.linkeus.fr\/en\/wp-json\/wp\/v2\/product\/28571","targetHints":{"allow":["GET"]}}],"collection":[{"href":"https:\/\/www.linkeus.fr\/en\/wp-json\/wp\/v2\/product"}],"about":[{"href":"https:\/\/www.linkeus.fr\/en\/wp-json\/wp\/v2\/types\/product"}],"replies":[{"embeddable":true,"href":"https:\/\/www.linkeus.fr\/en\/wp-json\/wp\/v2\/comments?post=28571"}],"wp:attachment":[{"href":"https:\/\/www.linkeus.fr\/en\/wp-json\/wp\/v2\/media?parent=28571"}],"wp:term":[{"taxonomy":"product_cat","embeddable":true,"href":"https:\/\/www.linkeus.fr\/en\/wp-json\/wp\/v2\/product_cat?post=28571"},{"taxonomy":"product_tag","embeddable":true,"href":"https:\/\/www.linkeus.fr\/en\/wp-json\/wp\/v2\/product_tag?post=28571"}],"curies":[{"name":"wp","href":"https:\/\/api.w.org\/{rel}","templated":true}]}}