{"id":28570,"date":"2025-02-26T11:34:03","date_gmt":"2025-02-26T10:34:03","guid":{"rendered":"https:\/\/www.linkeus.fr\/produit\/ajaccio-congress-expositions-and-conference-center\/"},"modified":"2025-02-26T11:34:03","modified_gmt":"2025-02-26T10:34:03","slug":"ajaccio-congress-expositions-and-conference-center","status":"publish","type":"product","link":"https:\/\/www.linkeus.fr\/en\/produit\/ajaccio-congress-expositions-and-conference-center\/","title":{"rendered":"Ajaccio Congress, Expositions and Conference Center"},"content":{"rendered":"<p><strong>Ajaccio, luminous colorful, contrasted city with its Mediterranean art of living combines natural charms and all the attractiveness of a tourist destination renowned for culture, gastronomy, leisure activities and shopping.<\/strong><\/p>\n<h2>Ajaccio Imperial City<\/h2>\n<p>Capital of Corsica, this Imperial and historical city, pays tribute to the most illustrious of its sons: Napoleon.<br \/>\nProud of its architecture Ajaccio is characterized by its climate, the splendor and the variety of its landscapes, its fine sandy beaches, its picturesque villages and the beauty of its environment.<\/p>\n<h2>Ajaccio historical and cultural city<\/h2>\n<p>Ajaccio can be discovered through its narrow streets and ramparts, visitors will enjoy its famous museum, its Genoese citadel and its Cathedral.<\/p>\n<h2>Ajaccio Congress center : a matter of heart<\/h2>\n<p>An ideal geographical and environment location right in the heart of the city on the cruise and yacht marina, close to numerous restaurants, shops, hotels and just 10 minutes from Ajaccio Napoleon Bonaparte international Airport, endows this imposing architectural structure with assets which are particularly appreciated by event organizers.<br \/>\nTo meet the needs and expectations of event organizers and participants alike, the team of Ajaccio Convention and Exhibition center will provide for each project a service of systems interface to assist clients with the operational feasibility and quality of their events project.<\/p>\n<p><strong>5000 m2 flexible and modular space<\/strong><\/p>\n<ul>\n<li>A <strong>432 places<\/strong> auditorium<\/li>\n<li>A fully modular exhibition hall of <strong>920 sqm<\/strong><\/li>\n<li>A multi functional space of <strong>600 seats<\/strong>, that can accommodate up to <strong>1500 people<\/strong><\/li>\n<li><strong>9 meeting or commission<\/strong> rooms with different capacities (up to <strong>200 seats<\/strong>),<\/li>\n<li>A <strong>400 places<\/strong> panoramic Restaurant.<\/li>\n<li>State of the art broadcasting and computing technologies<\/li>\n<\/ul>\n<p>By your side, our dedicated logistic and technical team assists you on <strong>every schedule and commits<\/strong> in order to give your event the highest value to make your project a success<\/p>\n<p>Nearly <strong>2,500 hotel 2 to 5 star rooms<\/strong> including a large part situated within walking distance to the Ajaccio Congress center.<\/p>\n<p><strong>the Ajaccio Conference center<\/strong> is located on the harbor daily links to Nice, Toulon and Marseille.<br \/>\n<strong>10 minutes<\/strong> from Ajaccio Napoleon Bonaparte Airport is connected to all French regional capitals and some European cities.<\/p>\n","protected":false},"excerpt":{"rendered":"<p>Ajaccio, luminous colorful, contrasted city with its Mediterranean art of living combines natural charms and all the attractiveness of a tourist destination renowned for culture, gastronomy, leisure activities and shopping. Ajaccio Imperial City Capital of Corsica, this Imperial and historical city, pays tribute to the most illustrious of its sons: Napoleon. Proud of its architecture [&hellip;]<\/p>\n","protected":false},"featured_media":0,"comment_status":"closed","ping_status":"closed","template":"","meta":{"inline_featured_image":false},"product_cat":[],"product_tag":[],"class_list":{"0":"post-28570","1":"product","2":"type-product","3":"status-publish","6":"first","7":"instock","8":"virtual","9":"sold-individually","10":"purchasable","11":"product-type-listing_booking"},"yoast_head":"<!-- This site is optimized with the Yoast SEO plugin v24.0 - https:\/\/yoast.com\/wordpress\/plugins\/seo\/ -->\n<title>Ajaccio Congress, Expositions and Conference Center - Linkeus Provence C\u00f4te d&#039;Azur Events<\/title>\n<meta name=\"robots\" content=\"index, follow, max-snippet:-1, max-image-preview:large, max-video-preview:-1\" \/>\n<link rel=\"canonical\" href=\"https:\/\/www.linkeus.fr\/en\/produit\/ajaccio-congress-expositions-and-conference-center\/\" \/>\n<meta property=\"og:locale\" content=\"en_US\" \/>\n<meta property=\"og:type\" content=\"article\" \/>\n<meta property=\"og:title\" content=\"Ajaccio Congress, Expositions and Conference Center - Linkeus Provence C\u00f4te d&#039;Azur Events\" \/>\n<meta property=\"og:description\" content=\"Ajaccio, luminous colorful, contrasted city with its Mediterranean art of living combines natural charms and all the attractiveness of a tourist destination renowned for culture, gastronomy, leisure activities and shopping. Ajaccio Imperial City Capital of Corsica, this Imperial and historical city, pays tribute to the most illustrious of its sons: Napoleon. Proud of its architecture [&hellip;]\" \/>\n<meta property=\"og:url\" content=\"https:\/\/www.linkeus.fr\/en\/produit\/ajaccio-congress-expositions-and-conference-center\/\" \/>\n<meta property=\"og:site_name\" content=\"Linkeus Provence C\u00f4te d&#039;Azur Events\" \/>\n<meta property=\"article:publisher\" content=\"https:\/\/www.facebook.com\/ProvenceCotedAzurEvents\" \/>\n<meta property=\"og:image\" content=\"https:\/\/www.linkeus.fr\/wp-content\/uploads\/2021\/07\/pce-image-resaux-sociaux-scaled.jpg\" \/>\n\t<meta property=\"og:image:width\" content=\"2560\" \/>\n\t<meta property=\"og:image:height\" content=\"1204\" \/>\n\t<meta property=\"og:image:type\" content=\"image\/jpeg\" \/>\n<meta name=\"twitter:card\" content=\"summary_large_image\" \/>\n<meta name=\"twitter:label1\" content=\"Est. reading time\" \/>\n\t<meta name=\"twitter:data1\" content=\"2 minutes\" \/>\n<script type=\"application\/ld+json\" class=\"yoast-schema-graph\">{\"@context\":\"https:\/\/schema.org\",\"@graph\":[{\"@type\":\"WebPage\",\"@id\":\"https:\/\/www.linkeus.fr\/en\/produit\/ajaccio-congress-expositions-and-conference-center\/\",\"url\":\"https:\/\/www.linkeus.fr\/en\/produit\/ajaccio-congress-expositions-and-conference-center\/\",\"name\":\"Ajaccio Congress, Expositions and Conference Center - Linkeus Provence C\u00f4te d&#039;Azur Events\",\"isPartOf\":{\"@id\":\"https:\/\/www.linkeus.fr\/#website\"},\"datePublished\":\"2025-02-26T10:34:03+00:00\",\"dateModified\":\"2025-02-26T10:34:03+00:00\",\"breadcrumb\":{\"@id\":\"https:\/\/www.linkeus.fr\/en\/produit\/ajaccio-congress-expositions-and-conference-center\/#breadcrumb\"},\"inLanguage\":\"en-US\",\"potentialAction\":[{\"@type\":\"ReadAction\",\"target\":[\"https:\/\/www.linkeus.fr\/en\/produit\/ajaccio-congress-expositions-and-conference-center\/\"]}]},{\"@type\":\"BreadcrumbList\",\"@id\":\"https:\/\/www.linkeus.fr\/en\/produit\/ajaccio-congress-expositions-and-conference-center\/#breadcrumb\",\"itemListElement\":[{\"@type\":\"ListItem\",\"position\":1,\"name\":\"Accueil\",\"item\":\"https:\/\/www.linkeus.fr\/en\/\"},{\"@type\":\"ListItem\",\"position\":2,\"name\":\"Produits\",\"item\":\"https:\/\/www.linkeus.fr\/shop\/\"},{\"@type\":\"ListItem\",\"position\":3,\"name\":\"Ajaccio Congress, Expositions and Conference Center\"}]},{\"@type\":\"WebSite\",\"@id\":\"https:\/\/www.linkeus.fr\/#website\",\"url\":\"https:\/\/www.linkeus.fr\/\",\"name\":\"Linkeus Provence C\u00f4te d&#039;Azur Events\",\"description\":\"Le bureau des congr\u00e8s regional : l&#039;interlocuteur privil\u00e9gi\u00e9 pour l&#039;organisation de vos \u00e9v\u00e8nements professionnels en Provence Alpes C\u00f4te d&#039;Azur\",\"publisher\":{\"@id\":\"https:\/\/www.linkeus.fr\/#organization\"},\"potentialAction\":[{\"@type\":\"SearchAction\",\"target\":{\"@type\":\"EntryPoint\",\"urlTemplate\":\"https:\/\/www.linkeus.fr\/?s={search_term_string}\"},\"query-input\":{\"@type\":\"PropertyValueSpecification\",\"valueRequired\":true,\"valueName\":\"search_term_string\"}}],\"inLanguage\":\"en-US\"},{\"@type\":\"Organization\",\"@id\":\"https:\/\/www.linkeus.fr\/#organization\",\"name\":\"Linkeus Provence C\u00f4te d&#039;Azur Events\",\"url\":\"https:\/\/www.linkeus.fr\/\",\"logo\":{\"@type\":\"ImageObject\",\"inLanguage\":\"en-US\",\"@id\":\"https:\/\/www.linkeus.fr\/#\/schema\/logo\/image\/\",\"url\":\"https:\/\/www.linkeus.fr\/wp-content\/uploads\/2022\/09\/log-linkeus290.png\",\"contentUrl\":\"https:\/\/www.linkeus.fr\/wp-content\/uploads\/2022\/09\/log-linkeus290.png\",\"width\":290,\"height\":100,\"caption\":\"Linkeus Provence C\u00f4te d&#039;Azur Events\"},\"image\":{\"@id\":\"https:\/\/www.linkeus.fr\/#\/schema\/logo\/image\/\"},\"sameAs\":[\"https:\/\/www.facebook.com\/ProvenceCotedAzurEvents\"]}]}<\/script>\n<!-- \/ Yoast SEO plugin. -->","yoast_head_json":{"title":"Ajaccio Congress, Expositions and Conference Center - Linkeus Provence C\u00f4te d&#039;Azur Events","robots":{"index":"index","follow":"follow","max-snippet":"max-snippet:-1","max-image-preview":"max-image-preview:large","max-video-preview":"max-video-preview:-1"},"canonical":"https:\/\/www.linkeus.fr\/en\/produit\/ajaccio-congress-expositions-and-conference-center\/","og_locale":"en_US","og_type":"article","og_title":"Ajaccio Congress, Expositions and Conference Center - Linkeus Provence C\u00f4te d&#039;Azur Events","og_description":"Ajaccio, luminous colorful, contrasted city with its Mediterranean art of living combines natural charms and all the attractiveness of a tourist destination renowned for culture, gastronomy, leisure activities and shopping. Ajaccio Imperial City Capital of Corsica, this Imperial and historical city, pays tribute to the most illustrious of its sons: Napoleon. Proud of its architecture [&hellip;]","og_url":"https:\/\/www.linkeus.fr\/en\/produit\/ajaccio-congress-expositions-and-conference-center\/","og_site_name":"Linkeus Provence C\u00f4te d&#039;Azur Events","article_publisher":"https:\/\/www.facebook.com\/ProvenceCotedAzurEvents","og_image":[{"width":2560,"height":1204,"url":"https:\/\/www.linkeus.fr\/wp-content\/uploads\/2021\/07\/pce-image-resaux-sociaux-scaled.jpg","type":"image\/jpeg"}],"twitter_card":"summary_large_image","twitter_misc":{"Est. reading time":"2 minutes"},"schema":{"@context":"https:\/\/schema.org","@graph":[{"@type":"WebPage","@id":"https:\/\/www.linkeus.fr\/en\/produit\/ajaccio-congress-expositions-and-conference-center\/","url":"https:\/\/www.linkeus.fr\/en\/produit\/ajaccio-congress-expositions-and-conference-center\/","name":"Ajaccio Congress, Expositions and Conference Center - Linkeus Provence C\u00f4te d&#039;Azur Events","isPartOf":{"@id":"https:\/\/www.linkeus.fr\/#website"},"datePublished":"2025-02-26T10:34:03+00:00","dateModified":"2025-02-26T10:34:03+00:00","breadcrumb":{"@id":"https:\/\/www.linkeus.fr\/en\/produit\/ajaccio-congress-expositions-and-conference-center\/#breadcrumb"},"inLanguage":"en-US","potentialAction":[{"@type":"ReadAction","target":["https:\/\/www.linkeus.fr\/en\/produit\/ajaccio-congress-expositions-and-conference-center\/"]}]},{"@type":"BreadcrumbList","@id":"https:\/\/www.linkeus.fr\/en\/produit\/ajaccio-congress-expositions-and-conference-center\/#breadcrumb","itemListElement":[{"@type":"ListItem","position":1,"name":"Accueil","item":"https:\/\/www.linkeus.fr\/en\/"},{"@type":"ListItem","position":2,"name":"Produits","item":"https:\/\/www.linkeus.fr\/shop\/"},{"@type":"ListItem","position":3,"name":"Ajaccio Congress, Expositions and Conference Center"}]},{"@type":"WebSite","@id":"https:\/\/www.linkeus.fr\/#website","url":"https:\/\/www.linkeus.fr\/","name":"Linkeus Provence C\u00f4te d&#039;Azur Events","description":"Le bureau des congr\u00e8s regional : l&#039;interlocuteur privil\u00e9gi\u00e9 pour l&#039;organisation de vos \u00e9v\u00e8nements professionnels en Provence Alpes C\u00f4te d&#039;Azur","publisher":{"@id":"https:\/\/www.linkeus.fr\/#organization"},"potentialAction":[{"@type":"SearchAction","target":{"@type":"EntryPoint","urlTemplate":"https:\/\/www.linkeus.fr\/?s={search_term_string}"},"query-input":{"@type":"PropertyValueSpecification","valueRequired":true,"valueName":"search_term_string"}}],"inLanguage":"en-US"},{"@type":"Organization","@id":"https:\/\/www.linkeus.fr\/#organization","name":"Linkeus Provence C\u00f4te d&#039;Azur Events","url":"https:\/\/www.linkeus.fr\/","logo":{"@type":"ImageObject","inLanguage":"en-US","@id":"https:\/\/www.linkeus.fr\/#\/schema\/logo\/image\/","url":"https:\/\/www.linkeus.fr\/wp-content\/uploads\/2022\/09\/log-linkeus290.png","contentUrl":"https:\/\/www.linkeus.fr\/wp-content\/uploads\/2022\/09\/log-linkeus290.png","width":290,"height":100,"caption":"Linkeus Provence C\u00f4te d&#039;Azur Events"},"image":{"@id":"https:\/\/www.linkeus.fr\/#\/schema\/logo\/image\/"},"sameAs":["https:\/\/www.facebook.com\/ProvenceCotedAzurEvents"]}]}},"_links":{"self":[{"href":"https:\/\/www.linkeus.fr\/en\/wp-json\/wp\/v2\/product\/28570","targetHints":{"allow":["GET"]}}],"collection":[{"href":"https:\/\/www.linkeus.fr\/en\/wp-json\/wp\/v2\/product"}],"about":[{"href":"https:\/\/www.linkeus.fr\/en\/wp-json\/wp\/v2\/types\/product"}],"replies":[{"embeddable":true,"href":"https:\/\/www.linkeus.fr\/en\/wp-json\/wp\/v2\/comments?post=28570"}],"wp:attachment":[{"href":"https:\/\/www.linkeus.fr\/en\/wp-json\/wp\/v2\/media?parent=28570"}],"wp:term":[{"taxonomy":"product_cat","embeddable":true,"href":"https:\/\/www.linkeus.fr\/en\/wp-json\/wp\/v2\/product_cat?post=28570"},{"taxonomy":"product_tag","embeddable":true,"href":"https:\/\/www.linkeus.fr\/en\/wp-json\/wp\/v2\/product_tag?post=28570"}],"curies":[{"name":"wp","href":"https:\/\/api.w.org\/{rel}","templated":true}]}}