{"id":28122,"date":"2024-12-05T15:32:15","date_gmt":"2024-12-05T14:32:15","guid":{"rendered":"https:\/\/www.linkeus.fr\/produit\/aquabella-hotel-spa-3\/"},"modified":"2024-12-05T15:32:15","modified_gmt":"2024-12-05T14:32:15","slug":"aquabella-hotel-spa-3","status":"publish","type":"product","link":"https:\/\/www.linkeus.fr\/en\/produit\/aquabella-hotel-spa-3\/","title":{"rendered":"Aquabella H\u00f4tel &amp; Spa"},"content":{"rendered":"<p>Ideally situated in the heart of Aix en Provence, surrounded by a magnificent Mediterranean garden, you will find the Aquabella Hotel. With 108 comfortable rooms, this unexpected haven is the ideal departure point for carefree strolls into the town that C\u00e9zanne held so dear.<\/p>\n<p>Our charming hotel, open 24\/7 all year round, promises you a unique stay where everything is done with you in mind&#8230;<\/p>\n<p>Let go and emerge yourself in the serene, contemporary surroundings, taking advantage of the Sensory Spa and heated outdoor pool (open from May to September, weather-dependent).<\/p>\n<p>Sit back and enjoy a relaxing drink at L&#8217;Instant Lounge Bar before savouring the specialities of L\u2019Orangerie restaurant or La Terrasse de la Tour, open from May to September (Free Therm\u2019Park parking for three hours, subject to availability).<\/p>\n<p>The Aquabella Hotel also offers 1,060 m2 of reception rooms, making it an ideal location for seminars, study days and cocktail soir\u00e9es, as well as gala dinners, weddings, baptisms and communions&#8230;<br \/>\nPublic parking is available just 50 metres from the hotel;<br \/>\nTherm\u2019Park costs \u20ac12.00 per vehicle per night (payable at the hotel reception).<br \/>\nDiscover how easy it is to book a group or plan an event with Aquabella Hotel Aix en Provence. Our Business hotel offers perfect facilities for meetings, events, conferences, weddings and venues for private functions in Aix en Provence.<\/p>\n<p>YOUR TAILOR-MADE SEMINAR!<br \/>\n9 meeting rooms for 10 to 180 people.<br \/>\n1,060 m\u00b2 of functional and welcoming spaces for all your private and professional events.<br \/>\nEach space of our business hotel is equipped for optimum effectiveness and comfort: notepads, pencils, name cards, video projector, screen paperboard, speaker kit and free Wi-Fi or broadband Internet access\u2026 and other services available on request.<\/p>\n","protected":false},"excerpt":{"rendered":"<p>Ideally situated in the heart of Aix en Provence, surrounded by a magnificent Mediterranean garden, you will find the Aquabella Hotel. With 108 comfortable rooms, this unexpected haven is the ideal departure point for carefree strolls into the town that C\u00e9zanne held so dear. Our charming hotel, open 24\/7 all year round, promises you a [&hellip;]<\/p>\n","protected":false},"featured_media":0,"comment_status":"closed","ping_status":"closed","template":"","meta":{"inline_featured_image":false},"product_cat":[],"product_tag":[],"class_list":{"0":"post-28122","1":"product","2":"type-product","3":"status-publish","6":"first","7":"instock","8":"virtual","9":"sold-individually","10":"purchasable","11":"product-type-listing_booking"},"yoast_head":"<!-- This site is optimized with the Yoast SEO plugin v24.0 - https:\/\/yoast.com\/wordpress\/plugins\/seo\/ -->\n<title>Aquabella H\u00f4tel &amp; Spa - Linkeus Provence C\u00f4te d&#039;Azur Events<\/title>\n<meta name=\"robots\" content=\"index, follow, max-snippet:-1, max-image-preview:large, max-video-preview:-1\" \/>\n<link rel=\"canonical\" href=\"https:\/\/www.linkeus.fr\/en\/produit\/aquabella-hotel-spa-3\/\" \/>\n<meta property=\"og:locale\" content=\"en_US\" \/>\n<meta property=\"og:type\" content=\"article\" \/>\n<meta property=\"og:title\" content=\"Aquabella H\u00f4tel &amp; Spa - Linkeus Provence C\u00f4te d&#039;Azur Events\" \/>\n<meta property=\"og:description\" content=\"Ideally situated in the heart of Aix en Provence, surrounded by a magnificent Mediterranean garden, you will find the Aquabella Hotel. With 108 comfortable rooms, this unexpected haven is the ideal departure point for carefree strolls into the town that C\u00e9zanne held so dear. Our charming hotel, open 24\/7 all year round, promises you a [&hellip;]\" \/>\n<meta property=\"og:url\" content=\"https:\/\/www.linkeus.fr\/en\/produit\/aquabella-hotel-spa-3\/\" \/>\n<meta property=\"og:site_name\" content=\"Linkeus Provence C\u00f4te d&#039;Azur Events\" \/>\n<meta property=\"article:publisher\" content=\"https:\/\/www.facebook.com\/ProvenceCotedAzurEvents\" \/>\n<meta property=\"og:image\" content=\"https:\/\/www.linkeus.fr\/wp-content\/uploads\/2021\/07\/pce-image-resaux-sociaux-scaled.jpg\" \/>\n\t<meta property=\"og:image:width\" content=\"2560\" \/>\n\t<meta property=\"og:image:height\" content=\"1204\" \/>\n\t<meta property=\"og:image:type\" content=\"image\/jpeg\" \/>\n<meta name=\"twitter:card\" content=\"summary_large_image\" \/>\n<meta name=\"twitter:label1\" content=\"Est. reading time\" \/>\n\t<meta name=\"twitter:data1\" content=\"1 minute\" \/>\n<script type=\"application\/ld+json\" class=\"yoast-schema-graph\">{\"@context\":\"https:\/\/schema.org\",\"@graph\":[{\"@type\":\"WebPage\",\"@id\":\"https:\/\/www.linkeus.fr\/en\/produit\/aquabella-hotel-spa-3\/\",\"url\":\"https:\/\/www.linkeus.fr\/en\/produit\/aquabella-hotel-spa-3\/\",\"name\":\"Aquabella H\u00f4tel &amp; Spa - Linkeus Provence C\u00f4te d&#039;Azur Events\",\"isPartOf\":{\"@id\":\"https:\/\/www.linkeus.fr\/#website\"},\"datePublished\":\"2024-12-05T14:32:15+00:00\",\"dateModified\":\"2024-12-05T14:32:15+00:00\",\"breadcrumb\":{\"@id\":\"https:\/\/www.linkeus.fr\/en\/produit\/aquabella-hotel-spa-3\/#breadcrumb\"},\"inLanguage\":\"en-US\",\"potentialAction\":[{\"@type\":\"ReadAction\",\"target\":[\"https:\/\/www.linkeus.fr\/en\/produit\/aquabella-hotel-spa-3\/\"]}]},{\"@type\":\"BreadcrumbList\",\"@id\":\"https:\/\/www.linkeus.fr\/en\/produit\/aquabella-hotel-spa-3\/#breadcrumb\",\"itemListElement\":[{\"@type\":\"ListItem\",\"position\":1,\"name\":\"Accueil\",\"item\":\"https:\/\/www.linkeus.fr\/en\/\"},{\"@type\":\"ListItem\",\"position\":2,\"name\":\"Produits\",\"item\":\"https:\/\/www.linkeus.fr\/shop\/\"},{\"@type\":\"ListItem\",\"position\":3,\"name\":\"Aquabella H\u00f4tel &amp; Spa\"}]},{\"@type\":\"WebSite\",\"@id\":\"https:\/\/www.linkeus.fr\/#website\",\"url\":\"https:\/\/www.linkeus.fr\/\",\"name\":\"Linkeus Provence C\u00f4te d&#039;Azur Events\",\"description\":\"Le bureau des congr\u00e8s regional : l&#039;interlocuteur privil\u00e9gi\u00e9 pour l&#039;organisation de vos \u00e9v\u00e8nements professionnels en Provence Alpes C\u00f4te d&#039;Azur\",\"publisher\":{\"@id\":\"https:\/\/www.linkeus.fr\/#organization\"},\"potentialAction\":[{\"@type\":\"SearchAction\",\"target\":{\"@type\":\"EntryPoint\",\"urlTemplate\":\"https:\/\/www.linkeus.fr\/?s={search_term_string}\"},\"query-input\":{\"@type\":\"PropertyValueSpecification\",\"valueRequired\":true,\"valueName\":\"search_term_string\"}}],\"inLanguage\":\"en-US\"},{\"@type\":\"Organization\",\"@id\":\"https:\/\/www.linkeus.fr\/#organization\",\"name\":\"Linkeus Provence C\u00f4te d&#039;Azur Events\",\"url\":\"https:\/\/www.linkeus.fr\/\",\"logo\":{\"@type\":\"ImageObject\",\"inLanguage\":\"en-US\",\"@id\":\"https:\/\/www.linkeus.fr\/#\/schema\/logo\/image\/\",\"url\":\"https:\/\/www.linkeus.fr\/wp-content\/uploads\/2022\/09\/log-linkeus290.png\",\"contentUrl\":\"https:\/\/www.linkeus.fr\/wp-content\/uploads\/2022\/09\/log-linkeus290.png\",\"width\":290,\"height\":100,\"caption\":\"Linkeus Provence C\u00f4te d&#039;Azur Events\"},\"image\":{\"@id\":\"https:\/\/www.linkeus.fr\/#\/schema\/logo\/image\/\"},\"sameAs\":[\"https:\/\/www.facebook.com\/ProvenceCotedAzurEvents\"]}]}<\/script>\n<!-- \/ Yoast SEO plugin. -->","yoast_head_json":{"title":"Aquabella H\u00f4tel &amp; Spa - Linkeus Provence C\u00f4te d&#039;Azur Events","robots":{"index":"index","follow":"follow","max-snippet":"max-snippet:-1","max-image-preview":"max-image-preview:large","max-video-preview":"max-video-preview:-1"},"canonical":"https:\/\/www.linkeus.fr\/en\/produit\/aquabella-hotel-spa-3\/","og_locale":"en_US","og_type":"article","og_title":"Aquabella H\u00f4tel &amp; Spa - Linkeus Provence C\u00f4te d&#039;Azur Events","og_description":"Ideally situated in the heart of Aix en Provence, surrounded by a magnificent Mediterranean garden, you will find the Aquabella Hotel. With 108 comfortable rooms, this unexpected haven is the ideal departure point for carefree strolls into the town that C\u00e9zanne held so dear. Our charming hotel, open 24\/7 all year round, promises you a [&hellip;]","og_url":"https:\/\/www.linkeus.fr\/en\/produit\/aquabella-hotel-spa-3\/","og_site_name":"Linkeus Provence C\u00f4te d&#039;Azur Events","article_publisher":"https:\/\/www.facebook.com\/ProvenceCotedAzurEvents","og_image":[{"width":2560,"height":1204,"url":"https:\/\/www.linkeus.fr\/wp-content\/uploads\/2021\/07\/pce-image-resaux-sociaux-scaled.jpg","type":"image\/jpeg"}],"twitter_card":"summary_large_image","twitter_misc":{"Est. reading time":"1 minute"},"schema":{"@context":"https:\/\/schema.org","@graph":[{"@type":"WebPage","@id":"https:\/\/www.linkeus.fr\/en\/produit\/aquabella-hotel-spa-3\/","url":"https:\/\/www.linkeus.fr\/en\/produit\/aquabella-hotel-spa-3\/","name":"Aquabella H\u00f4tel &amp; Spa - Linkeus Provence C\u00f4te d&#039;Azur Events","isPartOf":{"@id":"https:\/\/www.linkeus.fr\/#website"},"datePublished":"2024-12-05T14:32:15+00:00","dateModified":"2024-12-05T14:32:15+00:00","breadcrumb":{"@id":"https:\/\/www.linkeus.fr\/en\/produit\/aquabella-hotel-spa-3\/#breadcrumb"},"inLanguage":"en-US","potentialAction":[{"@type":"ReadAction","target":["https:\/\/www.linkeus.fr\/en\/produit\/aquabella-hotel-spa-3\/"]}]},{"@type":"BreadcrumbList","@id":"https:\/\/www.linkeus.fr\/en\/produit\/aquabella-hotel-spa-3\/#breadcrumb","itemListElement":[{"@type":"ListItem","position":1,"name":"Accueil","item":"https:\/\/www.linkeus.fr\/en\/"},{"@type":"ListItem","position":2,"name":"Produits","item":"https:\/\/www.linkeus.fr\/shop\/"},{"@type":"ListItem","position":3,"name":"Aquabella H\u00f4tel &amp; Spa"}]},{"@type":"WebSite","@id":"https:\/\/www.linkeus.fr\/#website","url":"https:\/\/www.linkeus.fr\/","name":"Linkeus Provence C\u00f4te d&#039;Azur Events","description":"Le bureau des congr\u00e8s regional : l&#039;interlocuteur privil\u00e9gi\u00e9 pour l&#039;organisation de vos \u00e9v\u00e8nements professionnels en Provence Alpes C\u00f4te d&#039;Azur","publisher":{"@id":"https:\/\/www.linkeus.fr\/#organization"},"potentialAction":[{"@type":"SearchAction","target":{"@type":"EntryPoint","urlTemplate":"https:\/\/www.linkeus.fr\/?s={search_term_string}"},"query-input":{"@type":"PropertyValueSpecification","valueRequired":true,"valueName":"search_term_string"}}],"inLanguage":"en-US"},{"@type":"Organization","@id":"https:\/\/www.linkeus.fr\/#organization","name":"Linkeus Provence C\u00f4te d&#039;Azur Events","url":"https:\/\/www.linkeus.fr\/","logo":{"@type":"ImageObject","inLanguage":"en-US","@id":"https:\/\/www.linkeus.fr\/#\/schema\/logo\/image\/","url":"https:\/\/www.linkeus.fr\/wp-content\/uploads\/2022\/09\/log-linkeus290.png","contentUrl":"https:\/\/www.linkeus.fr\/wp-content\/uploads\/2022\/09\/log-linkeus290.png","width":290,"height":100,"caption":"Linkeus Provence C\u00f4te d&#039;Azur Events"},"image":{"@id":"https:\/\/www.linkeus.fr\/#\/schema\/logo\/image\/"},"sameAs":["https:\/\/www.facebook.com\/ProvenceCotedAzurEvents"]}]}},"_links":{"self":[{"href":"https:\/\/www.linkeus.fr\/en\/wp-json\/wp\/v2\/product\/28122","targetHints":{"allow":["GET"]}}],"collection":[{"href":"https:\/\/www.linkeus.fr\/en\/wp-json\/wp\/v2\/product"}],"about":[{"href":"https:\/\/www.linkeus.fr\/en\/wp-json\/wp\/v2\/types\/product"}],"replies":[{"embeddable":true,"href":"https:\/\/www.linkeus.fr\/en\/wp-json\/wp\/v2\/comments?post=28122"}],"wp:attachment":[{"href":"https:\/\/www.linkeus.fr\/en\/wp-json\/wp\/v2\/media?parent=28122"}],"wp:term":[{"taxonomy":"product_cat","embeddable":true,"href":"https:\/\/www.linkeus.fr\/en\/wp-json\/wp\/v2\/product_cat?post=28122"},{"taxonomy":"product_tag","embeddable":true,"href":"https:\/\/www.linkeus.fr\/en\/wp-json\/wp\/v2\/product_tag?post=28122"}],"curies":[{"name":"wp","href":"https:\/\/api.w.org\/{rel}","templated":true}]}}