{"id":28009,"date":"2024-11-13T16:53:33","date_gmt":"2024-11-13T15:53:33","guid":{"rendered":"https:\/\/www.linkeus.fr\/produit\/toulon-convention-centre-palais-neptune-3\/"},"modified":"2024-11-13T16:53:33","modified_gmt":"2024-11-13T15:53:33","slug":"toulon-convention-centre-palais-neptune-3","status":"publish","type":"product","link":"https:\/\/www.linkeus.fr\/en\/produit\/toulon-convention-centre-palais-neptune-3\/","title":{"rendered":"Toulon Convention centre Palais Neptune"},"content":{"rendered":"<p>Dynamic and lively, Toulon is the epitome of Provence and the C\u00f4te d&#8217;Azur. A coastal city, it is home to the most beautiful harbor in Europe. Protected by the Mediterranean Sea on one side and the Monts Toulonnais on the other, it offers visitors a panoramic area and a privileged terrain for discovery.<\/p>\n<p>&nbsp;<\/p>\n<h2><b>Organizing a congress in Toulon means taking advantage of an arsenal of tourist and cultural attractions<\/b><\/h2>\n<p>Toulon is a city on a human scale, where a high-tech economy coexists perfectly with a peaceful Mediterranean lifestyle. It combines two territorial identities: the sparkle of the C\u00f4te d&#8217;Azur and the Provencal art of living.<br \/>\nIn Toulon, we preserve our natural heritage and art of living to offer your delegates.<\/p>\n<p>&nbsp;<\/p>\n<h2><b>Toulon masters the diversity of its economic assets:<\/b><\/h2>\n<p>&#8211; The Toulon Convention Center has established itself as a synergistic platform for companies and key accounts from the Provence-Alpes-C\u00f4te d&#8217;Azur region.<\/p>\n<p>&#8211; The P\u00f4le M\u00e9diterran\u00e9e (a world-class competitive cluster) combines human and technical skills in maritime safety and sustainable development of the sea and coastline.<\/p>\n<p>&#8211; Toulon is France&#8217;s leading military port and<sup>2nd<\/sup> in terms of passenger flows to Corsica.<\/p>\n<p>&nbsp;<\/p>\n<h2><b>Organizing a convention in Toulon is a winning strategy<\/b><\/h2>\n<p>All year round, Toulon offers a rich program of activities and events, contributing to the local dynamism in every season.<\/p>\n<p>As evidenced by the city&#8217;s sports label, Toulon stands out for its sporting values, with more than 130 infrastructures adapted to all sports. Sportsmanship transcends itself in the mythical Stade F\u00e9lix Mayol, the temple of rugby and its flagship RCT team. Where the \u201cpilou-pilou\u201d of its ardent supporters is united in one voice! The passage of the Olympic torch also created a stir in May 2024, with a host of festivities.<\/p>\n<p>The Palais des Congr\u00e8s Neptune is the ideal venue for a wide range of professional meetings, with bright, modular rooms surrounding a vast tree-lined atrium. The three levels are served by a panoramic elevator, escalators and a marble staircase.<\/p>\n<p>&nbsp;<\/p>\n<h2><b>Five key points for your convention in Toulon :<\/b><\/h2>\n<ul>\n<li>Walking distance: SNCF train station, hotels, port, shops, museums, Opera, Th\u00e9\u00e2tre Libert\u00e9, etc.<\/li>\n<li>A blend of wood, glass and stainless steel, the architectural universe of the Palais Neptune stands out for its atypical structure, spanning 3 levels and 2,500<sup>m2<\/sup><span style=\"font-size: 16px;\"> of usable floor space.\n<p><\/span><\/li>\n<li>The Palais Neptune&#8217;s 11 modular meeting rooms can accommodate audiences of up to 300, while its 800-seat auditorium can accommodate up to 100 people. In trade-show configuration, the Palais can accommodate up to 120 <sup>6m2<\/sup><span style=\"font-size: 16px;\"> stands.<br \/>\n<\/span>Overall, the Palais des Congr\u00e8s Neptune can simultaneously accommodate up to 1,000 people in its modular rooms and 2,000 visitors in its open spaces.<\/li>\n<li>Catering: up to 1,000 guests for cocktails. Panoramic restaurant: 450 seated guests and 500 cocktail guests<\/li>\n<li>Gala evenings on the Port of Toulon, at Cap Brun, overlooking the Mediterranean, or in a Provencal mas, to the song of the cicadas.<\/li>\n<\/ul>\n<p><span style=\"text-decoration: underline;\">Our Plus:<\/span> Support and coordination of your event by a proactive team who give meaning to the word \u201cservice\u201d.<\/p>\n<p><em>Download <a href=\"https:\/\/drive.google.com\/file\/d\/1GiOsqbS-Sn3i4JrIe14XRIYSIs9l_GJ0\/view?usp=sharing\">the Palais Neptune Toulon brochure<\/a> in pdf format.<\/em><\/p>\n<p>&nbsp;<\/p>\n<p><span style=\"text-decoration: underline;\"><strong>Accommodation:<\/strong><\/span> 800 rooms available downtown<\/p>\n<p><span style=\"text-decoration: underline;\"><strong>Train:<\/strong><\/span> 10-minute walk from Palais des Congr\u00e8s Neptune and 4h00 from Paris by direct train.<\/p>\n<p><span style=\"text-decoration: underline;\"><strong>Toulon-Hy\u00e8res airport<\/strong><\/span> 15 km away. Marseille-Provence international airport 100 km, Nice C\u00f4te d&#8217;Azur international airport 150 km.<\/p>\n<p>Numerous underground parking lots nearby.<\/p>\n<p>ISO 20121 certification in progress.<\/p>\n<p>&nbsp;<\/p>\n","protected":false},"excerpt":{"rendered":"<p>Dynamic and lively, Toulon is the epitome of Provence and the C\u00f4te d&#8217;Azur. A coastal city, it is home to the most beautiful harbor in Europe. Protected by the Mediterranean Sea on one side and the Monts Toulonnais on the other, it offers visitors a panoramic area and a privileged terrain for discovery. &nbsp; Organizing [&hellip;]<\/p>\n","protected":false},"featured_media":0,"comment_status":"closed","ping_status":"closed","template":"","meta":{"inline_featured_image":false},"product_cat":[],"product_tag":[],"class_list":{"0":"post-28009","1":"product","2":"type-product","3":"status-publish","6":"first","7":"instock","8":"virtual","9":"sold-individually","10":"purchasable","11":"product-type-listing_booking"},"yoast_head":"<!-- This site is optimized with the Yoast SEO plugin v24.0 - https:\/\/yoast.com\/wordpress\/plugins\/seo\/ -->\n<title>Toulon Convention centre Palais Neptune - Linkeus Provence C\u00f4te d&#039;Azur Events<\/title>\n<meta name=\"robots\" content=\"index, follow, max-snippet:-1, max-image-preview:large, max-video-preview:-1\" \/>\n<link rel=\"canonical\" href=\"https:\/\/www.linkeus.fr\/en\/produit\/toulon-convention-centre-palais-neptune-3\/\" \/>\n<meta property=\"og:locale\" content=\"en_US\" \/>\n<meta property=\"og:type\" content=\"article\" \/>\n<meta property=\"og:title\" content=\"Toulon Convention centre Palais Neptune - Linkeus Provence C\u00f4te d&#039;Azur Events\" \/>\n<meta property=\"og:description\" content=\"Dynamic and lively, Toulon is the epitome of Provence and the C\u00f4te d&#8217;Azur. A coastal city, it is home to the most beautiful harbor in Europe. Protected by the Mediterranean Sea on one side and the Monts Toulonnais on the other, it offers visitors a panoramic area and a privileged terrain for discovery. &nbsp; Organizing [&hellip;]\" \/>\n<meta property=\"og:url\" content=\"https:\/\/www.linkeus.fr\/en\/produit\/toulon-convention-centre-palais-neptune-3\/\" \/>\n<meta property=\"og:site_name\" content=\"Linkeus Provence C\u00f4te d&#039;Azur Events\" \/>\n<meta property=\"article:publisher\" content=\"https:\/\/www.facebook.com\/ProvenceCotedAzurEvents\" \/>\n<meta property=\"og:image\" content=\"https:\/\/www.linkeus.fr\/wp-content\/uploads\/2021\/07\/pce-image-resaux-sociaux-scaled.jpg\" \/>\n\t<meta property=\"og:image:width\" content=\"2560\" \/>\n\t<meta property=\"og:image:height\" content=\"1204\" \/>\n\t<meta property=\"og:image:type\" content=\"image\/jpeg\" \/>\n<meta name=\"twitter:card\" content=\"summary_large_image\" \/>\n<meta name=\"twitter:label1\" content=\"Est. reading time\" \/>\n\t<meta name=\"twitter:data1\" content=\"3 minutes\" \/>\n<script type=\"application\/ld+json\" class=\"yoast-schema-graph\">{\"@context\":\"https:\/\/schema.org\",\"@graph\":[{\"@type\":\"WebPage\",\"@id\":\"https:\/\/www.linkeus.fr\/en\/produit\/toulon-convention-centre-palais-neptune-3\/\",\"url\":\"https:\/\/www.linkeus.fr\/en\/produit\/toulon-convention-centre-palais-neptune-3\/\",\"name\":\"Toulon Convention centre Palais Neptune - Linkeus Provence C\u00f4te d&#039;Azur Events\",\"isPartOf\":{\"@id\":\"https:\/\/www.linkeus.fr\/#website\"},\"datePublished\":\"2024-11-13T15:53:33+00:00\",\"dateModified\":\"2024-11-13T15:53:33+00:00\",\"breadcrumb\":{\"@id\":\"https:\/\/www.linkeus.fr\/en\/produit\/toulon-convention-centre-palais-neptune-3\/#breadcrumb\"},\"inLanguage\":\"en-US\",\"potentialAction\":[{\"@type\":\"ReadAction\",\"target\":[\"https:\/\/www.linkeus.fr\/en\/produit\/toulon-convention-centre-palais-neptune-3\/\"]}]},{\"@type\":\"BreadcrumbList\",\"@id\":\"https:\/\/www.linkeus.fr\/en\/produit\/toulon-convention-centre-palais-neptune-3\/#breadcrumb\",\"itemListElement\":[{\"@type\":\"ListItem\",\"position\":1,\"name\":\"Accueil\",\"item\":\"https:\/\/www.linkeus.fr\/en\/\"},{\"@type\":\"ListItem\",\"position\":2,\"name\":\"Produits\",\"item\":\"https:\/\/www.linkeus.fr\/shop\/\"},{\"@type\":\"ListItem\",\"position\":3,\"name\":\"Toulon Convention centre Palais Neptune\"}]},{\"@type\":\"WebSite\",\"@id\":\"https:\/\/www.linkeus.fr\/#website\",\"url\":\"https:\/\/www.linkeus.fr\/\",\"name\":\"Linkeus Provence C\u00f4te d&#039;Azur Events\",\"description\":\"Le bureau des congr\u00e8s regional : l&#039;interlocuteur privil\u00e9gi\u00e9 pour l&#039;organisation de vos \u00e9v\u00e8nements professionnels en Provence Alpes C\u00f4te d&#039;Azur\",\"publisher\":{\"@id\":\"https:\/\/www.linkeus.fr\/#organization\"},\"potentialAction\":[{\"@type\":\"SearchAction\",\"target\":{\"@type\":\"EntryPoint\",\"urlTemplate\":\"https:\/\/www.linkeus.fr\/?s={search_term_string}\"},\"query-input\":{\"@type\":\"PropertyValueSpecification\",\"valueRequired\":true,\"valueName\":\"search_term_string\"}}],\"inLanguage\":\"en-US\"},{\"@type\":\"Organization\",\"@id\":\"https:\/\/www.linkeus.fr\/#organization\",\"name\":\"Linkeus Provence C\u00f4te d&#039;Azur Events\",\"url\":\"https:\/\/www.linkeus.fr\/\",\"logo\":{\"@type\":\"ImageObject\",\"inLanguage\":\"en-US\",\"@id\":\"https:\/\/www.linkeus.fr\/#\/schema\/logo\/image\/\",\"url\":\"https:\/\/www.linkeus.fr\/wp-content\/uploads\/2022\/09\/log-linkeus290.png\",\"contentUrl\":\"https:\/\/www.linkeus.fr\/wp-content\/uploads\/2022\/09\/log-linkeus290.png\",\"width\":290,\"height\":100,\"caption\":\"Linkeus Provence C\u00f4te d&#039;Azur Events\"},\"image\":{\"@id\":\"https:\/\/www.linkeus.fr\/#\/schema\/logo\/image\/\"},\"sameAs\":[\"https:\/\/www.facebook.com\/ProvenceCotedAzurEvents\"]}]}<\/script>\n<!-- \/ Yoast SEO plugin. -->","yoast_head_json":{"title":"Toulon Convention centre Palais Neptune - Linkeus Provence C\u00f4te d&#039;Azur Events","robots":{"index":"index","follow":"follow","max-snippet":"max-snippet:-1","max-image-preview":"max-image-preview:large","max-video-preview":"max-video-preview:-1"},"canonical":"https:\/\/www.linkeus.fr\/en\/produit\/toulon-convention-centre-palais-neptune-3\/","og_locale":"en_US","og_type":"article","og_title":"Toulon Convention centre Palais Neptune - Linkeus Provence C\u00f4te d&#039;Azur Events","og_description":"Dynamic and lively, Toulon is the epitome of Provence and the C\u00f4te d&#8217;Azur. A coastal city, it is home to the most beautiful harbor in Europe. Protected by the Mediterranean Sea on one side and the Monts Toulonnais on the other, it offers visitors a panoramic area and a privileged terrain for discovery. &nbsp; Organizing [&hellip;]","og_url":"https:\/\/www.linkeus.fr\/en\/produit\/toulon-convention-centre-palais-neptune-3\/","og_site_name":"Linkeus Provence C\u00f4te d&#039;Azur Events","article_publisher":"https:\/\/www.facebook.com\/ProvenceCotedAzurEvents","og_image":[{"width":2560,"height":1204,"url":"https:\/\/www.linkeus.fr\/wp-content\/uploads\/2021\/07\/pce-image-resaux-sociaux-scaled.jpg","type":"image\/jpeg"}],"twitter_card":"summary_large_image","twitter_misc":{"Est. reading time":"3 minutes"},"schema":{"@context":"https:\/\/schema.org","@graph":[{"@type":"WebPage","@id":"https:\/\/www.linkeus.fr\/en\/produit\/toulon-convention-centre-palais-neptune-3\/","url":"https:\/\/www.linkeus.fr\/en\/produit\/toulon-convention-centre-palais-neptune-3\/","name":"Toulon Convention centre Palais Neptune - Linkeus Provence C\u00f4te d&#039;Azur Events","isPartOf":{"@id":"https:\/\/www.linkeus.fr\/#website"},"datePublished":"2024-11-13T15:53:33+00:00","dateModified":"2024-11-13T15:53:33+00:00","breadcrumb":{"@id":"https:\/\/www.linkeus.fr\/en\/produit\/toulon-convention-centre-palais-neptune-3\/#breadcrumb"},"inLanguage":"en-US","potentialAction":[{"@type":"ReadAction","target":["https:\/\/www.linkeus.fr\/en\/produit\/toulon-convention-centre-palais-neptune-3\/"]}]},{"@type":"BreadcrumbList","@id":"https:\/\/www.linkeus.fr\/en\/produit\/toulon-convention-centre-palais-neptune-3\/#breadcrumb","itemListElement":[{"@type":"ListItem","position":1,"name":"Accueil","item":"https:\/\/www.linkeus.fr\/en\/"},{"@type":"ListItem","position":2,"name":"Produits","item":"https:\/\/www.linkeus.fr\/shop\/"},{"@type":"ListItem","position":3,"name":"Toulon Convention centre Palais Neptune"}]},{"@type":"WebSite","@id":"https:\/\/www.linkeus.fr\/#website","url":"https:\/\/www.linkeus.fr\/","name":"Linkeus Provence C\u00f4te d&#039;Azur Events","description":"Le bureau des congr\u00e8s regional : l&#039;interlocuteur privil\u00e9gi\u00e9 pour l&#039;organisation de vos \u00e9v\u00e8nements professionnels en Provence Alpes C\u00f4te d&#039;Azur","publisher":{"@id":"https:\/\/www.linkeus.fr\/#organization"},"potentialAction":[{"@type":"SearchAction","target":{"@type":"EntryPoint","urlTemplate":"https:\/\/www.linkeus.fr\/?s={search_term_string}"},"query-input":{"@type":"PropertyValueSpecification","valueRequired":true,"valueName":"search_term_string"}}],"inLanguage":"en-US"},{"@type":"Organization","@id":"https:\/\/www.linkeus.fr\/#organization","name":"Linkeus Provence C\u00f4te d&#039;Azur Events","url":"https:\/\/www.linkeus.fr\/","logo":{"@type":"ImageObject","inLanguage":"en-US","@id":"https:\/\/www.linkeus.fr\/#\/schema\/logo\/image\/","url":"https:\/\/www.linkeus.fr\/wp-content\/uploads\/2022\/09\/log-linkeus290.png","contentUrl":"https:\/\/www.linkeus.fr\/wp-content\/uploads\/2022\/09\/log-linkeus290.png","width":290,"height":100,"caption":"Linkeus Provence C\u00f4te d&#039;Azur Events"},"image":{"@id":"https:\/\/www.linkeus.fr\/#\/schema\/logo\/image\/"},"sameAs":["https:\/\/www.facebook.com\/ProvenceCotedAzurEvents"]}]}},"_links":{"self":[{"href":"https:\/\/www.linkeus.fr\/en\/wp-json\/wp\/v2\/product\/28009","targetHints":{"allow":["GET"]}}],"collection":[{"href":"https:\/\/www.linkeus.fr\/en\/wp-json\/wp\/v2\/product"}],"about":[{"href":"https:\/\/www.linkeus.fr\/en\/wp-json\/wp\/v2\/types\/product"}],"replies":[{"embeddable":true,"href":"https:\/\/www.linkeus.fr\/en\/wp-json\/wp\/v2\/comments?post=28009"}],"wp:attachment":[{"href":"https:\/\/www.linkeus.fr\/en\/wp-json\/wp\/v2\/media?parent=28009"}],"wp:term":[{"taxonomy":"product_cat","embeddable":true,"href":"https:\/\/www.linkeus.fr\/en\/wp-json\/wp\/v2\/product_cat?post=28009"},{"taxonomy":"product_tag","embeddable":true,"href":"https:\/\/www.linkeus.fr\/en\/wp-json\/wp\/v2\/product_tag?post=28009"}],"curies":[{"name":"wp","href":"https:\/\/api.w.org\/{rel}","templated":true}]}}