{"id":25446,"date":"2023-07-24T11:06:49","date_gmt":"2023-07-24T09:06:49","guid":{"rendered":"https:\/\/www.linkeus.fr\/produit\/le-chateau-saint-martin-spa\/"},"modified":"2026-01-26T16:46:18","modified_gmt":"2026-01-26T15:46:18","slug":"le-chateau-saint-martin-spa","status":"publish","type":"product","link":"https:\/\/www.linkeus.fr\/en\/produit\/le-chateau-saint-martin-spa\/","title":{"rendered":"Le Ch\u00e2teau Saint-Martin &#038; Spa *****"},"content":{"rendered":"<p>Ch\u00e2teau Saint-Martin &amp; Spa is a highly prestigious events venue in the South of France. Our Vence hilltop is surrounded by uplifting views, while fresh interiors energize the atmosphere in this inspirational retreat. The Ch\u00e2teau&#8217;s 40 rooms and suites and 6 private villas can be reserved exclusively, with Michelin-starred restaurant, salons and glorious grounds.<\/p>\n<p>Our event spaces are infused with C\u00f4te d&#8217;Azur character, capturing that famous blue sky from our terraces. Enjoy a special French elegance in our salons, historic atmosphere in the Ch\u00e2teau wine cellars and the flavors of Provence amidst the ancient olive groves. Earning a Michelin star at Le Saint-Martin, Chef Jean-Luc Lefran\u00e7ois promises gastronomy will be an integral part of your event. A wine tasting dinner in ancient cellars or banquet on our terrace, all his menus are inspired by the seasons and sourced from the Riviera coast and countryside.<\/p>\n<p><u>Company culture:<\/u> The leisurely Riviera setting brings businesspeople closer together, while magnificent views from all our suites give every delegate a sense of reward. Our Event Manager devises programs, promoting creative thinking and team spirit. Proposals feature wellbeing, wine tastings and the region\u2019s rich artistic legacy.<\/p>\n<p><u>Incentives: <\/u>Michelin-starred dining, excellent wine cellars, spa and pool all make our Ch\u00e2teau a delicious reward destination. Team building events include tennis and p\u00e9tanque, painting and cooking classes, wine tastings, insightful art programmes, and helicopter trips to the Grand Prix.<\/p>\n<p><u>Car Launches<\/u>: Put your car launch in cruise control with our imaginative planners, convenient opportunities and smooth organization.<\/p>\n<p>Events can combine test drives around the circuitous scenic routes, outside our hilltop Ch\u00e2teau, with gastronomic pit stops. Welcome cocktails on our spectacular panoramic terrace, wine tastings in ancient cellars and gourmet banquets will be part of the high-class entertainments arranged for you and your team. The historic Ch\u00e2teau and gardens always make a dramatic contrast to the latest in motor engineering.<\/p>\n","protected":false},"excerpt":{"rendered":"<p>Ch\u00e2teau Saint-Martin &amp; Spa is a highly prestigious events venue in the South of France. Our Vence hilltop is surrounded by uplifting views, while fresh interiors energize the atmosphere in this inspirational retreat. The Ch\u00e2teau&#8217;s 40 rooms and suites and 6 private villas can be reserved exclusively, with Michelin-starred restaurant, salons and glorious grounds. Our [&hellip;]<\/p>\n","protected":false},"featured_media":0,"comment_status":"closed","ping_status":"closed","template":"","meta":{"inline_featured_image":false},"product_cat":[30],"product_tag":[],"class_list":{"0":"post-25446","1":"product","2":"type-product","3":"status-publish","5":"product_cat-listeo-booking","7":"first","8":"instock","9":"virtual","10":"sold-individually","11":"purchasable","12":"product-type-listing_booking"},"yoast_head":"<!-- This site is optimized with the Yoast SEO plugin v24.0 - https:\/\/yoast.com\/wordpress\/plugins\/seo\/ -->\n<title>Le Ch\u00e2teau Saint-Martin &amp; Spa ***** - Linkeus Provence C\u00f4te d&#039;Azur Events<\/title>\n<meta name=\"robots\" content=\"index, follow, max-snippet:-1, max-image-preview:large, max-video-preview:-1\" \/>\n<link rel=\"canonical\" href=\"https:\/\/www.linkeus.fr\/en\/produit\/le-chateau-saint-martin-spa\/\" \/>\n<meta property=\"og:locale\" content=\"en_US\" \/>\n<meta property=\"og:type\" content=\"article\" \/>\n<meta property=\"og:title\" content=\"Le Ch\u00e2teau Saint-Martin &amp; Spa ***** - Linkeus Provence C\u00f4te d&#039;Azur Events\" \/>\n<meta property=\"og:description\" content=\"Ch\u00e2teau Saint-Martin &amp; Spa is a highly prestigious events venue in the South of France. Our Vence hilltop is surrounded by uplifting views, while fresh interiors energize the atmosphere in this inspirational retreat. The Ch\u00e2teau&#8217;s 40 rooms and suites and 6 private villas can be reserved exclusively, with Michelin-starred restaurant, salons and glorious grounds. Our [&hellip;]\" \/>\n<meta property=\"og:url\" content=\"https:\/\/www.linkeus.fr\/en\/produit\/le-chateau-saint-martin-spa\/\" \/>\n<meta property=\"og:site_name\" content=\"Linkeus Provence C\u00f4te d&#039;Azur Events\" \/>\n<meta property=\"article:publisher\" content=\"https:\/\/www.facebook.com\/ProvenceCotedAzurEvents\" \/>\n<meta property=\"article:modified_time\" content=\"2026-01-26T15:46:18+00:00\" \/>\n<meta property=\"og:image\" content=\"https:\/\/www.linkeus.fr\/wp-content\/uploads\/2021\/07\/pce-image-resaux-sociaux-scaled.jpg\" \/>\n\t<meta property=\"og:image:width\" content=\"2560\" \/>\n\t<meta property=\"og:image:height\" content=\"1204\" \/>\n\t<meta property=\"og:image:type\" content=\"image\/jpeg\" \/>\n<meta name=\"twitter:card\" content=\"summary_large_image\" \/>\n<meta name=\"twitter:label1\" content=\"Est. reading time\" \/>\n\t<meta name=\"twitter:data1\" content=\"2 minutes\" \/>\n<script type=\"application\/ld+json\" class=\"yoast-schema-graph\">{\"@context\":\"https:\/\/schema.org\",\"@graph\":[{\"@type\":\"WebPage\",\"@id\":\"https:\/\/www.linkeus.fr\/en\/produit\/le-chateau-saint-martin-spa\/\",\"url\":\"https:\/\/www.linkeus.fr\/en\/produit\/le-chateau-saint-martin-spa\/\",\"name\":\"Le Ch\u00e2teau Saint-Martin & Spa ***** - Linkeus Provence C\u00f4te d&#039;Azur Events\",\"isPartOf\":{\"@id\":\"https:\/\/www.linkeus.fr\/#website\"},\"datePublished\":\"2023-07-24T09:06:49+00:00\",\"dateModified\":\"2026-01-26T15:46:18+00:00\",\"breadcrumb\":{\"@id\":\"https:\/\/www.linkeus.fr\/en\/produit\/le-chateau-saint-martin-spa\/#breadcrumb\"},\"inLanguage\":\"en-US\",\"potentialAction\":[{\"@type\":\"ReadAction\",\"target\":[\"https:\/\/www.linkeus.fr\/en\/produit\/le-chateau-saint-martin-spa\/\"]}]},{\"@type\":\"BreadcrumbList\",\"@id\":\"https:\/\/www.linkeus.fr\/en\/produit\/le-chateau-saint-martin-spa\/#breadcrumb\",\"itemListElement\":[{\"@type\":\"ListItem\",\"position\":1,\"name\":\"Accueil\",\"item\":\"https:\/\/www.linkeus.fr\/en\/\"},{\"@type\":\"ListItem\",\"position\":2,\"name\":\"Produits\",\"item\":\"https:\/\/www.linkeus.fr\/shop\/\"},{\"@type\":\"ListItem\",\"position\":3,\"name\":\"Le Ch\u00e2teau Saint-Martin &#038; Spa *****\"}]},{\"@type\":\"WebSite\",\"@id\":\"https:\/\/www.linkeus.fr\/#website\",\"url\":\"https:\/\/www.linkeus.fr\/\",\"name\":\"Linkeus Provence C\u00f4te d&#039;Azur Events\",\"description\":\"Le bureau des congr\u00e8s regional : l&#039;interlocuteur privil\u00e9gi\u00e9 pour l&#039;organisation de vos \u00e9v\u00e8nements professionnels en Provence Alpes C\u00f4te d&#039;Azur\",\"publisher\":{\"@id\":\"https:\/\/www.linkeus.fr\/#organization\"},\"potentialAction\":[{\"@type\":\"SearchAction\",\"target\":{\"@type\":\"EntryPoint\",\"urlTemplate\":\"https:\/\/www.linkeus.fr\/?s={search_term_string}\"},\"query-input\":{\"@type\":\"PropertyValueSpecification\",\"valueRequired\":true,\"valueName\":\"search_term_string\"}}],\"inLanguage\":\"en-US\"},{\"@type\":\"Organization\",\"@id\":\"https:\/\/www.linkeus.fr\/#organization\",\"name\":\"Linkeus Provence C\u00f4te d&#039;Azur Events\",\"url\":\"https:\/\/www.linkeus.fr\/\",\"logo\":{\"@type\":\"ImageObject\",\"inLanguage\":\"en-US\",\"@id\":\"https:\/\/www.linkeus.fr\/#\/schema\/logo\/image\/\",\"url\":\"https:\/\/www.linkeus.fr\/wp-content\/uploads\/2022\/09\/log-linkeus290.png\",\"contentUrl\":\"https:\/\/www.linkeus.fr\/wp-content\/uploads\/2022\/09\/log-linkeus290.png\",\"width\":290,\"height\":100,\"caption\":\"Linkeus Provence C\u00f4te d&#039;Azur Events\"},\"image\":{\"@id\":\"https:\/\/www.linkeus.fr\/#\/schema\/logo\/image\/\"},\"sameAs\":[\"https:\/\/www.facebook.com\/ProvenceCotedAzurEvents\"]}]}<\/script>\n<!-- \/ Yoast SEO plugin. -->","yoast_head_json":{"title":"Le Ch\u00e2teau Saint-Martin & Spa ***** - Linkeus Provence C\u00f4te d&#039;Azur Events","robots":{"index":"index","follow":"follow","max-snippet":"max-snippet:-1","max-image-preview":"max-image-preview:large","max-video-preview":"max-video-preview:-1"},"canonical":"https:\/\/www.linkeus.fr\/en\/produit\/le-chateau-saint-martin-spa\/","og_locale":"en_US","og_type":"article","og_title":"Le Ch\u00e2teau Saint-Martin & Spa ***** - Linkeus Provence C\u00f4te d&#039;Azur Events","og_description":"Ch\u00e2teau Saint-Martin &amp; Spa is a highly prestigious events venue in the South of France. Our Vence hilltop is surrounded by uplifting views, while fresh interiors energize the atmosphere in this inspirational retreat. The Ch\u00e2teau&#8217;s 40 rooms and suites and 6 private villas can be reserved exclusively, with Michelin-starred restaurant, salons and glorious grounds. Our [&hellip;]","og_url":"https:\/\/www.linkeus.fr\/en\/produit\/le-chateau-saint-martin-spa\/","og_site_name":"Linkeus Provence C\u00f4te d&#039;Azur Events","article_publisher":"https:\/\/www.facebook.com\/ProvenceCotedAzurEvents","article_modified_time":"2026-01-26T15:46:18+00:00","og_image":[{"width":2560,"height":1204,"url":"https:\/\/www.linkeus.fr\/wp-content\/uploads\/2021\/07\/pce-image-resaux-sociaux-scaled.jpg","type":"image\/jpeg"}],"twitter_card":"summary_large_image","twitter_misc":{"Est. reading time":"2 minutes"},"schema":{"@context":"https:\/\/schema.org","@graph":[{"@type":"WebPage","@id":"https:\/\/www.linkeus.fr\/en\/produit\/le-chateau-saint-martin-spa\/","url":"https:\/\/www.linkeus.fr\/en\/produit\/le-chateau-saint-martin-spa\/","name":"Le Ch\u00e2teau Saint-Martin & Spa ***** - Linkeus Provence C\u00f4te d&#039;Azur Events","isPartOf":{"@id":"https:\/\/www.linkeus.fr\/#website"},"datePublished":"2023-07-24T09:06:49+00:00","dateModified":"2026-01-26T15:46:18+00:00","breadcrumb":{"@id":"https:\/\/www.linkeus.fr\/en\/produit\/le-chateau-saint-martin-spa\/#breadcrumb"},"inLanguage":"en-US","potentialAction":[{"@type":"ReadAction","target":["https:\/\/www.linkeus.fr\/en\/produit\/le-chateau-saint-martin-spa\/"]}]},{"@type":"BreadcrumbList","@id":"https:\/\/www.linkeus.fr\/en\/produit\/le-chateau-saint-martin-spa\/#breadcrumb","itemListElement":[{"@type":"ListItem","position":1,"name":"Accueil","item":"https:\/\/www.linkeus.fr\/en\/"},{"@type":"ListItem","position":2,"name":"Produits","item":"https:\/\/www.linkeus.fr\/shop\/"},{"@type":"ListItem","position":3,"name":"Le Ch\u00e2teau Saint-Martin &#038; Spa *****"}]},{"@type":"WebSite","@id":"https:\/\/www.linkeus.fr\/#website","url":"https:\/\/www.linkeus.fr\/","name":"Linkeus Provence C\u00f4te d&#039;Azur Events","description":"Le bureau des congr\u00e8s regional : l&#039;interlocuteur privil\u00e9gi\u00e9 pour l&#039;organisation de vos \u00e9v\u00e8nements professionnels en Provence Alpes C\u00f4te d&#039;Azur","publisher":{"@id":"https:\/\/www.linkeus.fr\/#organization"},"potentialAction":[{"@type":"SearchAction","target":{"@type":"EntryPoint","urlTemplate":"https:\/\/www.linkeus.fr\/?s={search_term_string}"},"query-input":{"@type":"PropertyValueSpecification","valueRequired":true,"valueName":"search_term_string"}}],"inLanguage":"en-US"},{"@type":"Organization","@id":"https:\/\/www.linkeus.fr\/#organization","name":"Linkeus Provence C\u00f4te d&#039;Azur Events","url":"https:\/\/www.linkeus.fr\/","logo":{"@type":"ImageObject","inLanguage":"en-US","@id":"https:\/\/www.linkeus.fr\/#\/schema\/logo\/image\/","url":"https:\/\/www.linkeus.fr\/wp-content\/uploads\/2022\/09\/log-linkeus290.png","contentUrl":"https:\/\/www.linkeus.fr\/wp-content\/uploads\/2022\/09\/log-linkeus290.png","width":290,"height":100,"caption":"Linkeus Provence C\u00f4te d&#039;Azur Events"},"image":{"@id":"https:\/\/www.linkeus.fr\/#\/schema\/logo\/image\/"},"sameAs":["https:\/\/www.facebook.com\/ProvenceCotedAzurEvents"]}]}},"_links":{"self":[{"href":"https:\/\/www.linkeus.fr\/en\/wp-json\/wp\/v2\/product\/25446","targetHints":{"allow":["GET"]}}],"collection":[{"href":"https:\/\/www.linkeus.fr\/en\/wp-json\/wp\/v2\/product"}],"about":[{"href":"https:\/\/www.linkeus.fr\/en\/wp-json\/wp\/v2\/types\/product"}],"replies":[{"embeddable":true,"href":"https:\/\/www.linkeus.fr\/en\/wp-json\/wp\/v2\/comments?post=25446"}],"wp:attachment":[{"href":"https:\/\/www.linkeus.fr\/en\/wp-json\/wp\/v2\/media?parent=25446"}],"wp:term":[{"taxonomy":"product_cat","embeddable":true,"href":"https:\/\/www.linkeus.fr\/en\/wp-json\/wp\/v2\/product_cat?post=25446"},{"taxonomy":"product_tag","embeddable":true,"href":"https:\/\/www.linkeus.fr\/en\/wp-json\/wp\/v2\/product_tag?post=25446"}],"curies":[{"name":"wp","href":"https:\/\/api.w.org\/{rel}","templated":true}]}}