{"id":24973,"date":"2023-04-14T11:42:03","date_gmt":"2023-04-14T09:42:03","guid":{"rendered":"https:\/\/www.linkeus.fr\/produit\/carlton-cannes-a-regent-hotel\/"},"modified":"2026-01-19T15:21:24","modified_gmt":"2026-01-19T14:21:24","slug":"carlton-cannes-a-regent-hotel","status":"publish","type":"product","link":"https:\/\/www.linkeus.fr\/en\/produit\/carlton-cannes-a-regent-hotel\/","title":{"rendered":"Carlton Cannes a Regent Hotel"},"content":{"rendered":"<p>Advantageously positioned on the French Riviera&#8217;s La Croisette Boulevard, the Carlton Cannes, a Regent hotel, is a ravishing emblem of the C\u00f4te d&#8217;Azur. Exuding a Belle Epoque soul with ample modern twists, this lively icon fuses the lavish energy of La Croisette with a serene ambience for an unimaginable stay.<\/p>\n<p>Boasting the best seaview vistas in Cannes, recline in a refined blend of high ceilings, calm pantones, artisan fabrics and every modern luxury to soothe and inspire.<\/p>\n<p>Eight venues inspire a feast of flair and flavour for every mood. Savour the best of local French terroir, transport taste buds with Anatolian classics or relish alfresco Mediterranean fare in the iconic beach club.<\/p>\n<p>Throw open the full length windows and let the sparkling rays of the blue coast enter your own personal haven. Across 332 rooms, including 52 Suites and 37 Residences, world-renowned interior designer Tristan Auer has created a series of intimate cocoons that blend the finest Belle Epoque charm with every modern comfort.<br \/>\nThe Carlton Cannes, A Regent Hotel now has 1,800m2 subterranean Conference Centre.<br \/>\nThe Croisette Salon (765m2), complete with natural day light and an eye-catching suspended living green wall, is the biggest hotel ballroom in Cannes without columns or pillars, and has direct vehicle access making it perfect for car launches or substantial event rigging. It benefits also from an adjoining foyer of 261m2.<br \/>\nFor smaller gatherings, there are five meeting rooms (from 70 to 152m\u00b2) inspired by the Cote d\u2019Azur, all duly named after towns and villages along the coast including Cap d\u2019Antibes, Grasse, Mougins, Saint-Paul-de-Vence.<br \/>\nIn addition to the Conference Centre, the Grand Salon has been painstakingly restored to create 384m\u00b2 of luxury events space with direct views of the sea and the garden, and bold chandeliers crafted by artisans who also worked on the Palace of Versailles.<\/p>\n","protected":false},"excerpt":{"rendered":"<p>Advantageously positioned on the French Riviera&#8217;s La Croisette Boulevard, the Carlton Cannes, a Regent hotel, is a ravishing emblem of the C\u00f4te d&#8217;Azur. Exuding a Belle Epoque soul with ample modern twists, this lively icon fuses the lavish energy of La Croisette with a serene ambience for an unimaginable stay. Boasting the best seaview vistas [&hellip;]<\/p>\n","protected":false},"featured_media":0,"comment_status":"closed","ping_status":"closed","template":"","meta":{"inline_featured_image":false},"product_cat":[30],"product_tag":[],"class_list":{"0":"post-24973","1":"product","2":"type-product","3":"status-publish","5":"product_cat-listeo-booking","7":"first","8":"instock","9":"virtual","10":"sold-individually","11":"purchasable","12":"product-type-listing_booking"},"yoast_head":"<!-- This site is optimized with the Yoast SEO plugin v24.0 - https:\/\/yoast.com\/wordpress\/plugins\/seo\/ -->\n<title>Carlton Cannes a Regent Hotel - Linkeus Provence C\u00f4te d&#039;Azur Events<\/title>\n<meta name=\"robots\" content=\"index, follow, max-snippet:-1, max-image-preview:large, max-video-preview:-1\" \/>\n<link rel=\"canonical\" href=\"https:\/\/www.linkeus.fr\/en\/produit\/carlton-cannes-a-regent-hotel\/\" \/>\n<meta property=\"og:locale\" content=\"en_US\" \/>\n<meta property=\"og:type\" content=\"article\" \/>\n<meta property=\"og:title\" content=\"Carlton Cannes a Regent Hotel - Linkeus Provence C\u00f4te d&#039;Azur Events\" \/>\n<meta property=\"og:description\" content=\"Advantageously positioned on the French Riviera&#8217;s La Croisette Boulevard, the Carlton Cannes, a Regent hotel, is a ravishing emblem of the C\u00f4te d&#8217;Azur. Exuding a Belle Epoque soul with ample modern twists, this lively icon fuses the lavish energy of La Croisette with a serene ambience for an unimaginable stay. Boasting the best seaview vistas [&hellip;]\" \/>\n<meta property=\"og:url\" content=\"https:\/\/www.linkeus.fr\/en\/produit\/carlton-cannes-a-regent-hotel\/\" \/>\n<meta property=\"og:site_name\" content=\"Linkeus Provence C\u00f4te d&#039;Azur Events\" \/>\n<meta property=\"article:publisher\" content=\"https:\/\/www.facebook.com\/ProvenceCotedAzurEvents\" \/>\n<meta property=\"article:modified_time\" content=\"2026-01-19T14:21:24+00:00\" \/>\n<meta property=\"og:image\" content=\"https:\/\/www.linkeus.fr\/wp-content\/uploads\/2021\/07\/pce-image-resaux-sociaux-scaled.jpg\" \/>\n\t<meta property=\"og:image:width\" content=\"2560\" \/>\n\t<meta property=\"og:image:height\" content=\"1204\" \/>\n\t<meta property=\"og:image:type\" content=\"image\/jpeg\" \/>\n<meta name=\"twitter:card\" content=\"summary_large_image\" \/>\n<meta name=\"twitter:label1\" content=\"Est. reading time\" \/>\n\t<meta name=\"twitter:data1\" content=\"2 minutes\" \/>\n<script type=\"application\/ld+json\" class=\"yoast-schema-graph\">{\"@context\":\"https:\/\/schema.org\",\"@graph\":[{\"@type\":\"WebPage\",\"@id\":\"https:\/\/www.linkeus.fr\/en\/produit\/carlton-cannes-a-regent-hotel\/\",\"url\":\"https:\/\/www.linkeus.fr\/en\/produit\/carlton-cannes-a-regent-hotel\/\",\"name\":\"Carlton Cannes a Regent Hotel - Linkeus Provence C\u00f4te d&#039;Azur Events\",\"isPartOf\":{\"@id\":\"https:\/\/www.linkeus.fr\/#website\"},\"datePublished\":\"2023-04-14T09:42:03+00:00\",\"dateModified\":\"2026-01-19T14:21:24+00:00\",\"breadcrumb\":{\"@id\":\"https:\/\/www.linkeus.fr\/en\/produit\/carlton-cannes-a-regent-hotel\/#breadcrumb\"},\"inLanguage\":\"en-US\",\"potentialAction\":[{\"@type\":\"ReadAction\",\"target\":[\"https:\/\/www.linkeus.fr\/en\/produit\/carlton-cannes-a-regent-hotel\/\"]}]},{\"@type\":\"BreadcrumbList\",\"@id\":\"https:\/\/www.linkeus.fr\/en\/produit\/carlton-cannes-a-regent-hotel\/#breadcrumb\",\"itemListElement\":[{\"@type\":\"ListItem\",\"position\":1,\"name\":\"Accueil\",\"item\":\"https:\/\/www.linkeus.fr\/en\/\"},{\"@type\":\"ListItem\",\"position\":2,\"name\":\"Produits\",\"item\":\"https:\/\/www.linkeus.fr\/shop\/\"},{\"@type\":\"ListItem\",\"position\":3,\"name\":\"Carlton Cannes a Regent Hotel\"}]},{\"@type\":\"WebSite\",\"@id\":\"https:\/\/www.linkeus.fr\/#website\",\"url\":\"https:\/\/www.linkeus.fr\/\",\"name\":\"Linkeus Provence C\u00f4te d&#039;Azur Events\",\"description\":\"Le bureau des congr\u00e8s regional : l&#039;interlocuteur privil\u00e9gi\u00e9 pour l&#039;organisation de vos \u00e9v\u00e8nements professionnels en Provence Alpes C\u00f4te d&#039;Azur\",\"publisher\":{\"@id\":\"https:\/\/www.linkeus.fr\/#organization\"},\"potentialAction\":[{\"@type\":\"SearchAction\",\"target\":{\"@type\":\"EntryPoint\",\"urlTemplate\":\"https:\/\/www.linkeus.fr\/?s={search_term_string}\"},\"query-input\":{\"@type\":\"PropertyValueSpecification\",\"valueRequired\":true,\"valueName\":\"search_term_string\"}}],\"inLanguage\":\"en-US\"},{\"@type\":\"Organization\",\"@id\":\"https:\/\/www.linkeus.fr\/#organization\",\"name\":\"Linkeus Provence C\u00f4te d&#039;Azur Events\",\"url\":\"https:\/\/www.linkeus.fr\/\",\"logo\":{\"@type\":\"ImageObject\",\"inLanguage\":\"en-US\",\"@id\":\"https:\/\/www.linkeus.fr\/#\/schema\/logo\/image\/\",\"url\":\"https:\/\/www.linkeus.fr\/wp-content\/uploads\/2022\/09\/log-linkeus290.png\",\"contentUrl\":\"https:\/\/www.linkeus.fr\/wp-content\/uploads\/2022\/09\/log-linkeus290.png\",\"width\":290,\"height\":100,\"caption\":\"Linkeus Provence C\u00f4te d&#039;Azur Events\"},\"image\":{\"@id\":\"https:\/\/www.linkeus.fr\/#\/schema\/logo\/image\/\"},\"sameAs\":[\"https:\/\/www.facebook.com\/ProvenceCotedAzurEvents\"]}]}<\/script>\n<!-- \/ Yoast SEO plugin. -->","yoast_head_json":{"title":"Carlton Cannes a Regent Hotel - Linkeus Provence C\u00f4te d&#039;Azur Events","robots":{"index":"index","follow":"follow","max-snippet":"max-snippet:-1","max-image-preview":"max-image-preview:large","max-video-preview":"max-video-preview:-1"},"canonical":"https:\/\/www.linkeus.fr\/en\/produit\/carlton-cannes-a-regent-hotel\/","og_locale":"en_US","og_type":"article","og_title":"Carlton Cannes a Regent Hotel - Linkeus Provence C\u00f4te d&#039;Azur Events","og_description":"Advantageously positioned on the French Riviera&#8217;s La Croisette Boulevard, the Carlton Cannes, a Regent hotel, is a ravishing emblem of the C\u00f4te d&#8217;Azur. Exuding a Belle Epoque soul with ample modern twists, this lively icon fuses the lavish energy of La Croisette with a serene ambience for an unimaginable stay. Boasting the best seaview vistas [&hellip;]","og_url":"https:\/\/www.linkeus.fr\/en\/produit\/carlton-cannes-a-regent-hotel\/","og_site_name":"Linkeus Provence C\u00f4te d&#039;Azur Events","article_publisher":"https:\/\/www.facebook.com\/ProvenceCotedAzurEvents","article_modified_time":"2026-01-19T14:21:24+00:00","og_image":[{"width":2560,"height":1204,"url":"https:\/\/www.linkeus.fr\/wp-content\/uploads\/2021\/07\/pce-image-resaux-sociaux-scaled.jpg","type":"image\/jpeg"}],"twitter_card":"summary_large_image","twitter_misc":{"Est. reading time":"2 minutes"},"schema":{"@context":"https:\/\/schema.org","@graph":[{"@type":"WebPage","@id":"https:\/\/www.linkeus.fr\/en\/produit\/carlton-cannes-a-regent-hotel\/","url":"https:\/\/www.linkeus.fr\/en\/produit\/carlton-cannes-a-regent-hotel\/","name":"Carlton Cannes a Regent Hotel - Linkeus Provence C\u00f4te d&#039;Azur Events","isPartOf":{"@id":"https:\/\/www.linkeus.fr\/#website"},"datePublished":"2023-04-14T09:42:03+00:00","dateModified":"2026-01-19T14:21:24+00:00","breadcrumb":{"@id":"https:\/\/www.linkeus.fr\/en\/produit\/carlton-cannes-a-regent-hotel\/#breadcrumb"},"inLanguage":"en-US","potentialAction":[{"@type":"ReadAction","target":["https:\/\/www.linkeus.fr\/en\/produit\/carlton-cannes-a-regent-hotel\/"]}]},{"@type":"BreadcrumbList","@id":"https:\/\/www.linkeus.fr\/en\/produit\/carlton-cannes-a-regent-hotel\/#breadcrumb","itemListElement":[{"@type":"ListItem","position":1,"name":"Accueil","item":"https:\/\/www.linkeus.fr\/en\/"},{"@type":"ListItem","position":2,"name":"Produits","item":"https:\/\/www.linkeus.fr\/shop\/"},{"@type":"ListItem","position":3,"name":"Carlton Cannes a Regent Hotel"}]},{"@type":"WebSite","@id":"https:\/\/www.linkeus.fr\/#website","url":"https:\/\/www.linkeus.fr\/","name":"Linkeus Provence C\u00f4te d&#039;Azur Events","description":"Le bureau des congr\u00e8s regional : l&#039;interlocuteur privil\u00e9gi\u00e9 pour l&#039;organisation de vos \u00e9v\u00e8nements professionnels en Provence Alpes C\u00f4te d&#039;Azur","publisher":{"@id":"https:\/\/www.linkeus.fr\/#organization"},"potentialAction":[{"@type":"SearchAction","target":{"@type":"EntryPoint","urlTemplate":"https:\/\/www.linkeus.fr\/?s={search_term_string}"},"query-input":{"@type":"PropertyValueSpecification","valueRequired":true,"valueName":"search_term_string"}}],"inLanguage":"en-US"},{"@type":"Organization","@id":"https:\/\/www.linkeus.fr\/#organization","name":"Linkeus Provence C\u00f4te d&#039;Azur Events","url":"https:\/\/www.linkeus.fr\/","logo":{"@type":"ImageObject","inLanguage":"en-US","@id":"https:\/\/www.linkeus.fr\/#\/schema\/logo\/image\/","url":"https:\/\/www.linkeus.fr\/wp-content\/uploads\/2022\/09\/log-linkeus290.png","contentUrl":"https:\/\/www.linkeus.fr\/wp-content\/uploads\/2022\/09\/log-linkeus290.png","width":290,"height":100,"caption":"Linkeus Provence C\u00f4te d&#039;Azur Events"},"image":{"@id":"https:\/\/www.linkeus.fr\/#\/schema\/logo\/image\/"},"sameAs":["https:\/\/www.facebook.com\/ProvenceCotedAzurEvents"]}]}},"_links":{"self":[{"href":"https:\/\/www.linkeus.fr\/en\/wp-json\/wp\/v2\/product\/24973","targetHints":{"allow":["GET"]}}],"collection":[{"href":"https:\/\/www.linkeus.fr\/en\/wp-json\/wp\/v2\/product"}],"about":[{"href":"https:\/\/www.linkeus.fr\/en\/wp-json\/wp\/v2\/types\/product"}],"replies":[{"embeddable":true,"href":"https:\/\/www.linkeus.fr\/en\/wp-json\/wp\/v2\/comments?post=24973"}],"wp:attachment":[{"href":"https:\/\/www.linkeus.fr\/en\/wp-json\/wp\/v2\/media?parent=24973"}],"wp:term":[{"taxonomy":"product_cat","embeddable":true,"href":"https:\/\/www.linkeus.fr\/en\/wp-json\/wp\/v2\/product_cat?post=24973"},{"taxonomy":"product_tag","embeddable":true,"href":"https:\/\/www.linkeus.fr\/en\/wp-json\/wp\/v2\/product_tag?post=24973"}],"curies":[{"name":"wp","href":"https:\/\/api.w.org\/{rel}","templated":true}]}}