{"id":24121,"date":"2023-01-19T09:52:10","date_gmt":"2023-01-19T08:52:10","guid":{"rendered":"https:\/\/www.linkeus.fr\/produit\/office-de-tourisme-daix-en-provence-4\/"},"modified":"2023-01-19T09:52:10","modified_gmt":"2023-01-19T08:52:10","slug":"office-de-tourisme-daix-en-provence-4","status":"publish","type":"product","link":"https:\/\/www.linkeus.fr\/en\/produit\/office-de-tourisme-daix-en-provence-4\/","title":{"rendered":"Office de Tourisme d\u2019Aix-en-Provence"},"content":{"rendered":"<p>Inspire your business | AIX-EN-PROVENCE<\/p>\n<p>Choosing Aix-en-Provence means choosing an inspiring destination for your business event, producing the best ideas and stimulating the creativity of your teams. The city\u2019s MICE venues, its landscapes, its history and its cultural events will incite you to imagine, share and challenge each other: a selection of refined venues telling a story.<\/p>\n<p>Within easy reach (3 hours TGV high speed train from Paris; Marseille Airport at 30 minutes), the hometown of famous painter Paul Cezanne enjoys 300 days of sunshine per year. Aix-en-Provence features 3,200 rooms in more than 50 hotels of all categories. The Congress Centre is ideally situated in the city centre and hosts a 508 seats auditorium as well as 600 sqm of modular meeting &amp; reception space. Prestigious venues are available to host your events: Proven\u00e7al country houses, private mansions, ch\u00e2teaux, vineyards, cultural and artistic venues.<\/p>\n<p>The Tourist Office\u2019s MICE teams provide a wide range of services: venue finding, accommodation research, online hotel booking platform for congresses and events, business packages, incentive and teambuilding activities.<\/p>\n<p>Discover the large choice of MICE &amp; congress venues in the historic capital of Provence with its outstanding architectural and artistic heritage.<\/p>\n","protected":false},"excerpt":{"rendered":"<p>Inspire your business | AIX-EN-PROVENCE Choosing Aix-en-Provence means choosing an inspiring destination for your business event, producing the best ideas and stimulating the creativity of your teams. The city\u2019s MICE venues, its landscapes, its history and its cultural events will incite you to imagine, share and challenge each other: a selection of refined venues telling [&hellip;]<\/p>\n","protected":false},"featured_media":0,"comment_status":"closed","ping_status":"closed","template":"","meta":{"inline_featured_image":false},"product_cat":[30],"product_tag":[],"class_list":{"0":"post-24121","1":"product","2":"type-product","3":"status-publish","5":"product_cat-listeo-booking","7":"first","8":"instock","9":"virtual","10":"sold-individually","11":"purchasable","12":"product-type-listing_booking"},"yoast_head":"<!-- This site is optimized with the Yoast SEO plugin v24.0 - https:\/\/yoast.com\/wordpress\/plugins\/seo\/ -->\n<title>Office de Tourisme d\u2019Aix-en-Provence - Linkeus Provence C\u00f4te d&#039;Azur Events<\/title>\n<meta name=\"robots\" content=\"index, follow, max-snippet:-1, max-image-preview:large, max-video-preview:-1\" \/>\n<link rel=\"canonical\" href=\"https:\/\/www.linkeus.fr\/en\/produit\/office-de-tourisme-daix-en-provence-4\/\" \/>\n<meta property=\"og:locale\" content=\"en_US\" \/>\n<meta property=\"og:type\" content=\"article\" \/>\n<meta property=\"og:title\" content=\"Office de Tourisme d\u2019Aix-en-Provence - Linkeus Provence C\u00f4te d&#039;Azur Events\" \/>\n<meta property=\"og:description\" content=\"Inspire your business | AIX-EN-PROVENCE Choosing Aix-en-Provence means choosing an inspiring destination for your business event, producing the best ideas and stimulating the creativity of your teams. The city\u2019s MICE venues, its landscapes, its history and its cultural events will incite you to imagine, share and challenge each other: a selection of refined venues telling [&hellip;]\" \/>\n<meta property=\"og:url\" content=\"https:\/\/www.linkeus.fr\/en\/produit\/office-de-tourisme-daix-en-provence-4\/\" \/>\n<meta property=\"og:site_name\" content=\"Linkeus Provence C\u00f4te d&#039;Azur Events\" \/>\n<meta property=\"article:publisher\" content=\"https:\/\/www.facebook.com\/ProvenceCotedAzurEvents\" \/>\n<meta property=\"og:image\" content=\"https:\/\/www.linkeus.fr\/wp-content\/uploads\/2021\/07\/pce-image-resaux-sociaux-scaled.jpg\" \/>\n\t<meta property=\"og:image:width\" content=\"2560\" \/>\n\t<meta property=\"og:image:height\" content=\"1204\" \/>\n\t<meta property=\"og:image:type\" content=\"image\/jpeg\" \/>\n<meta name=\"twitter:card\" content=\"summary_large_image\" \/>\n<meta name=\"twitter:label1\" content=\"Est. reading time\" \/>\n\t<meta name=\"twitter:data1\" content=\"1 minute\" \/>\n<script type=\"application\/ld+json\" class=\"yoast-schema-graph\">{\"@context\":\"https:\/\/schema.org\",\"@graph\":[{\"@type\":\"WebPage\",\"@id\":\"https:\/\/www.linkeus.fr\/en\/produit\/office-de-tourisme-daix-en-provence-4\/\",\"url\":\"https:\/\/www.linkeus.fr\/en\/produit\/office-de-tourisme-daix-en-provence-4\/\",\"name\":\"Office de Tourisme d\u2019Aix-en-Provence - Linkeus Provence C\u00f4te d&#039;Azur Events\",\"isPartOf\":{\"@id\":\"https:\/\/www.linkeus.fr\/#website\"},\"datePublished\":\"2023-01-19T08:52:10+00:00\",\"dateModified\":\"2023-01-19T08:52:10+00:00\",\"breadcrumb\":{\"@id\":\"https:\/\/www.linkeus.fr\/en\/produit\/office-de-tourisme-daix-en-provence-4\/#breadcrumb\"},\"inLanguage\":\"en-US\",\"potentialAction\":[{\"@type\":\"ReadAction\",\"target\":[\"https:\/\/www.linkeus.fr\/en\/produit\/office-de-tourisme-daix-en-provence-4\/\"]}]},{\"@type\":\"BreadcrumbList\",\"@id\":\"https:\/\/www.linkeus.fr\/en\/produit\/office-de-tourisme-daix-en-provence-4\/#breadcrumb\",\"itemListElement\":[{\"@type\":\"ListItem\",\"position\":1,\"name\":\"Accueil\",\"item\":\"https:\/\/www.linkeus.fr\/en\/\"},{\"@type\":\"ListItem\",\"position\":2,\"name\":\"Produits\",\"item\":\"https:\/\/www.linkeus.fr\/shop\/\"},{\"@type\":\"ListItem\",\"position\":3,\"name\":\"Office de Tourisme d\u2019Aix-en-Provence\"}]},{\"@type\":\"WebSite\",\"@id\":\"https:\/\/www.linkeus.fr\/#website\",\"url\":\"https:\/\/www.linkeus.fr\/\",\"name\":\"Linkeus Provence C\u00f4te d&#039;Azur Events\",\"description\":\"Le bureau des congr\u00e8s regional : l&#039;interlocuteur privil\u00e9gi\u00e9 pour l&#039;organisation de vos \u00e9v\u00e8nements professionnels en Provence Alpes C\u00f4te d&#039;Azur\",\"publisher\":{\"@id\":\"https:\/\/www.linkeus.fr\/#organization\"},\"potentialAction\":[{\"@type\":\"SearchAction\",\"target\":{\"@type\":\"EntryPoint\",\"urlTemplate\":\"https:\/\/www.linkeus.fr\/?s={search_term_string}\"},\"query-input\":{\"@type\":\"PropertyValueSpecification\",\"valueRequired\":true,\"valueName\":\"search_term_string\"}}],\"inLanguage\":\"en-US\"},{\"@type\":\"Organization\",\"@id\":\"https:\/\/www.linkeus.fr\/#organization\",\"name\":\"Linkeus Provence C\u00f4te d&#039;Azur Events\",\"url\":\"https:\/\/www.linkeus.fr\/\",\"logo\":{\"@type\":\"ImageObject\",\"inLanguage\":\"en-US\",\"@id\":\"https:\/\/www.linkeus.fr\/#\/schema\/logo\/image\/\",\"url\":\"https:\/\/www.linkeus.fr\/wp-content\/uploads\/2022\/09\/log-linkeus290.png\",\"contentUrl\":\"https:\/\/www.linkeus.fr\/wp-content\/uploads\/2022\/09\/log-linkeus290.png\",\"width\":290,\"height\":100,\"caption\":\"Linkeus Provence C\u00f4te d&#039;Azur Events\"},\"image\":{\"@id\":\"https:\/\/www.linkeus.fr\/#\/schema\/logo\/image\/\"},\"sameAs\":[\"https:\/\/www.facebook.com\/ProvenceCotedAzurEvents\"]}]}<\/script>\n<!-- \/ Yoast SEO plugin. -->","yoast_head_json":{"title":"Office de Tourisme d\u2019Aix-en-Provence - Linkeus Provence C\u00f4te d&#039;Azur Events","robots":{"index":"index","follow":"follow","max-snippet":"max-snippet:-1","max-image-preview":"max-image-preview:large","max-video-preview":"max-video-preview:-1"},"canonical":"https:\/\/www.linkeus.fr\/en\/produit\/office-de-tourisme-daix-en-provence-4\/","og_locale":"en_US","og_type":"article","og_title":"Office de Tourisme d\u2019Aix-en-Provence - Linkeus Provence C\u00f4te d&#039;Azur Events","og_description":"Inspire your business | AIX-EN-PROVENCE Choosing Aix-en-Provence means choosing an inspiring destination for your business event, producing the best ideas and stimulating the creativity of your teams. The city\u2019s MICE venues, its landscapes, its history and its cultural events will incite you to imagine, share and challenge each other: a selection of refined venues telling [&hellip;]","og_url":"https:\/\/www.linkeus.fr\/en\/produit\/office-de-tourisme-daix-en-provence-4\/","og_site_name":"Linkeus Provence C\u00f4te d&#039;Azur Events","article_publisher":"https:\/\/www.facebook.com\/ProvenceCotedAzurEvents","og_image":[{"width":2560,"height":1204,"url":"https:\/\/www.linkeus.fr\/wp-content\/uploads\/2021\/07\/pce-image-resaux-sociaux-scaled.jpg","type":"image\/jpeg"}],"twitter_card":"summary_large_image","twitter_misc":{"Est. reading time":"1 minute"},"schema":{"@context":"https:\/\/schema.org","@graph":[{"@type":"WebPage","@id":"https:\/\/www.linkeus.fr\/en\/produit\/office-de-tourisme-daix-en-provence-4\/","url":"https:\/\/www.linkeus.fr\/en\/produit\/office-de-tourisme-daix-en-provence-4\/","name":"Office de Tourisme d\u2019Aix-en-Provence - Linkeus Provence C\u00f4te d&#039;Azur Events","isPartOf":{"@id":"https:\/\/www.linkeus.fr\/#website"},"datePublished":"2023-01-19T08:52:10+00:00","dateModified":"2023-01-19T08:52:10+00:00","breadcrumb":{"@id":"https:\/\/www.linkeus.fr\/en\/produit\/office-de-tourisme-daix-en-provence-4\/#breadcrumb"},"inLanguage":"en-US","potentialAction":[{"@type":"ReadAction","target":["https:\/\/www.linkeus.fr\/en\/produit\/office-de-tourisme-daix-en-provence-4\/"]}]},{"@type":"BreadcrumbList","@id":"https:\/\/www.linkeus.fr\/en\/produit\/office-de-tourisme-daix-en-provence-4\/#breadcrumb","itemListElement":[{"@type":"ListItem","position":1,"name":"Accueil","item":"https:\/\/www.linkeus.fr\/en\/"},{"@type":"ListItem","position":2,"name":"Produits","item":"https:\/\/www.linkeus.fr\/shop\/"},{"@type":"ListItem","position":3,"name":"Office de Tourisme d\u2019Aix-en-Provence"}]},{"@type":"WebSite","@id":"https:\/\/www.linkeus.fr\/#website","url":"https:\/\/www.linkeus.fr\/","name":"Linkeus Provence C\u00f4te d&#039;Azur Events","description":"Le bureau des congr\u00e8s regional : l&#039;interlocuteur privil\u00e9gi\u00e9 pour l&#039;organisation de vos \u00e9v\u00e8nements professionnels en Provence Alpes C\u00f4te d&#039;Azur","publisher":{"@id":"https:\/\/www.linkeus.fr\/#organization"},"potentialAction":[{"@type":"SearchAction","target":{"@type":"EntryPoint","urlTemplate":"https:\/\/www.linkeus.fr\/?s={search_term_string}"},"query-input":{"@type":"PropertyValueSpecification","valueRequired":true,"valueName":"search_term_string"}}],"inLanguage":"en-US"},{"@type":"Organization","@id":"https:\/\/www.linkeus.fr\/#organization","name":"Linkeus Provence C\u00f4te d&#039;Azur Events","url":"https:\/\/www.linkeus.fr\/","logo":{"@type":"ImageObject","inLanguage":"en-US","@id":"https:\/\/www.linkeus.fr\/#\/schema\/logo\/image\/","url":"https:\/\/www.linkeus.fr\/wp-content\/uploads\/2022\/09\/log-linkeus290.png","contentUrl":"https:\/\/www.linkeus.fr\/wp-content\/uploads\/2022\/09\/log-linkeus290.png","width":290,"height":100,"caption":"Linkeus Provence C\u00f4te d&#039;Azur Events"},"image":{"@id":"https:\/\/www.linkeus.fr\/#\/schema\/logo\/image\/"},"sameAs":["https:\/\/www.facebook.com\/ProvenceCotedAzurEvents"]}]}},"_links":{"self":[{"href":"https:\/\/www.linkeus.fr\/en\/wp-json\/wp\/v2\/product\/24121","targetHints":{"allow":["GET"]}}],"collection":[{"href":"https:\/\/www.linkeus.fr\/en\/wp-json\/wp\/v2\/product"}],"about":[{"href":"https:\/\/www.linkeus.fr\/en\/wp-json\/wp\/v2\/types\/product"}],"replies":[{"embeddable":true,"href":"https:\/\/www.linkeus.fr\/en\/wp-json\/wp\/v2\/comments?post=24121"}],"wp:attachment":[{"href":"https:\/\/www.linkeus.fr\/en\/wp-json\/wp\/v2\/media?parent=24121"}],"wp:term":[{"taxonomy":"product_cat","embeddable":true,"href":"https:\/\/www.linkeus.fr\/en\/wp-json\/wp\/v2\/product_cat?post=24121"},{"taxonomy":"product_tag","embeddable":true,"href":"https:\/\/www.linkeus.fr\/en\/wp-json\/wp\/v2\/product_tag?post=24121"}],"curies":[{"name":"wp","href":"https:\/\/api.w.org\/{rel}","templated":true}]}}