{"id":23979,"date":"2022-12-23T10:34:54","date_gmt":"2022-12-23T09:34:54","guid":{"rendered":"https:\/\/www.linkeus.fr\/produit\/aix-marseille-provence-convention-bureau-6\/"},"modified":"2022-12-23T10:34:54","modified_gmt":"2022-12-23T09:34:54","slug":"aix-marseille-provence-convention-bureau-6","status":"publish","type":"product","link":"https:\/\/www.linkeus.fr\/en\/produit\/aix-marseille-provence-convention-bureau-6\/","title":{"rendered":"Aix Marseille Provence Convention Bureau"},"content":{"rendered":"<p>The second largest city in France, backed by the Grand Port Maritime de Marseille Fos, the largest port in the Mediterranean and connected to a dense network of facilities and logistics platforms, Aix-Marseille-Provence is more than ever a major Euro-Mediterranean centre for decision-making, trade and services at the world level, and has made professional meetings one of the key areas of its economic development.<\/p>\n<p>300 days of sunshine a year, protected natural areas: Calanques National Park, the only interurban park in Europe, 57 kilometers of coastline and hills such as the Garlaban and the Sainte-Victoire mountain. A land of international cultural and sporting events, Aix-Marseille Provence is developing and improving its offer with new sites and facilities for hosting &#8220;Lyric Art in Aix-en-Provence&#8221; festivals and the 2024 Olympic Games in Marseille.<\/p>\n<p>Economic field<\/p>\n<p>International Metropolis, \u201cEurom\u00e9diterran\u00e9e\u201d, largest business centre in southern Europe.<br \/>\nMarseille-Fos, 1<sup>st<\/sup> port of France, 3rd oil port in the world, 1st cruise ship port\u00a0 in\u00a0 Mediterranean.<br \/>\nLeader in the aeronautic industry with Airbus Eurocopter Company. 14000 shops and 4500 downtown: a trendy city.<\/p>\n<p>The successful fusion between the 3 universities Aix-Marseille makes Marseille the first French-speaking University in the world with 75000 students.<br \/>\nSecond public scientific and research centre in France with 7700 researchers and 130 laboratories<\/p>\n<p>4 labeled French tech sites, a fast-growing startup network, 7 000 companies, 40 000 jobs generated.<br \/>\nInterxion, the giant European data center, chose Marseille to develop connectivity. In order to improve the movie industry, the city created the \u201cBureau du Cin\u00e9ma\u201d in 1996. The organization monitors industry trends and provides project assistance: a motion capture studio and special effects at the Belle de Mai Media Hub. 2nd film making destination in France with 385 film shoots.<\/p>\n<p>3rd University Hospital Centre of France, Marseille plays a key role in maintaining France\u2019s international standing in terms of medical excellence. The country\u2019s reputation is founded on its highly skilled practitioners and healthcare teams, the quality of its technical resources, innovation and scientific and clinical research, as well as the provision of universal health care.<\/p>\n<p>Marseille is also a city undergoing a metamorphosis with Eurom\u00e9diterran\u00e9e, the largest urban renewal project in Europe, and is consolidating its attractiveness with a renovated and expanded hotel complex (9 761 rooms in 2023), the largest business district in Southern Europe. Marseille-Fos, France&#8217;s leading port, the world&#8217;s 3rd largest oil port and France&#8217;s leading cruise port in the Mediterranean.<\/p>\n<p>Leader in aeronautics, notably with Airbus Eurocopter. 14,000 shops including 4,500 in the hypercentre, a lively and festive place to live.<\/p>\n<p>Second French city for public research and world-renowned in health: second French centre for clinical trials and oncology, Marseille is home to the Immunop\u00f4le cluster, along with the IHU M\u00e9diterran\u00e9e Infection and Gyptis, the largest research institute for rare diseases.<\/p>\n<p>Marseille has become a major hub for submarine backbone lines carrying optical fibers to link European content operators to the rest of the world (Americas, China, India, Africa). Major data centers are being set up in the city to host their customers&#8217; servers (the GAFA are already there). A context that echoes one of the flagship sectors of the metropolis: digital, labeled French Tech. Aeronautics, maritime transport and logistics, energy, water and the environment, the art of living and tourism are promising sectors for Marseille&#8217;s growth.<\/p>\n<ul>\n<li>Healthcare<\/li>\n<\/ul>\n<p>A world class recognized experience in innovating therapies. 2nd French lab in clinical trials and cancerology. Marseille Immunopole, French immunology cluster.<\/p>\n<ul>\n<li>Audiovisuel Digital &amp; Creative Industries<\/li>\n<\/ul>\n<p>A hyper-connected metropolis with the largest Internet backbone in Southern Europe<\/p>\n<ul>\n<li>Mechanical &amp; Aeronautics Industry<\/li>\n<\/ul>\n<p>1st industrial sector of the metropolis and 1st mechanical centre in France after Paris Worldleader in helicopter manufacturing.<\/p>\n<ul>\n<li>Environment &amp; Energy<\/li>\n<\/ul>\n<p>1st French Marine Geothermal power station, Thalassia; 1st electricity production from biogas and World Water Council Headquarters.<\/p>\n<ul>\n<li>Marine Sector&amp; logistics<\/li>\n<\/ul>\n<p>1st French port and 1st French center for 3rd largest oil port in the world<\/p>\n<ul>\n<li>Tourisme &amp; Art of Living<\/li>\n<\/ul>\n<p>Provence, a star brand with 6 classified resorts, 7 million tourists a year, 1st French cruise port and 1st European Marina port.<\/p>\n<p>They trusted us:<\/p>\n<p><strong>SOME EVENTS HELD IN MARSEILLE IN 2021-2022<\/strong><\/p>\n<ul>\n<li>International Union for Conservation of Nature Congress &#8211; IUCN<\/li>\n<li>European Society of Paediatric Otorhinolaryngology \u2013 ESPO Congress<\/li>\n<li>European Ethylene Producers Committee \u2013 EPCC<\/li>\n<li>European Society for Stereotactic and Functional Neurosurgery \u2013 ESSFN<\/li>\n<li>World Association for Bronchology and Interventional Pulmonology<\/li>\n<li>European Coil Coating Association \u2013 ECCA<\/li>\n<li>European Emergency Number Association \u2013\u00a0EENA<\/li>\n<li>Annual Meeting and Congress of the International Commissions on Large Dams &#8211; ICOLD<\/li>\n<li>Continental European Division of the International Association for Dental Forum \u2013 IADR<\/li>\n<\/ul>\n<p><strong>UPCOMING EVENTS IN MARSEILLE 2023-2025<\/strong><\/p>\n<ul>\n<li>17<sup>th<\/sup> International Symposium on Myelodysplastic Syndromes \u2013 MDS 2023<\/li>\n<li>Congress of the Federation of European Societies of Plant Biology \u2013 FESPB<\/li>\n<li>4<sup>th<\/sup> European Conference on Pharmaceutics Exhibition<\/li>\n<li>European Congress on Clinical Neurophysiology \u2013 ECCN<\/li>\n<li>European Society of Minimally Invasive Neurological Therapy &#8211; ESMINT<\/li>\n<li>Annual Meeting of European Society for Paeditric Endocrinology \u2013 ESPE<\/li>\n<li>European Physical Society Conference on High Energy Physics &#8211; EPS-HEP 2025<\/li>\n<\/ul>\n<ul>\n<li>Marseille host city of the sailing &amp; Football events of the Olympic and Paralympic Games of 2024<\/li>\n<\/ul>\n<p>Aix-Marseille Provence Convention Bureau is part of the Tourist Office &amp; Convention Bureau and plays an active role in promoting the city, its appeal and its reputation.<br \/>\nIt federates and centralises local service providers that abide by a shared charter governing quality, hospitality and services.<br \/>\nNo matter how complex your request, all 9 members of the team are here to listen to you<br \/>\nand to advise you on every decision.<br \/>\nSo if you would like to organise a convention, symposium, seminar, meeting or incentive trip in Marseille, or support the choice of Marseille for a national or international association\u2019s event, or even share your passion for Marseille:<br \/>\nContact Aix-Marseille Provence Convention Bureau<\/p>\n<p><img decoding=\"async\" class=\"aligncenter wp-image-21229 size-medium\" src=\"https:\/\/www.linkeus.fr\/wp-content\/uploads\/2020\/08\/2020-04-16_102332-215x300.jpg\" alt=\" width=\" height=\"450\" \/><\/p>\n<p><a href=\"https:\/\/fr.calameo.com\/read\/0022434016152b176c469\">https:\/\/fr.calameo.com\/read\/0022434016152b176c469<\/a><\/p>\n<p><strong>Marseille Chanot: www.marseille-chanot.com<\/strong><\/p>\n<p>Whatever kind of event you\u2019re holding, of whatever size, Marseille Chanot offers a customised approach, with a large selection of spaces all in one place at the heart of the city. With 60,000 sq m of covered areas adn 60,000 sq of outdoor space, we have just the thing for your project. Marseille Chanot has emerged as one France\u2019s leading convention and business tourism venues.<br \/>\nConvention Centre<br \/>\nOver 100 000 sqm of indoor and outdoor areas all on one site: Marseille Chanot, after two rounds of modernization, offers 5 exhibition halls in the city centre.<br \/>\nThe Convention centre boasts 15 000 sqm on three floors surrounding an expansive and bright patio area.<br \/>\n<strong>2 auditoria : 1205 seats &amp; 426 seats<br \/>\n12 breakout rooms<br \/>\n1450 m2 modular space<br \/>\nterrace of 500 m2<br \/>\n6 halls (40 000 m2 exhibition space)<\/strong><\/p>\n<p><strong>Palais du Pharo : http:\/\/palaisdupharo.marseille.fr\/<\/strong><br \/>\nGive your event a historical edge!<br \/>\nThe Palais du Pharo is situated at the entrance to the Vieux-Port with over 500 hotel rooms in the area. It offers 7000 sqm for your convention spread over two architectural spaces : the historic palace and its modern extension.<br \/>\n4000 m2 of exhibition spaces for convention, the historical Palace (seating 10 to 300) and the contemporary extension (auditorium, seating 900), the catering area (seating 1000) and breakout rooms.<br \/>\n<strong>Auditorium with 900 seats<br \/>\nPlenary for 300 seats<br \/>\nbreakout rooms<br \/>\n1150 m2 catering hall<br \/>\n1640 m2 exhibition hall<br \/>\n2 historical lounges<\/strong><br \/>\nAn exceptional site with an amazing view<br \/>\nFacing the see and the Old Port<\/p>\n<p><strong>World Trade Centre Marseille Provence : www.wtcmp.com<\/strong><br \/>\nCity Center Vieux-Port combines accessibility with authenticity and modernity: easy access, a 1800-places public car park nearby, a 4-star hotel with 200 rooms directly linked to the Event Center where you will be welcome into new areas that have been entirely refurbished with cutting edge technologies. And all this is situated a stone&#8217;s throw from the Vieux-Port and the city&#8217;s famous tourist attractions.<br \/>\nOur 2000 m2 of fully flexible and adaptable meeting rooms are perfect for the organisation of all your formats and events: conferences, exhibitions, seminars&#8230;<br \/>\nEach professional event is a challenge that our teams will meet at your side with a range of made-to-measure services.<br \/>\nAudiovisual equipment and technical assistance<br \/>\nRestaurant-Caterer<br \/>\nHigh quality on-site accommodation: 4-star Mercure hotel<br \/>\nGala services: closure cocktail parties or gala dinners at prestigious local venues<\/p>\n<p>30th storey brandly new skyscraper: 135 m high. With 900 sqm area, high-techbusiness event.<br \/>\nUp to 250 persons for dinner and for cocktail up to 500 persons.<br \/>\nNew: 150 sq.m. of outside space \u00abthe terrace\u00bb with panoramic view of Marseille and its surroundings<br \/>\nDelivery in early 2023.<\/p>\n<p><strong>Aix en Provence Congress Center : www.aixenprovence-congres.com<\/strong><br \/>\nIdeally located in the heart of the historic capital of Provence, the modern and functional<br \/>\nAix-en-Provence Congress Centre offers various configurations, adapting to different kind of<br \/>\nprofessional events: congresses, conventions, scientific conferences, seminars, exhibitions, etc.<br \/>\nAix en Provence Convention Centre for a professional event that\u2019s 100% Provence !<\/p>\n<p><strong>Hotels Facilities : 9761 rooms<\/strong><br \/>\n<strong>5* : <\/strong>4 hotels: 364 rooms<br \/>\n<strong>4*<\/strong> : 21 h\u00f4tels : 2 348 rooms<br \/>\n<strong>3*<\/strong> : 36 h\u00f4tels \u2013 2 317 rooms<br \/>\n<strong>2*<\/strong> : 23 h\u00f4tels \u2013 1 723 rooms<br \/>\n<strong>1*<\/strong> not classified and 0 star hotels: 26 h\u00f4tels \u2013 720 rooms<br \/>\nApartment hotels : 23 pour 2 289 rooms<br \/>\nSoit : 133 h\u00f4tels \u2013 9 761 rooms<\/p>\n<p><strong>By airport<\/strong><br \/>\n133 scheduled routes, 117 destinations, 30 countries, 31 airline companies<br \/>\n21 rotations per day between Paris and Marseille in 1h 15\u2019<br \/>\n88 regular destinations<br \/>\nA shuttle running every 10\u2019 directly linking the airport to the train station<\/p>\n<p><strong>By train<\/strong>: Over 200 trains daily, 17 TGV Mediterran\u00e9e Paris\/Marseille daily<\/p>\n<p><strong>Roads<\/strong>: 3 motorways linking Spain, Italy and Northern Europe intersect in Marseille<\/p>\n<p>A wide choice of exceptional and outstanding venues, whether on a rooftop, in a museum, on an island, in the middle of vineyards, in a Provencal farmhouse, in historic and emblematic places: you will be amazed by the diversity of the offer.<\/p>\n<div style=\"width: 640px;\" class=\"wp-video\"><!--[if lt IE 9]><script>document.createElement('video');<\/script><![endif]-->\n<video class=\"wp-video-shortcode\" id=\"video-23979-1\" width=\"640\" height=\"360\" preload=\"metadata\" controls=\"controls\"><source type=\"video\/mp4\" src=\"https:\/\/www.marseille-congres.com\/sites\/default\/files\/media_videos\/office-tourisme-master_fr.mp4?_=1\" \/><a href=\"https:\/\/www.marseille-congres.com\/sites\/default\/files\/media_videos\/office-tourisme-master_fr.mp4\">https:\/\/www.marseille-congres.com\/sites\/default\/files\/media_videos\/office-tourisme-master_fr.mp4<\/a><\/video><\/div>\n","protected":false},"excerpt":{"rendered":"<p>The second largest city in France, backed by the Grand Port Maritime de Marseille Fos, the largest port in the Mediterranean and connected to a dense network of facilities and logistics platforms, Aix-Marseille-Provence is more than ever a major Euro-Mediterranean centre for decision-making, trade and services at the world level, and has made professional meetings [&hellip;]<\/p>\n","protected":false},"featured_media":0,"comment_status":"closed","ping_status":"closed","template":"","meta":{"inline_featured_image":false},"product_cat":[30],"product_tag":[],"class_list":{"0":"post-23979","1":"product","2":"type-product","3":"status-publish","5":"product_cat-listeo-booking","7":"first","8":"instock","9":"virtual","10":"sold-individually","11":"purchasable","12":"product-type-listing_booking"},"yoast_head":"<!-- This site is optimized with the Yoast SEO plugin v24.0 - https:\/\/yoast.com\/wordpress\/plugins\/seo\/ -->\n<title>Aix Marseille Provence Convention Bureau - Linkeus Provence C\u00f4te d&#039;Azur Events<\/title>\n<meta name=\"robots\" content=\"index, follow, max-snippet:-1, max-image-preview:large, max-video-preview:-1\" \/>\n<link rel=\"canonical\" href=\"https:\/\/www.linkeus.fr\/en\/produit\/aix-marseille-provence-convention-bureau-6\/\" \/>\n<meta property=\"og:locale\" content=\"en_US\" \/>\n<meta property=\"og:type\" content=\"article\" \/>\n<meta property=\"og:title\" content=\"Aix Marseille Provence Convention Bureau - Linkeus Provence C\u00f4te d&#039;Azur Events\" \/>\n<meta property=\"og:description\" content=\"The second largest city in France, backed by the Grand Port Maritime de Marseille Fos, the largest port in the Mediterranean and connected to a dense network of facilities and logistics platforms, Aix-Marseille-Provence is more than ever a major Euro-Mediterranean centre for decision-making, trade and services at the world level, and has made professional meetings [&hellip;]\" \/>\n<meta property=\"og:url\" content=\"https:\/\/www.linkeus.fr\/en\/produit\/aix-marseille-provence-convention-bureau-6\/\" \/>\n<meta property=\"og:site_name\" content=\"Linkeus Provence C\u00f4te d&#039;Azur Events\" \/>\n<meta property=\"article:publisher\" content=\"https:\/\/www.facebook.com\/ProvenceCotedAzurEvents\" \/>\n<meta property=\"og:image\" content=\"https:\/\/www.linkeus.fr\/wp-content\/uploads\/2020\/08\/2020-04-16_102332-215x300.jpg\" \/>\n<meta name=\"twitter:card\" content=\"summary_large_image\" \/>\n<meta name=\"twitter:label1\" content=\"Est. reading time\" \/>\n\t<meta name=\"twitter:data1\" content=\"8 minutes\" \/>\n<script type=\"application\/ld+json\" class=\"yoast-schema-graph\">{\"@context\":\"https:\/\/schema.org\",\"@graph\":[{\"@type\":\"WebPage\",\"@id\":\"https:\/\/www.linkeus.fr\/en\/produit\/aix-marseille-provence-convention-bureau-6\/\",\"url\":\"https:\/\/www.linkeus.fr\/en\/produit\/aix-marseille-provence-convention-bureau-6\/\",\"name\":\"Aix Marseille Provence Convention Bureau - Linkeus Provence C\u00f4te d&#039;Azur Events\",\"isPartOf\":{\"@id\":\"https:\/\/www.linkeus.fr\/#website\"},\"primaryImageOfPage\":{\"@id\":\"https:\/\/www.linkeus.fr\/en\/produit\/aix-marseille-provence-convention-bureau-6\/#primaryimage\"},\"image\":{\"@id\":\"https:\/\/www.linkeus.fr\/en\/produit\/aix-marseille-provence-convention-bureau-6\/#primaryimage\"},\"thumbnailUrl\":\"https:\/\/www.linkeus.fr\/wp-content\/uploads\/2020\/08\/2020-04-16_102332-215x300.jpg\",\"datePublished\":\"2022-12-23T09:34:54+00:00\",\"dateModified\":\"2022-12-23T09:34:54+00:00\",\"breadcrumb\":{\"@id\":\"https:\/\/www.linkeus.fr\/en\/produit\/aix-marseille-provence-convention-bureau-6\/#breadcrumb\"},\"inLanguage\":\"en-US\",\"potentialAction\":[{\"@type\":\"ReadAction\",\"target\":[\"https:\/\/www.linkeus.fr\/en\/produit\/aix-marseille-provence-convention-bureau-6\/\"]}]},{\"@type\":\"ImageObject\",\"inLanguage\":\"en-US\",\"@id\":\"https:\/\/www.linkeus.fr\/en\/produit\/aix-marseille-provence-convention-bureau-6\/#primaryimage\",\"url\":\"https:\/\/www.linkeus.fr\/wp-content\/uploads\/2020\/08\/2020-04-16_102332-215x300.jpg\",\"contentUrl\":\"https:\/\/www.linkeus.fr\/wp-content\/uploads\/2020\/08\/2020-04-16_102332-215x300.jpg\"},{\"@type\":\"BreadcrumbList\",\"@id\":\"https:\/\/www.linkeus.fr\/en\/produit\/aix-marseille-provence-convention-bureau-6\/#breadcrumb\",\"itemListElement\":[{\"@type\":\"ListItem\",\"position\":1,\"name\":\"Accueil\",\"item\":\"https:\/\/www.linkeus.fr\/en\/\"},{\"@type\":\"ListItem\",\"position\":2,\"name\":\"Produits\",\"item\":\"https:\/\/www.linkeus.fr\/shop\/\"},{\"@type\":\"ListItem\",\"position\":3,\"name\":\"Aix Marseille Provence Convention Bureau\"}]},{\"@type\":\"WebSite\",\"@id\":\"https:\/\/www.linkeus.fr\/#website\",\"url\":\"https:\/\/www.linkeus.fr\/\",\"name\":\"Linkeus Provence C\u00f4te d&#039;Azur Events\",\"description\":\"Le bureau des congr\u00e8s regional : l&#039;interlocuteur privil\u00e9gi\u00e9 pour l&#039;organisation de vos \u00e9v\u00e8nements professionnels en Provence Alpes C\u00f4te d&#039;Azur\",\"publisher\":{\"@id\":\"https:\/\/www.linkeus.fr\/#organization\"},\"potentialAction\":[{\"@type\":\"SearchAction\",\"target\":{\"@type\":\"EntryPoint\",\"urlTemplate\":\"https:\/\/www.linkeus.fr\/?s={search_term_string}\"},\"query-input\":{\"@type\":\"PropertyValueSpecification\",\"valueRequired\":true,\"valueName\":\"search_term_string\"}}],\"inLanguage\":\"en-US\"},{\"@type\":\"Organization\",\"@id\":\"https:\/\/www.linkeus.fr\/#organization\",\"name\":\"Linkeus Provence C\u00f4te d&#039;Azur Events\",\"url\":\"https:\/\/www.linkeus.fr\/\",\"logo\":{\"@type\":\"ImageObject\",\"inLanguage\":\"en-US\",\"@id\":\"https:\/\/www.linkeus.fr\/#\/schema\/logo\/image\/\",\"url\":\"https:\/\/www.linkeus.fr\/wp-content\/uploads\/2022\/09\/log-linkeus290.png\",\"contentUrl\":\"https:\/\/www.linkeus.fr\/wp-content\/uploads\/2022\/09\/log-linkeus290.png\",\"width\":290,\"height\":100,\"caption\":\"Linkeus Provence C\u00f4te d&#039;Azur Events\"},\"image\":{\"@id\":\"https:\/\/www.linkeus.fr\/#\/schema\/logo\/image\/\"},\"sameAs\":[\"https:\/\/www.facebook.com\/ProvenceCotedAzurEvents\"]}]}<\/script>\n<!-- \/ Yoast SEO plugin. -->","yoast_head_json":{"title":"Aix Marseille Provence Convention Bureau - Linkeus Provence C\u00f4te d&#039;Azur Events","robots":{"index":"index","follow":"follow","max-snippet":"max-snippet:-1","max-image-preview":"max-image-preview:large","max-video-preview":"max-video-preview:-1"},"canonical":"https:\/\/www.linkeus.fr\/en\/produit\/aix-marseille-provence-convention-bureau-6\/","og_locale":"en_US","og_type":"article","og_title":"Aix Marseille Provence Convention Bureau - Linkeus Provence C\u00f4te d&#039;Azur Events","og_description":"The second largest city in France, backed by the Grand Port Maritime de Marseille Fos, the largest port in the Mediterranean and connected to a dense network of facilities and logistics platforms, Aix-Marseille-Provence is more than ever a major Euro-Mediterranean centre for decision-making, trade and services at the world level, and has made professional meetings [&hellip;]","og_url":"https:\/\/www.linkeus.fr\/en\/produit\/aix-marseille-provence-convention-bureau-6\/","og_site_name":"Linkeus Provence C\u00f4te d&#039;Azur Events","article_publisher":"https:\/\/www.facebook.com\/ProvenceCotedAzurEvents","og_image":[{"url":"https:\/\/www.linkeus.fr\/wp-content\/uploads\/2020\/08\/2020-04-16_102332-215x300.jpg","type":"","width":"","height":""}],"twitter_card":"summary_large_image","twitter_misc":{"Est. reading time":"8 minutes"},"schema":{"@context":"https:\/\/schema.org","@graph":[{"@type":"WebPage","@id":"https:\/\/www.linkeus.fr\/en\/produit\/aix-marseille-provence-convention-bureau-6\/","url":"https:\/\/www.linkeus.fr\/en\/produit\/aix-marseille-provence-convention-bureau-6\/","name":"Aix Marseille Provence Convention Bureau - Linkeus Provence C\u00f4te d&#039;Azur Events","isPartOf":{"@id":"https:\/\/www.linkeus.fr\/#website"},"primaryImageOfPage":{"@id":"https:\/\/www.linkeus.fr\/en\/produit\/aix-marseille-provence-convention-bureau-6\/#primaryimage"},"image":{"@id":"https:\/\/www.linkeus.fr\/en\/produit\/aix-marseille-provence-convention-bureau-6\/#primaryimage"},"thumbnailUrl":"https:\/\/www.linkeus.fr\/wp-content\/uploads\/2020\/08\/2020-04-16_102332-215x300.jpg","datePublished":"2022-12-23T09:34:54+00:00","dateModified":"2022-12-23T09:34:54+00:00","breadcrumb":{"@id":"https:\/\/www.linkeus.fr\/en\/produit\/aix-marseille-provence-convention-bureau-6\/#breadcrumb"},"inLanguage":"en-US","potentialAction":[{"@type":"ReadAction","target":["https:\/\/www.linkeus.fr\/en\/produit\/aix-marseille-provence-convention-bureau-6\/"]}]},{"@type":"ImageObject","inLanguage":"en-US","@id":"https:\/\/www.linkeus.fr\/en\/produit\/aix-marseille-provence-convention-bureau-6\/#primaryimage","url":"https:\/\/www.linkeus.fr\/wp-content\/uploads\/2020\/08\/2020-04-16_102332-215x300.jpg","contentUrl":"https:\/\/www.linkeus.fr\/wp-content\/uploads\/2020\/08\/2020-04-16_102332-215x300.jpg"},{"@type":"BreadcrumbList","@id":"https:\/\/www.linkeus.fr\/en\/produit\/aix-marseille-provence-convention-bureau-6\/#breadcrumb","itemListElement":[{"@type":"ListItem","position":1,"name":"Accueil","item":"https:\/\/www.linkeus.fr\/en\/"},{"@type":"ListItem","position":2,"name":"Produits","item":"https:\/\/www.linkeus.fr\/shop\/"},{"@type":"ListItem","position":3,"name":"Aix Marseille Provence Convention Bureau"}]},{"@type":"WebSite","@id":"https:\/\/www.linkeus.fr\/#website","url":"https:\/\/www.linkeus.fr\/","name":"Linkeus Provence C\u00f4te d&#039;Azur Events","description":"Le bureau des congr\u00e8s regional : l&#039;interlocuteur privil\u00e9gi\u00e9 pour l&#039;organisation de vos \u00e9v\u00e8nements professionnels en Provence Alpes C\u00f4te d&#039;Azur","publisher":{"@id":"https:\/\/www.linkeus.fr\/#organization"},"potentialAction":[{"@type":"SearchAction","target":{"@type":"EntryPoint","urlTemplate":"https:\/\/www.linkeus.fr\/?s={search_term_string}"},"query-input":{"@type":"PropertyValueSpecification","valueRequired":true,"valueName":"search_term_string"}}],"inLanguage":"en-US"},{"@type":"Organization","@id":"https:\/\/www.linkeus.fr\/#organization","name":"Linkeus Provence C\u00f4te d&#039;Azur Events","url":"https:\/\/www.linkeus.fr\/","logo":{"@type":"ImageObject","inLanguage":"en-US","@id":"https:\/\/www.linkeus.fr\/#\/schema\/logo\/image\/","url":"https:\/\/www.linkeus.fr\/wp-content\/uploads\/2022\/09\/log-linkeus290.png","contentUrl":"https:\/\/www.linkeus.fr\/wp-content\/uploads\/2022\/09\/log-linkeus290.png","width":290,"height":100,"caption":"Linkeus Provence C\u00f4te d&#039;Azur Events"},"image":{"@id":"https:\/\/www.linkeus.fr\/#\/schema\/logo\/image\/"},"sameAs":["https:\/\/www.facebook.com\/ProvenceCotedAzurEvents"]}]}},"_links":{"self":[{"href":"https:\/\/www.linkeus.fr\/en\/wp-json\/wp\/v2\/product\/23979","targetHints":{"allow":["GET"]}}],"collection":[{"href":"https:\/\/www.linkeus.fr\/en\/wp-json\/wp\/v2\/product"}],"about":[{"href":"https:\/\/www.linkeus.fr\/en\/wp-json\/wp\/v2\/types\/product"}],"replies":[{"embeddable":true,"href":"https:\/\/www.linkeus.fr\/en\/wp-json\/wp\/v2\/comments?post=23979"}],"wp:attachment":[{"href":"https:\/\/www.linkeus.fr\/en\/wp-json\/wp\/v2\/media?parent=23979"}],"wp:term":[{"taxonomy":"product_cat","embeddable":true,"href":"https:\/\/www.linkeus.fr\/en\/wp-json\/wp\/v2\/product_cat?post=23979"},{"taxonomy":"product_tag","embeddable":true,"href":"https:\/\/www.linkeus.fr\/en\/wp-json\/wp\/v2\/product_tag?post=23979"}],"curies":[{"name":"wp","href":"https:\/\/api.w.org\/{rel}","templated":true}]}}