{"id":23768,"date":"2022-11-22T15:40:23","date_gmt":"2022-11-22T14:40:23","guid":{"rendered":"https:\/\/www.linkeus.fr\/produit\/mandelieu-exhibition-centre\/"},"modified":"2022-11-22T15:40:23","modified_gmt":"2022-11-22T14:40:23","slug":"mandelieu-exhibition-centre","status":"publish","type":"product","link":"https:\/\/www.linkeus.fr\/en\/produit\/mandelieu-exhibition-centre\/","title":{"rendered":"Mandelieu exhibition centre"},"content":{"rendered":"<p><strong>Nestled between the Mediterranean and Est\u00e9rel mountain range in the Bay of Cannes, the Exhibition Centre has made Mandelieu-La Napoule the New Business Destination on the C\u00f4te d\u2019Azur. The Exhibition Centre is now the only average-size infrastructure on the C\u00f4te d\u2019Azur. The single storey and light-filled sustainable building has achieved its ISO 14001 certification making the Exhibition Centre the perfect place to stage your events.<\/strong><\/p>\n<h2>Mandelieu-La Napoule, C\u00f4te d\u2019Azur<\/h2>\n<h3>Easy to reach<\/h3>\n<ul>\n<li>2 motorway junctions: n\u00b040 in the town centre and n\u00b041<\/li>\n<li>20 minutes from Nice C\u00f4te d\u2019Azur International Airport by car<\/li>\n<li>Private airport 5km away<\/li>\n<li>TGV train station in Cannes (10km away)<\/li>\n<li>TER train station in La Napoule 50m from the beaches<\/li>\n<\/ul>\n<p>Mandelieu-La Napoule lies in the heart of the C\u00f4te d\u2019Azur: 65km from Menton (to the east) and Saint-Tropez (to the west) opposite the L\u00e9rins Islands just minutes from Cannes via the RN 98. The coastal sea resort is fortunate enough to have direct access to the Est\u00e9rel and Tanneron mountain ranges making it a popular destination for eco-tourists.\u00a0Its 3 golf courses (including the oldest on the C\u00f4te d\u2019Azur) have earned the town the title of the region\u2019s premier golf destination.<\/p>\n<h3>The destination in figures<\/h3>\n<ul>\n<li>4* Tourist Information (Qualit\u00e9 Tourisme \u2013 Tourisme et Handicap approved) and 1 convention centre<\/li>\n<li>Mandelieu-La Napoule awarded the \u201cFamille Plus\u201d approval<\/li>\n<li>1 Cannes Mandelieu private airport<\/li>\n<li>Le Domaine de Barbossi, the biggest private resort on the C\u00f4te d\u2019Azur \u2013 1300ha<\/li>\n<li>1 casino, 250 slot machines and traditional games<\/li>\n<li>Free public car parks and parking spaces<\/li>\n<li>Total surface area of 3137ha including over 1\/3 parks and forests<\/li>\n<li>2 famous golf courses(two 18-hole and one 9-hole)<\/li>\n<li>7 Ports (3 river, 3 maritime, 1 dry) \u2013 4600 spaces<\/li>\n<li>2 Neo-Medieval ch\u00e2teaux (Ch\u00e2teau de la Napoule and Ch\u00e2teau Agecroft)<\/li>\n<li>Lots of sports to experience throughout the year<\/li>\n<li>Approximately 80 restaurants inc. 1 fine dining 2 Michelin star restaurant: Relais &amp; Chateaux l\u2019Oasis<\/li>\n<\/ul>\n<p>&nbsp;<\/p>\n<h2>Mandelieu-La Napoule, Business Destination<\/h2>\n<h3>The Exhibition Centre<\/h3>\n<p>This new 5000m\u00b2 innovative and incredibly versatile infrastructure opened in 2009 in the heart of town just 100m from the motorway exit.\u00a0The building is the perfect fit for both its surroundings and the town\u2019s urban planning project.<\/p>\n<h3>A unique venue for your events<\/h3>\n<p>Conventions for 200-1000 people<br \/>\nGala evenings and cocktail parties for 1000-3500 people<br \/>\nFairs for up to 230 stands<\/p>\n<p><strong>Functions and fairs:<\/strong><\/p>\n<ul>\n<li>1 x 1700 m\u00b2 multifunction room which can be divided using mobile partitions<\/li>\n<li>1 x modular lecture theatre seating up to 1000<\/li>\n<li>1 x 800m\u00b2 reception room<\/li>\n<li>8 conference rooms seating 20-60 people<\/li>\n<li>There is also a 260-seater lecture theatre, a 180-seater room and 6 breakout rooms (under 100m)<\/li>\n<\/ul>\n<p>&nbsp;<\/p>\n<h3>The convention centre provides turnkey services for event organisers<\/h3>\n<ul>\n<li>Attendee accommodation with a mini online booking site for the event<\/li>\n<li>Attendee bookings and badges<\/li>\n<li>Transport during event<\/li>\n<li>Event set-up (assembly, furniture etc.)<\/li>\n<li>Exhibitor records<\/li>\n<li>On-site catering<\/li>\n<li>Control room<\/li>\n<li>Team building activities<\/li>\n<li>Guided programmes<\/li>\n<li>Events communication and signage<\/li>\n<li>Press releases<\/li>\n<li>Hospitality staff (hostesses, cloakroom personnel etc.)<\/li>\n<li>Security etc.<\/li>\n<\/ul>\n<p>The Exhibition Centre has 4 main areas:<\/p>\n<ul>\n<li>The esplanade and its grounds<\/li>\n<li><strong>800sqm<\/strong> lobby<\/li>\n<li>Modular and versatile \u201cRiviera\u201d lecture theatre for <strong>200-1000 people<\/strong><\/li>\n<li><strong>1700sqm<\/strong> \u201cSiagne\u201d room with partitions to divide it into 2, 3 or 4 separate spaces<\/li>\n<li>Ten <strong>30-150sqm<\/strong> breakout rooms. There is also a 260-seater lecture theatre, 180-seater function room and 6 breakout rooms located 50m from the Exhibition Centre.<\/li>\n<\/ul>\n<p>Over <strong>1000 rooms<\/strong> near the convention centre and over <strong>8000 rooms<\/strong> in a 6km radius<\/p>\n<p><strong>150m<\/strong> from the A8 motorway exit<br \/>\n<strong>10 minutes<\/strong> from Cannes station<br \/>\n<strong>20 minutes<\/strong> from Nice C\u00f4te d\u2019Azur International Airport<\/p>\n","protected":false},"excerpt":{"rendered":"<p>Nestled between the Mediterranean and Est\u00e9rel mountain range in the Bay of Cannes, the Exhibition Centre has made Mandelieu-La Napoule the New Business Destination on the C\u00f4te d\u2019Azur. The Exhibition Centre is now the only average-size infrastructure on the C\u00f4te d\u2019Azur. The single storey and light-filled sustainable building has achieved its ISO 14001 certification making [&hellip;]<\/p>\n","protected":false},"featured_media":0,"comment_status":"closed","ping_status":"closed","template":"","meta":{"inline_featured_image":false},"product_cat":[30],"product_tag":[],"class_list":{"0":"post-23768","1":"product","2":"type-product","3":"status-publish","5":"product_cat-listeo-booking","7":"first","8":"instock","9":"virtual","10":"sold-individually","11":"purchasable","12":"product-type-listing_booking"},"yoast_head":"<!-- This site is optimized with the Yoast SEO plugin v24.0 - https:\/\/yoast.com\/wordpress\/plugins\/seo\/ -->\n<title>Mandelieu exhibition centre - Linkeus Provence C\u00f4te d&#039;Azur Events<\/title>\n<meta name=\"robots\" content=\"index, follow, max-snippet:-1, max-image-preview:large, max-video-preview:-1\" \/>\n<link rel=\"canonical\" href=\"https:\/\/www.linkeus.fr\/en\/produit\/mandelieu-exhibition-centre\/\" \/>\n<meta property=\"og:locale\" content=\"en_US\" \/>\n<meta property=\"og:type\" content=\"article\" \/>\n<meta property=\"og:title\" content=\"Mandelieu exhibition centre - Linkeus Provence C\u00f4te d&#039;Azur Events\" \/>\n<meta property=\"og:description\" content=\"Nestled between the Mediterranean and Est\u00e9rel mountain range in the Bay of Cannes, the Exhibition Centre has made Mandelieu-La Napoule the New Business Destination on the C\u00f4te d\u2019Azur. The Exhibition Centre is now the only average-size infrastructure on the C\u00f4te d\u2019Azur. The single storey and light-filled sustainable building has achieved its ISO 14001 certification making [&hellip;]\" \/>\n<meta property=\"og:url\" content=\"https:\/\/www.linkeus.fr\/en\/produit\/mandelieu-exhibition-centre\/\" \/>\n<meta property=\"og:site_name\" content=\"Linkeus Provence C\u00f4te d&#039;Azur Events\" \/>\n<meta property=\"article:publisher\" content=\"https:\/\/www.facebook.com\/ProvenceCotedAzurEvents\" \/>\n<meta property=\"og:image\" content=\"https:\/\/www.linkeus.fr\/wp-content\/uploads\/2021\/07\/pce-image-resaux-sociaux-scaled.jpg\" \/>\n\t<meta property=\"og:image:width\" content=\"2560\" \/>\n\t<meta property=\"og:image:height\" content=\"1204\" \/>\n\t<meta property=\"og:image:type\" content=\"image\/jpeg\" \/>\n<meta name=\"twitter:card\" content=\"summary_large_image\" \/>\n<meta name=\"twitter:label1\" content=\"Est. reading time\" \/>\n\t<meta name=\"twitter:data1\" content=\"3 minutes\" \/>\n<script type=\"application\/ld+json\" class=\"yoast-schema-graph\">{\"@context\":\"https:\/\/schema.org\",\"@graph\":[{\"@type\":\"WebPage\",\"@id\":\"https:\/\/www.linkeus.fr\/en\/produit\/mandelieu-exhibition-centre\/\",\"url\":\"https:\/\/www.linkeus.fr\/en\/produit\/mandelieu-exhibition-centre\/\",\"name\":\"Mandelieu exhibition centre - Linkeus Provence C\u00f4te d&#039;Azur Events\",\"isPartOf\":{\"@id\":\"https:\/\/www.linkeus.fr\/#website\"},\"datePublished\":\"2022-11-22T14:40:23+00:00\",\"dateModified\":\"2022-11-22T14:40:23+00:00\",\"breadcrumb\":{\"@id\":\"https:\/\/www.linkeus.fr\/en\/produit\/mandelieu-exhibition-centre\/#breadcrumb\"},\"inLanguage\":\"en-US\",\"potentialAction\":[{\"@type\":\"ReadAction\",\"target\":[\"https:\/\/www.linkeus.fr\/en\/produit\/mandelieu-exhibition-centre\/\"]}]},{\"@type\":\"BreadcrumbList\",\"@id\":\"https:\/\/www.linkeus.fr\/en\/produit\/mandelieu-exhibition-centre\/#breadcrumb\",\"itemListElement\":[{\"@type\":\"ListItem\",\"position\":1,\"name\":\"Accueil\",\"item\":\"https:\/\/www.linkeus.fr\/en\/\"},{\"@type\":\"ListItem\",\"position\":2,\"name\":\"Produits\",\"item\":\"https:\/\/www.linkeus.fr\/shop\/\"},{\"@type\":\"ListItem\",\"position\":3,\"name\":\"Mandelieu exhibition centre\"}]},{\"@type\":\"WebSite\",\"@id\":\"https:\/\/www.linkeus.fr\/#website\",\"url\":\"https:\/\/www.linkeus.fr\/\",\"name\":\"Linkeus Provence C\u00f4te d&#039;Azur Events\",\"description\":\"Le bureau des congr\u00e8s regional : l&#039;interlocuteur privil\u00e9gi\u00e9 pour l&#039;organisation de vos \u00e9v\u00e8nements professionnels en Provence Alpes C\u00f4te d&#039;Azur\",\"publisher\":{\"@id\":\"https:\/\/www.linkeus.fr\/#organization\"},\"potentialAction\":[{\"@type\":\"SearchAction\",\"target\":{\"@type\":\"EntryPoint\",\"urlTemplate\":\"https:\/\/www.linkeus.fr\/?s={search_term_string}\"},\"query-input\":{\"@type\":\"PropertyValueSpecification\",\"valueRequired\":true,\"valueName\":\"search_term_string\"}}],\"inLanguage\":\"en-US\"},{\"@type\":\"Organization\",\"@id\":\"https:\/\/www.linkeus.fr\/#organization\",\"name\":\"Linkeus Provence C\u00f4te d&#039;Azur Events\",\"url\":\"https:\/\/www.linkeus.fr\/\",\"logo\":{\"@type\":\"ImageObject\",\"inLanguage\":\"en-US\",\"@id\":\"https:\/\/www.linkeus.fr\/#\/schema\/logo\/image\/\",\"url\":\"https:\/\/www.linkeus.fr\/wp-content\/uploads\/2022\/09\/log-linkeus290.png\",\"contentUrl\":\"https:\/\/www.linkeus.fr\/wp-content\/uploads\/2022\/09\/log-linkeus290.png\",\"width\":290,\"height\":100,\"caption\":\"Linkeus Provence C\u00f4te d&#039;Azur Events\"},\"image\":{\"@id\":\"https:\/\/www.linkeus.fr\/#\/schema\/logo\/image\/\"},\"sameAs\":[\"https:\/\/www.facebook.com\/ProvenceCotedAzurEvents\"]}]}<\/script>\n<!-- \/ Yoast SEO plugin. -->","yoast_head_json":{"title":"Mandelieu exhibition centre - Linkeus Provence C\u00f4te d&#039;Azur Events","robots":{"index":"index","follow":"follow","max-snippet":"max-snippet:-1","max-image-preview":"max-image-preview:large","max-video-preview":"max-video-preview:-1"},"canonical":"https:\/\/www.linkeus.fr\/en\/produit\/mandelieu-exhibition-centre\/","og_locale":"en_US","og_type":"article","og_title":"Mandelieu exhibition centre - Linkeus Provence C\u00f4te d&#039;Azur Events","og_description":"Nestled between the Mediterranean and Est\u00e9rel mountain range in the Bay of Cannes, the Exhibition Centre has made Mandelieu-La Napoule the New Business Destination on the C\u00f4te d\u2019Azur. The Exhibition Centre is now the only average-size infrastructure on the C\u00f4te d\u2019Azur. The single storey and light-filled sustainable building has achieved its ISO 14001 certification making [&hellip;]","og_url":"https:\/\/www.linkeus.fr\/en\/produit\/mandelieu-exhibition-centre\/","og_site_name":"Linkeus Provence C\u00f4te d&#039;Azur Events","article_publisher":"https:\/\/www.facebook.com\/ProvenceCotedAzurEvents","og_image":[{"width":2560,"height":1204,"url":"https:\/\/www.linkeus.fr\/wp-content\/uploads\/2021\/07\/pce-image-resaux-sociaux-scaled.jpg","type":"image\/jpeg"}],"twitter_card":"summary_large_image","twitter_misc":{"Est. reading time":"3 minutes"},"schema":{"@context":"https:\/\/schema.org","@graph":[{"@type":"WebPage","@id":"https:\/\/www.linkeus.fr\/en\/produit\/mandelieu-exhibition-centre\/","url":"https:\/\/www.linkeus.fr\/en\/produit\/mandelieu-exhibition-centre\/","name":"Mandelieu exhibition centre - Linkeus Provence C\u00f4te d&#039;Azur Events","isPartOf":{"@id":"https:\/\/www.linkeus.fr\/#website"},"datePublished":"2022-11-22T14:40:23+00:00","dateModified":"2022-11-22T14:40:23+00:00","breadcrumb":{"@id":"https:\/\/www.linkeus.fr\/en\/produit\/mandelieu-exhibition-centre\/#breadcrumb"},"inLanguage":"en-US","potentialAction":[{"@type":"ReadAction","target":["https:\/\/www.linkeus.fr\/en\/produit\/mandelieu-exhibition-centre\/"]}]},{"@type":"BreadcrumbList","@id":"https:\/\/www.linkeus.fr\/en\/produit\/mandelieu-exhibition-centre\/#breadcrumb","itemListElement":[{"@type":"ListItem","position":1,"name":"Accueil","item":"https:\/\/www.linkeus.fr\/en\/"},{"@type":"ListItem","position":2,"name":"Produits","item":"https:\/\/www.linkeus.fr\/shop\/"},{"@type":"ListItem","position":3,"name":"Mandelieu exhibition centre"}]},{"@type":"WebSite","@id":"https:\/\/www.linkeus.fr\/#website","url":"https:\/\/www.linkeus.fr\/","name":"Linkeus Provence C\u00f4te d&#039;Azur Events","description":"Le bureau des congr\u00e8s regional : l&#039;interlocuteur privil\u00e9gi\u00e9 pour l&#039;organisation de vos \u00e9v\u00e8nements professionnels en Provence Alpes C\u00f4te d&#039;Azur","publisher":{"@id":"https:\/\/www.linkeus.fr\/#organization"},"potentialAction":[{"@type":"SearchAction","target":{"@type":"EntryPoint","urlTemplate":"https:\/\/www.linkeus.fr\/?s={search_term_string}"},"query-input":{"@type":"PropertyValueSpecification","valueRequired":true,"valueName":"search_term_string"}}],"inLanguage":"en-US"},{"@type":"Organization","@id":"https:\/\/www.linkeus.fr\/#organization","name":"Linkeus Provence C\u00f4te d&#039;Azur Events","url":"https:\/\/www.linkeus.fr\/","logo":{"@type":"ImageObject","inLanguage":"en-US","@id":"https:\/\/www.linkeus.fr\/#\/schema\/logo\/image\/","url":"https:\/\/www.linkeus.fr\/wp-content\/uploads\/2022\/09\/log-linkeus290.png","contentUrl":"https:\/\/www.linkeus.fr\/wp-content\/uploads\/2022\/09\/log-linkeus290.png","width":290,"height":100,"caption":"Linkeus Provence C\u00f4te d&#039;Azur Events"},"image":{"@id":"https:\/\/www.linkeus.fr\/#\/schema\/logo\/image\/"},"sameAs":["https:\/\/www.facebook.com\/ProvenceCotedAzurEvents"]}]}},"_links":{"self":[{"href":"https:\/\/www.linkeus.fr\/en\/wp-json\/wp\/v2\/product\/23768","targetHints":{"allow":["GET"]}}],"collection":[{"href":"https:\/\/www.linkeus.fr\/en\/wp-json\/wp\/v2\/product"}],"about":[{"href":"https:\/\/www.linkeus.fr\/en\/wp-json\/wp\/v2\/types\/product"}],"replies":[{"embeddable":true,"href":"https:\/\/www.linkeus.fr\/en\/wp-json\/wp\/v2\/comments?post=23768"}],"wp:attachment":[{"href":"https:\/\/www.linkeus.fr\/en\/wp-json\/wp\/v2\/media?parent=23768"}],"wp:term":[{"taxonomy":"product_cat","embeddable":true,"href":"https:\/\/www.linkeus.fr\/en\/wp-json\/wp\/v2\/product_cat?post=23768"},{"taxonomy":"product_tag","embeddable":true,"href":"https:\/\/www.linkeus.fr\/en\/wp-json\/wp\/v2\/product_tag?post=23768"}],"curies":[{"name":"wp","href":"https:\/\/api.w.org\/{rel}","templated":true}]}}