{"id":23725,"date":"2022-11-21T12:54:16","date_gmt":"2022-11-21T11:54:16","guid":{"rendered":"https:\/\/www.linkeus.fr\/produit\/fregate-provence\/"},"modified":"2022-11-21T12:54:16","modified_gmt":"2022-11-21T11:54:16","slug":"fregate-provence","status":"publish","type":"product","link":"https:\/\/www.linkeus.fr\/en\/produit\/fregate-provence\/","title":{"rendered":"Fr\u00e9gate Provence"},"content":{"rendered":"<p>Fr\u00e9gate Provence 4-star hotel, nestled in the heart of the Bandol vineyards, consists of 163 rooms with terrace with view, 14 meeting rooms and various restaurants. The property overlooks two renowned golf courses offering extraordinary views of the vineyards and the Mediterranean Sea.<br \/>\nWithin Fr\u00e9gate Provence shares its expertise in hosting meetings : meeting rooms with natural light, coffee break areas, a conference planner dedicated to your event, seasonal meeting menus according to availability at the local market and exceptional green surroundings in a natural setting.<br \/>\nThe rather spacious rooms (from 28m\u00b2 to 60m\u00b2) offer all the comfort of a 4-star accommodation in an atmosphere authentic yet modern, opening onto large terraces and private patios.<br \/>\nDuring your event, you will be able to enjoy Fregate&#8217;s Omnisens Spa and its facilities: sensory shower, sauna, indoor heated pool, hot tub and fitness area, the opportunity to relax after a day of work.<br \/>\nIn season, you may also relax in the outdoor waterfall pool before testing your performance on our tennis or p\u00e9tanque courts&#8230;<br \/>\nFor golfers, two courses, 18 &amp; 9-hole, are located below the hotel. The golf academy, onsite, also offers lessons and training courses of all levels.<br \/>\nAs for dining, several spaces are dedicated to hosting group events, indoors or on the terrace, and you will enjoy menus exclusively made with regional and seasonal ingredients, selected by our team, rewarded with 2 Gault and Millau Toques. We work with our local partners in the community to serve produce from sustainable agriculture to reveal the natural flavours of our traditional French dishes.<br \/>\nDolce Fr\u00e9gate Provence is truly the ideal place to combine meetings and teambuilding. A playground, in the heart of Toulon rugby country (RCT), Fr\u00e9gate Provence offers you a wide range of activities available on-site: golf, golf clinics at our academy, rugby, boot camp, wine tasting, p\u00e9tanque, golf aperitifs, chef aperitifs, footgolf &#8230; and in the vicinity: regattas in the Calanques of Cassis, Route of the Cretes (Ridge Roads) in 2CV, exploring vineyards&#8230;<br \/>\nContact us for a personal quote.<\/p>\n","protected":false},"excerpt":{"rendered":"<p>Fr\u00e9gate Provence 4-star hotel, nestled in the heart of the Bandol vineyards, consists of 163 rooms with terrace with view, 14 meeting rooms and various restaurants. The property overlooks two renowned golf courses offering extraordinary views of the vineyards and the Mediterranean Sea. Within Fr\u00e9gate Provence shares its expertise in hosting meetings : meeting rooms [&hellip;]<\/p>\n","protected":false},"featured_media":0,"comment_status":"closed","ping_status":"closed","template":"","meta":{"inline_featured_image":false},"product_cat":[30],"product_tag":[],"class_list":{"0":"post-23725","1":"product","2":"type-product","3":"status-publish","5":"product_cat-listeo-booking","7":"first","8":"instock","9":"virtual","10":"sold-individually","11":"purchasable","12":"product-type-listing_booking"},"yoast_head":"<!-- This site is optimized with the Yoast SEO plugin v24.0 - https:\/\/yoast.com\/wordpress\/plugins\/seo\/ -->\n<title>Fr\u00e9gate Provence - Linkeus Provence C\u00f4te d&#039;Azur Events<\/title>\n<meta name=\"robots\" content=\"index, follow, max-snippet:-1, max-image-preview:large, max-video-preview:-1\" \/>\n<link rel=\"canonical\" href=\"https:\/\/www.linkeus.fr\/en\/produit\/fregate-provence\/\" \/>\n<meta property=\"og:locale\" content=\"en_US\" \/>\n<meta property=\"og:type\" content=\"article\" \/>\n<meta property=\"og:title\" content=\"Fr\u00e9gate Provence - Linkeus Provence C\u00f4te d&#039;Azur Events\" \/>\n<meta property=\"og:description\" content=\"Fr\u00e9gate Provence 4-star hotel, nestled in the heart of the Bandol vineyards, consists of 163 rooms with terrace with view, 14 meeting rooms and various restaurants. The property overlooks two renowned golf courses offering extraordinary views of the vineyards and the Mediterranean Sea. Within Fr\u00e9gate Provence shares its expertise in hosting meetings : meeting rooms [&hellip;]\" \/>\n<meta property=\"og:url\" content=\"https:\/\/www.linkeus.fr\/en\/produit\/fregate-provence\/\" \/>\n<meta property=\"og:site_name\" content=\"Linkeus Provence C\u00f4te d&#039;Azur Events\" \/>\n<meta property=\"article:publisher\" content=\"https:\/\/www.facebook.com\/ProvenceCotedAzurEvents\" \/>\n<meta property=\"og:image\" content=\"https:\/\/www.linkeus.fr\/wp-content\/uploads\/2021\/07\/pce-image-resaux-sociaux-scaled.jpg\" \/>\n\t<meta property=\"og:image:width\" content=\"2560\" \/>\n\t<meta property=\"og:image:height\" content=\"1204\" \/>\n\t<meta property=\"og:image:type\" content=\"image\/jpeg\" \/>\n<meta name=\"twitter:card\" content=\"summary_large_image\" \/>\n<meta name=\"twitter:label1\" content=\"Est. reading time\" \/>\n\t<meta name=\"twitter:data1\" content=\"2 minutes\" \/>\n<script type=\"application\/ld+json\" class=\"yoast-schema-graph\">{\"@context\":\"https:\/\/schema.org\",\"@graph\":[{\"@type\":\"WebPage\",\"@id\":\"https:\/\/www.linkeus.fr\/en\/produit\/fregate-provence\/\",\"url\":\"https:\/\/www.linkeus.fr\/en\/produit\/fregate-provence\/\",\"name\":\"Fr\u00e9gate Provence - Linkeus Provence C\u00f4te d&#039;Azur Events\",\"isPartOf\":{\"@id\":\"https:\/\/www.linkeus.fr\/#website\"},\"datePublished\":\"2022-11-21T11:54:16+00:00\",\"dateModified\":\"2022-11-21T11:54:16+00:00\",\"breadcrumb\":{\"@id\":\"https:\/\/www.linkeus.fr\/en\/produit\/fregate-provence\/#breadcrumb\"},\"inLanguage\":\"en-US\",\"potentialAction\":[{\"@type\":\"ReadAction\",\"target\":[\"https:\/\/www.linkeus.fr\/en\/produit\/fregate-provence\/\"]}]},{\"@type\":\"BreadcrumbList\",\"@id\":\"https:\/\/www.linkeus.fr\/en\/produit\/fregate-provence\/#breadcrumb\",\"itemListElement\":[{\"@type\":\"ListItem\",\"position\":1,\"name\":\"Accueil\",\"item\":\"https:\/\/www.linkeus.fr\/en\/\"},{\"@type\":\"ListItem\",\"position\":2,\"name\":\"Produits\",\"item\":\"https:\/\/www.linkeus.fr\/shop\/\"},{\"@type\":\"ListItem\",\"position\":3,\"name\":\"Fr\u00e9gate Provence\"}]},{\"@type\":\"WebSite\",\"@id\":\"https:\/\/www.linkeus.fr\/#website\",\"url\":\"https:\/\/www.linkeus.fr\/\",\"name\":\"Linkeus Provence C\u00f4te d&#039;Azur Events\",\"description\":\"Le bureau des congr\u00e8s regional : l&#039;interlocuteur privil\u00e9gi\u00e9 pour l&#039;organisation de vos \u00e9v\u00e8nements professionnels en Provence Alpes C\u00f4te d&#039;Azur\",\"publisher\":{\"@id\":\"https:\/\/www.linkeus.fr\/#organization\"},\"potentialAction\":[{\"@type\":\"SearchAction\",\"target\":{\"@type\":\"EntryPoint\",\"urlTemplate\":\"https:\/\/www.linkeus.fr\/?s={search_term_string}\"},\"query-input\":{\"@type\":\"PropertyValueSpecification\",\"valueRequired\":true,\"valueName\":\"search_term_string\"}}],\"inLanguage\":\"en-US\"},{\"@type\":\"Organization\",\"@id\":\"https:\/\/www.linkeus.fr\/#organization\",\"name\":\"Linkeus Provence C\u00f4te d&#039;Azur Events\",\"url\":\"https:\/\/www.linkeus.fr\/\",\"logo\":{\"@type\":\"ImageObject\",\"inLanguage\":\"en-US\",\"@id\":\"https:\/\/www.linkeus.fr\/#\/schema\/logo\/image\/\",\"url\":\"https:\/\/www.linkeus.fr\/wp-content\/uploads\/2022\/09\/log-linkeus290.png\",\"contentUrl\":\"https:\/\/www.linkeus.fr\/wp-content\/uploads\/2022\/09\/log-linkeus290.png\",\"width\":290,\"height\":100,\"caption\":\"Linkeus Provence C\u00f4te d&#039;Azur Events\"},\"image\":{\"@id\":\"https:\/\/www.linkeus.fr\/#\/schema\/logo\/image\/\"},\"sameAs\":[\"https:\/\/www.facebook.com\/ProvenceCotedAzurEvents\"]}]}<\/script>\n<!-- \/ Yoast SEO plugin. -->","yoast_head_json":{"title":"Fr\u00e9gate Provence - Linkeus Provence C\u00f4te d&#039;Azur Events","robots":{"index":"index","follow":"follow","max-snippet":"max-snippet:-1","max-image-preview":"max-image-preview:large","max-video-preview":"max-video-preview:-1"},"canonical":"https:\/\/www.linkeus.fr\/en\/produit\/fregate-provence\/","og_locale":"en_US","og_type":"article","og_title":"Fr\u00e9gate Provence - Linkeus Provence C\u00f4te d&#039;Azur Events","og_description":"Fr\u00e9gate Provence 4-star hotel, nestled in the heart of the Bandol vineyards, consists of 163 rooms with terrace with view, 14 meeting rooms and various restaurants. The property overlooks two renowned golf courses offering extraordinary views of the vineyards and the Mediterranean Sea. Within Fr\u00e9gate Provence shares its expertise in hosting meetings : meeting rooms [&hellip;]","og_url":"https:\/\/www.linkeus.fr\/en\/produit\/fregate-provence\/","og_site_name":"Linkeus Provence C\u00f4te d&#039;Azur Events","article_publisher":"https:\/\/www.facebook.com\/ProvenceCotedAzurEvents","og_image":[{"width":2560,"height":1204,"url":"https:\/\/www.linkeus.fr\/wp-content\/uploads\/2021\/07\/pce-image-resaux-sociaux-scaled.jpg","type":"image\/jpeg"}],"twitter_card":"summary_large_image","twitter_misc":{"Est. reading time":"2 minutes"},"schema":{"@context":"https:\/\/schema.org","@graph":[{"@type":"WebPage","@id":"https:\/\/www.linkeus.fr\/en\/produit\/fregate-provence\/","url":"https:\/\/www.linkeus.fr\/en\/produit\/fregate-provence\/","name":"Fr\u00e9gate Provence - Linkeus Provence C\u00f4te d&#039;Azur Events","isPartOf":{"@id":"https:\/\/www.linkeus.fr\/#website"},"datePublished":"2022-11-21T11:54:16+00:00","dateModified":"2022-11-21T11:54:16+00:00","breadcrumb":{"@id":"https:\/\/www.linkeus.fr\/en\/produit\/fregate-provence\/#breadcrumb"},"inLanguage":"en-US","potentialAction":[{"@type":"ReadAction","target":["https:\/\/www.linkeus.fr\/en\/produit\/fregate-provence\/"]}]},{"@type":"BreadcrumbList","@id":"https:\/\/www.linkeus.fr\/en\/produit\/fregate-provence\/#breadcrumb","itemListElement":[{"@type":"ListItem","position":1,"name":"Accueil","item":"https:\/\/www.linkeus.fr\/en\/"},{"@type":"ListItem","position":2,"name":"Produits","item":"https:\/\/www.linkeus.fr\/shop\/"},{"@type":"ListItem","position":3,"name":"Fr\u00e9gate Provence"}]},{"@type":"WebSite","@id":"https:\/\/www.linkeus.fr\/#website","url":"https:\/\/www.linkeus.fr\/","name":"Linkeus Provence C\u00f4te d&#039;Azur Events","description":"Le bureau des congr\u00e8s regional : l&#039;interlocuteur privil\u00e9gi\u00e9 pour l&#039;organisation de vos \u00e9v\u00e8nements professionnels en Provence Alpes C\u00f4te d&#039;Azur","publisher":{"@id":"https:\/\/www.linkeus.fr\/#organization"},"potentialAction":[{"@type":"SearchAction","target":{"@type":"EntryPoint","urlTemplate":"https:\/\/www.linkeus.fr\/?s={search_term_string}"},"query-input":{"@type":"PropertyValueSpecification","valueRequired":true,"valueName":"search_term_string"}}],"inLanguage":"en-US"},{"@type":"Organization","@id":"https:\/\/www.linkeus.fr\/#organization","name":"Linkeus Provence C\u00f4te d&#039;Azur Events","url":"https:\/\/www.linkeus.fr\/","logo":{"@type":"ImageObject","inLanguage":"en-US","@id":"https:\/\/www.linkeus.fr\/#\/schema\/logo\/image\/","url":"https:\/\/www.linkeus.fr\/wp-content\/uploads\/2022\/09\/log-linkeus290.png","contentUrl":"https:\/\/www.linkeus.fr\/wp-content\/uploads\/2022\/09\/log-linkeus290.png","width":290,"height":100,"caption":"Linkeus Provence C\u00f4te d&#039;Azur Events"},"image":{"@id":"https:\/\/www.linkeus.fr\/#\/schema\/logo\/image\/"},"sameAs":["https:\/\/www.facebook.com\/ProvenceCotedAzurEvents"]}]}},"_links":{"self":[{"href":"https:\/\/www.linkeus.fr\/en\/wp-json\/wp\/v2\/product\/23725","targetHints":{"allow":["GET"]}}],"collection":[{"href":"https:\/\/www.linkeus.fr\/en\/wp-json\/wp\/v2\/product"}],"about":[{"href":"https:\/\/www.linkeus.fr\/en\/wp-json\/wp\/v2\/types\/product"}],"replies":[{"embeddable":true,"href":"https:\/\/www.linkeus.fr\/en\/wp-json\/wp\/v2\/comments?post=23725"}],"wp:attachment":[{"href":"https:\/\/www.linkeus.fr\/en\/wp-json\/wp\/v2\/media?parent=23725"}],"wp:term":[{"taxonomy":"product_cat","embeddable":true,"href":"https:\/\/www.linkeus.fr\/en\/wp-json\/wp\/v2\/product_cat?post=23725"},{"taxonomy":"product_tag","embeddable":true,"href":"https:\/\/www.linkeus.fr\/en\/wp-json\/wp\/v2\/product_tag?post=23725"}],"curies":[{"name":"wp","href":"https:\/\/api.w.org\/{rel}","templated":true}]}}