{"id":23704,"date":"2022-11-21T12:00:00","date_gmt":"2022-11-21T11:00:00","guid":{"rendered":"https:\/\/www.linkeus.fr\/produit\/hotel-cantemerle\/"},"modified":"2022-11-21T12:00:00","modified_gmt":"2022-11-21T11:00:00","slug":"hotel-cantemerle","status":"publish","type":"product","link":"https:\/\/www.linkeus.fr\/en\/produit\/hotel-cantemerle\/","title":{"rendered":"H\u00f4tel Cantemerle"},"content":{"rendered":"<p>Authentic hotel on a human scale that inspires rest, charm, conviviality and discretion in a chic and relaxed atmosphere.<\/p>\n<p>La Bastide du Cantemerle is the ideal setting for your private and professional events.<\/p>\n<p>True place of charm, the Bastide is part of a field of 33 rooms, in the heart of a provencal park. It has 150 m2 of modular and bright living rooms opening onto a shaded outdoor terrace in the heart of a Provencal landscaped garden.<br \/>\nPrivatized place to guarantee your events confidentiality, intimacy and conviviality<\/p>\n<p>La Bastide du Cantemerle is the perfect combination of work, relaxation and indulgence in the heart of the C\u00f4te d&#8217;Azur.<\/p>\n<p>You want to organize a seminar, a study day or a training? We offer you turnkey formulas adapted to your needs<\/p>\n<p>Our privatized Bastide offers flexible rooms of 150 m\u00b2 in the light of day and will be the ideal place for your work sessions.<\/p>\n<p>If you want to gather a management committee in a confidential and intimate place to boost performance our different spaces offer the opportunity to combine work and pleasure to ensure the success of your event<\/p>\n<p>In order to develop the cohesion and motivation of your teams, we offer innovative, fun and creative packages on site or from the hotel (canyoning, buggy, escape game)<\/p>\n<p>Our petanque area with panoramic views of the Mediterranean will be the perfect place to meet up and share a moment of relaxation between employees<\/p>\n<p>If you are looking for an exceptional place for a product or vehicle launch, Domaine du Cantemerle is fully privatized. A charming setting to stage your products and receive your guests in a chic and casual atmosphere with a professional service tailored.<\/p>\n<p>Exclusively, you will discover our new concept &#8220;Semin&#8217;Air&#8221;, a unique experience working in the heart of nature.<\/p>\n<p>Before or after the work sessions you will enjoy the Spa Evasion Nature with heated indoor pool, hammam, chromatic shower, fitness room and outdoor jacuzzi overlooking the Mediterranean.<\/p>\n<p>The Table du Cantemerle, labeled Ma\u00eetre Restaurateur and whose Chef J\u00e9rome H\u00e9raud has been inducted as Master Chef of France, offers menus and menus based on fresh seasonal produce mainly from local producers.<\/p>\n<p>On the terrace of the bastide or on the panoramic terrace at the edge of the pool of Cantemerle you will be able to meet around a break, a lunch or a greedy dinner between collaborators.<\/p>\n<p>Our strengths :<\/p>\n<p>An ideal location between Land and Sea in an exceptional natural and cultural environment<br \/>\nOnly 15km from Nice Airport<br \/>\nA passionate cuisine with fresh seasonal produce<br \/>\nModular meeting spaces of 150 m\u00b2 in the light of day<br \/>\nAn intimate and friendly setting in the heart of a Provencal landscaped park<br \/>\nA tailored accompaniment with a dedicated person<br \/>\nA team of professionals and a warm atmosphere<br \/>\nFree private parking<\/p>\n<p>Emmanuelle will be your privileged interlocutor to help you organize your events and ensure their success!<\/p>\n","protected":false},"excerpt":{"rendered":"<p>Authentic hotel on a human scale that inspires rest, charm, conviviality and discretion in a chic and relaxed atmosphere. La Bastide du Cantemerle is the ideal setting for your private and professional events. True place of charm, the Bastide is part of a field of 33 rooms, in the heart of a provencal park. It [&hellip;]<\/p>\n","protected":false},"featured_media":0,"comment_status":"closed","ping_status":"closed","template":"","meta":{"inline_featured_image":false},"product_cat":[30],"product_tag":[],"class_list":{"0":"post-23704","1":"product","2":"type-product","3":"status-publish","5":"product_cat-listeo-booking","7":"first","8":"instock","9":"virtual","10":"sold-individually","11":"purchasable","12":"product-type-listing_booking"},"yoast_head":"<!-- This site is optimized with the Yoast SEO plugin v24.0 - https:\/\/yoast.com\/wordpress\/plugins\/seo\/ -->\n<title>H\u00f4tel Cantemerle - Linkeus Provence C\u00f4te d&#039;Azur Events<\/title>\n<meta name=\"robots\" content=\"index, follow, max-snippet:-1, max-image-preview:large, max-video-preview:-1\" \/>\n<link rel=\"canonical\" href=\"https:\/\/www.linkeus.fr\/en\/produit\/hotel-cantemerle\/\" \/>\n<meta property=\"og:locale\" content=\"en_US\" \/>\n<meta property=\"og:type\" content=\"article\" \/>\n<meta property=\"og:title\" content=\"H\u00f4tel Cantemerle - Linkeus Provence C\u00f4te d&#039;Azur Events\" \/>\n<meta property=\"og:description\" content=\"Authentic hotel on a human scale that inspires rest, charm, conviviality and discretion in a chic and relaxed atmosphere. La Bastide du Cantemerle is the ideal setting for your private and professional events. True place of charm, the Bastide is part of a field of 33 rooms, in the heart of a provencal park. It [&hellip;]\" \/>\n<meta property=\"og:url\" content=\"https:\/\/www.linkeus.fr\/en\/produit\/hotel-cantemerle\/\" \/>\n<meta property=\"og:site_name\" content=\"Linkeus Provence C\u00f4te d&#039;Azur Events\" \/>\n<meta property=\"article:publisher\" content=\"https:\/\/www.facebook.com\/ProvenceCotedAzurEvents\" \/>\n<meta property=\"og:image\" content=\"https:\/\/www.linkeus.fr\/wp-content\/uploads\/2021\/07\/pce-image-resaux-sociaux-scaled.jpg\" \/>\n\t<meta property=\"og:image:width\" content=\"2560\" \/>\n\t<meta property=\"og:image:height\" content=\"1204\" \/>\n\t<meta property=\"og:image:type\" content=\"image\/jpeg\" \/>\n<meta name=\"twitter:card\" content=\"summary_large_image\" \/>\n<meta name=\"twitter:label1\" content=\"Est. reading time\" \/>\n\t<meta name=\"twitter:data1\" content=\"2 minutes\" \/>\n<script type=\"application\/ld+json\" class=\"yoast-schema-graph\">{\"@context\":\"https:\/\/schema.org\",\"@graph\":[{\"@type\":\"WebPage\",\"@id\":\"https:\/\/www.linkeus.fr\/en\/produit\/hotel-cantemerle\/\",\"url\":\"https:\/\/www.linkeus.fr\/en\/produit\/hotel-cantemerle\/\",\"name\":\"H\u00f4tel Cantemerle - Linkeus Provence C\u00f4te d&#039;Azur Events\",\"isPartOf\":{\"@id\":\"https:\/\/www.linkeus.fr\/#website\"},\"datePublished\":\"2022-11-21T11:00:00+00:00\",\"dateModified\":\"2022-11-21T11:00:00+00:00\",\"breadcrumb\":{\"@id\":\"https:\/\/www.linkeus.fr\/en\/produit\/hotel-cantemerle\/#breadcrumb\"},\"inLanguage\":\"en-US\",\"potentialAction\":[{\"@type\":\"ReadAction\",\"target\":[\"https:\/\/www.linkeus.fr\/en\/produit\/hotel-cantemerle\/\"]}]},{\"@type\":\"BreadcrumbList\",\"@id\":\"https:\/\/www.linkeus.fr\/en\/produit\/hotel-cantemerle\/#breadcrumb\",\"itemListElement\":[{\"@type\":\"ListItem\",\"position\":1,\"name\":\"Accueil\",\"item\":\"https:\/\/www.linkeus.fr\/en\/\"},{\"@type\":\"ListItem\",\"position\":2,\"name\":\"Produits\",\"item\":\"https:\/\/www.linkeus.fr\/shop\/\"},{\"@type\":\"ListItem\",\"position\":3,\"name\":\"H\u00f4tel Cantemerle\"}]},{\"@type\":\"WebSite\",\"@id\":\"https:\/\/www.linkeus.fr\/#website\",\"url\":\"https:\/\/www.linkeus.fr\/\",\"name\":\"Linkeus Provence C\u00f4te d&#039;Azur Events\",\"description\":\"Le bureau des congr\u00e8s regional : l&#039;interlocuteur privil\u00e9gi\u00e9 pour l&#039;organisation de vos \u00e9v\u00e8nements professionnels en Provence Alpes C\u00f4te d&#039;Azur\",\"publisher\":{\"@id\":\"https:\/\/www.linkeus.fr\/#organization\"},\"potentialAction\":[{\"@type\":\"SearchAction\",\"target\":{\"@type\":\"EntryPoint\",\"urlTemplate\":\"https:\/\/www.linkeus.fr\/?s={search_term_string}\"},\"query-input\":{\"@type\":\"PropertyValueSpecification\",\"valueRequired\":true,\"valueName\":\"search_term_string\"}}],\"inLanguage\":\"en-US\"},{\"@type\":\"Organization\",\"@id\":\"https:\/\/www.linkeus.fr\/#organization\",\"name\":\"Linkeus Provence C\u00f4te d&#039;Azur Events\",\"url\":\"https:\/\/www.linkeus.fr\/\",\"logo\":{\"@type\":\"ImageObject\",\"inLanguage\":\"en-US\",\"@id\":\"https:\/\/www.linkeus.fr\/#\/schema\/logo\/image\/\",\"url\":\"https:\/\/www.linkeus.fr\/wp-content\/uploads\/2022\/09\/log-linkeus290.png\",\"contentUrl\":\"https:\/\/www.linkeus.fr\/wp-content\/uploads\/2022\/09\/log-linkeus290.png\",\"width\":290,\"height\":100,\"caption\":\"Linkeus Provence C\u00f4te d&#039;Azur Events\"},\"image\":{\"@id\":\"https:\/\/www.linkeus.fr\/#\/schema\/logo\/image\/\"},\"sameAs\":[\"https:\/\/www.facebook.com\/ProvenceCotedAzurEvents\"]}]}<\/script>\n<!-- \/ Yoast SEO plugin. -->","yoast_head_json":{"title":"H\u00f4tel Cantemerle - Linkeus Provence C\u00f4te d&#039;Azur Events","robots":{"index":"index","follow":"follow","max-snippet":"max-snippet:-1","max-image-preview":"max-image-preview:large","max-video-preview":"max-video-preview:-1"},"canonical":"https:\/\/www.linkeus.fr\/en\/produit\/hotel-cantemerle\/","og_locale":"en_US","og_type":"article","og_title":"H\u00f4tel Cantemerle - Linkeus Provence C\u00f4te d&#039;Azur Events","og_description":"Authentic hotel on a human scale that inspires rest, charm, conviviality and discretion in a chic and relaxed atmosphere. La Bastide du Cantemerle is the ideal setting for your private and professional events. True place of charm, the Bastide is part of a field of 33 rooms, in the heart of a provencal park. It [&hellip;]","og_url":"https:\/\/www.linkeus.fr\/en\/produit\/hotel-cantemerle\/","og_site_name":"Linkeus Provence C\u00f4te d&#039;Azur Events","article_publisher":"https:\/\/www.facebook.com\/ProvenceCotedAzurEvents","og_image":[{"width":2560,"height":1204,"url":"https:\/\/www.linkeus.fr\/wp-content\/uploads\/2021\/07\/pce-image-resaux-sociaux-scaled.jpg","type":"image\/jpeg"}],"twitter_card":"summary_large_image","twitter_misc":{"Est. reading time":"2 minutes"},"schema":{"@context":"https:\/\/schema.org","@graph":[{"@type":"WebPage","@id":"https:\/\/www.linkeus.fr\/en\/produit\/hotel-cantemerle\/","url":"https:\/\/www.linkeus.fr\/en\/produit\/hotel-cantemerle\/","name":"H\u00f4tel Cantemerle - Linkeus Provence C\u00f4te d&#039;Azur Events","isPartOf":{"@id":"https:\/\/www.linkeus.fr\/#website"},"datePublished":"2022-11-21T11:00:00+00:00","dateModified":"2022-11-21T11:00:00+00:00","breadcrumb":{"@id":"https:\/\/www.linkeus.fr\/en\/produit\/hotel-cantemerle\/#breadcrumb"},"inLanguage":"en-US","potentialAction":[{"@type":"ReadAction","target":["https:\/\/www.linkeus.fr\/en\/produit\/hotel-cantemerle\/"]}]},{"@type":"BreadcrumbList","@id":"https:\/\/www.linkeus.fr\/en\/produit\/hotel-cantemerle\/#breadcrumb","itemListElement":[{"@type":"ListItem","position":1,"name":"Accueil","item":"https:\/\/www.linkeus.fr\/en\/"},{"@type":"ListItem","position":2,"name":"Produits","item":"https:\/\/www.linkeus.fr\/shop\/"},{"@type":"ListItem","position":3,"name":"H\u00f4tel Cantemerle"}]},{"@type":"WebSite","@id":"https:\/\/www.linkeus.fr\/#website","url":"https:\/\/www.linkeus.fr\/","name":"Linkeus Provence C\u00f4te d&#039;Azur Events","description":"Le bureau des congr\u00e8s regional : l&#039;interlocuteur privil\u00e9gi\u00e9 pour l&#039;organisation de vos \u00e9v\u00e8nements professionnels en Provence Alpes C\u00f4te d&#039;Azur","publisher":{"@id":"https:\/\/www.linkeus.fr\/#organization"},"potentialAction":[{"@type":"SearchAction","target":{"@type":"EntryPoint","urlTemplate":"https:\/\/www.linkeus.fr\/?s={search_term_string}"},"query-input":{"@type":"PropertyValueSpecification","valueRequired":true,"valueName":"search_term_string"}}],"inLanguage":"en-US"},{"@type":"Organization","@id":"https:\/\/www.linkeus.fr\/#organization","name":"Linkeus Provence C\u00f4te d&#039;Azur Events","url":"https:\/\/www.linkeus.fr\/","logo":{"@type":"ImageObject","inLanguage":"en-US","@id":"https:\/\/www.linkeus.fr\/#\/schema\/logo\/image\/","url":"https:\/\/www.linkeus.fr\/wp-content\/uploads\/2022\/09\/log-linkeus290.png","contentUrl":"https:\/\/www.linkeus.fr\/wp-content\/uploads\/2022\/09\/log-linkeus290.png","width":290,"height":100,"caption":"Linkeus Provence C\u00f4te d&#039;Azur Events"},"image":{"@id":"https:\/\/www.linkeus.fr\/#\/schema\/logo\/image\/"},"sameAs":["https:\/\/www.facebook.com\/ProvenceCotedAzurEvents"]}]}},"_links":{"self":[{"href":"https:\/\/www.linkeus.fr\/en\/wp-json\/wp\/v2\/product\/23704","targetHints":{"allow":["GET"]}}],"collection":[{"href":"https:\/\/www.linkeus.fr\/en\/wp-json\/wp\/v2\/product"}],"about":[{"href":"https:\/\/www.linkeus.fr\/en\/wp-json\/wp\/v2\/types\/product"}],"replies":[{"embeddable":true,"href":"https:\/\/www.linkeus.fr\/en\/wp-json\/wp\/v2\/comments?post=23704"}],"wp:attachment":[{"href":"https:\/\/www.linkeus.fr\/en\/wp-json\/wp\/v2\/media?parent=23704"}],"wp:term":[{"taxonomy":"product_cat","embeddable":true,"href":"https:\/\/www.linkeus.fr\/en\/wp-json\/wp\/v2\/product_cat?post=23704"},{"taxonomy":"product_tag","embeddable":true,"href":"https:\/\/www.linkeus.fr\/en\/wp-json\/wp\/v2\/product_tag?post=23704"}],"curies":[{"name":"wp","href":"https:\/\/api.w.org\/{rel}","templated":true}]}}