{"id":23160,"date":"2022-09-06T15:00:55","date_gmt":"2022-09-06T13:00:55","guid":{"rendered":"https:\/\/www.linkeus.fr\/produit\/toulon-convention-centre-palais-neptune\/"},"modified":"2022-09-06T15:00:55","modified_gmt":"2022-09-06T13:00:55","slug":"toulon-convention-centre-palais-neptune","status":"publish","type":"product","link":"https:\/\/www.linkeus.fr\/en\/produit\/toulon-convention-centre-palais-neptune\/","title":{"rendered":"Toulon Convention centre Palais Neptune"},"content":{"rendered":"<p>The city of Toulon is located in one of the most beautiful bays in Europe. History and architectural styles have made Toulon a multifaceted city. The \u2018\u2019upper town\u2019\u2019 of Toulon is composed of bright and large Haussmann buildings of the Napoleon III period. The \u2018\u2019lower town\u2019\u2019 is an old medieval quarter that has developed over centuries and that is still evolving. The pedestrian zone, with narrow lanes and ochre or rose fa\u00e7ades, looks like a village with its shops and coulored shop windows, its art galleries, its small Proven\u00e7al restaurants\u2026<\/p>\n<p>Located in the heart of the city center, the Palais Neptune Convention Center is the right venue<br \/>\nfor delegates and offers quick and easy access to hotels, shops and the port (departures to \u201cLes Iles d\u2019Or\u201d, Porquerolles, Port Cros, Ile du levant). Not far away, ferries to Corsica and cruise ships arrive and depart all year round. Located in the city center, just 10 minutes walk from TGV railway station and 30 minutes drive from Toulon-Hy\u00e8res airport, Palais Neptune Convention Center is a multi-purpose facility for all kind of events and professional meetings.<\/p>\n<p>The areas and meeting rooms are positioned around a large atrium so as to provide a unified space.<br \/>\n&gt; 3 levels of 2 500 square meters of modular<br \/>\nspaces<br \/>\n&gt; Customised solutions to your specifications<br \/>\n(Digital layout system available),<br \/>\n&gt; 1 auditorium with a capacity of 800 seats<br \/>\nwith top quality acoustics,<br \/>\n&gt; 14 meeting rooms in accordance with the<br \/>\nrequired PRM standards (from 15 to 300<br \/>\ndelegates)<br \/>\n&gt; Dynamic signage system, on-screen display<br \/>\nand WiFi equipment,<br \/>\n&gt; Access to all levels by a panoramic lift,<br \/>\nescalators and a freight elevator<\/p>\n<p>General set up for exhibitions from 80\/100 booths of 9 square meters or up to 140 booths of 6 square meters.<\/p>\n<p>A skilled onsite technical team (3 persons)<br \/>\nVarious innovative sound lighting systems<br \/>\n&gt; A freight elevator<br \/>\n&gt; A free high-speed WiFi connection<br \/>\n&gt; Public car parks (capacity of 1 200 parking places)<\/p>\n<p>Our skilled team will be with you every step of the way. Your dedicated contact will be responsible for meeting all your requirements from the very beginning to the end of your event. Our technical staff is in charge of the organization and setting up of your event: deliveries, welcome, lighting and sound system, logistics, coordination, general set up, gala dinners. You can rely on our expertise and safe operating procedures.<\/p>\n<p># Custom-made services<br \/>\nGive us your specifications and we will respond within 48 hours.<br \/>\n* Catering services will be provided by one of the listed caterers of the<br \/>\nConvention Center.<br \/>\n* Accommodation: partner hotels (500 rooms up to four-star category) are<br \/>\nlocated within walking distance of the Convention Center.<br \/>\nThe Palais Neptune convention center participates in the Quality Tourism program and is a member of Provence C\u00f4te d\u2019Azur Events network. http:\/\/provencecotedazurevents.com\/<br \/>\nToulon is the perfect place for the organization of your professional events, open air<br \/>\nactivities, discovery of local heritage\u2026\u201cTOULON is TOUT\u2019\u2019.<\/p>\n<p># A few ideas<br \/>\nNaval Museum visit, boat tour of the bay, guided tours of the city, tourist train, themed<br \/>\nwalking tours: discover the history of Toulon, a stroll among the fountains, the narrow streets of Toulon, a panoramic tour, unusual Toulon. A daily boat tour to Porquerolles island can be organized on request. Specialized tourist agencies are at your disposal to offer you excursions and tours of all kinds.<br \/>\nThe \u2018\u2019Guide d\u00e9couverte\u2019\u2019 (discovery guide) is available on Tourist Office site www.toulontourisme.com<\/p>\n<p><a href=\"https:\/\/www.linkeus.fr\/wp-content\/uploads\/2013\/07\/Brochure-Palais-Neptune.pdf\">Brochure Palais Neptune<\/a><\/p>\n<p>Meeting and exhibition<strong>(2500m\u00b2)<\/strong><br \/>\n14 meeting rooms for <strong>15 to 300 person<\/strong><br \/>\nAn auditorium of<strong>800 seats<\/strong><br \/>\nHigh-Tech lighting and audiovisual equipment<br \/>\nPanoramic restaurant of <strong>400 seats<\/strong> and catering places up to <strong>1000 people<\/strong><\/p>\n<p><strong>4*<\/strong> 260 rooms<br \/>\n<strong>3*<\/strong> 384 rooms<br \/>\n<strong>2*<\/strong> 331 rooms<br \/>\n<strong>Uncategorized <\/strong>346 rooms<br \/>\n1320 rooms<\/p>\n<ul>\n<li>Toulon-Hy\u00e8res airport at <strong>18 km<\/strong><\/li>\n<li>Marseille-Provence international airport at <strong>85 km<\/strong><\/li>\n<li>Nice C\u00f4te d\u2019Azur international airport at <strong>150 km<\/strong><\/li>\n<li>Railway station (high-speed train service) <strong>10 minutes on foot<\/strong> from the Palais Neptune (Paris-Toulon journey time <strong>3 hrs 50 mins<\/strong>)<\/li>\n<li>Toulon-Marseille at <strong>65 Km<\/strong> (A50)<\/li>\n<li>Toulon-Aix en Provence at <strong>77 km<\/strong> (A50 &amp;A52)<\/li>\n<li>Toulon-Lyon at <strong>380 km<\/strong> (A8 &amp; A7)<\/li>\n<li>Toulon-Nice at <strong>150 km<\/strong> (A57 &amp; A8)<\/li>\n<li>Toulon-Montpellier at <strong>222 km<\/strong><\/li>\n<\/ul>\n","protected":false},"excerpt":{"rendered":"<p>The city of Toulon is located in one of the most beautiful bays in Europe. History and architectural styles have made Toulon a multifaceted city. The \u2018\u2019upper town\u2019\u2019 of Toulon is composed of bright and large Haussmann buildings of the Napoleon III period. The \u2018\u2019lower town\u2019\u2019 is an old medieval quarter that has developed over [&hellip;]<\/p>\n","protected":false},"featured_media":0,"comment_status":"closed","ping_status":"closed","template":"","meta":{"inline_featured_image":false},"product_cat":[30],"product_tag":[],"class_list":{"0":"post-23160","1":"product","2":"type-product","3":"status-publish","5":"product_cat-listeo-booking","7":"first","8":"instock","9":"virtual","10":"sold-individually","11":"purchasable","12":"product-type-listing_booking"},"yoast_head":"<!-- This site is optimized with the Yoast SEO plugin v24.0 - https:\/\/yoast.com\/wordpress\/plugins\/seo\/ -->\n<title>Toulon Convention centre Palais Neptune - Linkeus Provence C\u00f4te d&#039;Azur Events<\/title>\n<meta name=\"robots\" content=\"index, follow, max-snippet:-1, max-image-preview:large, max-video-preview:-1\" \/>\n<link rel=\"canonical\" href=\"https:\/\/www.linkeus.fr\/en\/produit\/toulon-convention-centre-palais-neptune\/\" \/>\n<meta property=\"og:locale\" content=\"en_US\" \/>\n<meta property=\"og:type\" content=\"article\" \/>\n<meta property=\"og:title\" content=\"Toulon Convention centre Palais Neptune - Linkeus Provence C\u00f4te d&#039;Azur Events\" \/>\n<meta property=\"og:description\" content=\"The city of Toulon is located in one of the most beautiful bays in Europe. History and architectural styles have made Toulon a multifaceted city. The \u2018\u2019upper town\u2019\u2019 of Toulon is composed of bright and large Haussmann buildings of the Napoleon III period. The \u2018\u2019lower town\u2019\u2019 is an old medieval quarter that has developed over [&hellip;]\" \/>\n<meta property=\"og:url\" content=\"https:\/\/www.linkeus.fr\/en\/produit\/toulon-convention-centre-palais-neptune\/\" \/>\n<meta property=\"og:site_name\" content=\"Linkeus Provence C\u00f4te d&#039;Azur Events\" \/>\n<meta property=\"article:publisher\" content=\"https:\/\/www.facebook.com\/ProvenceCotedAzurEvents\" \/>\n<meta property=\"og:image\" content=\"https:\/\/www.linkeus.fr\/wp-content\/uploads\/2021\/07\/pce-image-resaux-sociaux-scaled.jpg\" \/>\n\t<meta property=\"og:image:width\" content=\"2560\" \/>\n\t<meta property=\"og:image:height\" content=\"1204\" \/>\n\t<meta property=\"og:image:type\" content=\"image\/jpeg\" \/>\n<meta name=\"twitter:card\" content=\"summary_large_image\" \/>\n<meta name=\"twitter:label1\" content=\"Est. reading time\" \/>\n\t<meta name=\"twitter:data1\" content=\"3 minutes\" \/>\n<script type=\"application\/ld+json\" class=\"yoast-schema-graph\">{\"@context\":\"https:\/\/schema.org\",\"@graph\":[{\"@type\":\"WebPage\",\"@id\":\"https:\/\/www.linkeus.fr\/en\/produit\/toulon-convention-centre-palais-neptune\/\",\"url\":\"https:\/\/www.linkeus.fr\/en\/produit\/toulon-convention-centre-palais-neptune\/\",\"name\":\"Toulon Convention centre Palais Neptune - Linkeus Provence C\u00f4te d&#039;Azur Events\",\"isPartOf\":{\"@id\":\"https:\/\/www.linkeus.fr\/#website\"},\"datePublished\":\"2022-09-06T13:00:55+00:00\",\"dateModified\":\"2022-09-06T13:00:55+00:00\",\"breadcrumb\":{\"@id\":\"https:\/\/www.linkeus.fr\/en\/produit\/toulon-convention-centre-palais-neptune\/#breadcrumb\"},\"inLanguage\":\"en-US\",\"potentialAction\":[{\"@type\":\"ReadAction\",\"target\":[\"https:\/\/www.linkeus.fr\/en\/produit\/toulon-convention-centre-palais-neptune\/\"]}]},{\"@type\":\"BreadcrumbList\",\"@id\":\"https:\/\/www.linkeus.fr\/en\/produit\/toulon-convention-centre-palais-neptune\/#breadcrumb\",\"itemListElement\":[{\"@type\":\"ListItem\",\"position\":1,\"name\":\"Accueil\",\"item\":\"https:\/\/www.linkeus.fr\/en\/\"},{\"@type\":\"ListItem\",\"position\":2,\"name\":\"Produits\",\"item\":\"https:\/\/www.linkeus.fr\/shop\/\"},{\"@type\":\"ListItem\",\"position\":3,\"name\":\"Toulon Convention centre Palais Neptune\"}]},{\"@type\":\"WebSite\",\"@id\":\"https:\/\/www.linkeus.fr\/#website\",\"url\":\"https:\/\/www.linkeus.fr\/\",\"name\":\"Linkeus Provence C\u00f4te d&#039;Azur Events\",\"description\":\"Le bureau des congr\u00e8s regional : l&#039;interlocuteur privil\u00e9gi\u00e9 pour l&#039;organisation de vos \u00e9v\u00e8nements professionnels en Provence Alpes C\u00f4te d&#039;Azur\",\"publisher\":{\"@id\":\"https:\/\/www.linkeus.fr\/#organization\"},\"potentialAction\":[{\"@type\":\"SearchAction\",\"target\":{\"@type\":\"EntryPoint\",\"urlTemplate\":\"https:\/\/www.linkeus.fr\/?s={search_term_string}\"},\"query-input\":{\"@type\":\"PropertyValueSpecification\",\"valueRequired\":true,\"valueName\":\"search_term_string\"}}],\"inLanguage\":\"en-US\"},{\"@type\":\"Organization\",\"@id\":\"https:\/\/www.linkeus.fr\/#organization\",\"name\":\"Linkeus Provence C\u00f4te d&#039;Azur Events\",\"url\":\"https:\/\/www.linkeus.fr\/\",\"logo\":{\"@type\":\"ImageObject\",\"inLanguage\":\"en-US\",\"@id\":\"https:\/\/www.linkeus.fr\/#\/schema\/logo\/image\/\",\"url\":\"https:\/\/www.linkeus.fr\/wp-content\/uploads\/2022\/09\/log-linkeus290.png\",\"contentUrl\":\"https:\/\/www.linkeus.fr\/wp-content\/uploads\/2022\/09\/log-linkeus290.png\",\"width\":290,\"height\":100,\"caption\":\"Linkeus Provence C\u00f4te d&#039;Azur Events\"},\"image\":{\"@id\":\"https:\/\/www.linkeus.fr\/#\/schema\/logo\/image\/\"},\"sameAs\":[\"https:\/\/www.facebook.com\/ProvenceCotedAzurEvents\"]}]}<\/script>\n<!-- \/ Yoast SEO plugin. -->","yoast_head_json":{"title":"Toulon Convention centre Palais Neptune - Linkeus Provence C\u00f4te d&#039;Azur Events","robots":{"index":"index","follow":"follow","max-snippet":"max-snippet:-1","max-image-preview":"max-image-preview:large","max-video-preview":"max-video-preview:-1"},"canonical":"https:\/\/www.linkeus.fr\/en\/produit\/toulon-convention-centre-palais-neptune\/","og_locale":"en_US","og_type":"article","og_title":"Toulon Convention centre Palais Neptune - Linkeus Provence C\u00f4te d&#039;Azur Events","og_description":"The city of Toulon is located in one of the most beautiful bays in Europe. History and architectural styles have made Toulon a multifaceted city. The \u2018\u2019upper town\u2019\u2019 of Toulon is composed of bright and large Haussmann buildings of the Napoleon III period. The \u2018\u2019lower town\u2019\u2019 is an old medieval quarter that has developed over [&hellip;]","og_url":"https:\/\/www.linkeus.fr\/en\/produit\/toulon-convention-centre-palais-neptune\/","og_site_name":"Linkeus Provence C\u00f4te d&#039;Azur Events","article_publisher":"https:\/\/www.facebook.com\/ProvenceCotedAzurEvents","og_image":[{"width":2560,"height":1204,"url":"https:\/\/www.linkeus.fr\/wp-content\/uploads\/2021\/07\/pce-image-resaux-sociaux-scaled.jpg","type":"image\/jpeg"}],"twitter_card":"summary_large_image","twitter_misc":{"Est. reading time":"3 minutes"},"schema":{"@context":"https:\/\/schema.org","@graph":[{"@type":"WebPage","@id":"https:\/\/www.linkeus.fr\/en\/produit\/toulon-convention-centre-palais-neptune\/","url":"https:\/\/www.linkeus.fr\/en\/produit\/toulon-convention-centre-palais-neptune\/","name":"Toulon Convention centre Palais Neptune - Linkeus Provence C\u00f4te d&#039;Azur Events","isPartOf":{"@id":"https:\/\/www.linkeus.fr\/#website"},"datePublished":"2022-09-06T13:00:55+00:00","dateModified":"2022-09-06T13:00:55+00:00","breadcrumb":{"@id":"https:\/\/www.linkeus.fr\/en\/produit\/toulon-convention-centre-palais-neptune\/#breadcrumb"},"inLanguage":"en-US","potentialAction":[{"@type":"ReadAction","target":["https:\/\/www.linkeus.fr\/en\/produit\/toulon-convention-centre-palais-neptune\/"]}]},{"@type":"BreadcrumbList","@id":"https:\/\/www.linkeus.fr\/en\/produit\/toulon-convention-centre-palais-neptune\/#breadcrumb","itemListElement":[{"@type":"ListItem","position":1,"name":"Accueil","item":"https:\/\/www.linkeus.fr\/en\/"},{"@type":"ListItem","position":2,"name":"Produits","item":"https:\/\/www.linkeus.fr\/shop\/"},{"@type":"ListItem","position":3,"name":"Toulon Convention centre Palais Neptune"}]},{"@type":"WebSite","@id":"https:\/\/www.linkeus.fr\/#website","url":"https:\/\/www.linkeus.fr\/","name":"Linkeus Provence C\u00f4te d&#039;Azur Events","description":"Le bureau des congr\u00e8s regional : l&#039;interlocuteur privil\u00e9gi\u00e9 pour l&#039;organisation de vos \u00e9v\u00e8nements professionnels en Provence Alpes C\u00f4te d&#039;Azur","publisher":{"@id":"https:\/\/www.linkeus.fr\/#organization"},"potentialAction":[{"@type":"SearchAction","target":{"@type":"EntryPoint","urlTemplate":"https:\/\/www.linkeus.fr\/?s={search_term_string}"},"query-input":{"@type":"PropertyValueSpecification","valueRequired":true,"valueName":"search_term_string"}}],"inLanguage":"en-US"},{"@type":"Organization","@id":"https:\/\/www.linkeus.fr\/#organization","name":"Linkeus Provence C\u00f4te d&#039;Azur Events","url":"https:\/\/www.linkeus.fr\/","logo":{"@type":"ImageObject","inLanguage":"en-US","@id":"https:\/\/www.linkeus.fr\/#\/schema\/logo\/image\/","url":"https:\/\/www.linkeus.fr\/wp-content\/uploads\/2022\/09\/log-linkeus290.png","contentUrl":"https:\/\/www.linkeus.fr\/wp-content\/uploads\/2022\/09\/log-linkeus290.png","width":290,"height":100,"caption":"Linkeus Provence C\u00f4te d&#039;Azur Events"},"image":{"@id":"https:\/\/www.linkeus.fr\/#\/schema\/logo\/image\/"},"sameAs":["https:\/\/www.facebook.com\/ProvenceCotedAzurEvents"]}]}},"_links":{"self":[{"href":"https:\/\/www.linkeus.fr\/en\/wp-json\/wp\/v2\/product\/23160","targetHints":{"allow":["GET"]}}],"collection":[{"href":"https:\/\/www.linkeus.fr\/en\/wp-json\/wp\/v2\/product"}],"about":[{"href":"https:\/\/www.linkeus.fr\/en\/wp-json\/wp\/v2\/types\/product"}],"replies":[{"embeddable":true,"href":"https:\/\/www.linkeus.fr\/en\/wp-json\/wp\/v2\/comments?post=23160"}],"wp:attachment":[{"href":"https:\/\/www.linkeus.fr\/en\/wp-json\/wp\/v2\/media?parent=23160"}],"wp:term":[{"taxonomy":"product_cat","embeddable":true,"href":"https:\/\/www.linkeus.fr\/en\/wp-json\/wp\/v2\/product_cat?post=23160"},{"taxonomy":"product_tag","embeddable":true,"href":"https:\/\/www.linkeus.fr\/en\/wp-json\/wp\/v2\/product_tag?post=23160"}],"curies":[{"name":"wp","href":"https:\/\/api.w.org\/{rel}","templated":true}]}}