{"id":22961,"date":"2022-06-13T10:07:30","date_gmt":"2022-06-13T08:07:30","guid":{"rendered":"https:\/\/www.linkeus.fr\/produit\/hotel-restaurant-spa-la-robeyere\/"},"modified":"2024-10-04T11:32:42","modified_gmt":"2024-10-04T09:32:42","slug":"hotel-restaurant-spa-la-robeyere","status":"publish","type":"product","link":"https:\/\/www.linkeus.fr\/en\/produit\/hotel-restaurant-spa-la-robeyere\/","title":{"rendered":"H\u00f4tel **** &#8211; Restaurant \u2013 Spa La Rob\u00e9y\u00e8re"},"content":{"rendered":"<p>Located in Embrun, a small town on the shores of Lake Serre-Pon\u00e7on, the 4-star Hotel La Rob\u00e9y\u00e8re, BW Signature Collection has undergone a facelift. Decorated in a spirit of relaxed luxury, the establishment reopened its doors in spring 2021 and now welcomes a leisure and business clientele. With its country house style faithful to regional codes, this historic building invites guests to slow down, take care of themselves and explore the surrounding mountains of the Hautes-Alpes.<\/p>\n<p>&nbsp;<\/p>\n<p>40 bedrooms<\/p>\n<p>Seminar rooms from 27 to 180m\u00b2.<\/p>\n<p>Gourmet restaurant by the fire<\/p>\n<p>Panoramic terrace<\/p>\n<p>Spa Cinq Mondes by les Bains de la Rob\u00e9y\u00e8re (treatments, sauna, solarium)<\/p>\n<p>Indoor swimming pool<\/p>\n<p>Nordic bath with mountain view<\/p>\n<p>Sauna (temporarily unavailable until 22 November)<\/p>\n<p>Sensory showers<\/p>\n<p>&nbsp;<\/p>\n<p>A variety of activities to suit all tastes:<\/p>\n<p>Winter: skiing, snowshoeing, dog sledding, etc.<\/p>\n<p>Summer: water activities (water skiing, sailing, swimming, etc.), climbing, mountain biking, hiking, rafting, etc.<\/p>\n<p>All year round: yoga, hiking, food and wine activities, music and dance evenings&#8230;<\/p>\n<p>&nbsp;<\/p>\n<p>Open all year round.<\/p>\n<p>Awarded Green Key environmental certification<\/p>\n<p>Translated with DeepL.com (free version)<\/p>\n","protected":false},"excerpt":{"rendered":"<p>Located in Embrun, a small town on the shores of Lake Serre-Pon\u00e7on, the 4-star Hotel La Rob\u00e9y\u00e8re, BW Signature Collection has undergone a facelift. Decorated in a spirit of relaxed luxury, the establishment reopened its doors in spring 2021 and now welcomes a leisure and business clientele. With its country house style faithful to regional [&hellip;]<\/p>\n","protected":false},"featured_media":0,"comment_status":"closed","ping_status":"closed","template":"","meta":{"inline_featured_image":false},"product_cat":[30],"product_tag":[],"class_list":{"0":"post-22961","1":"product","2":"type-product","3":"status-publish","5":"product_cat-listeo-booking","7":"first","8":"instock","9":"virtual","10":"sold-individually","11":"purchasable","12":"product-type-listing_booking"},"yoast_head":"<!-- This site is optimized with the Yoast SEO plugin v24.0 - https:\/\/yoast.com\/wordpress\/plugins\/seo\/ -->\n<title>H\u00f4tel **** - Restaurant \u2013 Spa La Rob\u00e9y\u00e8re - Linkeus Provence C\u00f4te d&#039;Azur Events<\/title>\n<meta name=\"robots\" content=\"index, follow, max-snippet:-1, max-image-preview:large, max-video-preview:-1\" \/>\n<link rel=\"canonical\" href=\"https:\/\/www.linkeus.fr\/en\/produit\/hotel-restaurant-spa-la-robeyere\/\" \/>\n<meta property=\"og:locale\" content=\"en_US\" \/>\n<meta property=\"og:type\" content=\"article\" \/>\n<meta property=\"og:title\" content=\"H\u00f4tel **** - Restaurant \u2013 Spa La Rob\u00e9y\u00e8re - Linkeus Provence C\u00f4te d&#039;Azur Events\" \/>\n<meta property=\"og:description\" content=\"Located in Embrun, a small town on the shores of Lake Serre-Pon\u00e7on, the 4-star Hotel La Rob\u00e9y\u00e8re, BW Signature Collection has undergone a facelift. Decorated in a spirit of relaxed luxury, the establishment reopened its doors in spring 2021 and now welcomes a leisure and business clientele. With its country house style faithful to regional [&hellip;]\" \/>\n<meta property=\"og:url\" content=\"https:\/\/www.linkeus.fr\/en\/produit\/hotel-restaurant-spa-la-robeyere\/\" \/>\n<meta property=\"og:site_name\" content=\"Linkeus Provence C\u00f4te d&#039;Azur Events\" \/>\n<meta property=\"article:publisher\" content=\"https:\/\/www.facebook.com\/ProvenceCotedAzurEvents\" \/>\n<meta property=\"article:modified_time\" content=\"2024-10-04T09:32:42+00:00\" \/>\n<meta property=\"og:image\" content=\"https:\/\/www.linkeus.fr\/wp-content\/uploads\/2021\/07\/pce-image-resaux-sociaux-scaled.jpg\" \/>\n\t<meta property=\"og:image:width\" content=\"2560\" \/>\n\t<meta property=\"og:image:height\" content=\"1204\" \/>\n\t<meta property=\"og:image:type\" content=\"image\/jpeg\" \/>\n<meta name=\"twitter:card\" content=\"summary_large_image\" \/>\n<meta name=\"twitter:label1\" content=\"Est. reading time\" \/>\n\t<meta name=\"twitter:data1\" content=\"1 minute\" \/>\n<script type=\"application\/ld+json\" class=\"yoast-schema-graph\">{\"@context\":\"https:\/\/schema.org\",\"@graph\":[{\"@type\":\"WebPage\",\"@id\":\"https:\/\/www.linkeus.fr\/en\/produit\/hotel-restaurant-spa-la-robeyere\/\",\"url\":\"https:\/\/www.linkeus.fr\/en\/produit\/hotel-restaurant-spa-la-robeyere\/\",\"name\":\"H\u00f4tel **** - Restaurant \u2013 Spa La Rob\u00e9y\u00e8re - Linkeus Provence C\u00f4te d&#039;Azur Events\",\"isPartOf\":{\"@id\":\"https:\/\/www.linkeus.fr\/#website\"},\"datePublished\":\"2022-06-13T08:07:30+00:00\",\"dateModified\":\"2024-10-04T09:32:42+00:00\",\"breadcrumb\":{\"@id\":\"https:\/\/www.linkeus.fr\/en\/produit\/hotel-restaurant-spa-la-robeyere\/#breadcrumb\"},\"inLanguage\":\"en-US\",\"potentialAction\":[{\"@type\":\"ReadAction\",\"target\":[\"https:\/\/www.linkeus.fr\/en\/produit\/hotel-restaurant-spa-la-robeyere\/\"]}]},{\"@type\":\"BreadcrumbList\",\"@id\":\"https:\/\/www.linkeus.fr\/en\/produit\/hotel-restaurant-spa-la-robeyere\/#breadcrumb\",\"itemListElement\":[{\"@type\":\"ListItem\",\"position\":1,\"name\":\"Accueil\",\"item\":\"https:\/\/www.linkeus.fr\/en\/\"},{\"@type\":\"ListItem\",\"position\":2,\"name\":\"Produits\",\"item\":\"https:\/\/www.linkeus.fr\/shop\/\"},{\"@type\":\"ListItem\",\"position\":3,\"name\":\"H\u00f4tel **** &#8211; Restaurant \u2013 Spa La Rob\u00e9y\u00e8re\"}]},{\"@type\":\"WebSite\",\"@id\":\"https:\/\/www.linkeus.fr\/#website\",\"url\":\"https:\/\/www.linkeus.fr\/\",\"name\":\"Linkeus Provence C\u00f4te d&#039;Azur Events\",\"description\":\"Le bureau des congr\u00e8s regional : l&#039;interlocuteur privil\u00e9gi\u00e9 pour l&#039;organisation de vos \u00e9v\u00e8nements professionnels en Provence Alpes C\u00f4te d&#039;Azur\",\"publisher\":{\"@id\":\"https:\/\/www.linkeus.fr\/#organization\"},\"potentialAction\":[{\"@type\":\"SearchAction\",\"target\":{\"@type\":\"EntryPoint\",\"urlTemplate\":\"https:\/\/www.linkeus.fr\/?s={search_term_string}\"},\"query-input\":{\"@type\":\"PropertyValueSpecification\",\"valueRequired\":true,\"valueName\":\"search_term_string\"}}],\"inLanguage\":\"en-US\"},{\"@type\":\"Organization\",\"@id\":\"https:\/\/www.linkeus.fr\/#organization\",\"name\":\"Linkeus Provence C\u00f4te d&#039;Azur Events\",\"url\":\"https:\/\/www.linkeus.fr\/\",\"logo\":{\"@type\":\"ImageObject\",\"inLanguage\":\"en-US\",\"@id\":\"https:\/\/www.linkeus.fr\/#\/schema\/logo\/image\/\",\"url\":\"https:\/\/www.linkeus.fr\/wp-content\/uploads\/2022\/09\/log-linkeus290.png\",\"contentUrl\":\"https:\/\/www.linkeus.fr\/wp-content\/uploads\/2022\/09\/log-linkeus290.png\",\"width\":290,\"height\":100,\"caption\":\"Linkeus Provence C\u00f4te d&#039;Azur Events\"},\"image\":{\"@id\":\"https:\/\/www.linkeus.fr\/#\/schema\/logo\/image\/\"},\"sameAs\":[\"https:\/\/www.facebook.com\/ProvenceCotedAzurEvents\"]}]}<\/script>\n<!-- \/ Yoast SEO plugin. -->","yoast_head_json":{"title":"H\u00f4tel **** - Restaurant \u2013 Spa La Rob\u00e9y\u00e8re - Linkeus Provence C\u00f4te d&#039;Azur Events","robots":{"index":"index","follow":"follow","max-snippet":"max-snippet:-1","max-image-preview":"max-image-preview:large","max-video-preview":"max-video-preview:-1"},"canonical":"https:\/\/www.linkeus.fr\/en\/produit\/hotel-restaurant-spa-la-robeyere\/","og_locale":"en_US","og_type":"article","og_title":"H\u00f4tel **** - Restaurant \u2013 Spa La Rob\u00e9y\u00e8re - Linkeus Provence C\u00f4te d&#039;Azur Events","og_description":"Located in Embrun, a small town on the shores of Lake Serre-Pon\u00e7on, the 4-star Hotel La Rob\u00e9y\u00e8re, BW Signature Collection has undergone a facelift. Decorated in a spirit of relaxed luxury, the establishment reopened its doors in spring 2021 and now welcomes a leisure and business clientele. With its country house style faithful to regional [&hellip;]","og_url":"https:\/\/www.linkeus.fr\/en\/produit\/hotel-restaurant-spa-la-robeyere\/","og_site_name":"Linkeus Provence C\u00f4te d&#039;Azur Events","article_publisher":"https:\/\/www.facebook.com\/ProvenceCotedAzurEvents","article_modified_time":"2024-10-04T09:32:42+00:00","og_image":[{"width":2560,"height":1204,"url":"https:\/\/www.linkeus.fr\/wp-content\/uploads\/2021\/07\/pce-image-resaux-sociaux-scaled.jpg","type":"image\/jpeg"}],"twitter_card":"summary_large_image","twitter_misc":{"Est. reading time":"1 minute"},"schema":{"@context":"https:\/\/schema.org","@graph":[{"@type":"WebPage","@id":"https:\/\/www.linkeus.fr\/en\/produit\/hotel-restaurant-spa-la-robeyere\/","url":"https:\/\/www.linkeus.fr\/en\/produit\/hotel-restaurant-spa-la-robeyere\/","name":"H\u00f4tel **** - Restaurant \u2013 Spa La Rob\u00e9y\u00e8re - Linkeus Provence C\u00f4te d&#039;Azur Events","isPartOf":{"@id":"https:\/\/www.linkeus.fr\/#website"},"datePublished":"2022-06-13T08:07:30+00:00","dateModified":"2024-10-04T09:32:42+00:00","breadcrumb":{"@id":"https:\/\/www.linkeus.fr\/en\/produit\/hotel-restaurant-spa-la-robeyere\/#breadcrumb"},"inLanguage":"en-US","potentialAction":[{"@type":"ReadAction","target":["https:\/\/www.linkeus.fr\/en\/produit\/hotel-restaurant-spa-la-robeyere\/"]}]},{"@type":"BreadcrumbList","@id":"https:\/\/www.linkeus.fr\/en\/produit\/hotel-restaurant-spa-la-robeyere\/#breadcrumb","itemListElement":[{"@type":"ListItem","position":1,"name":"Accueil","item":"https:\/\/www.linkeus.fr\/en\/"},{"@type":"ListItem","position":2,"name":"Produits","item":"https:\/\/www.linkeus.fr\/shop\/"},{"@type":"ListItem","position":3,"name":"H\u00f4tel **** &#8211; Restaurant \u2013 Spa La Rob\u00e9y\u00e8re"}]},{"@type":"WebSite","@id":"https:\/\/www.linkeus.fr\/#website","url":"https:\/\/www.linkeus.fr\/","name":"Linkeus Provence C\u00f4te d&#039;Azur Events","description":"Le bureau des congr\u00e8s regional : l&#039;interlocuteur privil\u00e9gi\u00e9 pour l&#039;organisation de vos \u00e9v\u00e8nements professionnels en Provence Alpes C\u00f4te d&#039;Azur","publisher":{"@id":"https:\/\/www.linkeus.fr\/#organization"},"potentialAction":[{"@type":"SearchAction","target":{"@type":"EntryPoint","urlTemplate":"https:\/\/www.linkeus.fr\/?s={search_term_string}"},"query-input":{"@type":"PropertyValueSpecification","valueRequired":true,"valueName":"search_term_string"}}],"inLanguage":"en-US"},{"@type":"Organization","@id":"https:\/\/www.linkeus.fr\/#organization","name":"Linkeus Provence C\u00f4te d&#039;Azur Events","url":"https:\/\/www.linkeus.fr\/","logo":{"@type":"ImageObject","inLanguage":"en-US","@id":"https:\/\/www.linkeus.fr\/#\/schema\/logo\/image\/","url":"https:\/\/www.linkeus.fr\/wp-content\/uploads\/2022\/09\/log-linkeus290.png","contentUrl":"https:\/\/www.linkeus.fr\/wp-content\/uploads\/2022\/09\/log-linkeus290.png","width":290,"height":100,"caption":"Linkeus Provence C\u00f4te d&#039;Azur Events"},"image":{"@id":"https:\/\/www.linkeus.fr\/#\/schema\/logo\/image\/"},"sameAs":["https:\/\/www.facebook.com\/ProvenceCotedAzurEvents"]}]}},"_links":{"self":[{"href":"https:\/\/www.linkeus.fr\/en\/wp-json\/wp\/v2\/product\/22961","targetHints":{"allow":["GET"]}}],"collection":[{"href":"https:\/\/www.linkeus.fr\/en\/wp-json\/wp\/v2\/product"}],"about":[{"href":"https:\/\/www.linkeus.fr\/en\/wp-json\/wp\/v2\/types\/product"}],"replies":[{"embeddable":true,"href":"https:\/\/www.linkeus.fr\/en\/wp-json\/wp\/v2\/comments?post=22961"}],"wp:attachment":[{"href":"https:\/\/www.linkeus.fr\/en\/wp-json\/wp\/v2\/media?parent=22961"}],"wp:term":[{"taxonomy":"product_cat","embeddable":true,"href":"https:\/\/www.linkeus.fr\/en\/wp-json\/wp\/v2\/product_cat?post=22961"},{"taxonomy":"product_tag","embeddable":true,"href":"https:\/\/www.linkeus.fr\/en\/wp-json\/wp\/v2\/product_tag?post=22961"}],"curies":[{"name":"wp","href":"https:\/\/api.w.org\/{rel}","templated":true}]}}