{"id":22686,"date":"2022-03-29T16:49:39","date_gmt":"2022-03-29T14:49:39","guid":{"rendered":"https:\/\/www.linkeus.fr\/produit\/office-de-tourisme-du-pays-de-grasse-3\/"},"modified":"2026-01-26T15:14:41","modified_gmt":"2026-01-26T14:14:41","slug":"office-de-tourisme-du-pays-de-grasse-3","status":"publish","type":"product","link":"https:\/\/www.linkeus.fr\/en\/produit\/office-de-tourisme-du-pays-de-grasse-3\/","title":{"rendered":"Office de tourisme du Pays de Grasse"},"content":{"rendered":"<p>GRASSE &amp; PAYS DE GRASSE:<\/p>\n<p>A new destination for Business Tourism in the French Riviera!<\/p>\n<p>&nbsp;<\/p>\n<p>&nbsp;<\/p>\n<p>The Provence Alpes C\u00f4te d\u2019Azur Region is a world-renowned and world-class destination. The Pays de Grasse, a very special district around and encompassing the perfume capital of the world, holds a central place on the French Riviera and in French culture. This land, heir to several centuries of history, is one of which we are immensely proud. We are now prouder still, having been recognized by UNESCO as home to the skills related to perfume, now listed in the Intangible Cultural Heritage of Humanity. This is an historic honor for the Pays de Grasse, for France, and for the world of perfumery.<\/p>\n<p>&nbsp;<\/p>\n<p>With such extraordinary heritage, so many breathtaking sites, such exquisite natural surroundings, such vast cultural appeal, the Pays de Grasse is a treasure trove to be explored in depth, whether you are here for business or pleasure.<\/p>\n<p>&nbsp;<\/p>\n<p>This land stretches from the sea to the summits, dotted with enchanting Provencal villages. It is the perfect setting for enjoying any number of recreational activities and the ideal place for incentives and gatherings, with a diverse infrastructure to host corporate meetings, workshops, or conferences. The Pays de Grasse, C\u00f4te d\u2019Azur France, is unquestionably the quintessential visitor playground and business hub.<\/p>\n<p>&nbsp;<\/p>\n<p>So take a breath of fresh air, experience true inspiration, and let the Pays de Grasse awaken your senses.<\/p>\n<p>A unique experience of ancient charm steeped in contemporary energy!<\/p>\n<p>&nbsp;<\/p>\n<p>Welcome to the Pays de Grasse, land of a thousand facets!<\/p>\n<p>&nbsp;<\/p>\n","protected":false},"excerpt":{"rendered":"<p>GRASSE &amp; PAYS DE GRASSE: A new destination for Business Tourism in the French Riviera! &nbsp; &nbsp; The Provence Alpes C\u00f4te d\u2019Azur Region is a world-renowned and world-class destination. The Pays de Grasse, a very special district around and encompassing the perfume capital of the world, holds a central place on the French Riviera and [&hellip;]<\/p>\n","protected":false},"featured_media":0,"comment_status":"closed","ping_status":"closed","template":"","meta":{"inline_featured_image":false},"product_cat":[30],"product_tag":[],"class_list":{"0":"post-22686","1":"product","2":"type-product","3":"status-publish","5":"product_cat-listeo-booking","7":"first","8":"instock","9":"virtual","10":"sold-individually","11":"purchasable","12":"product-type-listing_booking"},"yoast_head":"<!-- This site is optimized with the Yoast SEO plugin v24.0 - https:\/\/yoast.com\/wordpress\/plugins\/seo\/ -->\n<title>Office de tourisme du Pays de Grasse - Linkeus Provence C\u00f4te d&#039;Azur Events<\/title>\n<meta name=\"robots\" content=\"index, follow, max-snippet:-1, max-image-preview:large, max-video-preview:-1\" \/>\n<link rel=\"canonical\" href=\"https:\/\/www.linkeus.fr\/en\/produit\/office-de-tourisme-du-pays-de-grasse-3\/\" \/>\n<meta property=\"og:locale\" content=\"en_US\" \/>\n<meta property=\"og:type\" content=\"article\" \/>\n<meta property=\"og:title\" content=\"Office de tourisme du Pays de Grasse - Linkeus Provence C\u00f4te d&#039;Azur Events\" \/>\n<meta property=\"og:description\" content=\"GRASSE &amp; PAYS DE GRASSE: A new destination for Business Tourism in the French Riviera! &nbsp; &nbsp; The Provence Alpes C\u00f4te d\u2019Azur Region is a world-renowned and world-class destination. The Pays de Grasse, a very special district around and encompassing the perfume capital of the world, holds a central place on the French Riviera and [&hellip;]\" \/>\n<meta property=\"og:url\" content=\"https:\/\/www.linkeus.fr\/en\/produit\/office-de-tourisme-du-pays-de-grasse-3\/\" \/>\n<meta property=\"og:site_name\" content=\"Linkeus Provence C\u00f4te d&#039;Azur Events\" \/>\n<meta property=\"article:publisher\" content=\"https:\/\/www.facebook.com\/ProvenceCotedAzurEvents\" \/>\n<meta property=\"article:modified_time\" content=\"2026-01-26T14:14:41+00:00\" \/>\n<meta property=\"og:image\" content=\"https:\/\/www.linkeus.fr\/wp-content\/uploads\/2021\/07\/pce-image-resaux-sociaux-scaled.jpg\" \/>\n\t<meta property=\"og:image:width\" content=\"2560\" \/>\n\t<meta property=\"og:image:height\" content=\"1204\" \/>\n\t<meta property=\"og:image:type\" content=\"image\/jpeg\" \/>\n<meta name=\"twitter:card\" content=\"summary_large_image\" \/>\n<meta name=\"twitter:label1\" content=\"Est. reading time\" \/>\n\t<meta name=\"twitter:data1\" content=\"1 minute\" \/>\n<script type=\"application\/ld+json\" class=\"yoast-schema-graph\">{\"@context\":\"https:\/\/schema.org\",\"@graph\":[{\"@type\":\"WebPage\",\"@id\":\"https:\/\/www.linkeus.fr\/en\/produit\/office-de-tourisme-du-pays-de-grasse-3\/\",\"url\":\"https:\/\/www.linkeus.fr\/en\/produit\/office-de-tourisme-du-pays-de-grasse-3\/\",\"name\":\"Office de tourisme du Pays de Grasse - Linkeus Provence C\u00f4te d&#039;Azur Events\",\"isPartOf\":{\"@id\":\"https:\/\/www.linkeus.fr\/#website\"},\"datePublished\":\"2022-03-29T14:49:39+00:00\",\"dateModified\":\"2026-01-26T14:14:41+00:00\",\"breadcrumb\":{\"@id\":\"https:\/\/www.linkeus.fr\/en\/produit\/office-de-tourisme-du-pays-de-grasse-3\/#breadcrumb\"},\"inLanguage\":\"en-US\",\"potentialAction\":[{\"@type\":\"ReadAction\",\"target\":[\"https:\/\/www.linkeus.fr\/en\/produit\/office-de-tourisme-du-pays-de-grasse-3\/\"]}]},{\"@type\":\"BreadcrumbList\",\"@id\":\"https:\/\/www.linkeus.fr\/en\/produit\/office-de-tourisme-du-pays-de-grasse-3\/#breadcrumb\",\"itemListElement\":[{\"@type\":\"ListItem\",\"position\":1,\"name\":\"Accueil\",\"item\":\"https:\/\/www.linkeus.fr\/en\/\"},{\"@type\":\"ListItem\",\"position\":2,\"name\":\"Produits\",\"item\":\"https:\/\/www.linkeus.fr\/shop\/\"},{\"@type\":\"ListItem\",\"position\":3,\"name\":\"Office de tourisme du Pays de Grasse\"}]},{\"@type\":\"WebSite\",\"@id\":\"https:\/\/www.linkeus.fr\/#website\",\"url\":\"https:\/\/www.linkeus.fr\/\",\"name\":\"Linkeus Provence C\u00f4te d&#039;Azur Events\",\"description\":\"Le bureau des congr\u00e8s regional : l&#039;interlocuteur privil\u00e9gi\u00e9 pour l&#039;organisation de vos \u00e9v\u00e8nements professionnels en Provence Alpes C\u00f4te d&#039;Azur\",\"publisher\":{\"@id\":\"https:\/\/www.linkeus.fr\/#organization\"},\"potentialAction\":[{\"@type\":\"SearchAction\",\"target\":{\"@type\":\"EntryPoint\",\"urlTemplate\":\"https:\/\/www.linkeus.fr\/?s={search_term_string}\"},\"query-input\":{\"@type\":\"PropertyValueSpecification\",\"valueRequired\":true,\"valueName\":\"search_term_string\"}}],\"inLanguage\":\"en-US\"},{\"@type\":\"Organization\",\"@id\":\"https:\/\/www.linkeus.fr\/#organization\",\"name\":\"Linkeus Provence C\u00f4te d&#039;Azur Events\",\"url\":\"https:\/\/www.linkeus.fr\/\",\"logo\":{\"@type\":\"ImageObject\",\"inLanguage\":\"en-US\",\"@id\":\"https:\/\/www.linkeus.fr\/#\/schema\/logo\/image\/\",\"url\":\"https:\/\/www.linkeus.fr\/wp-content\/uploads\/2022\/09\/log-linkeus290.png\",\"contentUrl\":\"https:\/\/www.linkeus.fr\/wp-content\/uploads\/2022\/09\/log-linkeus290.png\",\"width\":290,\"height\":100,\"caption\":\"Linkeus Provence C\u00f4te d&#039;Azur Events\"},\"image\":{\"@id\":\"https:\/\/www.linkeus.fr\/#\/schema\/logo\/image\/\"},\"sameAs\":[\"https:\/\/www.facebook.com\/ProvenceCotedAzurEvents\"]}]}<\/script>\n<!-- \/ Yoast SEO plugin. -->","yoast_head_json":{"title":"Office de tourisme du Pays de Grasse - Linkeus Provence C\u00f4te d&#039;Azur Events","robots":{"index":"index","follow":"follow","max-snippet":"max-snippet:-1","max-image-preview":"max-image-preview:large","max-video-preview":"max-video-preview:-1"},"canonical":"https:\/\/www.linkeus.fr\/en\/produit\/office-de-tourisme-du-pays-de-grasse-3\/","og_locale":"en_US","og_type":"article","og_title":"Office de tourisme du Pays de Grasse - Linkeus Provence C\u00f4te d&#039;Azur Events","og_description":"GRASSE &amp; PAYS DE GRASSE: A new destination for Business Tourism in the French Riviera! &nbsp; &nbsp; The Provence Alpes C\u00f4te d\u2019Azur Region is a world-renowned and world-class destination. The Pays de Grasse, a very special district around and encompassing the perfume capital of the world, holds a central place on the French Riviera and [&hellip;]","og_url":"https:\/\/www.linkeus.fr\/en\/produit\/office-de-tourisme-du-pays-de-grasse-3\/","og_site_name":"Linkeus Provence C\u00f4te d&#039;Azur Events","article_publisher":"https:\/\/www.facebook.com\/ProvenceCotedAzurEvents","article_modified_time":"2026-01-26T14:14:41+00:00","og_image":[{"width":2560,"height":1204,"url":"https:\/\/www.linkeus.fr\/wp-content\/uploads\/2021\/07\/pce-image-resaux-sociaux-scaled.jpg","type":"image\/jpeg"}],"twitter_card":"summary_large_image","twitter_misc":{"Est. reading time":"1 minute"},"schema":{"@context":"https:\/\/schema.org","@graph":[{"@type":"WebPage","@id":"https:\/\/www.linkeus.fr\/en\/produit\/office-de-tourisme-du-pays-de-grasse-3\/","url":"https:\/\/www.linkeus.fr\/en\/produit\/office-de-tourisme-du-pays-de-grasse-3\/","name":"Office de tourisme du Pays de Grasse - Linkeus Provence C\u00f4te d&#039;Azur Events","isPartOf":{"@id":"https:\/\/www.linkeus.fr\/#website"},"datePublished":"2022-03-29T14:49:39+00:00","dateModified":"2026-01-26T14:14:41+00:00","breadcrumb":{"@id":"https:\/\/www.linkeus.fr\/en\/produit\/office-de-tourisme-du-pays-de-grasse-3\/#breadcrumb"},"inLanguage":"en-US","potentialAction":[{"@type":"ReadAction","target":["https:\/\/www.linkeus.fr\/en\/produit\/office-de-tourisme-du-pays-de-grasse-3\/"]}]},{"@type":"BreadcrumbList","@id":"https:\/\/www.linkeus.fr\/en\/produit\/office-de-tourisme-du-pays-de-grasse-3\/#breadcrumb","itemListElement":[{"@type":"ListItem","position":1,"name":"Accueil","item":"https:\/\/www.linkeus.fr\/en\/"},{"@type":"ListItem","position":2,"name":"Produits","item":"https:\/\/www.linkeus.fr\/shop\/"},{"@type":"ListItem","position":3,"name":"Office de tourisme du Pays de Grasse"}]},{"@type":"WebSite","@id":"https:\/\/www.linkeus.fr\/#website","url":"https:\/\/www.linkeus.fr\/","name":"Linkeus Provence C\u00f4te d&#039;Azur Events","description":"Le bureau des congr\u00e8s regional : l&#039;interlocuteur privil\u00e9gi\u00e9 pour l&#039;organisation de vos \u00e9v\u00e8nements professionnels en Provence Alpes C\u00f4te d&#039;Azur","publisher":{"@id":"https:\/\/www.linkeus.fr\/#organization"},"potentialAction":[{"@type":"SearchAction","target":{"@type":"EntryPoint","urlTemplate":"https:\/\/www.linkeus.fr\/?s={search_term_string}"},"query-input":{"@type":"PropertyValueSpecification","valueRequired":true,"valueName":"search_term_string"}}],"inLanguage":"en-US"},{"@type":"Organization","@id":"https:\/\/www.linkeus.fr\/#organization","name":"Linkeus Provence C\u00f4te d&#039;Azur Events","url":"https:\/\/www.linkeus.fr\/","logo":{"@type":"ImageObject","inLanguage":"en-US","@id":"https:\/\/www.linkeus.fr\/#\/schema\/logo\/image\/","url":"https:\/\/www.linkeus.fr\/wp-content\/uploads\/2022\/09\/log-linkeus290.png","contentUrl":"https:\/\/www.linkeus.fr\/wp-content\/uploads\/2022\/09\/log-linkeus290.png","width":290,"height":100,"caption":"Linkeus Provence C\u00f4te d&#039;Azur Events"},"image":{"@id":"https:\/\/www.linkeus.fr\/#\/schema\/logo\/image\/"},"sameAs":["https:\/\/www.facebook.com\/ProvenceCotedAzurEvents"]}]}},"_links":{"self":[{"href":"https:\/\/www.linkeus.fr\/en\/wp-json\/wp\/v2\/product\/22686","targetHints":{"allow":["GET"]}}],"collection":[{"href":"https:\/\/www.linkeus.fr\/en\/wp-json\/wp\/v2\/product"}],"about":[{"href":"https:\/\/www.linkeus.fr\/en\/wp-json\/wp\/v2\/types\/product"}],"replies":[{"embeddable":true,"href":"https:\/\/www.linkeus.fr\/en\/wp-json\/wp\/v2\/comments?post=22686"}],"wp:attachment":[{"href":"https:\/\/www.linkeus.fr\/en\/wp-json\/wp\/v2\/media?parent=22686"}],"wp:term":[{"taxonomy":"product_cat","embeddable":true,"href":"https:\/\/www.linkeus.fr\/en\/wp-json\/wp\/v2\/product_cat?post=22686"},{"taxonomy":"product_tag","embeddable":true,"href":"https:\/\/www.linkeus.fr\/en\/wp-json\/wp\/v2\/product_tag?post=22686"}],"curies":[{"name":"wp","href":"https:\/\/api.w.org\/{rel}","templated":true}]}}