{"id":22662,"date":"2022-03-25T16:37:15","date_gmt":"2022-03-25T15:37:15","guid":{"rendered":"https:\/\/www.linkeus.fr\/produit\/loccitane-en-provence\/"},"modified":"2022-03-25T16:43:02","modified_gmt":"2022-03-25T15:43:02","slug":"loccitane-en-provence","status":"publish","type":"product","link":"https:\/\/www.linkeus.fr\/en\/produit\/loccitane-en-provence\/","title":{"rendered":"L\u2019OCCITANE en Provence"},"content":{"rendered":"<p><strong>EXPLORE the unique world of L\u2019OCCITANE en Provence, and step into our factory, garden and boutique mus\u00e9e. <\/strong><\/p>\n<p><strong>\u00a0<\/strong><\/p>\n<p><strong>Discover our factory<\/strong><\/p>\n<p>Find out more about our manufacturing processes during a guided tour of our factory. See our laboratories, production workshops and packing lines, and learn what makes our products so effective. This fascinating tour includes opportunities to sample our unique textures and scents, as well as other sensorial experiences! Join us on a journey into a world of true beauty, inspired by men, women and nature&#8230;<\/p>\n<p>&nbsp;<\/p>\n<p><strong>Escape to our garden<\/strong><\/p>\n<p>Come and awaken your senses as you wander through our Mediterranean garden. Filled with both wild and cultivated species, let yourself be carried away by these natural treasures that we use every day in our products.<\/p>\n<p>&nbsp;<\/p>\n<p><strong>Explore our museum-store<\/strong><\/p>\n<p>Step into our recently renovated Boutique Mus\u00e9e \u2013 a place buzzing with life that revolves around a stunning central area. Linger a little longer in Provence as you browse our mini boutiques, including Face Care, Men and Fragrance.<\/p>\n<p>The history of L&#8217;OCCITANE is revealed all around: between the arches, in display units, everywhere&#8230; Learn all about its values and discover products and treasures from bygone years, so you can peek into the past of the brand while enjoying it in the present.<\/p>\n<p>&nbsp;<\/p>\n<ul>\n<li><strong>Factory tour: <\/strong>Free and guided tour upon registration \u2013 7 days a week from April to October \u2013 From November to March: Monday to Saturday \u2013 Registrations\u00a0: +33 (0)4.92.70.32.08 \u2013 <a href=\"mailto:reservations.visites@loccitane.com\">visites@loccitane.com<\/a> \u2013 <a href=\"http:\/\/www.visiteloccitane.com\">www.visiteloccitane.com<\/a><\/li>\n<\/ul>\n<p>&nbsp;<\/p>\n<ul>\n<li><strong>Mediterranean Garden<\/strong>: Free entrance \u2013 7 days a week from April to October \u2013 From November to March: Monday to Saturday<\/li>\n<\/ul>\n<p>&nbsp;<\/p>\n<ul>\n<li><strong>Boutique Mus\u00e9e<\/strong>: Open 7 days a week from April to October \u2013 From November to March: Monday to Saturday \u2013 Get a 10% discount on all products compared with our other L\u2019Occitane en Provence stores.<\/li>\n<\/ul>\n<p>&nbsp;<\/p>\n<p>&nbsp;<\/p>\n","protected":false},"excerpt":{"rendered":"<p>EXPLORE the unique world of L\u2019OCCITANE en Provence, and step into our factory, garden and boutique mus\u00e9e. \u00a0 Discover our factory Find out more about our manufacturing processes during a guided tour of our factory. See our laboratories, production workshops and packing lines, and learn what makes our products so effective. This fascinating tour includes [&hellip;]<\/p>\n","protected":false},"featured_media":0,"comment_status":"closed","ping_status":"closed","template":"","meta":{"inline_featured_image":false},"product_cat":[30],"product_tag":[],"class_list":{"0":"post-22662","1":"product","2":"type-product","3":"status-publish","5":"product_cat-listeo-booking","7":"first","8":"instock","9":"virtual","10":"sold-individually","11":"purchasable","12":"product-type-listing_booking"},"yoast_head":"<!-- This site is optimized with the Yoast SEO plugin v24.0 - https:\/\/yoast.com\/wordpress\/plugins\/seo\/ -->\n<title>L\u2019OCCITANE en Provence - Linkeus Provence C\u00f4te d&#039;Azur Events<\/title>\n<meta name=\"robots\" content=\"index, follow, max-snippet:-1, max-image-preview:large, max-video-preview:-1\" \/>\n<link rel=\"canonical\" href=\"https:\/\/www.linkeus.fr\/en\/produit\/loccitane-en-provence\/\" \/>\n<meta property=\"og:locale\" content=\"en_US\" \/>\n<meta property=\"og:type\" content=\"article\" \/>\n<meta property=\"og:title\" content=\"L\u2019OCCITANE en Provence - Linkeus Provence C\u00f4te d&#039;Azur Events\" \/>\n<meta property=\"og:description\" content=\"EXPLORE the unique world of L\u2019OCCITANE en Provence, and step into our factory, garden and boutique mus\u00e9e. \u00a0 Discover our factory Find out more about our manufacturing processes during a guided tour of our factory. See our laboratories, production workshops and packing lines, and learn what makes our products so effective. This fascinating tour includes [&hellip;]\" \/>\n<meta property=\"og:url\" content=\"https:\/\/www.linkeus.fr\/en\/produit\/loccitane-en-provence\/\" \/>\n<meta property=\"og:site_name\" content=\"Linkeus Provence C\u00f4te d&#039;Azur Events\" \/>\n<meta property=\"article:publisher\" content=\"https:\/\/www.facebook.com\/ProvenceCotedAzurEvents\" \/>\n<meta property=\"article:modified_time\" content=\"2022-03-25T15:43:02+00:00\" \/>\n<meta property=\"og:image\" content=\"https:\/\/www.linkeus.fr\/wp-content\/uploads\/2021\/07\/pce-image-resaux-sociaux-scaled.jpg\" \/>\n\t<meta property=\"og:image:width\" content=\"2560\" \/>\n\t<meta property=\"og:image:height\" content=\"1204\" \/>\n\t<meta property=\"og:image:type\" content=\"image\/jpeg\" \/>\n<meta name=\"twitter:card\" content=\"summary_large_image\" \/>\n<meta name=\"twitter:label1\" content=\"Est. reading time\" \/>\n\t<meta name=\"twitter:data1\" content=\"1 minute\" \/>\n<script type=\"application\/ld+json\" class=\"yoast-schema-graph\">{\"@context\":\"https:\/\/schema.org\",\"@graph\":[{\"@type\":\"WebPage\",\"@id\":\"https:\/\/www.linkeus.fr\/en\/produit\/loccitane-en-provence\/\",\"url\":\"https:\/\/www.linkeus.fr\/en\/produit\/loccitane-en-provence\/\",\"name\":\"L\u2019OCCITANE en Provence - Linkeus Provence C\u00f4te d&#039;Azur Events\",\"isPartOf\":{\"@id\":\"https:\/\/www.linkeus.fr\/#website\"},\"datePublished\":\"2022-03-25T15:37:15+00:00\",\"dateModified\":\"2022-03-25T15:43:02+00:00\",\"breadcrumb\":{\"@id\":\"https:\/\/www.linkeus.fr\/en\/produit\/loccitane-en-provence\/#breadcrumb\"},\"inLanguage\":\"en-US\",\"potentialAction\":[{\"@type\":\"ReadAction\",\"target\":[\"https:\/\/www.linkeus.fr\/en\/produit\/loccitane-en-provence\/\"]}]},{\"@type\":\"BreadcrumbList\",\"@id\":\"https:\/\/www.linkeus.fr\/en\/produit\/loccitane-en-provence\/#breadcrumb\",\"itemListElement\":[{\"@type\":\"ListItem\",\"position\":1,\"name\":\"Accueil\",\"item\":\"https:\/\/www.linkeus.fr\/en\/\"},{\"@type\":\"ListItem\",\"position\":2,\"name\":\"Produits\",\"item\":\"https:\/\/www.linkeus.fr\/shop\/\"},{\"@type\":\"ListItem\",\"position\":3,\"name\":\"L\u2019OCCITANE en Provence\"}]},{\"@type\":\"WebSite\",\"@id\":\"https:\/\/www.linkeus.fr\/#website\",\"url\":\"https:\/\/www.linkeus.fr\/\",\"name\":\"Linkeus Provence C\u00f4te d&#039;Azur Events\",\"description\":\"Le bureau des congr\u00e8s regional : l&#039;interlocuteur privil\u00e9gi\u00e9 pour l&#039;organisation de vos \u00e9v\u00e8nements professionnels en Provence Alpes C\u00f4te d&#039;Azur\",\"publisher\":{\"@id\":\"https:\/\/www.linkeus.fr\/#organization\"},\"potentialAction\":[{\"@type\":\"SearchAction\",\"target\":{\"@type\":\"EntryPoint\",\"urlTemplate\":\"https:\/\/www.linkeus.fr\/?s={search_term_string}\"},\"query-input\":{\"@type\":\"PropertyValueSpecification\",\"valueRequired\":true,\"valueName\":\"search_term_string\"}}],\"inLanguage\":\"en-US\"},{\"@type\":\"Organization\",\"@id\":\"https:\/\/www.linkeus.fr\/#organization\",\"name\":\"Linkeus Provence C\u00f4te d&#039;Azur Events\",\"url\":\"https:\/\/www.linkeus.fr\/\",\"logo\":{\"@type\":\"ImageObject\",\"inLanguage\":\"en-US\",\"@id\":\"https:\/\/www.linkeus.fr\/#\/schema\/logo\/image\/\",\"url\":\"https:\/\/www.linkeus.fr\/wp-content\/uploads\/2022\/09\/log-linkeus290.png\",\"contentUrl\":\"https:\/\/www.linkeus.fr\/wp-content\/uploads\/2022\/09\/log-linkeus290.png\",\"width\":290,\"height\":100,\"caption\":\"Linkeus Provence C\u00f4te d&#039;Azur Events\"},\"image\":{\"@id\":\"https:\/\/www.linkeus.fr\/#\/schema\/logo\/image\/\"},\"sameAs\":[\"https:\/\/www.facebook.com\/ProvenceCotedAzurEvents\"]}]}<\/script>\n<!-- \/ Yoast SEO plugin. -->","yoast_head_json":{"title":"L\u2019OCCITANE en Provence - Linkeus Provence C\u00f4te d&#039;Azur Events","robots":{"index":"index","follow":"follow","max-snippet":"max-snippet:-1","max-image-preview":"max-image-preview:large","max-video-preview":"max-video-preview:-1"},"canonical":"https:\/\/www.linkeus.fr\/en\/produit\/loccitane-en-provence\/","og_locale":"en_US","og_type":"article","og_title":"L\u2019OCCITANE en Provence - Linkeus Provence C\u00f4te d&#039;Azur Events","og_description":"EXPLORE the unique world of L\u2019OCCITANE en Provence, and step into our factory, garden and boutique mus\u00e9e. \u00a0 Discover our factory Find out more about our manufacturing processes during a guided tour of our factory. See our laboratories, production workshops and packing lines, and learn what makes our products so effective. This fascinating tour includes [&hellip;]","og_url":"https:\/\/www.linkeus.fr\/en\/produit\/loccitane-en-provence\/","og_site_name":"Linkeus Provence C\u00f4te d&#039;Azur Events","article_publisher":"https:\/\/www.facebook.com\/ProvenceCotedAzurEvents","article_modified_time":"2022-03-25T15:43:02+00:00","og_image":[{"width":2560,"height":1204,"url":"https:\/\/www.linkeus.fr\/wp-content\/uploads\/2021\/07\/pce-image-resaux-sociaux-scaled.jpg","type":"image\/jpeg"}],"twitter_card":"summary_large_image","twitter_misc":{"Est. reading time":"1 minute"},"schema":{"@context":"https:\/\/schema.org","@graph":[{"@type":"WebPage","@id":"https:\/\/www.linkeus.fr\/en\/produit\/loccitane-en-provence\/","url":"https:\/\/www.linkeus.fr\/en\/produit\/loccitane-en-provence\/","name":"L\u2019OCCITANE en Provence - Linkeus Provence C\u00f4te d&#039;Azur Events","isPartOf":{"@id":"https:\/\/www.linkeus.fr\/#website"},"datePublished":"2022-03-25T15:37:15+00:00","dateModified":"2022-03-25T15:43:02+00:00","breadcrumb":{"@id":"https:\/\/www.linkeus.fr\/en\/produit\/loccitane-en-provence\/#breadcrumb"},"inLanguage":"en-US","potentialAction":[{"@type":"ReadAction","target":["https:\/\/www.linkeus.fr\/en\/produit\/loccitane-en-provence\/"]}]},{"@type":"BreadcrumbList","@id":"https:\/\/www.linkeus.fr\/en\/produit\/loccitane-en-provence\/#breadcrumb","itemListElement":[{"@type":"ListItem","position":1,"name":"Accueil","item":"https:\/\/www.linkeus.fr\/en\/"},{"@type":"ListItem","position":2,"name":"Produits","item":"https:\/\/www.linkeus.fr\/shop\/"},{"@type":"ListItem","position":3,"name":"L\u2019OCCITANE en Provence"}]},{"@type":"WebSite","@id":"https:\/\/www.linkeus.fr\/#website","url":"https:\/\/www.linkeus.fr\/","name":"Linkeus Provence C\u00f4te d&#039;Azur Events","description":"Le bureau des congr\u00e8s regional : l&#039;interlocuteur privil\u00e9gi\u00e9 pour l&#039;organisation de vos \u00e9v\u00e8nements professionnels en Provence Alpes C\u00f4te d&#039;Azur","publisher":{"@id":"https:\/\/www.linkeus.fr\/#organization"},"potentialAction":[{"@type":"SearchAction","target":{"@type":"EntryPoint","urlTemplate":"https:\/\/www.linkeus.fr\/?s={search_term_string}"},"query-input":{"@type":"PropertyValueSpecification","valueRequired":true,"valueName":"search_term_string"}}],"inLanguage":"en-US"},{"@type":"Organization","@id":"https:\/\/www.linkeus.fr\/#organization","name":"Linkeus Provence C\u00f4te d&#039;Azur Events","url":"https:\/\/www.linkeus.fr\/","logo":{"@type":"ImageObject","inLanguage":"en-US","@id":"https:\/\/www.linkeus.fr\/#\/schema\/logo\/image\/","url":"https:\/\/www.linkeus.fr\/wp-content\/uploads\/2022\/09\/log-linkeus290.png","contentUrl":"https:\/\/www.linkeus.fr\/wp-content\/uploads\/2022\/09\/log-linkeus290.png","width":290,"height":100,"caption":"Linkeus Provence C\u00f4te d&#039;Azur Events"},"image":{"@id":"https:\/\/www.linkeus.fr\/#\/schema\/logo\/image\/"},"sameAs":["https:\/\/www.facebook.com\/ProvenceCotedAzurEvents"]}]}},"_links":{"self":[{"href":"https:\/\/www.linkeus.fr\/en\/wp-json\/wp\/v2\/product\/22662","targetHints":{"allow":["GET"]}}],"collection":[{"href":"https:\/\/www.linkeus.fr\/en\/wp-json\/wp\/v2\/product"}],"about":[{"href":"https:\/\/www.linkeus.fr\/en\/wp-json\/wp\/v2\/types\/product"}],"replies":[{"embeddable":true,"href":"https:\/\/www.linkeus.fr\/en\/wp-json\/wp\/v2\/comments?post=22662"}],"wp:attachment":[{"href":"https:\/\/www.linkeus.fr\/en\/wp-json\/wp\/v2\/media?parent=22662"}],"wp:term":[{"taxonomy":"product_cat","embeddable":true,"href":"https:\/\/www.linkeus.fr\/en\/wp-json\/wp\/v2\/product_cat?post=22662"},{"taxonomy":"product_tag","embeddable":true,"href":"https:\/\/www.linkeus.fr\/en\/wp-json\/wp\/v2\/product_tag?post=22662"}],"curies":[{"name":"wp","href":"https:\/\/api.w.org\/{rel}","templated":true}]}}