{"id":22565,"date":"2022-03-11T16:47:37","date_gmt":"2022-03-11T15:47:37","guid":{"rendered":"https:\/\/www.linkeus.fr\/produit\/le-clos-des-roses\/"},"modified":"2026-01-26T16:18:38","modified_gmt":"2026-01-26T15:18:38","slug":"le-clos-des-roses","status":"publish","type":"product","link":"https:\/\/www.linkeus.fr\/en\/produit\/le-clos-des-roses\/","title":{"rendered":"Le Clos des Roses"},"content":{"rendered":"<p><em>Take full advantage of the exceptional infrastructure of the Clos des Roses and design an event that truly reflects your values. A meeting of ten people? An evening for 600 guests? The possibilities afforded by the site are boundless&#8230;<\/em><\/p>\n<p><em>\u00a0<\/em><\/p>\n<p><em>Ideally located at only 2 minutes from the A8 motorway exit in Frejus (30mn from Cannes), The Clos des Roses estate has a strategic location between Marseille and Nice, which is a perfect location for a successfull event on the French Riviera. <\/em><\/p>\n<p>&nbsp;<\/p>\n<p><em>Fully immersed in the wine-producing region of Provence, in a bucolic and authentic setting, at the heart of a 10-hectares vineyard.<\/em><\/p>\n<p><em>Working within this environment will provide your teams with a much needed breath of fresh air and change of scenery, only minutes away from the office.<\/em><\/p>\n<p><em>The Baccarat plenary reception hall, covering 300m, with its technical sound and light unit and a stage mounted on hydraulic jacks, complete with Plasma screens, is the perfect venue for private events such as product launches, shows, fashion parades and workshops, surrounded by 1\u2019500 m\u00a1 of terraces and at the heart of the vines.<\/em><\/p>\n<p>&nbsp;<\/p>\n<p><em>The smaller and more intimate, seminar room can seat up to 60 guests (cocktail or conference layout) for half days or full days. Finally, for small groups, the chai \u00e0 barriques room can welcome 20 to 40 people in a modern, and yet authentic setting.<\/em><\/p>\n<p><em>\u00a0<\/em><\/p>\n<p><em>For events with a limited number of guests, inhouse teams provide catering services.<\/em><\/p>\n<p><em>\u00a0<\/em><\/p>\n<p><em>Chic and relaxed atmosphere<\/em><\/p>\n<p><em>After a day\u2019s work in a friendly environment, the Clos des Roses welcomes its guests in any of the eight rooms of its <strong>hotel<\/strong><\/em><em>, which has earned the <\/em><strong><em>Les Collectionneurs label <\/em><\/strong><em>(formerly Ch\u00e2teaux et H\u00f4tels Collection), boasting a chic and relaxed atmosphere; they can also sample the refined Mediterranean cuisine of chef Fabien Pasquale for lunch or dinner at the restaurant La Bastide du Clos des Roses in a refined Proven\u00e7al atmosphere. <\/em><em>(open everyday for lunch or dinner)<\/em><\/p>\n<p><em>\u00a0<\/em><\/p>\n<p><em>But let us not forget that the Clos des Roses is first and foremost a wine-producing estate: tasting sessions are organised, guided tours of the cellars are given, and more generally any enotourism operation can be arranged by the teams of the site, who have years of experience in the field. <\/em><em>Recently, therange of activities on offer has been broadened to include p\u00e9tanque and yoga sessions in the vineyards. Several partner agencies also offer complementary activities: Olympic games, escape games, buggy excursions&#8230;<\/em><\/p>\n<p><em>The uniqueness of the site also resides in its touch of Contemporary Art, of which the owner of the Clos des Roses, Madame Barbero, is particularly fond; she also manages art galleries in Saint-Rapha\u00ebl and in Saint-Tropez.<\/em><\/p>\n<p><em>In parallel, partners offer on-site indoor and outdoor animations for your seminars, team-building exercises and incentives.<\/em><\/p>\n<p><em>\u00a0<\/em><\/p>\n<p><em>Le Clos des Roses, the promise of an event that reflects your values\u2026<\/em><\/p>\n","protected":false},"excerpt":{"rendered":"<p>Take full advantage of the exceptional infrastructure of the Clos des Roses and design an event that truly reflects your values. A meeting of ten people? An evening for 600 guests? The possibilities afforded by the site are boundless&#8230; \u00a0 Ideally located at only 2 minutes from the A8 motorway exit in Frejus (30mn from [&hellip;]<\/p>\n","protected":false},"featured_media":0,"comment_status":"closed","ping_status":"closed","template":"","meta":{"inline_featured_image":false},"product_cat":[30],"product_tag":[],"class_list":{"0":"post-22565","1":"product","2":"type-product","3":"status-publish","5":"product_cat-listeo-booking","7":"first","8":"instock","9":"virtual","10":"sold-individually","11":"purchasable","12":"product-type-listing_booking"},"yoast_head":"<!-- This site is optimized with the Yoast SEO plugin v24.0 - https:\/\/yoast.com\/wordpress\/plugins\/seo\/ -->\n<title>Le Clos des Roses - Linkeus Provence C\u00f4te d&#039;Azur Events<\/title>\n<meta name=\"robots\" content=\"index, follow, max-snippet:-1, max-image-preview:large, max-video-preview:-1\" \/>\n<link rel=\"canonical\" href=\"https:\/\/www.linkeus.fr\/en\/produit\/le-clos-des-roses\/\" \/>\n<meta property=\"og:locale\" content=\"en_US\" \/>\n<meta property=\"og:type\" content=\"article\" \/>\n<meta property=\"og:title\" content=\"Le Clos des Roses - Linkeus Provence C\u00f4te d&#039;Azur Events\" \/>\n<meta property=\"og:description\" content=\"Take full advantage of the exceptional infrastructure of the Clos des Roses and design an event that truly reflects your values. A meeting of ten people? An evening for 600 guests? The possibilities afforded by the site are boundless&#8230; \u00a0 Ideally located at only 2 minutes from the A8 motorway exit in Frejus (30mn from [&hellip;]\" \/>\n<meta property=\"og:url\" content=\"https:\/\/www.linkeus.fr\/en\/produit\/le-clos-des-roses\/\" \/>\n<meta property=\"og:site_name\" content=\"Linkeus Provence C\u00f4te d&#039;Azur Events\" \/>\n<meta property=\"article:publisher\" content=\"https:\/\/www.facebook.com\/ProvenceCotedAzurEvents\" \/>\n<meta property=\"article:modified_time\" content=\"2026-01-26T15:18:38+00:00\" \/>\n<meta property=\"og:image\" content=\"https:\/\/www.linkeus.fr\/wp-content\/uploads\/2021\/07\/pce-image-resaux-sociaux-scaled.jpg\" \/>\n\t<meta property=\"og:image:width\" content=\"2560\" \/>\n\t<meta property=\"og:image:height\" content=\"1204\" \/>\n\t<meta property=\"og:image:type\" content=\"image\/jpeg\" \/>\n<meta name=\"twitter:card\" content=\"summary_large_image\" \/>\n<meta name=\"twitter:label1\" content=\"Est. reading time\" \/>\n\t<meta name=\"twitter:data1\" content=\"2 minutes\" \/>\n<script type=\"application\/ld+json\" class=\"yoast-schema-graph\">{\"@context\":\"https:\/\/schema.org\",\"@graph\":[{\"@type\":\"WebPage\",\"@id\":\"https:\/\/www.linkeus.fr\/en\/produit\/le-clos-des-roses\/\",\"url\":\"https:\/\/www.linkeus.fr\/en\/produit\/le-clos-des-roses\/\",\"name\":\"Le Clos des Roses - Linkeus Provence C\u00f4te d&#039;Azur Events\",\"isPartOf\":{\"@id\":\"https:\/\/www.linkeus.fr\/#website\"},\"datePublished\":\"2022-03-11T15:47:37+00:00\",\"dateModified\":\"2026-01-26T15:18:38+00:00\",\"breadcrumb\":{\"@id\":\"https:\/\/www.linkeus.fr\/en\/produit\/le-clos-des-roses\/#breadcrumb\"},\"inLanguage\":\"en-US\",\"potentialAction\":[{\"@type\":\"ReadAction\",\"target\":[\"https:\/\/www.linkeus.fr\/en\/produit\/le-clos-des-roses\/\"]}]},{\"@type\":\"BreadcrumbList\",\"@id\":\"https:\/\/www.linkeus.fr\/en\/produit\/le-clos-des-roses\/#breadcrumb\",\"itemListElement\":[{\"@type\":\"ListItem\",\"position\":1,\"name\":\"Accueil\",\"item\":\"https:\/\/www.linkeus.fr\/en\/\"},{\"@type\":\"ListItem\",\"position\":2,\"name\":\"Produits\",\"item\":\"https:\/\/www.linkeus.fr\/shop\/\"},{\"@type\":\"ListItem\",\"position\":3,\"name\":\"Le Clos des Roses\"}]},{\"@type\":\"WebSite\",\"@id\":\"https:\/\/www.linkeus.fr\/#website\",\"url\":\"https:\/\/www.linkeus.fr\/\",\"name\":\"Linkeus Provence C\u00f4te d&#039;Azur Events\",\"description\":\"Le bureau des congr\u00e8s regional : l&#039;interlocuteur privil\u00e9gi\u00e9 pour l&#039;organisation de vos \u00e9v\u00e8nements professionnels en Provence Alpes C\u00f4te d&#039;Azur\",\"publisher\":{\"@id\":\"https:\/\/www.linkeus.fr\/#organization\"},\"potentialAction\":[{\"@type\":\"SearchAction\",\"target\":{\"@type\":\"EntryPoint\",\"urlTemplate\":\"https:\/\/www.linkeus.fr\/?s={search_term_string}\"},\"query-input\":{\"@type\":\"PropertyValueSpecification\",\"valueRequired\":true,\"valueName\":\"search_term_string\"}}],\"inLanguage\":\"en-US\"},{\"@type\":\"Organization\",\"@id\":\"https:\/\/www.linkeus.fr\/#organization\",\"name\":\"Linkeus Provence C\u00f4te d&#039;Azur Events\",\"url\":\"https:\/\/www.linkeus.fr\/\",\"logo\":{\"@type\":\"ImageObject\",\"inLanguage\":\"en-US\",\"@id\":\"https:\/\/www.linkeus.fr\/#\/schema\/logo\/image\/\",\"url\":\"https:\/\/www.linkeus.fr\/wp-content\/uploads\/2022\/09\/log-linkeus290.png\",\"contentUrl\":\"https:\/\/www.linkeus.fr\/wp-content\/uploads\/2022\/09\/log-linkeus290.png\",\"width\":290,\"height\":100,\"caption\":\"Linkeus Provence C\u00f4te d&#039;Azur Events\"},\"image\":{\"@id\":\"https:\/\/www.linkeus.fr\/#\/schema\/logo\/image\/\"},\"sameAs\":[\"https:\/\/www.facebook.com\/ProvenceCotedAzurEvents\"]}]}<\/script>\n<!-- \/ Yoast SEO plugin. -->","yoast_head_json":{"title":"Le Clos des Roses - Linkeus Provence C\u00f4te d&#039;Azur Events","robots":{"index":"index","follow":"follow","max-snippet":"max-snippet:-1","max-image-preview":"max-image-preview:large","max-video-preview":"max-video-preview:-1"},"canonical":"https:\/\/www.linkeus.fr\/en\/produit\/le-clos-des-roses\/","og_locale":"en_US","og_type":"article","og_title":"Le Clos des Roses - Linkeus Provence C\u00f4te d&#039;Azur Events","og_description":"Take full advantage of the exceptional infrastructure of the Clos des Roses and design an event that truly reflects your values. A meeting of ten people? An evening for 600 guests? The possibilities afforded by the site are boundless&#8230; \u00a0 Ideally located at only 2 minutes from the A8 motorway exit in Frejus (30mn from [&hellip;]","og_url":"https:\/\/www.linkeus.fr\/en\/produit\/le-clos-des-roses\/","og_site_name":"Linkeus Provence C\u00f4te d&#039;Azur Events","article_publisher":"https:\/\/www.facebook.com\/ProvenceCotedAzurEvents","article_modified_time":"2026-01-26T15:18:38+00:00","og_image":[{"width":2560,"height":1204,"url":"https:\/\/www.linkeus.fr\/wp-content\/uploads\/2021\/07\/pce-image-resaux-sociaux-scaled.jpg","type":"image\/jpeg"}],"twitter_card":"summary_large_image","twitter_misc":{"Est. reading time":"2 minutes"},"schema":{"@context":"https:\/\/schema.org","@graph":[{"@type":"WebPage","@id":"https:\/\/www.linkeus.fr\/en\/produit\/le-clos-des-roses\/","url":"https:\/\/www.linkeus.fr\/en\/produit\/le-clos-des-roses\/","name":"Le Clos des Roses - Linkeus Provence C\u00f4te d&#039;Azur Events","isPartOf":{"@id":"https:\/\/www.linkeus.fr\/#website"},"datePublished":"2022-03-11T15:47:37+00:00","dateModified":"2026-01-26T15:18:38+00:00","breadcrumb":{"@id":"https:\/\/www.linkeus.fr\/en\/produit\/le-clos-des-roses\/#breadcrumb"},"inLanguage":"en-US","potentialAction":[{"@type":"ReadAction","target":["https:\/\/www.linkeus.fr\/en\/produit\/le-clos-des-roses\/"]}]},{"@type":"BreadcrumbList","@id":"https:\/\/www.linkeus.fr\/en\/produit\/le-clos-des-roses\/#breadcrumb","itemListElement":[{"@type":"ListItem","position":1,"name":"Accueil","item":"https:\/\/www.linkeus.fr\/en\/"},{"@type":"ListItem","position":2,"name":"Produits","item":"https:\/\/www.linkeus.fr\/shop\/"},{"@type":"ListItem","position":3,"name":"Le Clos des Roses"}]},{"@type":"WebSite","@id":"https:\/\/www.linkeus.fr\/#website","url":"https:\/\/www.linkeus.fr\/","name":"Linkeus Provence C\u00f4te d&#039;Azur Events","description":"Le bureau des congr\u00e8s regional : l&#039;interlocuteur privil\u00e9gi\u00e9 pour l&#039;organisation de vos \u00e9v\u00e8nements professionnels en Provence Alpes C\u00f4te d&#039;Azur","publisher":{"@id":"https:\/\/www.linkeus.fr\/#organization"},"potentialAction":[{"@type":"SearchAction","target":{"@type":"EntryPoint","urlTemplate":"https:\/\/www.linkeus.fr\/?s={search_term_string}"},"query-input":{"@type":"PropertyValueSpecification","valueRequired":true,"valueName":"search_term_string"}}],"inLanguage":"en-US"},{"@type":"Organization","@id":"https:\/\/www.linkeus.fr\/#organization","name":"Linkeus Provence C\u00f4te d&#039;Azur Events","url":"https:\/\/www.linkeus.fr\/","logo":{"@type":"ImageObject","inLanguage":"en-US","@id":"https:\/\/www.linkeus.fr\/#\/schema\/logo\/image\/","url":"https:\/\/www.linkeus.fr\/wp-content\/uploads\/2022\/09\/log-linkeus290.png","contentUrl":"https:\/\/www.linkeus.fr\/wp-content\/uploads\/2022\/09\/log-linkeus290.png","width":290,"height":100,"caption":"Linkeus Provence C\u00f4te d&#039;Azur Events"},"image":{"@id":"https:\/\/www.linkeus.fr\/#\/schema\/logo\/image\/"},"sameAs":["https:\/\/www.facebook.com\/ProvenceCotedAzurEvents"]}]}},"_links":{"self":[{"href":"https:\/\/www.linkeus.fr\/en\/wp-json\/wp\/v2\/product\/22565","targetHints":{"allow":["GET"]}}],"collection":[{"href":"https:\/\/www.linkeus.fr\/en\/wp-json\/wp\/v2\/product"}],"about":[{"href":"https:\/\/www.linkeus.fr\/en\/wp-json\/wp\/v2\/types\/product"}],"replies":[{"embeddable":true,"href":"https:\/\/www.linkeus.fr\/en\/wp-json\/wp\/v2\/comments?post=22565"}],"wp:attachment":[{"href":"https:\/\/www.linkeus.fr\/en\/wp-json\/wp\/v2\/media?parent=22565"}],"wp:term":[{"taxonomy":"product_cat","embeddable":true,"href":"https:\/\/www.linkeus.fr\/en\/wp-json\/wp\/v2\/product_cat?post=22565"},{"taxonomy":"product_tag","embeddable":true,"href":"https:\/\/www.linkeus.fr\/en\/wp-json\/wp\/v2\/product_tag?post=22565"}],"curies":[{"name":"wp","href":"https:\/\/api.w.org\/{rel}","templated":true}]}}