{"id":22483,"date":"2022-03-11T16:11:34","date_gmt":"2022-03-11T15:11:34","guid":{"rendered":"https:\/\/www.linkeus.fr\/produit\/domaines-saint-endreol-golf-spa-resort\/"},"modified":"2022-11-21T12:26:33","modified_gmt":"2022-11-21T11:26:33","slug":"domaines-saint-endreol-golf-spa-resort","status":"publish","type":"product","link":"https:\/\/www.linkeus.fr\/en\/produit\/domaines-saint-endreol-golf-spa-resort\/","title":{"rendered":"Domaines Saint Endreol &#8211; Golf &#038; Spa Resort"},"content":{"rendered":"<p>At Les Domaines de Saint Endr\u00e9ol Golf &amp; Spa resort, the perfect partnership exists between the worlds of business and leisure.<\/p>\n<p>This tranquil landscape of Provence forms the ideal setting to hold seminars and events in the conference center composed with Flexible spaces and equipped with an advanced technology.<\/p>\n<p>Set in the heart of a preserved site in a world-famous18 holes golf course, Les Domaines de Saint-Endr\u00e9ol Golf &amp; Spa Resort welcome you in a real haven of peace. Next to the Spa and Conference Center, discover a Fourstar Tourism residence, built in Provencal spirit but with all the comfort and refinement of a modern contemporary<\/p>\n<p>complex.<\/p>\n<p>The Resort is also composed of small hamlets, apartments and sumptuous rental villas.<\/p>\n<p>&nbsp;<\/p>\n<p>Restaurants<\/p>\n<p>During your stay, come and discover the refined Provencal cooking offered by our restaurant. On sunny days, enjoy the magnificent panorama from its generous terrace for a real moment of relaxation. On demand, for the participants, we can prepare a dinner table in a neighbouring room of the restaurant.<\/p>\n<p>&nbsp;<\/p>\n<p>Other facilities<\/p>\n<p>Golf 18 holes. Spa of 2,000 sq.m. (indoor swimming pool, hot tub, aquatic course, saunas, Turkish bath, relaxing room, sunny terraces massages, face and body treatments, \u2026). 2 tennis courts. Outdoor swimming pool.<\/p>\n<p>&nbsp;<\/p>\n<p>Materiel at your disposal: Video projector, screen, Flat screen TV, sound system, paperboard, plug sockets, Wi-Fi access. Extra activities: Beginner\u2019s golf lessons, Golf competitions, wine discovery (neighbouring vineyards), formula one racing (Le Luc),<\/p>\n<p>incentive activities\u2026<\/p>\n<p>&nbsp;<\/p>\n<p>Access and location<\/p>\n<p>10 minutes from A8 motorway exit 36, Le Muy\/Saint-Tropez.<\/p>\n<p>10 minutes from Les Arcs-Draguignan rail station.<\/p>\n<p>45 minutes from Nice C\u00f4te d\u2019Azur airport.<\/p>\n","protected":false},"excerpt":{"rendered":"<p>At Les Domaines de Saint Endr\u00e9ol Golf &amp; Spa resort, the perfect partnership exists between the worlds of business and leisure. This tranquil landscape of Provence forms the ideal setting to hold seminars and events in the conference center composed with Flexible spaces and equipped with an advanced technology. Set in the heart of a [&hellip;]<\/p>\n","protected":false},"featured_media":0,"comment_status":"closed","ping_status":"closed","template":"","meta":{"inline_featured_image":false},"product_cat":[30],"product_tag":[],"class_list":{"0":"post-22483","1":"product","2":"type-product","3":"status-publish","5":"product_cat-listeo-booking","7":"first","8":"instock","9":"virtual","10":"sold-individually","11":"purchasable","12":"product-type-listing_booking"},"yoast_head":"<!-- This site is optimized with the Yoast SEO plugin v24.0 - https:\/\/yoast.com\/wordpress\/plugins\/seo\/ -->\n<title>Domaines Saint Endreol - Golf &amp; Spa Resort - Linkeus Provence C\u00f4te d&#039;Azur Events<\/title>\n<meta name=\"robots\" content=\"index, follow, max-snippet:-1, max-image-preview:large, max-video-preview:-1\" \/>\n<link rel=\"canonical\" href=\"https:\/\/www.linkeus.fr\/en\/produit\/domaines-saint-endreol-golf-spa-resort\/\" \/>\n<meta property=\"og:locale\" content=\"en_US\" \/>\n<meta property=\"og:type\" content=\"article\" \/>\n<meta property=\"og:title\" content=\"Domaines Saint Endreol - Golf &amp; Spa Resort - Linkeus Provence C\u00f4te d&#039;Azur Events\" \/>\n<meta property=\"og:description\" content=\"At Les Domaines de Saint Endr\u00e9ol Golf &amp; Spa resort, the perfect partnership exists between the worlds of business and leisure. This tranquil landscape of Provence forms the ideal setting to hold seminars and events in the conference center composed with Flexible spaces and equipped with an advanced technology. Set in the heart of a [&hellip;]\" \/>\n<meta property=\"og:url\" content=\"https:\/\/www.linkeus.fr\/en\/produit\/domaines-saint-endreol-golf-spa-resort\/\" \/>\n<meta property=\"og:site_name\" content=\"Linkeus Provence C\u00f4te d&#039;Azur Events\" \/>\n<meta property=\"article:publisher\" content=\"https:\/\/www.facebook.com\/ProvenceCotedAzurEvents\" \/>\n<meta property=\"article:modified_time\" content=\"2022-11-21T11:26:33+00:00\" \/>\n<meta property=\"og:image\" content=\"https:\/\/www.linkeus.fr\/wp-content\/uploads\/2021\/07\/pce-image-resaux-sociaux-scaled.jpg\" \/>\n\t<meta property=\"og:image:width\" content=\"2560\" \/>\n\t<meta property=\"og:image:height\" content=\"1204\" \/>\n\t<meta property=\"og:image:type\" content=\"image\/jpeg\" \/>\n<meta name=\"twitter:card\" content=\"summary_large_image\" \/>\n<meta name=\"twitter:label1\" content=\"Est. reading time\" \/>\n\t<meta name=\"twitter:data1\" content=\"1 minute\" \/>\n<script type=\"application\/ld+json\" class=\"yoast-schema-graph\">{\"@context\":\"https:\/\/schema.org\",\"@graph\":[{\"@type\":\"WebPage\",\"@id\":\"https:\/\/www.linkeus.fr\/en\/produit\/domaines-saint-endreol-golf-spa-resort\/\",\"url\":\"https:\/\/www.linkeus.fr\/en\/produit\/domaines-saint-endreol-golf-spa-resort\/\",\"name\":\"Domaines Saint Endreol - Golf & Spa Resort - Linkeus Provence C\u00f4te d&#039;Azur Events\",\"isPartOf\":{\"@id\":\"https:\/\/www.linkeus.fr\/#website\"},\"datePublished\":\"2022-03-11T15:11:34+00:00\",\"dateModified\":\"2022-11-21T11:26:33+00:00\",\"breadcrumb\":{\"@id\":\"https:\/\/www.linkeus.fr\/en\/produit\/domaines-saint-endreol-golf-spa-resort\/#breadcrumb\"},\"inLanguage\":\"en-US\",\"potentialAction\":[{\"@type\":\"ReadAction\",\"target\":[\"https:\/\/www.linkeus.fr\/en\/produit\/domaines-saint-endreol-golf-spa-resort\/\"]}]},{\"@type\":\"BreadcrumbList\",\"@id\":\"https:\/\/www.linkeus.fr\/en\/produit\/domaines-saint-endreol-golf-spa-resort\/#breadcrumb\",\"itemListElement\":[{\"@type\":\"ListItem\",\"position\":1,\"name\":\"Accueil\",\"item\":\"https:\/\/www.linkeus.fr\/en\/\"},{\"@type\":\"ListItem\",\"position\":2,\"name\":\"Produits\",\"item\":\"https:\/\/www.linkeus.fr\/shop\/\"},{\"@type\":\"ListItem\",\"position\":3,\"name\":\"Domaines Saint Endreol &#8211; Golf &#038; Spa Resort\"}]},{\"@type\":\"WebSite\",\"@id\":\"https:\/\/www.linkeus.fr\/#website\",\"url\":\"https:\/\/www.linkeus.fr\/\",\"name\":\"Linkeus Provence C\u00f4te d&#039;Azur Events\",\"description\":\"Le bureau des congr\u00e8s regional : l&#039;interlocuteur privil\u00e9gi\u00e9 pour l&#039;organisation de vos \u00e9v\u00e8nements professionnels en Provence Alpes C\u00f4te d&#039;Azur\",\"publisher\":{\"@id\":\"https:\/\/www.linkeus.fr\/#organization\"},\"potentialAction\":[{\"@type\":\"SearchAction\",\"target\":{\"@type\":\"EntryPoint\",\"urlTemplate\":\"https:\/\/www.linkeus.fr\/?s={search_term_string}\"},\"query-input\":{\"@type\":\"PropertyValueSpecification\",\"valueRequired\":true,\"valueName\":\"search_term_string\"}}],\"inLanguage\":\"en-US\"},{\"@type\":\"Organization\",\"@id\":\"https:\/\/www.linkeus.fr\/#organization\",\"name\":\"Linkeus Provence C\u00f4te d&#039;Azur Events\",\"url\":\"https:\/\/www.linkeus.fr\/\",\"logo\":{\"@type\":\"ImageObject\",\"inLanguage\":\"en-US\",\"@id\":\"https:\/\/www.linkeus.fr\/#\/schema\/logo\/image\/\",\"url\":\"https:\/\/www.linkeus.fr\/wp-content\/uploads\/2022\/09\/log-linkeus290.png\",\"contentUrl\":\"https:\/\/www.linkeus.fr\/wp-content\/uploads\/2022\/09\/log-linkeus290.png\",\"width\":290,\"height\":100,\"caption\":\"Linkeus Provence C\u00f4te d&#039;Azur Events\"},\"image\":{\"@id\":\"https:\/\/www.linkeus.fr\/#\/schema\/logo\/image\/\"},\"sameAs\":[\"https:\/\/www.facebook.com\/ProvenceCotedAzurEvents\"]}]}<\/script>\n<!-- \/ Yoast SEO plugin. -->","yoast_head_json":{"title":"Domaines Saint Endreol - Golf & Spa Resort - Linkeus Provence C\u00f4te d&#039;Azur Events","robots":{"index":"index","follow":"follow","max-snippet":"max-snippet:-1","max-image-preview":"max-image-preview:large","max-video-preview":"max-video-preview:-1"},"canonical":"https:\/\/www.linkeus.fr\/en\/produit\/domaines-saint-endreol-golf-spa-resort\/","og_locale":"en_US","og_type":"article","og_title":"Domaines Saint Endreol - Golf & Spa Resort - Linkeus Provence C\u00f4te d&#039;Azur Events","og_description":"At Les Domaines de Saint Endr\u00e9ol Golf &amp; Spa resort, the perfect partnership exists between the worlds of business and leisure. This tranquil landscape of Provence forms the ideal setting to hold seminars and events in the conference center composed with Flexible spaces and equipped with an advanced technology. Set in the heart of a [&hellip;]","og_url":"https:\/\/www.linkeus.fr\/en\/produit\/domaines-saint-endreol-golf-spa-resort\/","og_site_name":"Linkeus Provence C\u00f4te d&#039;Azur Events","article_publisher":"https:\/\/www.facebook.com\/ProvenceCotedAzurEvents","article_modified_time":"2022-11-21T11:26:33+00:00","og_image":[{"width":2560,"height":1204,"url":"https:\/\/www.linkeus.fr\/wp-content\/uploads\/2021\/07\/pce-image-resaux-sociaux-scaled.jpg","type":"image\/jpeg"}],"twitter_card":"summary_large_image","twitter_misc":{"Est. reading time":"1 minute"},"schema":{"@context":"https:\/\/schema.org","@graph":[{"@type":"WebPage","@id":"https:\/\/www.linkeus.fr\/en\/produit\/domaines-saint-endreol-golf-spa-resort\/","url":"https:\/\/www.linkeus.fr\/en\/produit\/domaines-saint-endreol-golf-spa-resort\/","name":"Domaines Saint Endreol - Golf & Spa Resort - Linkeus Provence C\u00f4te d&#039;Azur Events","isPartOf":{"@id":"https:\/\/www.linkeus.fr\/#website"},"datePublished":"2022-03-11T15:11:34+00:00","dateModified":"2022-11-21T11:26:33+00:00","breadcrumb":{"@id":"https:\/\/www.linkeus.fr\/en\/produit\/domaines-saint-endreol-golf-spa-resort\/#breadcrumb"},"inLanguage":"en-US","potentialAction":[{"@type":"ReadAction","target":["https:\/\/www.linkeus.fr\/en\/produit\/domaines-saint-endreol-golf-spa-resort\/"]}]},{"@type":"BreadcrumbList","@id":"https:\/\/www.linkeus.fr\/en\/produit\/domaines-saint-endreol-golf-spa-resort\/#breadcrumb","itemListElement":[{"@type":"ListItem","position":1,"name":"Accueil","item":"https:\/\/www.linkeus.fr\/en\/"},{"@type":"ListItem","position":2,"name":"Produits","item":"https:\/\/www.linkeus.fr\/shop\/"},{"@type":"ListItem","position":3,"name":"Domaines Saint Endreol &#8211; Golf &#038; Spa Resort"}]},{"@type":"WebSite","@id":"https:\/\/www.linkeus.fr\/#website","url":"https:\/\/www.linkeus.fr\/","name":"Linkeus Provence C\u00f4te d&#039;Azur Events","description":"Le bureau des congr\u00e8s regional : l&#039;interlocuteur privil\u00e9gi\u00e9 pour l&#039;organisation de vos \u00e9v\u00e8nements professionnels en Provence Alpes C\u00f4te d&#039;Azur","publisher":{"@id":"https:\/\/www.linkeus.fr\/#organization"},"potentialAction":[{"@type":"SearchAction","target":{"@type":"EntryPoint","urlTemplate":"https:\/\/www.linkeus.fr\/?s={search_term_string}"},"query-input":{"@type":"PropertyValueSpecification","valueRequired":true,"valueName":"search_term_string"}}],"inLanguage":"en-US"},{"@type":"Organization","@id":"https:\/\/www.linkeus.fr\/#organization","name":"Linkeus Provence C\u00f4te d&#039;Azur Events","url":"https:\/\/www.linkeus.fr\/","logo":{"@type":"ImageObject","inLanguage":"en-US","@id":"https:\/\/www.linkeus.fr\/#\/schema\/logo\/image\/","url":"https:\/\/www.linkeus.fr\/wp-content\/uploads\/2022\/09\/log-linkeus290.png","contentUrl":"https:\/\/www.linkeus.fr\/wp-content\/uploads\/2022\/09\/log-linkeus290.png","width":290,"height":100,"caption":"Linkeus Provence C\u00f4te d&#039;Azur Events"},"image":{"@id":"https:\/\/www.linkeus.fr\/#\/schema\/logo\/image\/"},"sameAs":["https:\/\/www.facebook.com\/ProvenceCotedAzurEvents"]}]}},"_links":{"self":[{"href":"https:\/\/www.linkeus.fr\/en\/wp-json\/wp\/v2\/product\/22483","targetHints":{"allow":["GET"]}}],"collection":[{"href":"https:\/\/www.linkeus.fr\/en\/wp-json\/wp\/v2\/product"}],"about":[{"href":"https:\/\/www.linkeus.fr\/en\/wp-json\/wp\/v2\/types\/product"}],"replies":[{"embeddable":true,"href":"https:\/\/www.linkeus.fr\/en\/wp-json\/wp\/v2\/comments?post=22483"}],"wp:attachment":[{"href":"https:\/\/www.linkeus.fr\/en\/wp-json\/wp\/v2\/media?parent=22483"}],"wp:term":[{"taxonomy":"product_cat","embeddable":true,"href":"https:\/\/www.linkeus.fr\/en\/wp-json\/wp\/v2\/product_cat?post=22483"},{"taxonomy":"product_tag","embeddable":true,"href":"https:\/\/www.linkeus.fr\/en\/wp-json\/wp\/v2\/product_tag?post=22483"}],"curies":[{"name":"wp","href":"https:\/\/api.w.org\/{rel}","templated":true}]}}