{"id":22238,"date":"2022-03-11T15:04:07","date_gmt":"2022-03-11T14:04:07","guid":{"rendered":"https:\/\/www.linkeus.fr\/produit\/nls-limousines-service\/"},"modified":"2026-01-26T12:21:47","modified_gmt":"2026-01-26T11:21:47","slug":"nls-limousines-service","status":"publish","type":"product","link":"https:\/\/www.linkeus.fr\/en\/produit\/nls-limousines-service\/","title":{"rendered":"NLS Limousines Service"},"content":{"rendered":"<p>NLS France is a French company established in 2014 and providing transportation services.<\/p>\n<p>Located in the South of France, in Cannes, we operate mostly in Cote d\u2019Azur (from Monaco to St Tropez), but also offer limousine services in other French regions and all over Europe.<\/p>\n<p><strong>NLS France offers premium transportation service at affordable price.<\/strong><\/p>\n<p>Our fleet consists of brand\u00a0 Mercedes-Benz :<\/p>\n<p>E Class : Business\u00a0sedan (3 pax), S Class : Luxury\u00a0sedan (3 pax), V Class\/Vito : minivan (7\u00a0 seats)<\/p>\n<p>All cars are black with leather interior seats, equipped with smartphones chargers, free WIFI, hands sanitizer, EVIAN\u00a0water. Baby seats\u00a0are provided free of charge upon request.<\/p>\n<p><strong>Our dedicated team guarantees to provide you the most luxurious service<\/strong> for your every event and function with professional licensed chauffeurs. All NLS France chauffeurs speak English and have a perfect knowledge of the region. And of course, they are wearing formal suits.<\/p>\n<p><strong>Our priority is to make your journey comfortable, enjoyable and safe, meaning responsible driving.<\/strong><\/p>\n<p>NLS France provides multiple transportation options: from airport transfers, hourly chauffeured services to guided tours in the region. We successfully collaborate with all key congresses and events in the South of France : MIPIM, MIPTV, F1 Monaco, Cannes Lions, TFWA, Monaco Yacht Show, MIPCOM, MAPIC and others.<\/p>\n<p>NLS France accepts all types of payments, including credit cards (VISA, MASTERCARD, AMEX) and cash.<\/p>\n<p><strong>THEY TRUST US :<\/strong> SHISEIDO, JLL, YAMAHA, BROWN-FORMAN, BULGARI, SIXT Limousine, JVC-KENWOOD, LVMH, CLEAR CHANNEL, JLL, DAISO Japan and many other companies from around the world.<\/p>\n<p><strong>\u00a0<\/strong><\/p>\n<p>D\u00e9cember 2020\u00a0: NLS France is particularly proud to announce that it has been awarded the Qualit\u00e9 Tourisme \u2122 state-guaranteed brand.<\/p>\n<p>The Quality Tourisme \u2122 is the only state brand awarded to tourism professionals for the quality of their welcome and services.<\/p>\n<p>NLS France is thus the first EVTC-Limousine in the Alpes-Maritimes department to have obtained this mention.<\/p>\n<p>&nbsp;<\/p>\n<p><strong>COVID information : <\/strong><\/p>\n<p>All our drivers wear a mask while receiving guests. Hydroalcoholic gel is available at the disposal of the passengers, as well as masks on demand.<\/p>\n<p>&nbsp;<\/p>\n<p>Contact us and <strong>we will ensure great quality service with comfort, class and style<\/strong> to make every journey more memorable.<\/p>\n<p>&nbsp;<\/p>\n<p><strong>More information on www.nlsfrance.com<\/strong><\/p>\n<p>&nbsp;<\/p>\n<p>We remain at\u00a0your\u00a0disposal and looking forward to collaborating with you.<\/p>\n","protected":false},"excerpt":{"rendered":"<p>NLS France is a French company established in 2014 and providing transportation services. Located in the South of France, in Cannes, we operate mostly in Cote d\u2019Azur (from Monaco to St Tropez), but also offer limousine services in other French regions and all over Europe. NLS France offers premium transportation service at affordable price. Our [&hellip;]<\/p>\n","protected":false},"featured_media":0,"comment_status":"closed","ping_status":"closed","template":"","meta":{"inline_featured_image":false},"product_cat":[30],"product_tag":[],"class_list":{"0":"post-22238","1":"product","2":"type-product","3":"status-publish","5":"product_cat-listeo-booking","7":"first","8":"instock","9":"virtual","10":"sold-individually","11":"purchasable","12":"product-type-listing_booking"},"yoast_head":"<!-- This site is optimized with the Yoast SEO plugin v24.0 - https:\/\/yoast.com\/wordpress\/plugins\/seo\/ -->\n<title>NLS Limousines Service - Linkeus Provence C\u00f4te d&#039;Azur Events<\/title>\n<meta name=\"robots\" content=\"index, follow, max-snippet:-1, max-image-preview:large, max-video-preview:-1\" \/>\n<link rel=\"canonical\" href=\"https:\/\/www.linkeus.fr\/en\/produit\/nls-limousines-service\/\" \/>\n<meta property=\"og:locale\" content=\"en_US\" \/>\n<meta property=\"og:type\" content=\"article\" \/>\n<meta property=\"og:title\" content=\"NLS Limousines Service - Linkeus Provence C\u00f4te d&#039;Azur Events\" \/>\n<meta property=\"og:description\" content=\"NLS France is a French company established in 2014 and providing transportation services. Located in the South of France, in Cannes, we operate mostly in Cote d\u2019Azur (from Monaco to St Tropez), but also offer limousine services in other French regions and all over Europe. NLS France offers premium transportation service at affordable price. Our [&hellip;]\" \/>\n<meta property=\"og:url\" content=\"https:\/\/www.linkeus.fr\/en\/produit\/nls-limousines-service\/\" \/>\n<meta property=\"og:site_name\" content=\"Linkeus Provence C\u00f4te d&#039;Azur Events\" \/>\n<meta property=\"article:publisher\" content=\"https:\/\/www.facebook.com\/ProvenceCotedAzurEvents\" \/>\n<meta property=\"article:modified_time\" content=\"2026-01-26T11:21:47+00:00\" \/>\n<meta property=\"og:image\" content=\"https:\/\/www.linkeus.fr\/wp-content\/uploads\/2021\/07\/pce-image-resaux-sociaux-scaled.jpg\" \/>\n\t<meta property=\"og:image:width\" content=\"2560\" \/>\n\t<meta property=\"og:image:height\" content=\"1204\" \/>\n\t<meta property=\"og:image:type\" content=\"image\/jpeg\" \/>\n<meta name=\"twitter:card\" content=\"summary_large_image\" \/>\n<meta name=\"twitter:label1\" content=\"Est. reading time\" \/>\n\t<meta name=\"twitter:data1\" content=\"2 minutes\" \/>\n<script type=\"application\/ld+json\" class=\"yoast-schema-graph\">{\"@context\":\"https:\/\/schema.org\",\"@graph\":[{\"@type\":\"WebPage\",\"@id\":\"https:\/\/www.linkeus.fr\/en\/produit\/nls-limousines-service\/\",\"url\":\"https:\/\/www.linkeus.fr\/en\/produit\/nls-limousines-service\/\",\"name\":\"NLS Limousines Service - Linkeus Provence C\u00f4te d&#039;Azur Events\",\"isPartOf\":{\"@id\":\"https:\/\/www.linkeus.fr\/#website\"},\"datePublished\":\"2022-03-11T14:04:07+00:00\",\"dateModified\":\"2026-01-26T11:21:47+00:00\",\"breadcrumb\":{\"@id\":\"https:\/\/www.linkeus.fr\/en\/produit\/nls-limousines-service\/#breadcrumb\"},\"inLanguage\":\"en-US\",\"potentialAction\":[{\"@type\":\"ReadAction\",\"target\":[\"https:\/\/www.linkeus.fr\/en\/produit\/nls-limousines-service\/\"]}]},{\"@type\":\"BreadcrumbList\",\"@id\":\"https:\/\/www.linkeus.fr\/en\/produit\/nls-limousines-service\/#breadcrumb\",\"itemListElement\":[{\"@type\":\"ListItem\",\"position\":1,\"name\":\"Accueil\",\"item\":\"https:\/\/www.linkeus.fr\/en\/\"},{\"@type\":\"ListItem\",\"position\":2,\"name\":\"Produits\",\"item\":\"https:\/\/www.linkeus.fr\/shop\/\"},{\"@type\":\"ListItem\",\"position\":3,\"name\":\"NLS Limousines Service\"}]},{\"@type\":\"WebSite\",\"@id\":\"https:\/\/www.linkeus.fr\/#website\",\"url\":\"https:\/\/www.linkeus.fr\/\",\"name\":\"Linkeus Provence C\u00f4te d&#039;Azur Events\",\"description\":\"Le bureau des congr\u00e8s regional : l&#039;interlocuteur privil\u00e9gi\u00e9 pour l&#039;organisation de vos \u00e9v\u00e8nements professionnels en Provence Alpes C\u00f4te d&#039;Azur\",\"publisher\":{\"@id\":\"https:\/\/www.linkeus.fr\/#organization\"},\"potentialAction\":[{\"@type\":\"SearchAction\",\"target\":{\"@type\":\"EntryPoint\",\"urlTemplate\":\"https:\/\/www.linkeus.fr\/?s={search_term_string}\"},\"query-input\":{\"@type\":\"PropertyValueSpecification\",\"valueRequired\":true,\"valueName\":\"search_term_string\"}}],\"inLanguage\":\"en-US\"},{\"@type\":\"Organization\",\"@id\":\"https:\/\/www.linkeus.fr\/#organization\",\"name\":\"Linkeus Provence C\u00f4te d&#039;Azur Events\",\"url\":\"https:\/\/www.linkeus.fr\/\",\"logo\":{\"@type\":\"ImageObject\",\"inLanguage\":\"en-US\",\"@id\":\"https:\/\/www.linkeus.fr\/#\/schema\/logo\/image\/\",\"url\":\"https:\/\/www.linkeus.fr\/wp-content\/uploads\/2022\/09\/log-linkeus290.png\",\"contentUrl\":\"https:\/\/www.linkeus.fr\/wp-content\/uploads\/2022\/09\/log-linkeus290.png\",\"width\":290,\"height\":100,\"caption\":\"Linkeus Provence C\u00f4te d&#039;Azur Events\"},\"image\":{\"@id\":\"https:\/\/www.linkeus.fr\/#\/schema\/logo\/image\/\"},\"sameAs\":[\"https:\/\/www.facebook.com\/ProvenceCotedAzurEvents\"]}]}<\/script>\n<!-- \/ Yoast SEO plugin. -->","yoast_head_json":{"title":"NLS Limousines Service - Linkeus Provence C\u00f4te d&#039;Azur Events","robots":{"index":"index","follow":"follow","max-snippet":"max-snippet:-1","max-image-preview":"max-image-preview:large","max-video-preview":"max-video-preview:-1"},"canonical":"https:\/\/www.linkeus.fr\/en\/produit\/nls-limousines-service\/","og_locale":"en_US","og_type":"article","og_title":"NLS Limousines Service - Linkeus Provence C\u00f4te d&#039;Azur Events","og_description":"NLS France is a French company established in 2014 and providing transportation services. Located in the South of France, in Cannes, we operate mostly in Cote d\u2019Azur (from Monaco to St Tropez), but also offer limousine services in other French regions and all over Europe. NLS France offers premium transportation service at affordable price. Our [&hellip;]","og_url":"https:\/\/www.linkeus.fr\/en\/produit\/nls-limousines-service\/","og_site_name":"Linkeus Provence C\u00f4te d&#039;Azur Events","article_publisher":"https:\/\/www.facebook.com\/ProvenceCotedAzurEvents","article_modified_time":"2026-01-26T11:21:47+00:00","og_image":[{"width":2560,"height":1204,"url":"https:\/\/www.linkeus.fr\/wp-content\/uploads\/2021\/07\/pce-image-resaux-sociaux-scaled.jpg","type":"image\/jpeg"}],"twitter_card":"summary_large_image","twitter_misc":{"Est. reading time":"2 minutes"},"schema":{"@context":"https:\/\/schema.org","@graph":[{"@type":"WebPage","@id":"https:\/\/www.linkeus.fr\/en\/produit\/nls-limousines-service\/","url":"https:\/\/www.linkeus.fr\/en\/produit\/nls-limousines-service\/","name":"NLS Limousines Service - Linkeus Provence C\u00f4te d&#039;Azur Events","isPartOf":{"@id":"https:\/\/www.linkeus.fr\/#website"},"datePublished":"2022-03-11T14:04:07+00:00","dateModified":"2026-01-26T11:21:47+00:00","breadcrumb":{"@id":"https:\/\/www.linkeus.fr\/en\/produit\/nls-limousines-service\/#breadcrumb"},"inLanguage":"en-US","potentialAction":[{"@type":"ReadAction","target":["https:\/\/www.linkeus.fr\/en\/produit\/nls-limousines-service\/"]}]},{"@type":"BreadcrumbList","@id":"https:\/\/www.linkeus.fr\/en\/produit\/nls-limousines-service\/#breadcrumb","itemListElement":[{"@type":"ListItem","position":1,"name":"Accueil","item":"https:\/\/www.linkeus.fr\/en\/"},{"@type":"ListItem","position":2,"name":"Produits","item":"https:\/\/www.linkeus.fr\/shop\/"},{"@type":"ListItem","position":3,"name":"NLS Limousines Service"}]},{"@type":"WebSite","@id":"https:\/\/www.linkeus.fr\/#website","url":"https:\/\/www.linkeus.fr\/","name":"Linkeus Provence C\u00f4te d&#039;Azur Events","description":"Le bureau des congr\u00e8s regional : l&#039;interlocuteur privil\u00e9gi\u00e9 pour l&#039;organisation de vos \u00e9v\u00e8nements professionnels en Provence Alpes C\u00f4te d&#039;Azur","publisher":{"@id":"https:\/\/www.linkeus.fr\/#organization"},"potentialAction":[{"@type":"SearchAction","target":{"@type":"EntryPoint","urlTemplate":"https:\/\/www.linkeus.fr\/?s={search_term_string}"},"query-input":{"@type":"PropertyValueSpecification","valueRequired":true,"valueName":"search_term_string"}}],"inLanguage":"en-US"},{"@type":"Organization","@id":"https:\/\/www.linkeus.fr\/#organization","name":"Linkeus Provence C\u00f4te d&#039;Azur Events","url":"https:\/\/www.linkeus.fr\/","logo":{"@type":"ImageObject","inLanguage":"en-US","@id":"https:\/\/www.linkeus.fr\/#\/schema\/logo\/image\/","url":"https:\/\/www.linkeus.fr\/wp-content\/uploads\/2022\/09\/log-linkeus290.png","contentUrl":"https:\/\/www.linkeus.fr\/wp-content\/uploads\/2022\/09\/log-linkeus290.png","width":290,"height":100,"caption":"Linkeus Provence C\u00f4te d&#039;Azur Events"},"image":{"@id":"https:\/\/www.linkeus.fr\/#\/schema\/logo\/image\/"},"sameAs":["https:\/\/www.facebook.com\/ProvenceCotedAzurEvents"]}]}},"_links":{"self":[{"href":"https:\/\/www.linkeus.fr\/en\/wp-json\/wp\/v2\/product\/22238","targetHints":{"allow":["GET"]}}],"collection":[{"href":"https:\/\/www.linkeus.fr\/en\/wp-json\/wp\/v2\/product"}],"about":[{"href":"https:\/\/www.linkeus.fr\/en\/wp-json\/wp\/v2\/types\/product"}],"replies":[{"embeddable":true,"href":"https:\/\/www.linkeus.fr\/en\/wp-json\/wp\/v2\/comments?post=22238"}],"wp:attachment":[{"href":"https:\/\/www.linkeus.fr\/en\/wp-json\/wp\/v2\/media?parent=22238"}],"wp:term":[{"taxonomy":"product_cat","embeddable":true,"href":"https:\/\/www.linkeus.fr\/en\/wp-json\/wp\/v2\/product_cat?post=22238"},{"taxonomy":"product_tag","embeddable":true,"href":"https:\/\/www.linkeus.fr\/en\/wp-json\/wp\/v2\/product_tag?post=22238"}],"curies":[{"name":"wp","href":"https:\/\/api.w.org\/{rel}","templated":true}]}}