{"id":21967,"date":"2022-03-08T10:53:31","date_gmt":"2022-03-08T09:53:31","guid":{"rendered":"https:\/\/www.linkeus.fr\/produit\/hotel-indigo-cagnes-sur-mer\/"},"modified":"2023-01-17T13:54:53","modified_gmt":"2023-01-17T12:54:53","slug":"hotel-indigo-cagnes-sur-mer","status":"publish","type":"product","link":"https:\/\/www.linkeus.fr\/en\/produit\/hotel-indigo-cagnes-sur-mer\/","title":{"rendered":"H\u00f4tel Indigo**** Cagnes sur Mer"},"content":{"rendered":"<p>Welcome to Hotel Indigo Cagnes sur Mer, a brand-new modern hotel where a peaceful stay awaits and offers further respite from the bustle. Sitting right in the heart of the French Riviera, a beautiful melange of old and new on the shores of the Mediterranean Sea, an artistic inspiration for generations.<\/p>\n<p>&nbsp;<\/p>\n<p>A few steps from the old medieval town and Grimaldi castle, a neighbours are quite artistic; in the past, the city was used as a great retreat for all kinds of artists, most famously Renoir who spent his last years living just around the corner from our hotel site; you will be able to visit his house as a museum. Hotel Indigo meets style and comfort to the perfection, a subtle mixture of contemporary style in the heart of historic French Riviera. Located in the city centre, only 400 meters to the Proven\u00e7al covered market and 1.5 km from the Hippodrome and the beach accessible with our free hotel shuttle.<\/p>\n<p>&nbsp;<\/p>\n<p>Easy and direct access from the main international airport Nice C\u00f4te d\u2019Azur (5 km) and train stations will allow you to make the most of the area and in the most pleasant way possible. Underground Parking at the daily rate of 20\u20ac vat included.<\/p>\n<p>&nbsp;<\/p>\n<p>87 bedrooms including 7 suites and exclusive roof top bedrooms, wifi, tv, tea &amp; coffee facilities, safety box, and daily mineral water at your disposal. The bedrooms are all decorated with an elegant artistic flair, equipped with every comfort and the accuracy of services and hospitality standards. You will enjoy free access fitness centre and rooftop pool to relax.<\/p>\n<p>Stay for leisure or business: 2 meeting rooms with daylight and flexible setup. \u00a0A buffet breakfast welcome you every day from 6.30 to 10.00 am at 20\u20ac vat included per person. Cucina Victoria restaurant welcomes you for lunch and dinner every day with an italian influenced cuisine in the spirit of La M\u00e9diterran\u00e9e. You will enjoy this nice pergola with trees and cozy bar with inspired cocktails.<\/p>\n<p>Meet the Dolce Vita receipt and live a unique experience with Hotel Indigo Cagnes sur mer.<\/p>\n<p>&nbsp;<\/p>\n","protected":false},"excerpt":{"rendered":"<p>Welcome to Hotel Indigo Cagnes sur Mer, a brand-new modern hotel where a peaceful stay awaits and offers further respite from the bustle. Sitting right in the heart of the French Riviera, a beautiful melange of old and new on the shores of the Mediterranean Sea, an artistic inspiration for generations. &nbsp; A few steps [&hellip;]<\/p>\n","protected":false},"featured_media":0,"comment_status":"closed","ping_status":"closed","template":"","meta":{"inline_featured_image":false},"product_cat":[30],"product_tag":[],"class_list":{"0":"post-21967","1":"product","2":"type-product","3":"status-publish","5":"product_cat-listeo-booking","7":"first","8":"instock","9":"virtual","10":"sold-individually","11":"purchasable","12":"product-type-listing_booking"},"yoast_head":"<!-- This site is optimized with the Yoast SEO plugin v24.0 - https:\/\/yoast.com\/wordpress\/plugins\/seo\/ -->\n<title>H\u00f4tel Indigo**** Cagnes sur Mer - Linkeus Provence C\u00f4te d&#039;Azur Events<\/title>\n<meta name=\"robots\" content=\"index, follow, max-snippet:-1, max-image-preview:large, max-video-preview:-1\" \/>\n<link rel=\"canonical\" href=\"https:\/\/www.linkeus.fr\/en\/produit\/hotel-indigo-cagnes-sur-mer\/\" \/>\n<meta property=\"og:locale\" content=\"en_US\" \/>\n<meta property=\"og:type\" content=\"article\" \/>\n<meta property=\"og:title\" content=\"H\u00f4tel Indigo**** Cagnes sur Mer - Linkeus Provence C\u00f4te d&#039;Azur Events\" \/>\n<meta property=\"og:description\" content=\"Welcome to Hotel Indigo Cagnes sur Mer, a brand-new modern hotel where a peaceful stay awaits and offers further respite from the bustle. Sitting right in the heart of the French Riviera, a beautiful melange of old and new on the shores of the Mediterranean Sea, an artistic inspiration for generations. &nbsp; A few steps [&hellip;]\" \/>\n<meta property=\"og:url\" content=\"https:\/\/www.linkeus.fr\/en\/produit\/hotel-indigo-cagnes-sur-mer\/\" \/>\n<meta property=\"og:site_name\" content=\"Linkeus Provence C\u00f4te d&#039;Azur Events\" \/>\n<meta property=\"article:publisher\" content=\"https:\/\/www.facebook.com\/ProvenceCotedAzurEvents\" \/>\n<meta property=\"article:modified_time\" content=\"2023-01-17T12:54:53+00:00\" \/>\n<meta property=\"og:image\" content=\"https:\/\/www.linkeus.fr\/wp-content\/uploads\/2021\/07\/pce-image-resaux-sociaux-scaled.jpg\" \/>\n\t<meta property=\"og:image:width\" content=\"2560\" \/>\n\t<meta property=\"og:image:height\" content=\"1204\" \/>\n\t<meta property=\"og:image:type\" content=\"image\/jpeg\" \/>\n<meta name=\"twitter:card\" content=\"summary_large_image\" \/>\n<meta name=\"twitter:label1\" content=\"Est. reading time\" \/>\n\t<meta name=\"twitter:data1\" content=\"2 minutes\" \/>\n<script type=\"application\/ld+json\" class=\"yoast-schema-graph\">{\"@context\":\"https:\/\/schema.org\",\"@graph\":[{\"@type\":\"WebPage\",\"@id\":\"https:\/\/www.linkeus.fr\/en\/produit\/hotel-indigo-cagnes-sur-mer\/\",\"url\":\"https:\/\/www.linkeus.fr\/en\/produit\/hotel-indigo-cagnes-sur-mer\/\",\"name\":\"H\u00f4tel Indigo**** Cagnes sur Mer - Linkeus Provence C\u00f4te d&#039;Azur Events\",\"isPartOf\":{\"@id\":\"https:\/\/www.linkeus.fr\/#website\"},\"datePublished\":\"2022-03-08T09:53:31+00:00\",\"dateModified\":\"2023-01-17T12:54:53+00:00\",\"breadcrumb\":{\"@id\":\"https:\/\/www.linkeus.fr\/en\/produit\/hotel-indigo-cagnes-sur-mer\/#breadcrumb\"},\"inLanguage\":\"en-US\",\"potentialAction\":[{\"@type\":\"ReadAction\",\"target\":[\"https:\/\/www.linkeus.fr\/en\/produit\/hotel-indigo-cagnes-sur-mer\/\"]}]},{\"@type\":\"BreadcrumbList\",\"@id\":\"https:\/\/www.linkeus.fr\/en\/produit\/hotel-indigo-cagnes-sur-mer\/#breadcrumb\",\"itemListElement\":[{\"@type\":\"ListItem\",\"position\":1,\"name\":\"Accueil\",\"item\":\"https:\/\/www.linkeus.fr\/en\/\"},{\"@type\":\"ListItem\",\"position\":2,\"name\":\"Produits\",\"item\":\"https:\/\/www.linkeus.fr\/shop\/\"},{\"@type\":\"ListItem\",\"position\":3,\"name\":\"H\u00f4tel Indigo**** Cagnes sur Mer\"}]},{\"@type\":\"WebSite\",\"@id\":\"https:\/\/www.linkeus.fr\/#website\",\"url\":\"https:\/\/www.linkeus.fr\/\",\"name\":\"Linkeus Provence C\u00f4te d&#039;Azur Events\",\"description\":\"Le bureau des congr\u00e8s regional : l&#039;interlocuteur privil\u00e9gi\u00e9 pour l&#039;organisation de vos \u00e9v\u00e8nements professionnels en Provence Alpes C\u00f4te d&#039;Azur\",\"publisher\":{\"@id\":\"https:\/\/www.linkeus.fr\/#organization\"},\"potentialAction\":[{\"@type\":\"SearchAction\",\"target\":{\"@type\":\"EntryPoint\",\"urlTemplate\":\"https:\/\/www.linkeus.fr\/?s={search_term_string}\"},\"query-input\":{\"@type\":\"PropertyValueSpecification\",\"valueRequired\":true,\"valueName\":\"search_term_string\"}}],\"inLanguage\":\"en-US\"},{\"@type\":\"Organization\",\"@id\":\"https:\/\/www.linkeus.fr\/#organization\",\"name\":\"Linkeus Provence C\u00f4te d&#039;Azur Events\",\"url\":\"https:\/\/www.linkeus.fr\/\",\"logo\":{\"@type\":\"ImageObject\",\"inLanguage\":\"en-US\",\"@id\":\"https:\/\/www.linkeus.fr\/#\/schema\/logo\/image\/\",\"url\":\"https:\/\/www.linkeus.fr\/wp-content\/uploads\/2022\/09\/log-linkeus290.png\",\"contentUrl\":\"https:\/\/www.linkeus.fr\/wp-content\/uploads\/2022\/09\/log-linkeus290.png\",\"width\":290,\"height\":100,\"caption\":\"Linkeus Provence C\u00f4te d&#039;Azur Events\"},\"image\":{\"@id\":\"https:\/\/www.linkeus.fr\/#\/schema\/logo\/image\/\"},\"sameAs\":[\"https:\/\/www.facebook.com\/ProvenceCotedAzurEvents\"]}]}<\/script>\n<!-- \/ Yoast SEO plugin. -->","yoast_head_json":{"title":"H\u00f4tel Indigo**** Cagnes sur Mer - Linkeus Provence C\u00f4te d&#039;Azur Events","robots":{"index":"index","follow":"follow","max-snippet":"max-snippet:-1","max-image-preview":"max-image-preview:large","max-video-preview":"max-video-preview:-1"},"canonical":"https:\/\/www.linkeus.fr\/en\/produit\/hotel-indigo-cagnes-sur-mer\/","og_locale":"en_US","og_type":"article","og_title":"H\u00f4tel Indigo**** Cagnes sur Mer - Linkeus Provence C\u00f4te d&#039;Azur Events","og_description":"Welcome to Hotel Indigo Cagnes sur Mer, a brand-new modern hotel where a peaceful stay awaits and offers further respite from the bustle. Sitting right in the heart of the French Riviera, a beautiful melange of old and new on the shores of the Mediterranean Sea, an artistic inspiration for generations. &nbsp; A few steps [&hellip;]","og_url":"https:\/\/www.linkeus.fr\/en\/produit\/hotel-indigo-cagnes-sur-mer\/","og_site_name":"Linkeus Provence C\u00f4te d&#039;Azur Events","article_publisher":"https:\/\/www.facebook.com\/ProvenceCotedAzurEvents","article_modified_time":"2023-01-17T12:54:53+00:00","og_image":[{"width":2560,"height":1204,"url":"https:\/\/www.linkeus.fr\/wp-content\/uploads\/2021\/07\/pce-image-resaux-sociaux-scaled.jpg","type":"image\/jpeg"}],"twitter_card":"summary_large_image","twitter_misc":{"Est. reading time":"2 minutes"},"schema":{"@context":"https:\/\/schema.org","@graph":[{"@type":"WebPage","@id":"https:\/\/www.linkeus.fr\/en\/produit\/hotel-indigo-cagnes-sur-mer\/","url":"https:\/\/www.linkeus.fr\/en\/produit\/hotel-indigo-cagnes-sur-mer\/","name":"H\u00f4tel Indigo**** Cagnes sur Mer - Linkeus Provence C\u00f4te d&#039;Azur Events","isPartOf":{"@id":"https:\/\/www.linkeus.fr\/#website"},"datePublished":"2022-03-08T09:53:31+00:00","dateModified":"2023-01-17T12:54:53+00:00","breadcrumb":{"@id":"https:\/\/www.linkeus.fr\/en\/produit\/hotel-indigo-cagnes-sur-mer\/#breadcrumb"},"inLanguage":"en-US","potentialAction":[{"@type":"ReadAction","target":["https:\/\/www.linkeus.fr\/en\/produit\/hotel-indigo-cagnes-sur-mer\/"]}]},{"@type":"BreadcrumbList","@id":"https:\/\/www.linkeus.fr\/en\/produit\/hotel-indigo-cagnes-sur-mer\/#breadcrumb","itemListElement":[{"@type":"ListItem","position":1,"name":"Accueil","item":"https:\/\/www.linkeus.fr\/en\/"},{"@type":"ListItem","position":2,"name":"Produits","item":"https:\/\/www.linkeus.fr\/shop\/"},{"@type":"ListItem","position":3,"name":"H\u00f4tel Indigo**** Cagnes sur Mer"}]},{"@type":"WebSite","@id":"https:\/\/www.linkeus.fr\/#website","url":"https:\/\/www.linkeus.fr\/","name":"Linkeus Provence C\u00f4te d&#039;Azur Events","description":"Le bureau des congr\u00e8s regional : l&#039;interlocuteur privil\u00e9gi\u00e9 pour l&#039;organisation de vos \u00e9v\u00e8nements professionnels en Provence Alpes C\u00f4te d&#039;Azur","publisher":{"@id":"https:\/\/www.linkeus.fr\/#organization"},"potentialAction":[{"@type":"SearchAction","target":{"@type":"EntryPoint","urlTemplate":"https:\/\/www.linkeus.fr\/?s={search_term_string}"},"query-input":{"@type":"PropertyValueSpecification","valueRequired":true,"valueName":"search_term_string"}}],"inLanguage":"en-US"},{"@type":"Organization","@id":"https:\/\/www.linkeus.fr\/#organization","name":"Linkeus Provence C\u00f4te d&#039;Azur Events","url":"https:\/\/www.linkeus.fr\/","logo":{"@type":"ImageObject","inLanguage":"en-US","@id":"https:\/\/www.linkeus.fr\/#\/schema\/logo\/image\/","url":"https:\/\/www.linkeus.fr\/wp-content\/uploads\/2022\/09\/log-linkeus290.png","contentUrl":"https:\/\/www.linkeus.fr\/wp-content\/uploads\/2022\/09\/log-linkeus290.png","width":290,"height":100,"caption":"Linkeus Provence C\u00f4te d&#039;Azur Events"},"image":{"@id":"https:\/\/www.linkeus.fr\/#\/schema\/logo\/image\/"},"sameAs":["https:\/\/www.facebook.com\/ProvenceCotedAzurEvents"]}]}},"_links":{"self":[{"href":"https:\/\/www.linkeus.fr\/en\/wp-json\/wp\/v2\/product\/21967","targetHints":{"allow":["GET"]}}],"collection":[{"href":"https:\/\/www.linkeus.fr\/en\/wp-json\/wp\/v2\/product"}],"about":[{"href":"https:\/\/www.linkeus.fr\/en\/wp-json\/wp\/v2\/types\/product"}],"replies":[{"embeddable":true,"href":"https:\/\/www.linkeus.fr\/en\/wp-json\/wp\/v2\/comments?post=21967"}],"wp:attachment":[{"href":"https:\/\/www.linkeus.fr\/en\/wp-json\/wp\/v2\/media?parent=21967"}],"wp:term":[{"taxonomy":"product_cat","embeddable":true,"href":"https:\/\/www.linkeus.fr\/en\/wp-json\/wp\/v2\/product_cat?post=21967"},{"taxonomy":"product_tag","embeddable":true,"href":"https:\/\/www.linkeus.fr\/en\/wp-json\/wp\/v2\/product_tag?post=21967"}],"curies":[{"name":"wp","href":"https:\/\/api.w.org\/{rel}","templated":true}]}}