{"id":21544,"date":"2022-02-15T12:03:14","date_gmt":"2022-02-15T11:03:14","guid":{"rendered":"https:\/\/www.linkeus.fr\/produit\/brouillon-auto-8\/"},"modified":"2026-01-27T10:30:42","modified_gmt":"2026-01-27T09:30:42","slug":"brouillon-auto-8","status":"publish","type":"product","link":"https:\/\/www.linkeus.fr\/en\/produit\/brouillon-auto-8\/","title":{"rendered":"H\u00f4tel \u00celot du Golf"},"content":{"rendered":"<p>The 4 stars BW Premier Collection \u00celot du Golf Hotel is located on the banks of the Siagne river, a stone&#8217;s throw from the main tourist attractions of the city of Mandelieu-la Napoule and 5 minutes away from the beach and two golf courses.\u00a0The atmosphere, chic and warm, invites you to relax by the pool, in the jacuzzi or in the sauna, and to sip a cocktail in its lounge areas surrounded by greenery. The hotel restaurant, Le K, welcomes you to taste the cuisine of our Italian chef Raffaele. Under the century-old olive tree or in the cozy atmosphere of the restaurant, come and taste its fusion cuisine, highlighting local seasonal products and playing with subtlety on the contrasts of consistencies and flavors, without ever losing sight of the fundamentals Italian gastronomy.\u00a0 With its cozy and functional settings, the Hotel provides the perfect seminary room for work meetings,\u00a0 The hotel is conveniently located 25 minutes away from the Nice airport and 5 minutes away from the highway exit, this allowing our customers to easily access to all the convention centers.<\/p>\n","protected":false},"excerpt":{"rendered":"<p>The 4 stars BW Premier Collection \u00celot du Golf Hotel is located on the banks of the Siagne river, a stone&#8217;s throw from the main tourist attractions of the city of Mandelieu-la Napoule and 5 minutes away from the beach and two golf courses.\u00a0The atmosphere, chic and warm, invites you to relax by the pool, [&hellip;]<\/p>\n","protected":false},"featured_media":21538,"comment_status":"open","ping_status":"closed","template":"","meta":{"inline_featured_image":false},"product_cat":[30],"product_tag":[],"class_list":{"0":"post-21544","1":"product","2":"type-product","3":"status-publish","4":"has-post-thumbnail","6":"product_cat-listeo-booking","8":"first","9":"instock","10":"virtual","11":"sold-individually","12":"purchasable","13":"product-type-listing_booking"},"yoast_head":"<!-- This site is optimized with the Yoast SEO plugin v24.0 - https:\/\/yoast.com\/wordpress\/plugins\/seo\/ -->\n<title>H\u00f4tel \u00celot du Golf - Linkeus Provence C\u00f4te d&#039;Azur Events<\/title>\n<meta name=\"robots\" content=\"index, follow, max-snippet:-1, max-image-preview:large, max-video-preview:-1\" \/>\n<link rel=\"canonical\" href=\"https:\/\/www.linkeus.fr\/en\/produit\/brouillon-auto-8\/\" \/>\n<meta property=\"og:locale\" content=\"en_US\" \/>\n<meta property=\"og:type\" content=\"article\" \/>\n<meta property=\"og:title\" content=\"H\u00f4tel \u00celot du Golf - Linkeus Provence C\u00f4te d&#039;Azur Events\" \/>\n<meta property=\"og:description\" content=\"The 4 stars BW Premier Collection \u00celot du Golf Hotel is located on the banks of the Siagne river, a stone&#8217;s throw from the main tourist attractions of the city of Mandelieu-la Napoule and 5 minutes away from the beach and two golf courses.\u00a0The atmosphere, chic and warm, invites you to relax by the pool, [&hellip;]\" \/>\n<meta property=\"og:url\" content=\"https:\/\/www.linkeus.fr\/en\/produit\/brouillon-auto-8\/\" \/>\n<meta property=\"og:site_name\" content=\"Linkeus Provence C\u00f4te d&#039;Azur Events\" \/>\n<meta property=\"article:publisher\" content=\"https:\/\/www.facebook.com\/ProvenceCotedAzurEvents\" \/>\n<meta property=\"article:modified_time\" content=\"2026-01-27T09:30:42+00:00\" \/>\n<meta property=\"og:image\" content=\"https:\/\/www.linkeus.fr\/wp-content\/uploads\/2022\/02\/Photo-pour-banni\u00e8re-site.jpg\" \/>\n\t<meta property=\"og:image:width\" content=\"1920\" \/>\n\t<meta property=\"og:image:height\" content=\"906\" \/>\n\t<meta property=\"og:image:type\" content=\"image\/jpeg\" \/>\n<meta name=\"twitter:card\" content=\"summary_large_image\" \/>\n<meta name=\"twitter:label1\" content=\"Est. reading time\" \/>\n\t<meta name=\"twitter:data1\" content=\"1 minute\" \/>\n<script type=\"application\/ld+json\" class=\"yoast-schema-graph\">{\"@context\":\"https:\/\/schema.org\",\"@graph\":[{\"@type\":\"WebPage\",\"@id\":\"https:\/\/www.linkeus.fr\/en\/produit\/brouillon-auto-8\/\",\"url\":\"https:\/\/www.linkeus.fr\/en\/produit\/brouillon-auto-8\/\",\"name\":\"H\u00f4tel \u00celot du Golf - Linkeus Provence C\u00f4te d&#039;Azur Events\",\"isPartOf\":{\"@id\":\"https:\/\/www.linkeus.fr\/#website\"},\"primaryImageOfPage\":{\"@id\":\"https:\/\/www.linkeus.fr\/en\/produit\/brouillon-auto-8\/#primaryimage\"},\"image\":{\"@id\":\"https:\/\/www.linkeus.fr\/en\/produit\/brouillon-auto-8\/#primaryimage\"},\"thumbnailUrl\":\"https:\/\/www.linkeus.fr\/wp-content\/uploads\/2022\/02\/Photo-pour-banni\u00e8re-site.jpg\",\"datePublished\":\"2022-02-15T11:03:14+00:00\",\"dateModified\":\"2026-01-27T09:30:42+00:00\",\"breadcrumb\":{\"@id\":\"https:\/\/www.linkeus.fr\/en\/produit\/brouillon-auto-8\/#breadcrumb\"},\"inLanguage\":\"en-US\",\"potentialAction\":[{\"@type\":\"ReadAction\",\"target\":[\"https:\/\/www.linkeus.fr\/en\/produit\/brouillon-auto-8\/\"]}]},{\"@type\":\"ImageObject\",\"inLanguage\":\"en-US\",\"@id\":\"https:\/\/www.linkeus.fr\/en\/produit\/brouillon-auto-8\/#primaryimage\",\"url\":\"https:\/\/www.linkeus.fr\/wp-content\/uploads\/2022\/02\/Photo-pour-banni\u00e8re-site.jpg\",\"contentUrl\":\"https:\/\/www.linkeus.fr\/wp-content\/uploads\/2022\/02\/Photo-pour-banni\u00e8re-site.jpg\",\"width\":1920,\"height\":906},{\"@type\":\"BreadcrumbList\",\"@id\":\"https:\/\/www.linkeus.fr\/en\/produit\/brouillon-auto-8\/#breadcrumb\",\"itemListElement\":[{\"@type\":\"ListItem\",\"position\":1,\"name\":\"Accueil\",\"item\":\"https:\/\/www.linkeus.fr\/en\/\"},{\"@type\":\"ListItem\",\"position\":2,\"name\":\"Produits\",\"item\":\"https:\/\/www.linkeus.fr\/shop\/\"},{\"@type\":\"ListItem\",\"position\":3,\"name\":\"H\u00f4tel \u00celot du Golf\"}]},{\"@type\":\"WebSite\",\"@id\":\"https:\/\/www.linkeus.fr\/#website\",\"url\":\"https:\/\/www.linkeus.fr\/\",\"name\":\"Linkeus Provence C\u00f4te d&#039;Azur Events\",\"description\":\"Le bureau des congr\u00e8s regional : l&#039;interlocuteur privil\u00e9gi\u00e9 pour l&#039;organisation de vos \u00e9v\u00e8nements professionnels en Provence Alpes C\u00f4te d&#039;Azur\",\"publisher\":{\"@id\":\"https:\/\/www.linkeus.fr\/#organization\"},\"potentialAction\":[{\"@type\":\"SearchAction\",\"target\":{\"@type\":\"EntryPoint\",\"urlTemplate\":\"https:\/\/www.linkeus.fr\/?s={search_term_string}\"},\"query-input\":{\"@type\":\"PropertyValueSpecification\",\"valueRequired\":true,\"valueName\":\"search_term_string\"}}],\"inLanguage\":\"en-US\"},{\"@type\":\"Organization\",\"@id\":\"https:\/\/www.linkeus.fr\/#organization\",\"name\":\"Linkeus Provence C\u00f4te d&#039;Azur Events\",\"url\":\"https:\/\/www.linkeus.fr\/\",\"logo\":{\"@type\":\"ImageObject\",\"inLanguage\":\"en-US\",\"@id\":\"https:\/\/www.linkeus.fr\/#\/schema\/logo\/image\/\",\"url\":\"https:\/\/www.linkeus.fr\/wp-content\/uploads\/2022\/09\/log-linkeus290.png\",\"contentUrl\":\"https:\/\/www.linkeus.fr\/wp-content\/uploads\/2022\/09\/log-linkeus290.png\",\"width\":290,\"height\":100,\"caption\":\"Linkeus Provence C\u00f4te d&#039;Azur Events\"},\"image\":{\"@id\":\"https:\/\/www.linkeus.fr\/#\/schema\/logo\/image\/\"},\"sameAs\":[\"https:\/\/www.facebook.com\/ProvenceCotedAzurEvents\"]}]}<\/script>\n<!-- \/ Yoast SEO plugin. -->","yoast_head_json":{"title":"H\u00f4tel \u00celot du Golf - Linkeus Provence C\u00f4te d&#039;Azur Events","robots":{"index":"index","follow":"follow","max-snippet":"max-snippet:-1","max-image-preview":"max-image-preview:large","max-video-preview":"max-video-preview:-1"},"canonical":"https:\/\/www.linkeus.fr\/en\/produit\/brouillon-auto-8\/","og_locale":"en_US","og_type":"article","og_title":"H\u00f4tel \u00celot du Golf - Linkeus Provence C\u00f4te d&#039;Azur Events","og_description":"The 4 stars BW Premier Collection \u00celot du Golf Hotel is located on the banks of the Siagne river, a stone&#8217;s throw from the main tourist attractions of the city of Mandelieu-la Napoule and 5 minutes away from the beach and two golf courses.\u00a0The atmosphere, chic and warm, invites you to relax by the pool, [&hellip;]","og_url":"https:\/\/www.linkeus.fr\/en\/produit\/brouillon-auto-8\/","og_site_name":"Linkeus Provence C\u00f4te d&#039;Azur Events","article_publisher":"https:\/\/www.facebook.com\/ProvenceCotedAzurEvents","article_modified_time":"2026-01-27T09:30:42+00:00","og_image":[{"width":1920,"height":906,"url":"https:\/\/www.linkeus.fr\/wp-content\/uploads\/2022\/02\/Photo-pour-banni\u00e8re-site.jpg","type":"image\/jpeg"}],"twitter_card":"summary_large_image","twitter_misc":{"Est. reading time":"1 minute"},"schema":{"@context":"https:\/\/schema.org","@graph":[{"@type":"WebPage","@id":"https:\/\/www.linkeus.fr\/en\/produit\/brouillon-auto-8\/","url":"https:\/\/www.linkeus.fr\/en\/produit\/brouillon-auto-8\/","name":"H\u00f4tel \u00celot du Golf - Linkeus Provence C\u00f4te d&#039;Azur Events","isPartOf":{"@id":"https:\/\/www.linkeus.fr\/#website"},"primaryImageOfPage":{"@id":"https:\/\/www.linkeus.fr\/en\/produit\/brouillon-auto-8\/#primaryimage"},"image":{"@id":"https:\/\/www.linkeus.fr\/en\/produit\/brouillon-auto-8\/#primaryimage"},"thumbnailUrl":"https:\/\/www.linkeus.fr\/wp-content\/uploads\/2022\/02\/Photo-pour-banni\u00e8re-site.jpg","datePublished":"2022-02-15T11:03:14+00:00","dateModified":"2026-01-27T09:30:42+00:00","breadcrumb":{"@id":"https:\/\/www.linkeus.fr\/en\/produit\/brouillon-auto-8\/#breadcrumb"},"inLanguage":"en-US","potentialAction":[{"@type":"ReadAction","target":["https:\/\/www.linkeus.fr\/en\/produit\/brouillon-auto-8\/"]}]},{"@type":"ImageObject","inLanguage":"en-US","@id":"https:\/\/www.linkeus.fr\/en\/produit\/brouillon-auto-8\/#primaryimage","url":"https:\/\/www.linkeus.fr\/wp-content\/uploads\/2022\/02\/Photo-pour-banni\u00e8re-site.jpg","contentUrl":"https:\/\/www.linkeus.fr\/wp-content\/uploads\/2022\/02\/Photo-pour-banni\u00e8re-site.jpg","width":1920,"height":906},{"@type":"BreadcrumbList","@id":"https:\/\/www.linkeus.fr\/en\/produit\/brouillon-auto-8\/#breadcrumb","itemListElement":[{"@type":"ListItem","position":1,"name":"Accueil","item":"https:\/\/www.linkeus.fr\/en\/"},{"@type":"ListItem","position":2,"name":"Produits","item":"https:\/\/www.linkeus.fr\/shop\/"},{"@type":"ListItem","position":3,"name":"H\u00f4tel \u00celot du Golf"}]},{"@type":"WebSite","@id":"https:\/\/www.linkeus.fr\/#website","url":"https:\/\/www.linkeus.fr\/","name":"Linkeus Provence C\u00f4te d&#039;Azur Events","description":"Le bureau des congr\u00e8s regional : l&#039;interlocuteur privil\u00e9gi\u00e9 pour l&#039;organisation de vos \u00e9v\u00e8nements professionnels en Provence Alpes C\u00f4te d&#039;Azur","publisher":{"@id":"https:\/\/www.linkeus.fr\/#organization"},"potentialAction":[{"@type":"SearchAction","target":{"@type":"EntryPoint","urlTemplate":"https:\/\/www.linkeus.fr\/?s={search_term_string}"},"query-input":{"@type":"PropertyValueSpecification","valueRequired":true,"valueName":"search_term_string"}}],"inLanguage":"en-US"},{"@type":"Organization","@id":"https:\/\/www.linkeus.fr\/#organization","name":"Linkeus Provence C\u00f4te d&#039;Azur Events","url":"https:\/\/www.linkeus.fr\/","logo":{"@type":"ImageObject","inLanguage":"en-US","@id":"https:\/\/www.linkeus.fr\/#\/schema\/logo\/image\/","url":"https:\/\/www.linkeus.fr\/wp-content\/uploads\/2022\/09\/log-linkeus290.png","contentUrl":"https:\/\/www.linkeus.fr\/wp-content\/uploads\/2022\/09\/log-linkeus290.png","width":290,"height":100,"caption":"Linkeus Provence C\u00f4te d&#039;Azur Events"},"image":{"@id":"https:\/\/www.linkeus.fr\/#\/schema\/logo\/image\/"},"sameAs":["https:\/\/www.facebook.com\/ProvenceCotedAzurEvents"]}]}},"_links":{"self":[{"href":"https:\/\/www.linkeus.fr\/en\/wp-json\/wp\/v2\/product\/21544","targetHints":{"allow":["GET"]}}],"collection":[{"href":"https:\/\/www.linkeus.fr\/en\/wp-json\/wp\/v2\/product"}],"about":[{"href":"https:\/\/www.linkeus.fr\/en\/wp-json\/wp\/v2\/types\/product"}],"replies":[{"embeddable":true,"href":"https:\/\/www.linkeus.fr\/en\/wp-json\/wp\/v2\/comments?post=21544"}],"wp:featuredmedia":[{"embeddable":true,"href":"https:\/\/www.linkeus.fr\/en\/wp-json\/wp\/v2\/media\/21538"}],"wp:attachment":[{"href":"https:\/\/www.linkeus.fr\/en\/wp-json\/wp\/v2\/media?parent=21544"}],"wp:term":[{"taxonomy":"product_cat","embeddable":true,"href":"https:\/\/www.linkeus.fr\/en\/wp-json\/wp\/v2\/product_cat?post=21544"},{"taxonomy":"product_tag","embeddable":true,"href":"https:\/\/www.linkeus.fr\/en\/wp-json\/wp\/v2\/product_tag?post=21544"}],"curies":[{"name":"wp","href":"https:\/\/api.w.org\/{rel}","templated":true}]}}