{"id":21311,"date":"2022-01-31T12:52:33","date_gmt":"2022-01-31T11:52:33","guid":{"rendered":"https:\/\/www.linkeus.fr\/produit\/aix-en-provence-convention-centre\/"},"modified":"2022-01-31T12:52:33","modified_gmt":"2022-01-31T11:52:33","slug":"aix-en-provence-convention-centre","status":"publish","type":"product","link":"https:\/\/www.linkeus.fr\/en\/produit\/aix-en-provence-convention-centre\/","title":{"rendered":"Aix en Provence Convention Centre"},"content":{"rendered":"<p><strong>The former capital of Provence and the perfect place for conventions, Aix en Provence is the epitome of Provencal \u201cart de vivre\u201d. A town of art, water, home to Paul C\u00e9zanne and a major university, every day Aix en Provence brings its relaxed atmosphere to life to the sound of the bubbling fountains in the shade of the plane trees in the famous Cours Mirabeau and surrounded by stunning architectural heritage.\u00a0<\/strong><\/p>\n<p>In the heart of Aix en Provence and close to hotels and restaurants, the perfectly located Convention Centre provides delegates with a work setting whose friendly and social dimension has proved highly popular.<\/p>\n<p>With Marseille\/Provence International Airport just 25 minutes away, Aix en Provence station and great motorway access (A8\/A7\/A51), it couldn\u2019t be easier to reach the Convention Centre and its 600 underground parking spaces.<\/p>\n<p>With a 509 seater auditorium and 610m\u00b2 of modular function rooms equipped with the best technical fittings, the Convention Centre hosts all sorts of corporate events whether it be conventions, fairs, general assemblies, road shows or conferences.<\/p>\n<p>The technical team provides a full sound, lighting, audiovisual service. A wide variety of technical solutions is used to design and produce presentations in line with the event\u2019s requirements: from simple projection to multiple-broadcast video production.<\/p>\n<h2>An exceptional land, \u201cProvence par excellence\u201d<\/h2>\n<ul>\n<li>The light of a great climate<\/li>\n<li>Ever-bustling streets and squares imbued with stunning historical and cultural heritage<\/li>\n<li>Settings and scenery which inspired C\u00e9zanne, breathtaking views and the powerful landscapes of the great Sainte-Victoire<\/li>\n<li>A land for food lovers with great restaurants to experience the delicious dishes which Provence is famous for and 5 AOC vineyards<\/li>\n<li>A welcoming destination in all seasons<\/li>\n<\/ul>\n<p>&nbsp;<\/p>\n<h2>A bespoke social programmens<\/h2>\n<p>Gala evenings in the heart of Aix or in the Provencal hinterland less than 30 minutes away (vineyards, abbey, ch\u00e2teaux and fortresses, Mediterranean seafront settings etc.)<\/p>\n<p>Convention Centre, Hotels, Ch\u00e2teaux, Museums, Foundation, Universities, Private and institutional sites <strong>1200 people in conference\/2000 people for cocktail events<\/strong> Exhibition space: <strong>1000m\u00b2<\/strong> Number of meeting and function rooms in a single space: 36<\/p>\n<p>Over <strong>3000 1-5* rooms<\/strong> in the Aix area.<\/p>\n<p>At the crossroads of Southern motorways between Italy and Spain<br \/>\nAn international airport <strong>25 minutes<\/strong> from the town centre (66 cities with direct connections to 20 countries, 23 regular airline companies)<\/p>\n<p>Aix-TGV station <strong>15 minutes<\/strong> away (Aix-TGV station is just <strong>2 hours and 56 minutes<\/strong> from Paris with up to <strong>12 services<\/strong> a day)<\/p>\n","protected":false},"excerpt":{"rendered":"<p>The former capital of Provence and the perfect place for conventions, Aix en Provence is the epitome of Provencal \u201cart de vivre\u201d. A town of art, water, home to Paul C\u00e9zanne and a major university, every day Aix en Provence brings its relaxed atmosphere to life to the sound of the bubbling fountains in the [&hellip;]<\/p>\n","protected":false},"featured_media":0,"comment_status":"closed","ping_status":"closed","template":"","meta":{"inline_featured_image":false},"product_cat":[30],"product_tag":[],"class_list":{"0":"post-21311","1":"product","2":"type-product","3":"status-publish","5":"product_cat-listeo-booking","7":"first","8":"instock","9":"virtual","10":"sold-individually","11":"purchasable","12":"product-type-listing_booking"},"yoast_head":"<!-- This site is optimized with the Yoast SEO plugin v24.0 - https:\/\/yoast.com\/wordpress\/plugins\/seo\/ -->\n<title>Aix en Provence Convention Centre - Linkeus Provence C\u00f4te d&#039;Azur Events<\/title>\n<meta name=\"robots\" content=\"index, follow, max-snippet:-1, max-image-preview:large, max-video-preview:-1\" \/>\n<link rel=\"canonical\" href=\"https:\/\/www.linkeus.fr\/en\/produit\/aix-en-provence-convention-centre\/\" \/>\n<meta property=\"og:locale\" content=\"en_US\" \/>\n<meta property=\"og:type\" content=\"article\" \/>\n<meta property=\"og:title\" content=\"Aix en Provence Convention Centre - Linkeus Provence C\u00f4te d&#039;Azur Events\" \/>\n<meta property=\"og:description\" content=\"The former capital of Provence and the perfect place for conventions, Aix en Provence is the epitome of Provencal \u201cart de vivre\u201d. A town of art, water, home to Paul C\u00e9zanne and a major university, every day Aix en Provence brings its relaxed atmosphere to life to the sound of the bubbling fountains in the [&hellip;]\" \/>\n<meta property=\"og:url\" content=\"https:\/\/www.linkeus.fr\/en\/produit\/aix-en-provence-convention-centre\/\" \/>\n<meta property=\"og:site_name\" content=\"Linkeus Provence C\u00f4te d&#039;Azur Events\" \/>\n<meta property=\"article:publisher\" content=\"https:\/\/www.facebook.com\/ProvenceCotedAzurEvents\" \/>\n<meta property=\"og:image\" content=\"https:\/\/www.linkeus.fr\/wp-content\/uploads\/2021\/07\/pce-image-resaux-sociaux-scaled.jpg\" \/>\n\t<meta property=\"og:image:width\" content=\"2560\" \/>\n\t<meta property=\"og:image:height\" content=\"1204\" \/>\n\t<meta property=\"og:image:type\" content=\"image\/jpeg\" \/>\n<meta name=\"twitter:card\" content=\"summary_large_image\" \/>\n<meta name=\"twitter:label1\" content=\"Est. reading time\" \/>\n\t<meta name=\"twitter:data1\" content=\"2 minutes\" \/>\n<script type=\"application\/ld+json\" class=\"yoast-schema-graph\">{\"@context\":\"https:\/\/schema.org\",\"@graph\":[{\"@type\":\"WebPage\",\"@id\":\"https:\/\/www.linkeus.fr\/en\/produit\/aix-en-provence-convention-centre\/\",\"url\":\"https:\/\/www.linkeus.fr\/en\/produit\/aix-en-provence-convention-centre\/\",\"name\":\"Aix en Provence Convention Centre - Linkeus Provence C\u00f4te d&#039;Azur Events\",\"isPartOf\":{\"@id\":\"https:\/\/www.linkeus.fr\/#website\"},\"datePublished\":\"2022-01-31T11:52:33+00:00\",\"dateModified\":\"2022-01-31T11:52:33+00:00\",\"breadcrumb\":{\"@id\":\"https:\/\/www.linkeus.fr\/en\/produit\/aix-en-provence-convention-centre\/#breadcrumb\"},\"inLanguage\":\"en-US\",\"potentialAction\":[{\"@type\":\"ReadAction\",\"target\":[\"https:\/\/www.linkeus.fr\/en\/produit\/aix-en-provence-convention-centre\/\"]}]},{\"@type\":\"BreadcrumbList\",\"@id\":\"https:\/\/www.linkeus.fr\/en\/produit\/aix-en-provence-convention-centre\/#breadcrumb\",\"itemListElement\":[{\"@type\":\"ListItem\",\"position\":1,\"name\":\"Accueil\",\"item\":\"https:\/\/www.linkeus.fr\/en\/\"},{\"@type\":\"ListItem\",\"position\":2,\"name\":\"Produits\",\"item\":\"https:\/\/www.linkeus.fr\/shop\/\"},{\"@type\":\"ListItem\",\"position\":3,\"name\":\"Aix en Provence Convention Centre\"}]},{\"@type\":\"WebSite\",\"@id\":\"https:\/\/www.linkeus.fr\/#website\",\"url\":\"https:\/\/www.linkeus.fr\/\",\"name\":\"Linkeus Provence C\u00f4te d&#039;Azur Events\",\"description\":\"Le bureau des congr\u00e8s regional : l&#039;interlocuteur privil\u00e9gi\u00e9 pour l&#039;organisation de vos \u00e9v\u00e8nements professionnels en Provence Alpes C\u00f4te d&#039;Azur\",\"publisher\":{\"@id\":\"https:\/\/www.linkeus.fr\/#organization\"},\"potentialAction\":[{\"@type\":\"SearchAction\",\"target\":{\"@type\":\"EntryPoint\",\"urlTemplate\":\"https:\/\/www.linkeus.fr\/?s={search_term_string}\"},\"query-input\":{\"@type\":\"PropertyValueSpecification\",\"valueRequired\":true,\"valueName\":\"search_term_string\"}}],\"inLanguage\":\"en-US\"},{\"@type\":\"Organization\",\"@id\":\"https:\/\/www.linkeus.fr\/#organization\",\"name\":\"Linkeus Provence C\u00f4te d&#039;Azur Events\",\"url\":\"https:\/\/www.linkeus.fr\/\",\"logo\":{\"@type\":\"ImageObject\",\"inLanguage\":\"en-US\",\"@id\":\"https:\/\/www.linkeus.fr\/#\/schema\/logo\/image\/\",\"url\":\"https:\/\/www.linkeus.fr\/wp-content\/uploads\/2022\/09\/log-linkeus290.png\",\"contentUrl\":\"https:\/\/www.linkeus.fr\/wp-content\/uploads\/2022\/09\/log-linkeus290.png\",\"width\":290,\"height\":100,\"caption\":\"Linkeus Provence C\u00f4te d&#039;Azur Events\"},\"image\":{\"@id\":\"https:\/\/www.linkeus.fr\/#\/schema\/logo\/image\/\"},\"sameAs\":[\"https:\/\/www.facebook.com\/ProvenceCotedAzurEvents\"]}]}<\/script>\n<!-- \/ Yoast SEO plugin. -->","yoast_head_json":{"title":"Aix en Provence Convention Centre - Linkeus Provence C\u00f4te d&#039;Azur Events","robots":{"index":"index","follow":"follow","max-snippet":"max-snippet:-1","max-image-preview":"max-image-preview:large","max-video-preview":"max-video-preview:-1"},"canonical":"https:\/\/www.linkeus.fr\/en\/produit\/aix-en-provence-convention-centre\/","og_locale":"en_US","og_type":"article","og_title":"Aix en Provence Convention Centre - Linkeus Provence C\u00f4te d&#039;Azur Events","og_description":"The former capital of Provence and the perfect place for conventions, Aix en Provence is the epitome of Provencal \u201cart de vivre\u201d. A town of art, water, home to Paul C\u00e9zanne and a major university, every day Aix en Provence brings its relaxed atmosphere to life to the sound of the bubbling fountains in the [&hellip;]","og_url":"https:\/\/www.linkeus.fr\/en\/produit\/aix-en-provence-convention-centre\/","og_site_name":"Linkeus Provence C\u00f4te d&#039;Azur Events","article_publisher":"https:\/\/www.facebook.com\/ProvenceCotedAzurEvents","og_image":[{"width":2560,"height":1204,"url":"https:\/\/www.linkeus.fr\/wp-content\/uploads\/2021\/07\/pce-image-resaux-sociaux-scaled.jpg","type":"image\/jpeg"}],"twitter_card":"summary_large_image","twitter_misc":{"Est. reading time":"2 minutes"},"schema":{"@context":"https:\/\/schema.org","@graph":[{"@type":"WebPage","@id":"https:\/\/www.linkeus.fr\/en\/produit\/aix-en-provence-convention-centre\/","url":"https:\/\/www.linkeus.fr\/en\/produit\/aix-en-provence-convention-centre\/","name":"Aix en Provence Convention Centre - Linkeus Provence C\u00f4te d&#039;Azur Events","isPartOf":{"@id":"https:\/\/www.linkeus.fr\/#website"},"datePublished":"2022-01-31T11:52:33+00:00","dateModified":"2022-01-31T11:52:33+00:00","breadcrumb":{"@id":"https:\/\/www.linkeus.fr\/en\/produit\/aix-en-provence-convention-centre\/#breadcrumb"},"inLanguage":"en-US","potentialAction":[{"@type":"ReadAction","target":["https:\/\/www.linkeus.fr\/en\/produit\/aix-en-provence-convention-centre\/"]}]},{"@type":"BreadcrumbList","@id":"https:\/\/www.linkeus.fr\/en\/produit\/aix-en-provence-convention-centre\/#breadcrumb","itemListElement":[{"@type":"ListItem","position":1,"name":"Accueil","item":"https:\/\/www.linkeus.fr\/en\/"},{"@type":"ListItem","position":2,"name":"Produits","item":"https:\/\/www.linkeus.fr\/shop\/"},{"@type":"ListItem","position":3,"name":"Aix en Provence Convention Centre"}]},{"@type":"WebSite","@id":"https:\/\/www.linkeus.fr\/#website","url":"https:\/\/www.linkeus.fr\/","name":"Linkeus Provence C\u00f4te d&#039;Azur Events","description":"Le bureau des congr\u00e8s regional : l&#039;interlocuteur privil\u00e9gi\u00e9 pour l&#039;organisation de vos \u00e9v\u00e8nements professionnels en Provence Alpes C\u00f4te d&#039;Azur","publisher":{"@id":"https:\/\/www.linkeus.fr\/#organization"},"potentialAction":[{"@type":"SearchAction","target":{"@type":"EntryPoint","urlTemplate":"https:\/\/www.linkeus.fr\/?s={search_term_string}"},"query-input":{"@type":"PropertyValueSpecification","valueRequired":true,"valueName":"search_term_string"}}],"inLanguage":"en-US"},{"@type":"Organization","@id":"https:\/\/www.linkeus.fr\/#organization","name":"Linkeus Provence C\u00f4te d&#039;Azur Events","url":"https:\/\/www.linkeus.fr\/","logo":{"@type":"ImageObject","inLanguage":"en-US","@id":"https:\/\/www.linkeus.fr\/#\/schema\/logo\/image\/","url":"https:\/\/www.linkeus.fr\/wp-content\/uploads\/2022\/09\/log-linkeus290.png","contentUrl":"https:\/\/www.linkeus.fr\/wp-content\/uploads\/2022\/09\/log-linkeus290.png","width":290,"height":100,"caption":"Linkeus Provence C\u00f4te d&#039;Azur Events"},"image":{"@id":"https:\/\/www.linkeus.fr\/#\/schema\/logo\/image\/"},"sameAs":["https:\/\/www.facebook.com\/ProvenceCotedAzurEvents"]}]}},"_links":{"self":[{"href":"https:\/\/www.linkeus.fr\/en\/wp-json\/wp\/v2\/product\/21311","targetHints":{"allow":["GET"]}}],"collection":[{"href":"https:\/\/www.linkeus.fr\/en\/wp-json\/wp\/v2\/product"}],"about":[{"href":"https:\/\/www.linkeus.fr\/en\/wp-json\/wp\/v2\/types\/product"}],"replies":[{"embeddable":true,"href":"https:\/\/www.linkeus.fr\/en\/wp-json\/wp\/v2\/comments?post=21311"}],"wp:attachment":[{"href":"https:\/\/www.linkeus.fr\/en\/wp-json\/wp\/v2\/media?parent=21311"}],"wp:term":[{"taxonomy":"product_cat","embeddable":true,"href":"https:\/\/www.linkeus.fr\/en\/wp-json\/wp\/v2\/product_cat?post=21311"},{"taxonomy":"product_tag","embeddable":true,"href":"https:\/\/www.linkeus.fr\/en\/wp-json\/wp\/v2\/product_tag?post=21311"}],"curies":[{"name":"wp","href":"https:\/\/api.w.org\/{rel}","templated":true}]}}