{"id":21231,"date":"2022-01-25T11:14:32","date_gmt":"2022-01-25T10:14:32","guid":{"rendered":"https:\/\/www.linkeus.fr\/produit\/domaine-de-la-galiniere\/"},"modified":"2022-01-25T11:14:45","modified_gmt":"2022-01-25T10:14:45","slug":"domaine-de-la-galiniere","status":"publish","type":"product","link":"https:\/\/www.linkeus.fr\/en\/produit\/domaine-de-la-galiniere\/","title":{"rendered":"Domaine de la Galini\u00e8re"},"content":{"rendered":"<p>Sous un climat m\u00e9diterran\u00e9en, baign\u00e9 d\u2019un soleil doux \u00e9t\u00e9 comme hiver, le Domaine de la Galini\u00e8re est nich\u00e9 au c\u0153ur d\u2019un domaine viticole de 90 hectares, au pied du Plateau du Cengle, premi\u00e8re marche calcaire de la tr\u00e8s renomm\u00e9e Montagne Sainte-Victoire.<\/p>\n<p>Cette position offre au Domaine une vue imprenable sur la vall\u00e9e compos\u00e9e de vignes et d\u2019oliviers, d\u00e9voilant une palette de couleurs splendide en toute saison.<\/p>\n<p>Le Domaine de la Galini\u00e8re ouvre ses portes sur des espaces de r\u00e9ception atypiques alliant le cachet authentique du cadre naturel \u00e0 une architecture contemporaine et \u00e9l\u00e9gante, ainsi que six logements de charme aux lignes sobres et \u00e9pur\u00e9es.<\/p>\n<p>Ce lieu unique au c\u0153ur de la Provence est \u00e0 d\u00e9couvrir !<\/p>\n","protected":false},"excerpt":{"rendered":"<p>Sous un climat m\u00e9diterran\u00e9en, baign\u00e9 d\u2019un soleil doux \u00e9t\u00e9 comme hiver, le Domaine de la Galini\u00e8re est nich\u00e9 au c\u0153ur d\u2019un domaine viticole de 90 hectares, au pied du Plateau du Cengle, premi\u00e8re marche calcaire de la tr\u00e8s renomm\u00e9e Montagne Sainte-Victoire. Cette position offre au Domaine une vue imprenable sur la vall\u00e9e compos\u00e9e de vignes [&hellip;]<\/p>\n","protected":false},"featured_media":0,"comment_status":"closed","ping_status":"closed","template":"","meta":{"inline_featured_image":false},"product_cat":[30],"product_tag":[],"class_list":{"0":"post-21231","1":"product","2":"type-product","3":"status-publish","5":"product_cat-listeo-booking","7":"first","8":"instock","9":"virtual","10":"sold-individually","11":"purchasable","12":"product-type-listing_booking"},"yoast_head":"<!-- This site is optimized with the Yoast SEO plugin v24.0 - https:\/\/yoast.com\/wordpress\/plugins\/seo\/ -->\n<title>Domaine de la Galini\u00e8re - Linkeus Provence C\u00f4te d&#039;Azur Events<\/title>\n<meta name=\"robots\" content=\"index, follow, max-snippet:-1, max-image-preview:large, max-video-preview:-1\" \/>\n<link rel=\"canonical\" href=\"https:\/\/www.linkeus.fr\/en\/produit\/domaine-de-la-galiniere\/\" \/>\n<meta property=\"og:locale\" content=\"en_US\" \/>\n<meta property=\"og:type\" content=\"article\" \/>\n<meta property=\"og:title\" content=\"Domaine de la Galini\u00e8re - Linkeus Provence C\u00f4te d&#039;Azur Events\" \/>\n<meta property=\"og:description\" content=\"Sous un climat m\u00e9diterran\u00e9en, baign\u00e9 d\u2019un soleil doux \u00e9t\u00e9 comme hiver, le Domaine de la Galini\u00e8re est nich\u00e9 au c\u0153ur d\u2019un domaine viticole de 90 hectares, au pied du Plateau du Cengle, premi\u00e8re marche calcaire de la tr\u00e8s renomm\u00e9e Montagne Sainte-Victoire. Cette position offre au Domaine une vue imprenable sur la vall\u00e9e compos\u00e9e de vignes [&hellip;]\" \/>\n<meta property=\"og:url\" content=\"https:\/\/www.linkeus.fr\/en\/produit\/domaine-de-la-galiniere\/\" \/>\n<meta property=\"og:site_name\" content=\"Linkeus Provence C\u00f4te d&#039;Azur Events\" \/>\n<meta property=\"article:publisher\" content=\"https:\/\/www.facebook.com\/ProvenceCotedAzurEvents\" \/>\n<meta property=\"article:modified_time\" content=\"2022-01-25T10:14:45+00:00\" \/>\n<meta property=\"og:image\" content=\"https:\/\/www.linkeus.fr\/wp-content\/uploads\/2021\/07\/pce-image-resaux-sociaux-scaled.jpg\" \/>\n\t<meta property=\"og:image:width\" content=\"2560\" \/>\n\t<meta property=\"og:image:height\" content=\"1204\" \/>\n\t<meta property=\"og:image:type\" content=\"image\/jpeg\" \/>\n<meta name=\"twitter:card\" content=\"summary_large_image\" \/>\n<meta name=\"twitter:label1\" content=\"Est. reading time\" \/>\n\t<meta name=\"twitter:data1\" content=\"1 minute\" \/>\n<script type=\"application\/ld+json\" class=\"yoast-schema-graph\">{\"@context\":\"https:\/\/schema.org\",\"@graph\":[{\"@type\":\"WebPage\",\"@id\":\"https:\/\/www.linkeus.fr\/en\/produit\/domaine-de-la-galiniere\/\",\"url\":\"https:\/\/www.linkeus.fr\/en\/produit\/domaine-de-la-galiniere\/\",\"name\":\"Domaine de la Galini\u00e8re - Linkeus Provence C\u00f4te d&#039;Azur Events\",\"isPartOf\":{\"@id\":\"https:\/\/www.linkeus.fr\/#website\"},\"datePublished\":\"2022-01-25T10:14:32+00:00\",\"dateModified\":\"2022-01-25T10:14:45+00:00\",\"breadcrumb\":{\"@id\":\"https:\/\/www.linkeus.fr\/en\/produit\/domaine-de-la-galiniere\/#breadcrumb\"},\"inLanguage\":\"en-US\",\"potentialAction\":[{\"@type\":\"ReadAction\",\"target\":[\"https:\/\/www.linkeus.fr\/en\/produit\/domaine-de-la-galiniere\/\"]}]},{\"@type\":\"BreadcrumbList\",\"@id\":\"https:\/\/www.linkeus.fr\/en\/produit\/domaine-de-la-galiniere\/#breadcrumb\",\"itemListElement\":[{\"@type\":\"ListItem\",\"position\":1,\"name\":\"Accueil\",\"item\":\"https:\/\/www.linkeus.fr\/en\/\"},{\"@type\":\"ListItem\",\"position\":2,\"name\":\"Produits\",\"item\":\"https:\/\/www.linkeus.fr\/shop\/\"},{\"@type\":\"ListItem\",\"position\":3,\"name\":\"Domaine de la Galini\u00e8re\"}]},{\"@type\":\"WebSite\",\"@id\":\"https:\/\/www.linkeus.fr\/#website\",\"url\":\"https:\/\/www.linkeus.fr\/\",\"name\":\"Linkeus Provence C\u00f4te d&#039;Azur Events\",\"description\":\"Le bureau des congr\u00e8s regional : l&#039;interlocuteur privil\u00e9gi\u00e9 pour l&#039;organisation de vos \u00e9v\u00e8nements professionnels en Provence Alpes C\u00f4te d&#039;Azur\",\"publisher\":{\"@id\":\"https:\/\/www.linkeus.fr\/#organization\"},\"potentialAction\":[{\"@type\":\"SearchAction\",\"target\":{\"@type\":\"EntryPoint\",\"urlTemplate\":\"https:\/\/www.linkeus.fr\/?s={search_term_string}\"},\"query-input\":{\"@type\":\"PropertyValueSpecification\",\"valueRequired\":true,\"valueName\":\"search_term_string\"}}],\"inLanguage\":\"en-US\"},{\"@type\":\"Organization\",\"@id\":\"https:\/\/www.linkeus.fr\/#organization\",\"name\":\"Linkeus Provence C\u00f4te d&#039;Azur Events\",\"url\":\"https:\/\/www.linkeus.fr\/\",\"logo\":{\"@type\":\"ImageObject\",\"inLanguage\":\"en-US\",\"@id\":\"https:\/\/www.linkeus.fr\/#\/schema\/logo\/image\/\",\"url\":\"https:\/\/www.linkeus.fr\/wp-content\/uploads\/2022\/09\/log-linkeus290.png\",\"contentUrl\":\"https:\/\/www.linkeus.fr\/wp-content\/uploads\/2022\/09\/log-linkeus290.png\",\"width\":290,\"height\":100,\"caption\":\"Linkeus Provence C\u00f4te d&#039;Azur Events\"},\"image\":{\"@id\":\"https:\/\/www.linkeus.fr\/#\/schema\/logo\/image\/\"},\"sameAs\":[\"https:\/\/www.facebook.com\/ProvenceCotedAzurEvents\"]}]}<\/script>\n<!-- \/ Yoast SEO plugin. -->","yoast_head_json":{"title":"Domaine de la Galini\u00e8re - Linkeus Provence C\u00f4te d&#039;Azur Events","robots":{"index":"index","follow":"follow","max-snippet":"max-snippet:-1","max-image-preview":"max-image-preview:large","max-video-preview":"max-video-preview:-1"},"canonical":"https:\/\/www.linkeus.fr\/en\/produit\/domaine-de-la-galiniere\/","og_locale":"en_US","og_type":"article","og_title":"Domaine de la Galini\u00e8re - Linkeus Provence C\u00f4te d&#039;Azur Events","og_description":"Sous un climat m\u00e9diterran\u00e9en, baign\u00e9 d\u2019un soleil doux \u00e9t\u00e9 comme hiver, le Domaine de la Galini\u00e8re est nich\u00e9 au c\u0153ur d\u2019un domaine viticole de 90 hectares, au pied du Plateau du Cengle, premi\u00e8re marche calcaire de la tr\u00e8s renomm\u00e9e Montagne Sainte-Victoire. Cette position offre au Domaine une vue imprenable sur la vall\u00e9e compos\u00e9e de vignes [&hellip;]","og_url":"https:\/\/www.linkeus.fr\/en\/produit\/domaine-de-la-galiniere\/","og_site_name":"Linkeus Provence C\u00f4te d&#039;Azur Events","article_publisher":"https:\/\/www.facebook.com\/ProvenceCotedAzurEvents","article_modified_time":"2022-01-25T10:14:45+00:00","og_image":[{"width":2560,"height":1204,"url":"https:\/\/www.linkeus.fr\/wp-content\/uploads\/2021\/07\/pce-image-resaux-sociaux-scaled.jpg","type":"image\/jpeg"}],"twitter_card":"summary_large_image","twitter_misc":{"Est. reading time":"1 minute"},"schema":{"@context":"https:\/\/schema.org","@graph":[{"@type":"WebPage","@id":"https:\/\/www.linkeus.fr\/en\/produit\/domaine-de-la-galiniere\/","url":"https:\/\/www.linkeus.fr\/en\/produit\/domaine-de-la-galiniere\/","name":"Domaine de la Galini\u00e8re - Linkeus Provence C\u00f4te d&#039;Azur Events","isPartOf":{"@id":"https:\/\/www.linkeus.fr\/#website"},"datePublished":"2022-01-25T10:14:32+00:00","dateModified":"2022-01-25T10:14:45+00:00","breadcrumb":{"@id":"https:\/\/www.linkeus.fr\/en\/produit\/domaine-de-la-galiniere\/#breadcrumb"},"inLanguage":"en-US","potentialAction":[{"@type":"ReadAction","target":["https:\/\/www.linkeus.fr\/en\/produit\/domaine-de-la-galiniere\/"]}]},{"@type":"BreadcrumbList","@id":"https:\/\/www.linkeus.fr\/en\/produit\/domaine-de-la-galiniere\/#breadcrumb","itemListElement":[{"@type":"ListItem","position":1,"name":"Accueil","item":"https:\/\/www.linkeus.fr\/en\/"},{"@type":"ListItem","position":2,"name":"Produits","item":"https:\/\/www.linkeus.fr\/shop\/"},{"@type":"ListItem","position":3,"name":"Domaine de la Galini\u00e8re"}]},{"@type":"WebSite","@id":"https:\/\/www.linkeus.fr\/#website","url":"https:\/\/www.linkeus.fr\/","name":"Linkeus Provence C\u00f4te d&#039;Azur Events","description":"Le bureau des congr\u00e8s regional : l&#039;interlocuteur privil\u00e9gi\u00e9 pour l&#039;organisation de vos \u00e9v\u00e8nements professionnels en Provence Alpes C\u00f4te d&#039;Azur","publisher":{"@id":"https:\/\/www.linkeus.fr\/#organization"},"potentialAction":[{"@type":"SearchAction","target":{"@type":"EntryPoint","urlTemplate":"https:\/\/www.linkeus.fr\/?s={search_term_string}"},"query-input":{"@type":"PropertyValueSpecification","valueRequired":true,"valueName":"search_term_string"}}],"inLanguage":"en-US"},{"@type":"Organization","@id":"https:\/\/www.linkeus.fr\/#organization","name":"Linkeus Provence C\u00f4te d&#039;Azur Events","url":"https:\/\/www.linkeus.fr\/","logo":{"@type":"ImageObject","inLanguage":"en-US","@id":"https:\/\/www.linkeus.fr\/#\/schema\/logo\/image\/","url":"https:\/\/www.linkeus.fr\/wp-content\/uploads\/2022\/09\/log-linkeus290.png","contentUrl":"https:\/\/www.linkeus.fr\/wp-content\/uploads\/2022\/09\/log-linkeus290.png","width":290,"height":100,"caption":"Linkeus Provence C\u00f4te d&#039;Azur Events"},"image":{"@id":"https:\/\/www.linkeus.fr\/#\/schema\/logo\/image\/"},"sameAs":["https:\/\/www.facebook.com\/ProvenceCotedAzurEvents"]}]}},"_links":{"self":[{"href":"https:\/\/www.linkeus.fr\/en\/wp-json\/wp\/v2\/product\/21231","targetHints":{"allow":["GET"]}}],"collection":[{"href":"https:\/\/www.linkeus.fr\/en\/wp-json\/wp\/v2\/product"}],"about":[{"href":"https:\/\/www.linkeus.fr\/en\/wp-json\/wp\/v2\/types\/product"}],"replies":[{"embeddable":true,"href":"https:\/\/www.linkeus.fr\/en\/wp-json\/wp\/v2\/comments?post=21231"}],"wp:attachment":[{"href":"https:\/\/www.linkeus.fr\/en\/wp-json\/wp\/v2\/media?parent=21231"}],"wp:term":[{"taxonomy":"product_cat","embeddable":true,"href":"https:\/\/www.linkeus.fr\/en\/wp-json\/wp\/v2\/product_cat?post=21231"},{"taxonomy":"product_tag","embeddable":true,"href":"https:\/\/www.linkeus.fr\/en\/wp-json\/wp\/v2\/product_tag?post=21231"}],"curies":[{"name":"wp","href":"https:\/\/api.w.org\/{rel}","templated":true}]}}