{"id":21140,"date":"2022-01-17T10:18:06","date_gmt":"2022-01-17T09:18:06","guid":{"rendered":"https:\/\/www.linkeus.fr\/produit\/avignon-exhibition-centre-fairground-3\/"},"modified":"2022-01-17T10:18:06","modified_gmt":"2022-01-17T09:18:06","slug":"avignon-exhibition-centre-fairground-3","status":"publish","type":"product","link":"https:\/\/www.linkeus.fr\/en\/produit\/avignon-exhibition-centre-fairground-3\/","title":{"rendered":"Avignon, exhibition centre &amp; fairground"},"content":{"rendered":"<p><strong>Capital of the Christianity \u00a0in the 14th century, classified world heritage site by the UNESCO, Avignon is famous all over the world for its historical treasures, international theatre festival and the art of living in Provence. European capital of culture in \u00a02000 and also Capital of the C\u00f4tes du Rh\u00f4ne wines, the former City of Popes, well-knowed for its culture and tourist attractions, is one of the most prestigious conference city in the south of France.<\/strong><\/p>\n<h2>City of heritage and culture<\/h2>\n<p>Capital of the Christianity in the 14th century, classified world heritage site by the UNESCO, Avignon is famous all over the world for its historical treasures, international theatre festival and the art of living in Provence.<br \/>\nCapital of the C\u00f4tes du Rh\u00f4ne Wines, Avignon was name European City of Culture in 2000.<br \/>\nNestled in the very heart of Provence, Avignon is the ideal destination to discover the natural beauty of the region: Camargue, Luberon, Alpilles, lavenders, wine roads&#8230;<\/p>\n<h2>The Popes\u2019 Palace Convention Centre, a unique venue in a historical monument, in the heart of Avignon<\/h2>\n<p>The Popes\u2019 Palace Convention Centre is the outstanding setting for all your events (meetings, meals, incentives) . It is located into two private wings of the Palace of the Popes, right into the historical centre of Avignon. This unique place offers character meeting rooms : 16 rooms in the very heart of the biggest Gothic palace in Europe: 20 to 550 persons in meeting style, 700 persons in reception style and 1800m\u00b2 of exhibition space, withing walking distance from the hotels.<\/p>\n<p><strong>The Popes\u2019 Palace Convention Centre<\/strong> is ISO-certified 9001 since 2002 and, the first Convention Center in France certified \u201cQualit\u00e9 Tourisme\u201d since 2011.<\/p>\n<p><strong>The Avignon \u201cexhibition centre \u201d<\/strong> is only \u00a03 mn \u00a0away from the highway exit, 15 mn from \u00a0the city center and the TGV station.<\/p>\n<p>Newly designed spaces \u00a0to meet the requirements of major events : a fully modulable convention hall which holds 920 persons, 7 ground-level halls from 750 m2 to 6000 m2, (in all 15,000 m2) with food service spaces, display space and committee rooms nearby. 50,000 m\u00b2 of outdoor area,\u00a0 6,000\u00a0 free\u00a0 parking\u00a0 spaces.<\/p>\n<p><strong>The Popes\u2019 Palace Convention Centre<\/strong> is located within walking distance from the hotels and offers 16 meeting rooms (capacity from <strong>150 up to 536<\/strong>),<br \/>\nexhibition <strong>(1800 m\u00b2)<\/strong> and reception rooms up to <strong>700 standing<\/strong><br \/>\nThe Avignon Exhibition Centre a fully modulable<br \/>\nconvention hall which holds 900 persons, 7 ground-level halls from 750 m2 to 6000 m2, (in all<br \/>\n15,000 m2) with food service spaces, display space and committee rooms nearby. 50,000 m\u00b2 of<br \/>\noutdoor area, 6,000 free parking spaces.<\/p>\n<p><strong>5* :<\/strong> 152 rooms<br \/>\n<strong>4* :<\/strong> 825 rooms<br \/>\n<strong>3* :<\/strong> 1516 rooms<br \/>\n<strong>2* :<\/strong> 901 rooms<br \/>\n<strong>1* :<\/strong> 243 rooms<br \/>\nincluding<strong> 1800 rooms near <\/strong> the Convention Centre<\/p>\n<p><strong>2:40 hours<\/strong> from Paris-Gare de Lyon and <strong>3 hours<\/strong> from Roissy-Charles-de-Gaulle.<br \/>\n<strong>1 hour<\/strong> from Lyon by TGV train. International connections with <strong>Brussels (5h)<\/strong> and <strong>Geneva (3 h).<\/strong><br \/>\nAvignon-TGV train station is only <strong>5 min<\/strong> from city center<br \/>\n<strong>45 min<\/strong> from Marseille-Provence airport by car and 30 mn by TGV.<br \/>\n<strong>Roads:<\/strong> Avignon is at the crossroad of highways A7 and A9 and N7<br \/>\n<strong>Parking of the Popes&#8217; Palace:<\/strong> 800 places, opened <strong>7 \/ 7 and 24 hours a day<\/strong><\/p>\n","protected":false},"excerpt":{"rendered":"<p>Capital of the Christianity \u00a0in the 14th century, classified world heritage site by the UNESCO, Avignon is famous all over the world for its historical treasures, international theatre festival and the art of living in Provence. European capital of culture in \u00a02000 and also Capital of the C\u00f4tes du Rh\u00f4ne wines, the former City of [&hellip;]<\/p>\n","protected":false},"featured_media":0,"comment_status":"closed","ping_status":"closed","template":"","meta":{"inline_featured_image":false},"product_cat":[30],"product_tag":[],"class_list":{"0":"post-21140","1":"product","2":"type-product","3":"status-publish","5":"product_cat-listeo-booking","7":"first","8":"instock","9":"virtual","10":"sold-individually","11":"purchasable","12":"product-type-listing_booking"},"yoast_head":"<!-- This site is optimized with the Yoast SEO plugin v24.0 - https:\/\/yoast.com\/wordpress\/plugins\/seo\/ -->\n<title>Avignon, exhibition centre &amp; fairground - Linkeus Provence C\u00f4te d&#039;Azur Events<\/title>\n<meta name=\"robots\" content=\"index, follow, max-snippet:-1, max-image-preview:large, max-video-preview:-1\" \/>\n<link rel=\"canonical\" href=\"https:\/\/www.linkeus.fr\/en\/produit\/avignon-exhibition-centre-fairground-3\/\" \/>\n<meta property=\"og:locale\" content=\"en_US\" \/>\n<meta property=\"og:type\" content=\"article\" \/>\n<meta property=\"og:title\" content=\"Avignon, exhibition centre &amp; fairground - Linkeus Provence C\u00f4te d&#039;Azur Events\" \/>\n<meta property=\"og:description\" content=\"Capital of the Christianity \u00a0in the 14th century, classified world heritage site by the UNESCO, Avignon is famous all over the world for its historical treasures, international theatre festival and the art of living in Provence. European capital of culture in \u00a02000 and also Capital of the C\u00f4tes du Rh\u00f4ne wines, the former City of [&hellip;]\" \/>\n<meta property=\"og:url\" content=\"https:\/\/www.linkeus.fr\/en\/produit\/avignon-exhibition-centre-fairground-3\/\" \/>\n<meta property=\"og:site_name\" content=\"Linkeus Provence C\u00f4te d&#039;Azur Events\" \/>\n<meta property=\"article:publisher\" content=\"https:\/\/www.facebook.com\/ProvenceCotedAzurEvents\" \/>\n<meta property=\"og:image\" content=\"https:\/\/www.linkeus.fr\/wp-content\/uploads\/2021\/07\/pce-image-resaux-sociaux-scaled.jpg\" \/>\n\t<meta property=\"og:image:width\" content=\"2560\" \/>\n\t<meta property=\"og:image:height\" content=\"1204\" \/>\n\t<meta property=\"og:image:type\" content=\"image\/jpeg\" \/>\n<meta name=\"twitter:card\" content=\"summary_large_image\" \/>\n<meta name=\"twitter:label1\" content=\"Est. reading time\" \/>\n\t<meta name=\"twitter:data1\" content=\"2 minutes\" \/>\n<script type=\"application\/ld+json\" class=\"yoast-schema-graph\">{\"@context\":\"https:\/\/schema.org\",\"@graph\":[{\"@type\":\"WebPage\",\"@id\":\"https:\/\/www.linkeus.fr\/en\/produit\/avignon-exhibition-centre-fairground-3\/\",\"url\":\"https:\/\/www.linkeus.fr\/en\/produit\/avignon-exhibition-centre-fairground-3\/\",\"name\":\"Avignon, exhibition centre &amp; fairground - Linkeus Provence C\u00f4te d&#039;Azur Events\",\"isPartOf\":{\"@id\":\"https:\/\/www.linkeus.fr\/#website\"},\"datePublished\":\"2022-01-17T09:18:06+00:00\",\"dateModified\":\"2022-01-17T09:18:06+00:00\",\"breadcrumb\":{\"@id\":\"https:\/\/www.linkeus.fr\/en\/produit\/avignon-exhibition-centre-fairground-3\/#breadcrumb\"},\"inLanguage\":\"en-US\",\"potentialAction\":[{\"@type\":\"ReadAction\",\"target\":[\"https:\/\/www.linkeus.fr\/en\/produit\/avignon-exhibition-centre-fairground-3\/\"]}]},{\"@type\":\"BreadcrumbList\",\"@id\":\"https:\/\/www.linkeus.fr\/en\/produit\/avignon-exhibition-centre-fairground-3\/#breadcrumb\",\"itemListElement\":[{\"@type\":\"ListItem\",\"position\":1,\"name\":\"Accueil\",\"item\":\"https:\/\/www.linkeus.fr\/en\/\"},{\"@type\":\"ListItem\",\"position\":2,\"name\":\"Produits\",\"item\":\"https:\/\/www.linkeus.fr\/shop\/\"},{\"@type\":\"ListItem\",\"position\":3,\"name\":\"Avignon, exhibition centre &amp; fairground\"}]},{\"@type\":\"WebSite\",\"@id\":\"https:\/\/www.linkeus.fr\/#website\",\"url\":\"https:\/\/www.linkeus.fr\/\",\"name\":\"Linkeus Provence C\u00f4te d&#039;Azur Events\",\"description\":\"Le bureau des congr\u00e8s regional : l&#039;interlocuteur privil\u00e9gi\u00e9 pour l&#039;organisation de vos \u00e9v\u00e8nements professionnels en Provence Alpes C\u00f4te d&#039;Azur\",\"publisher\":{\"@id\":\"https:\/\/www.linkeus.fr\/#organization\"},\"potentialAction\":[{\"@type\":\"SearchAction\",\"target\":{\"@type\":\"EntryPoint\",\"urlTemplate\":\"https:\/\/www.linkeus.fr\/?s={search_term_string}\"},\"query-input\":{\"@type\":\"PropertyValueSpecification\",\"valueRequired\":true,\"valueName\":\"search_term_string\"}}],\"inLanguage\":\"en-US\"},{\"@type\":\"Organization\",\"@id\":\"https:\/\/www.linkeus.fr\/#organization\",\"name\":\"Linkeus Provence C\u00f4te d&#039;Azur Events\",\"url\":\"https:\/\/www.linkeus.fr\/\",\"logo\":{\"@type\":\"ImageObject\",\"inLanguage\":\"en-US\",\"@id\":\"https:\/\/www.linkeus.fr\/#\/schema\/logo\/image\/\",\"url\":\"https:\/\/www.linkeus.fr\/wp-content\/uploads\/2022\/09\/log-linkeus290.png\",\"contentUrl\":\"https:\/\/www.linkeus.fr\/wp-content\/uploads\/2022\/09\/log-linkeus290.png\",\"width\":290,\"height\":100,\"caption\":\"Linkeus Provence C\u00f4te d&#039;Azur Events\"},\"image\":{\"@id\":\"https:\/\/www.linkeus.fr\/#\/schema\/logo\/image\/\"},\"sameAs\":[\"https:\/\/www.facebook.com\/ProvenceCotedAzurEvents\"]}]}<\/script>\n<!-- \/ Yoast SEO plugin. -->","yoast_head_json":{"title":"Avignon, exhibition centre &amp; fairground - Linkeus Provence C\u00f4te d&#039;Azur Events","robots":{"index":"index","follow":"follow","max-snippet":"max-snippet:-1","max-image-preview":"max-image-preview:large","max-video-preview":"max-video-preview:-1"},"canonical":"https:\/\/www.linkeus.fr\/en\/produit\/avignon-exhibition-centre-fairground-3\/","og_locale":"en_US","og_type":"article","og_title":"Avignon, exhibition centre &amp; fairground - Linkeus Provence C\u00f4te d&#039;Azur Events","og_description":"Capital of the Christianity \u00a0in the 14th century, classified world heritage site by the UNESCO, Avignon is famous all over the world for its historical treasures, international theatre festival and the art of living in Provence. European capital of culture in \u00a02000 and also Capital of the C\u00f4tes du Rh\u00f4ne wines, the former City of [&hellip;]","og_url":"https:\/\/www.linkeus.fr\/en\/produit\/avignon-exhibition-centre-fairground-3\/","og_site_name":"Linkeus Provence C\u00f4te d&#039;Azur Events","article_publisher":"https:\/\/www.facebook.com\/ProvenceCotedAzurEvents","og_image":[{"width":2560,"height":1204,"url":"https:\/\/www.linkeus.fr\/wp-content\/uploads\/2021\/07\/pce-image-resaux-sociaux-scaled.jpg","type":"image\/jpeg"}],"twitter_card":"summary_large_image","twitter_misc":{"Est. reading time":"2 minutes"},"schema":{"@context":"https:\/\/schema.org","@graph":[{"@type":"WebPage","@id":"https:\/\/www.linkeus.fr\/en\/produit\/avignon-exhibition-centre-fairground-3\/","url":"https:\/\/www.linkeus.fr\/en\/produit\/avignon-exhibition-centre-fairground-3\/","name":"Avignon, exhibition centre &amp; fairground - Linkeus Provence C\u00f4te d&#039;Azur Events","isPartOf":{"@id":"https:\/\/www.linkeus.fr\/#website"},"datePublished":"2022-01-17T09:18:06+00:00","dateModified":"2022-01-17T09:18:06+00:00","breadcrumb":{"@id":"https:\/\/www.linkeus.fr\/en\/produit\/avignon-exhibition-centre-fairground-3\/#breadcrumb"},"inLanguage":"en-US","potentialAction":[{"@type":"ReadAction","target":["https:\/\/www.linkeus.fr\/en\/produit\/avignon-exhibition-centre-fairground-3\/"]}]},{"@type":"BreadcrumbList","@id":"https:\/\/www.linkeus.fr\/en\/produit\/avignon-exhibition-centre-fairground-3\/#breadcrumb","itemListElement":[{"@type":"ListItem","position":1,"name":"Accueil","item":"https:\/\/www.linkeus.fr\/en\/"},{"@type":"ListItem","position":2,"name":"Produits","item":"https:\/\/www.linkeus.fr\/shop\/"},{"@type":"ListItem","position":3,"name":"Avignon, exhibition centre &amp; fairground"}]},{"@type":"WebSite","@id":"https:\/\/www.linkeus.fr\/#website","url":"https:\/\/www.linkeus.fr\/","name":"Linkeus Provence C\u00f4te d&#039;Azur Events","description":"Le bureau des congr\u00e8s regional : l&#039;interlocuteur privil\u00e9gi\u00e9 pour l&#039;organisation de vos \u00e9v\u00e8nements professionnels en Provence Alpes C\u00f4te d&#039;Azur","publisher":{"@id":"https:\/\/www.linkeus.fr\/#organization"},"potentialAction":[{"@type":"SearchAction","target":{"@type":"EntryPoint","urlTemplate":"https:\/\/www.linkeus.fr\/?s={search_term_string}"},"query-input":{"@type":"PropertyValueSpecification","valueRequired":true,"valueName":"search_term_string"}}],"inLanguage":"en-US"},{"@type":"Organization","@id":"https:\/\/www.linkeus.fr\/#organization","name":"Linkeus Provence C\u00f4te d&#039;Azur Events","url":"https:\/\/www.linkeus.fr\/","logo":{"@type":"ImageObject","inLanguage":"en-US","@id":"https:\/\/www.linkeus.fr\/#\/schema\/logo\/image\/","url":"https:\/\/www.linkeus.fr\/wp-content\/uploads\/2022\/09\/log-linkeus290.png","contentUrl":"https:\/\/www.linkeus.fr\/wp-content\/uploads\/2022\/09\/log-linkeus290.png","width":290,"height":100,"caption":"Linkeus Provence C\u00f4te d&#039;Azur Events"},"image":{"@id":"https:\/\/www.linkeus.fr\/#\/schema\/logo\/image\/"},"sameAs":["https:\/\/www.facebook.com\/ProvenceCotedAzurEvents"]}]}},"_links":{"self":[{"href":"https:\/\/www.linkeus.fr\/en\/wp-json\/wp\/v2\/product\/21140","targetHints":{"allow":["GET"]}}],"collection":[{"href":"https:\/\/www.linkeus.fr\/en\/wp-json\/wp\/v2\/product"}],"about":[{"href":"https:\/\/www.linkeus.fr\/en\/wp-json\/wp\/v2\/types\/product"}],"replies":[{"embeddable":true,"href":"https:\/\/www.linkeus.fr\/en\/wp-json\/wp\/v2\/comments?post=21140"}],"wp:attachment":[{"href":"https:\/\/www.linkeus.fr\/en\/wp-json\/wp\/v2\/media?parent=21140"}],"wp:term":[{"taxonomy":"product_cat","embeddable":true,"href":"https:\/\/www.linkeus.fr\/en\/wp-json\/wp\/v2\/product_cat?post=21140"},{"taxonomy":"product_tag","embeddable":true,"href":"https:\/\/www.linkeus.fr\/en\/wp-json\/wp\/v2\/product_tag?post=21140"}],"curies":[{"name":"wp","href":"https:\/\/api.w.org\/{rel}","templated":true}]}}