{"id":20600,"date":"2021-09-22T16:19:05","date_gmt":"2021-09-22T14:19:05","guid":{"rendered":"https:\/\/www.linkeus.fr\/produit\/grimaldi-forum-monaco-2\/"},"modified":"2021-09-22T16:19:05","modified_gmt":"2021-09-22T14:19:05","slug":"grimaldi-forum-monaco-2","status":"publish","type":"product","link":"https:\/\/www.linkeus.fr\/en\/produit\/grimaldi-forum-monaco-2\/","title":{"rendered":"Grimaldi Forum Monaco"},"content":{"rendered":"<p>The destination Monaco offers security, comfort, flexibility, an ideal climate and with flexible offers depending on the period!<br \/>\nThe Grimaldi Forum Monaco, convention center of the Principality of Monaco offers you a unique event experience!<\/p>\n<p>With its 35,000 m\u00b2 of modular spaces incorporating the latest technologies, the Grimaldi Forum Monaco is an exceptional tool for organizing your events in the heart of the Principality, just a few steps from the main hotels.<\/p>\n<p>The Grimaldi Forum hosts events from 400 up to 3000 people in Congresses, Seminars, Conventions, Product launches, Galas,<\/p>\n<p>Take advantage of the quality of service, know-how and expertise of our 140 employees, to organize your event with confidence.<\/p>\n<p>Detailed presentation of the room :<\/p>\n<p>The Grimaldi Forum provides you with 35,000 sqm of modular space incorporating the latest echnologies:<\/p>\n<ul>\n<li>35,000 sqm of usable area<\/li>\n<li>14,000 sqm of exhibition and catering space.<\/li>\n<li>3 auditoriums with 1,800, 800 and 400 seats.<\/li>\n<li>11 committee rooms, which can be divided into 22 rooms (from 20 to 220 seats in theater style).<\/li>\n<li>1 meeting room that can accommodate 400 people in plenary.<\/li>\n<li>3 multi-purpose spaces that can accommodate around 500 people each.<\/li>\n<li>3 homes of 3,250 sqm<\/li>\n<\/ul>\n<p>1 Hall of 1600 sqm Event Services from A to Z:<\/p>\n<ul>\n<li>Catering<\/li>\n<li>Logistics<\/li>\n<li>Home<\/li>\n<li>Security<\/li>\n<li>Planning and creation of spaces<\/li>\n<li>Communication<\/li>\n<\/ul>\n","protected":false},"excerpt":{"rendered":"<p>The destination Monaco offers security, comfort, flexibility, an ideal climate and with flexible offers depending on the period! The Grimaldi Forum Monaco, convention center of the Principality of Monaco offers you a unique event experience! With its 35,000 m\u00b2 of modular spaces incorporating the latest technologies, the Grimaldi Forum Monaco is an exceptional tool for [&hellip;]<\/p>\n","protected":false},"featured_media":0,"comment_status":"closed","ping_status":"closed","template":"","meta":{"inline_featured_image":false},"product_cat":[30],"product_tag":[],"class_list":{"0":"post-20600","1":"product","2":"type-product","3":"status-publish","5":"product_cat-listeo-booking","7":"first","8":"instock","9":"virtual","10":"sold-individually","11":"purchasable","12":"product-type-listing_booking"},"yoast_head":"<!-- This site is optimized with the Yoast SEO plugin v24.0 - https:\/\/yoast.com\/wordpress\/plugins\/seo\/ -->\n<title>Grimaldi Forum Monaco - Linkeus Provence C\u00f4te d&#039;Azur Events<\/title>\n<meta name=\"robots\" content=\"index, follow, max-snippet:-1, max-image-preview:large, max-video-preview:-1\" \/>\n<link rel=\"canonical\" href=\"https:\/\/www.linkeus.fr\/en\/produit\/grimaldi-forum-monaco-2\/\" \/>\n<meta property=\"og:locale\" content=\"en_US\" \/>\n<meta property=\"og:type\" content=\"article\" \/>\n<meta property=\"og:title\" content=\"Grimaldi Forum Monaco - Linkeus Provence C\u00f4te d&#039;Azur Events\" \/>\n<meta property=\"og:description\" content=\"The destination Monaco offers security, comfort, flexibility, an ideal climate and with flexible offers depending on the period! The Grimaldi Forum Monaco, convention center of the Principality of Monaco offers you a unique event experience! With its 35,000 m\u00b2 of modular spaces incorporating the latest technologies, the Grimaldi Forum Monaco is an exceptional tool for [&hellip;]\" \/>\n<meta property=\"og:url\" content=\"https:\/\/www.linkeus.fr\/en\/produit\/grimaldi-forum-monaco-2\/\" \/>\n<meta property=\"og:site_name\" content=\"Linkeus Provence C\u00f4te d&#039;Azur Events\" \/>\n<meta property=\"article:publisher\" content=\"https:\/\/www.facebook.com\/ProvenceCotedAzurEvents\" \/>\n<meta property=\"og:image\" content=\"https:\/\/www.linkeus.fr\/wp-content\/uploads\/2021\/07\/pce-image-resaux-sociaux-scaled.jpg\" \/>\n\t<meta property=\"og:image:width\" content=\"2560\" \/>\n\t<meta property=\"og:image:height\" content=\"1204\" \/>\n\t<meta property=\"og:image:type\" content=\"image\/jpeg\" \/>\n<meta name=\"twitter:card\" content=\"summary_large_image\" \/>\n<meta name=\"twitter:label1\" content=\"Est. reading time\" \/>\n\t<meta name=\"twitter:data1\" content=\"1 minute\" \/>\n<script type=\"application\/ld+json\" class=\"yoast-schema-graph\">{\"@context\":\"https:\/\/schema.org\",\"@graph\":[{\"@type\":\"WebPage\",\"@id\":\"https:\/\/www.linkeus.fr\/en\/produit\/grimaldi-forum-monaco-2\/\",\"url\":\"https:\/\/www.linkeus.fr\/en\/produit\/grimaldi-forum-monaco-2\/\",\"name\":\"Grimaldi Forum Monaco - Linkeus Provence C\u00f4te d&#039;Azur Events\",\"isPartOf\":{\"@id\":\"https:\/\/www.linkeus.fr\/#website\"},\"datePublished\":\"2021-09-22T14:19:05+00:00\",\"dateModified\":\"2021-09-22T14:19:05+00:00\",\"breadcrumb\":{\"@id\":\"https:\/\/www.linkeus.fr\/en\/produit\/grimaldi-forum-monaco-2\/#breadcrumb\"},\"inLanguage\":\"en-US\",\"potentialAction\":[{\"@type\":\"ReadAction\",\"target\":[\"https:\/\/www.linkeus.fr\/en\/produit\/grimaldi-forum-monaco-2\/\"]}]},{\"@type\":\"BreadcrumbList\",\"@id\":\"https:\/\/www.linkeus.fr\/en\/produit\/grimaldi-forum-monaco-2\/#breadcrumb\",\"itemListElement\":[{\"@type\":\"ListItem\",\"position\":1,\"name\":\"Accueil\",\"item\":\"https:\/\/www.linkeus.fr\/en\/\"},{\"@type\":\"ListItem\",\"position\":2,\"name\":\"Produits\",\"item\":\"https:\/\/www.linkeus.fr\/shop\/\"},{\"@type\":\"ListItem\",\"position\":3,\"name\":\"Grimaldi Forum Monaco\"}]},{\"@type\":\"WebSite\",\"@id\":\"https:\/\/www.linkeus.fr\/#website\",\"url\":\"https:\/\/www.linkeus.fr\/\",\"name\":\"Linkeus Provence C\u00f4te d&#039;Azur Events\",\"description\":\"Le bureau des congr\u00e8s regional : l&#039;interlocuteur privil\u00e9gi\u00e9 pour l&#039;organisation de vos \u00e9v\u00e8nements professionnels en Provence Alpes C\u00f4te d&#039;Azur\",\"publisher\":{\"@id\":\"https:\/\/www.linkeus.fr\/#organization\"},\"potentialAction\":[{\"@type\":\"SearchAction\",\"target\":{\"@type\":\"EntryPoint\",\"urlTemplate\":\"https:\/\/www.linkeus.fr\/?s={search_term_string}\"},\"query-input\":{\"@type\":\"PropertyValueSpecification\",\"valueRequired\":true,\"valueName\":\"search_term_string\"}}],\"inLanguage\":\"en-US\"},{\"@type\":\"Organization\",\"@id\":\"https:\/\/www.linkeus.fr\/#organization\",\"name\":\"Linkeus Provence C\u00f4te d&#039;Azur Events\",\"url\":\"https:\/\/www.linkeus.fr\/\",\"logo\":{\"@type\":\"ImageObject\",\"inLanguage\":\"en-US\",\"@id\":\"https:\/\/www.linkeus.fr\/#\/schema\/logo\/image\/\",\"url\":\"https:\/\/www.linkeus.fr\/wp-content\/uploads\/2022\/09\/log-linkeus290.png\",\"contentUrl\":\"https:\/\/www.linkeus.fr\/wp-content\/uploads\/2022\/09\/log-linkeus290.png\",\"width\":290,\"height\":100,\"caption\":\"Linkeus Provence C\u00f4te d&#039;Azur Events\"},\"image\":{\"@id\":\"https:\/\/www.linkeus.fr\/#\/schema\/logo\/image\/\"},\"sameAs\":[\"https:\/\/www.facebook.com\/ProvenceCotedAzurEvents\"]}]}<\/script>\n<!-- \/ Yoast SEO plugin. -->","yoast_head_json":{"title":"Grimaldi Forum Monaco - Linkeus Provence C\u00f4te d&#039;Azur Events","robots":{"index":"index","follow":"follow","max-snippet":"max-snippet:-1","max-image-preview":"max-image-preview:large","max-video-preview":"max-video-preview:-1"},"canonical":"https:\/\/www.linkeus.fr\/en\/produit\/grimaldi-forum-monaco-2\/","og_locale":"en_US","og_type":"article","og_title":"Grimaldi Forum Monaco - Linkeus Provence C\u00f4te d&#039;Azur Events","og_description":"The destination Monaco offers security, comfort, flexibility, an ideal climate and with flexible offers depending on the period! The Grimaldi Forum Monaco, convention center of the Principality of Monaco offers you a unique event experience! With its 35,000 m\u00b2 of modular spaces incorporating the latest technologies, the Grimaldi Forum Monaco is an exceptional tool for [&hellip;]","og_url":"https:\/\/www.linkeus.fr\/en\/produit\/grimaldi-forum-monaco-2\/","og_site_name":"Linkeus Provence C\u00f4te d&#039;Azur Events","article_publisher":"https:\/\/www.facebook.com\/ProvenceCotedAzurEvents","og_image":[{"width":2560,"height":1204,"url":"https:\/\/www.linkeus.fr\/wp-content\/uploads\/2021\/07\/pce-image-resaux-sociaux-scaled.jpg","type":"image\/jpeg"}],"twitter_card":"summary_large_image","twitter_misc":{"Est. reading time":"1 minute"},"schema":{"@context":"https:\/\/schema.org","@graph":[{"@type":"WebPage","@id":"https:\/\/www.linkeus.fr\/en\/produit\/grimaldi-forum-monaco-2\/","url":"https:\/\/www.linkeus.fr\/en\/produit\/grimaldi-forum-monaco-2\/","name":"Grimaldi Forum Monaco - Linkeus Provence C\u00f4te d&#039;Azur Events","isPartOf":{"@id":"https:\/\/www.linkeus.fr\/#website"},"datePublished":"2021-09-22T14:19:05+00:00","dateModified":"2021-09-22T14:19:05+00:00","breadcrumb":{"@id":"https:\/\/www.linkeus.fr\/en\/produit\/grimaldi-forum-monaco-2\/#breadcrumb"},"inLanguage":"en-US","potentialAction":[{"@type":"ReadAction","target":["https:\/\/www.linkeus.fr\/en\/produit\/grimaldi-forum-monaco-2\/"]}]},{"@type":"BreadcrumbList","@id":"https:\/\/www.linkeus.fr\/en\/produit\/grimaldi-forum-monaco-2\/#breadcrumb","itemListElement":[{"@type":"ListItem","position":1,"name":"Accueil","item":"https:\/\/www.linkeus.fr\/en\/"},{"@type":"ListItem","position":2,"name":"Produits","item":"https:\/\/www.linkeus.fr\/shop\/"},{"@type":"ListItem","position":3,"name":"Grimaldi Forum Monaco"}]},{"@type":"WebSite","@id":"https:\/\/www.linkeus.fr\/#website","url":"https:\/\/www.linkeus.fr\/","name":"Linkeus Provence C\u00f4te d&#039;Azur Events","description":"Le bureau des congr\u00e8s regional : l&#039;interlocuteur privil\u00e9gi\u00e9 pour l&#039;organisation de vos \u00e9v\u00e8nements professionnels en Provence Alpes C\u00f4te d&#039;Azur","publisher":{"@id":"https:\/\/www.linkeus.fr\/#organization"},"potentialAction":[{"@type":"SearchAction","target":{"@type":"EntryPoint","urlTemplate":"https:\/\/www.linkeus.fr\/?s={search_term_string}"},"query-input":{"@type":"PropertyValueSpecification","valueRequired":true,"valueName":"search_term_string"}}],"inLanguage":"en-US"},{"@type":"Organization","@id":"https:\/\/www.linkeus.fr\/#organization","name":"Linkeus Provence C\u00f4te d&#039;Azur Events","url":"https:\/\/www.linkeus.fr\/","logo":{"@type":"ImageObject","inLanguage":"en-US","@id":"https:\/\/www.linkeus.fr\/#\/schema\/logo\/image\/","url":"https:\/\/www.linkeus.fr\/wp-content\/uploads\/2022\/09\/log-linkeus290.png","contentUrl":"https:\/\/www.linkeus.fr\/wp-content\/uploads\/2022\/09\/log-linkeus290.png","width":290,"height":100,"caption":"Linkeus Provence C\u00f4te d&#039;Azur Events"},"image":{"@id":"https:\/\/www.linkeus.fr\/#\/schema\/logo\/image\/"},"sameAs":["https:\/\/www.facebook.com\/ProvenceCotedAzurEvents"]}]}},"_links":{"self":[{"href":"https:\/\/www.linkeus.fr\/en\/wp-json\/wp\/v2\/product\/20600","targetHints":{"allow":["GET"]}}],"collection":[{"href":"https:\/\/www.linkeus.fr\/en\/wp-json\/wp\/v2\/product"}],"about":[{"href":"https:\/\/www.linkeus.fr\/en\/wp-json\/wp\/v2\/types\/product"}],"replies":[{"embeddable":true,"href":"https:\/\/www.linkeus.fr\/en\/wp-json\/wp\/v2\/comments?post=20600"}],"wp:attachment":[{"href":"https:\/\/www.linkeus.fr\/en\/wp-json\/wp\/v2\/media?parent=20600"}],"wp:term":[{"taxonomy":"product_cat","embeddable":true,"href":"https:\/\/www.linkeus.fr\/en\/wp-json\/wp\/v2\/product_cat?post=20600"},{"taxonomy":"product_tag","embeddable":true,"href":"https:\/\/www.linkeus.fr\/en\/wp-json\/wp\/v2\/product_tag?post=20600"}],"curies":[{"name":"wp","href":"https:\/\/api.w.org\/{rel}","templated":true}]}}