{"id":18953,"date":"2021-01-15T11:36:46","date_gmt":"2021-01-15T10:36:46","guid":{"rendered":"https:\/\/www.linkeus.fr\/produit\/residence-goelia-mandelieu-riviera-resort\/"},"modified":"2021-01-15T11:36:46","modified_gmt":"2021-01-15T10:36:46","slug":"residence-goelia-mandelieu-riviera-resort","status":"publish","type":"product","link":"https:\/\/www.linkeus.fr\/en\/produit\/residence-goelia-mandelieu-riviera-resort\/","title":{"rendered":"R\u00e9sidence Goelia Mandelieu Riviera Resort"},"content":{"rendered":"<p>A proximit\u00e9 du c\u00e9l\u00e8bre Golf Old Course Cannes Mandelieu, la r\u00e9sidence Go\u00e9lia Mandelieu Riviera Resort vous accueille dans un domaine clos paysager de 6 ha autour d\u2019un superbe lac priv\u00e9 bord\u00e9 d\u2019une promenade.<\/p>\n<p>Vous s\u00e9journerez dans d\u2019\u00e9l\u00e9gantes b\u00e2tisses de style proven\u00e7al aux larges terrasses ensoleill\u00e9es abritant des appartements climatis\u00e9s de 2 \u00e0 6 personnes spacieux et confortables. Ils disposent d\u2019une kitchenette (plaques vitroc\u00e9ramiques, four micro-onde grill, lave-vaisselle, cafeti\u00e8re et bouilloire \u00e9lectriques, grille-pain), d\u2019un s\u00e9jour avec TV, d\u2019une salle de bains avec s\u00e8che-serviettes ainsi que d\u2019une terrasse \u00e9quip\u00e9e d\u2019un salon de jardin et d\u2019un emplacement de parking ext\u00e9rieur.<\/p>\n<p>Le resort comprend une piscine ext\u00e9rieure de 575m\u00b2 (ouverte du 03\/04\/21 au 30\/10\/21 selon conditions m\u00e9t\u00e9o) avec bassin et jets d\u2019eau pour les enfants, une terrasse solarium \u00e9quip\u00e9e de chaises longues et parasols, un court de tennis, un terrain multisport, plusieurs terrains de p\u00e9tanque et une aire de jeux enfants.<br \/>\nDu 03\/07 au 28\/08, un club enfants gratuit 6-11 ans (5 demi-journ\u00e9es par semaine), des animations sportives ados-adultes et des soir\u00e9es \u00e0 th\u00e8me sont propos\u00e9s.<br \/>\nLa plage est \u00e0 environ \u00e0 900m, les commerces et le centre de la station \u00e0 environ 1.5 km.<\/p>\n","protected":false},"excerpt":{"rendered":"<p>A proximit\u00e9 du c\u00e9l\u00e8bre Golf Old Course Cannes Mandelieu, la r\u00e9sidence Go\u00e9lia Mandelieu Riviera Resort vous accueille dans un domaine clos paysager de 6 ha autour d\u2019un superbe lac priv\u00e9 bord\u00e9 d\u2019une promenade. Vous s\u00e9journerez dans d\u2019\u00e9l\u00e9gantes b\u00e2tisses de style proven\u00e7al aux larges terrasses ensoleill\u00e9es abritant des appartements climatis\u00e9s de 2 \u00e0 6 personnes spacieux [&hellip;]<\/p>\n","protected":false},"featured_media":0,"comment_status":"closed","ping_status":"closed","template":"","meta":{"inline_featured_image":false},"product_cat":[30],"product_tag":[],"class_list":{"0":"post-18953","1":"product","2":"type-product","3":"status-publish","5":"product_cat-listeo-booking","7":"first","8":"instock","9":"virtual","10":"sold-individually","11":"purchasable","12":"product-type-listing_booking"},"yoast_head":"<!-- This site is optimized with the Yoast SEO plugin v24.0 - https:\/\/yoast.com\/wordpress\/plugins\/seo\/ -->\n<title>R\u00e9sidence Goelia Mandelieu Riviera Resort - Linkeus Provence C\u00f4te d&#039;Azur Events<\/title>\n<meta name=\"robots\" content=\"index, follow, max-snippet:-1, max-image-preview:large, max-video-preview:-1\" \/>\n<link rel=\"canonical\" href=\"https:\/\/www.linkeus.fr\/en\/produit\/residence-goelia-mandelieu-riviera-resort\/\" \/>\n<meta property=\"og:locale\" content=\"en_US\" \/>\n<meta property=\"og:type\" content=\"article\" \/>\n<meta property=\"og:title\" content=\"R\u00e9sidence Goelia Mandelieu Riviera Resort - Linkeus Provence C\u00f4te d&#039;Azur Events\" \/>\n<meta property=\"og:description\" content=\"A proximit\u00e9 du c\u00e9l\u00e8bre Golf Old Course Cannes Mandelieu, la r\u00e9sidence Go\u00e9lia Mandelieu Riviera Resort vous accueille dans un domaine clos paysager de 6 ha autour d\u2019un superbe lac priv\u00e9 bord\u00e9 d\u2019une promenade. Vous s\u00e9journerez dans d\u2019\u00e9l\u00e9gantes b\u00e2tisses de style proven\u00e7al aux larges terrasses ensoleill\u00e9es abritant des appartements climatis\u00e9s de 2 \u00e0 6 personnes spacieux [&hellip;]\" \/>\n<meta property=\"og:url\" content=\"https:\/\/www.linkeus.fr\/en\/produit\/residence-goelia-mandelieu-riviera-resort\/\" \/>\n<meta property=\"og:site_name\" content=\"Linkeus Provence C\u00f4te d&#039;Azur Events\" \/>\n<meta property=\"article:publisher\" content=\"https:\/\/www.facebook.com\/ProvenceCotedAzurEvents\" \/>\n<meta property=\"og:image\" content=\"https:\/\/www.linkeus.fr\/wp-content\/uploads\/2021\/07\/pce-image-resaux-sociaux-scaled.jpg\" \/>\n\t<meta property=\"og:image:width\" content=\"2560\" \/>\n\t<meta property=\"og:image:height\" content=\"1204\" \/>\n\t<meta property=\"og:image:type\" content=\"image\/jpeg\" \/>\n<meta name=\"twitter:card\" content=\"summary_large_image\" \/>\n<meta name=\"twitter:label1\" content=\"Est. reading time\" \/>\n\t<meta name=\"twitter:data1\" content=\"1 minute\" \/>\n<script type=\"application\/ld+json\" class=\"yoast-schema-graph\">{\"@context\":\"https:\/\/schema.org\",\"@graph\":[{\"@type\":\"WebPage\",\"@id\":\"https:\/\/www.linkeus.fr\/en\/produit\/residence-goelia-mandelieu-riviera-resort\/\",\"url\":\"https:\/\/www.linkeus.fr\/en\/produit\/residence-goelia-mandelieu-riviera-resort\/\",\"name\":\"R\u00e9sidence Goelia Mandelieu Riviera Resort - Linkeus Provence C\u00f4te d&#039;Azur Events\",\"isPartOf\":{\"@id\":\"https:\/\/www.linkeus.fr\/#website\"},\"datePublished\":\"2021-01-15T10:36:46+00:00\",\"dateModified\":\"2021-01-15T10:36:46+00:00\",\"breadcrumb\":{\"@id\":\"https:\/\/www.linkeus.fr\/en\/produit\/residence-goelia-mandelieu-riviera-resort\/#breadcrumb\"},\"inLanguage\":\"en-US\",\"potentialAction\":[{\"@type\":\"ReadAction\",\"target\":[\"https:\/\/www.linkeus.fr\/en\/produit\/residence-goelia-mandelieu-riviera-resort\/\"]}]},{\"@type\":\"BreadcrumbList\",\"@id\":\"https:\/\/www.linkeus.fr\/en\/produit\/residence-goelia-mandelieu-riviera-resort\/#breadcrumb\",\"itemListElement\":[{\"@type\":\"ListItem\",\"position\":1,\"name\":\"Accueil\",\"item\":\"https:\/\/www.linkeus.fr\/en\/\"},{\"@type\":\"ListItem\",\"position\":2,\"name\":\"Produits\",\"item\":\"https:\/\/www.linkeus.fr\/shop\/\"},{\"@type\":\"ListItem\",\"position\":3,\"name\":\"R\u00e9sidence Goelia Mandelieu Riviera Resort\"}]},{\"@type\":\"WebSite\",\"@id\":\"https:\/\/www.linkeus.fr\/#website\",\"url\":\"https:\/\/www.linkeus.fr\/\",\"name\":\"Linkeus Provence C\u00f4te d&#039;Azur Events\",\"description\":\"Le bureau des congr\u00e8s regional : l&#039;interlocuteur privil\u00e9gi\u00e9 pour l&#039;organisation de vos \u00e9v\u00e8nements professionnels en Provence Alpes C\u00f4te d&#039;Azur\",\"publisher\":{\"@id\":\"https:\/\/www.linkeus.fr\/#organization\"},\"potentialAction\":[{\"@type\":\"SearchAction\",\"target\":{\"@type\":\"EntryPoint\",\"urlTemplate\":\"https:\/\/www.linkeus.fr\/?s={search_term_string}\"},\"query-input\":{\"@type\":\"PropertyValueSpecification\",\"valueRequired\":true,\"valueName\":\"search_term_string\"}}],\"inLanguage\":\"en-US\"},{\"@type\":\"Organization\",\"@id\":\"https:\/\/www.linkeus.fr\/#organization\",\"name\":\"Linkeus Provence C\u00f4te d&#039;Azur Events\",\"url\":\"https:\/\/www.linkeus.fr\/\",\"logo\":{\"@type\":\"ImageObject\",\"inLanguage\":\"en-US\",\"@id\":\"https:\/\/www.linkeus.fr\/#\/schema\/logo\/image\/\",\"url\":\"https:\/\/www.linkeus.fr\/wp-content\/uploads\/2022\/09\/log-linkeus290.png\",\"contentUrl\":\"https:\/\/www.linkeus.fr\/wp-content\/uploads\/2022\/09\/log-linkeus290.png\",\"width\":290,\"height\":100,\"caption\":\"Linkeus Provence C\u00f4te d&#039;Azur Events\"},\"image\":{\"@id\":\"https:\/\/www.linkeus.fr\/#\/schema\/logo\/image\/\"},\"sameAs\":[\"https:\/\/www.facebook.com\/ProvenceCotedAzurEvents\"]}]}<\/script>\n<!-- \/ Yoast SEO plugin. -->","yoast_head_json":{"title":"R\u00e9sidence Goelia Mandelieu Riviera Resort - Linkeus Provence C\u00f4te d&#039;Azur Events","robots":{"index":"index","follow":"follow","max-snippet":"max-snippet:-1","max-image-preview":"max-image-preview:large","max-video-preview":"max-video-preview:-1"},"canonical":"https:\/\/www.linkeus.fr\/en\/produit\/residence-goelia-mandelieu-riviera-resort\/","og_locale":"en_US","og_type":"article","og_title":"R\u00e9sidence Goelia Mandelieu Riviera Resort - Linkeus Provence C\u00f4te d&#039;Azur Events","og_description":"A proximit\u00e9 du c\u00e9l\u00e8bre Golf Old Course Cannes Mandelieu, la r\u00e9sidence Go\u00e9lia Mandelieu Riviera Resort vous accueille dans un domaine clos paysager de 6 ha autour d\u2019un superbe lac priv\u00e9 bord\u00e9 d\u2019une promenade. Vous s\u00e9journerez dans d\u2019\u00e9l\u00e9gantes b\u00e2tisses de style proven\u00e7al aux larges terrasses ensoleill\u00e9es abritant des appartements climatis\u00e9s de 2 \u00e0 6 personnes spacieux [&hellip;]","og_url":"https:\/\/www.linkeus.fr\/en\/produit\/residence-goelia-mandelieu-riviera-resort\/","og_site_name":"Linkeus Provence C\u00f4te d&#039;Azur Events","article_publisher":"https:\/\/www.facebook.com\/ProvenceCotedAzurEvents","og_image":[{"width":2560,"height":1204,"url":"https:\/\/www.linkeus.fr\/wp-content\/uploads\/2021\/07\/pce-image-resaux-sociaux-scaled.jpg","type":"image\/jpeg"}],"twitter_card":"summary_large_image","twitter_misc":{"Est. reading time":"1 minute"},"schema":{"@context":"https:\/\/schema.org","@graph":[{"@type":"WebPage","@id":"https:\/\/www.linkeus.fr\/en\/produit\/residence-goelia-mandelieu-riviera-resort\/","url":"https:\/\/www.linkeus.fr\/en\/produit\/residence-goelia-mandelieu-riviera-resort\/","name":"R\u00e9sidence Goelia Mandelieu Riviera Resort - Linkeus Provence C\u00f4te d&#039;Azur Events","isPartOf":{"@id":"https:\/\/www.linkeus.fr\/#website"},"datePublished":"2021-01-15T10:36:46+00:00","dateModified":"2021-01-15T10:36:46+00:00","breadcrumb":{"@id":"https:\/\/www.linkeus.fr\/en\/produit\/residence-goelia-mandelieu-riviera-resort\/#breadcrumb"},"inLanguage":"en-US","potentialAction":[{"@type":"ReadAction","target":["https:\/\/www.linkeus.fr\/en\/produit\/residence-goelia-mandelieu-riviera-resort\/"]}]},{"@type":"BreadcrumbList","@id":"https:\/\/www.linkeus.fr\/en\/produit\/residence-goelia-mandelieu-riviera-resort\/#breadcrumb","itemListElement":[{"@type":"ListItem","position":1,"name":"Accueil","item":"https:\/\/www.linkeus.fr\/en\/"},{"@type":"ListItem","position":2,"name":"Produits","item":"https:\/\/www.linkeus.fr\/shop\/"},{"@type":"ListItem","position":3,"name":"R\u00e9sidence Goelia Mandelieu Riviera Resort"}]},{"@type":"WebSite","@id":"https:\/\/www.linkeus.fr\/#website","url":"https:\/\/www.linkeus.fr\/","name":"Linkeus Provence C\u00f4te d&#039;Azur Events","description":"Le bureau des congr\u00e8s regional : l&#039;interlocuteur privil\u00e9gi\u00e9 pour l&#039;organisation de vos \u00e9v\u00e8nements professionnels en Provence Alpes C\u00f4te d&#039;Azur","publisher":{"@id":"https:\/\/www.linkeus.fr\/#organization"},"potentialAction":[{"@type":"SearchAction","target":{"@type":"EntryPoint","urlTemplate":"https:\/\/www.linkeus.fr\/?s={search_term_string}"},"query-input":{"@type":"PropertyValueSpecification","valueRequired":true,"valueName":"search_term_string"}}],"inLanguage":"en-US"},{"@type":"Organization","@id":"https:\/\/www.linkeus.fr\/#organization","name":"Linkeus Provence C\u00f4te d&#039;Azur Events","url":"https:\/\/www.linkeus.fr\/","logo":{"@type":"ImageObject","inLanguage":"en-US","@id":"https:\/\/www.linkeus.fr\/#\/schema\/logo\/image\/","url":"https:\/\/www.linkeus.fr\/wp-content\/uploads\/2022\/09\/log-linkeus290.png","contentUrl":"https:\/\/www.linkeus.fr\/wp-content\/uploads\/2022\/09\/log-linkeus290.png","width":290,"height":100,"caption":"Linkeus Provence C\u00f4te d&#039;Azur Events"},"image":{"@id":"https:\/\/www.linkeus.fr\/#\/schema\/logo\/image\/"},"sameAs":["https:\/\/www.facebook.com\/ProvenceCotedAzurEvents"]}]}},"_links":{"self":[{"href":"https:\/\/www.linkeus.fr\/en\/wp-json\/wp\/v2\/product\/18953","targetHints":{"allow":["GET"]}}],"collection":[{"href":"https:\/\/www.linkeus.fr\/en\/wp-json\/wp\/v2\/product"}],"about":[{"href":"https:\/\/www.linkeus.fr\/en\/wp-json\/wp\/v2\/types\/product"}],"replies":[{"embeddable":true,"href":"https:\/\/www.linkeus.fr\/en\/wp-json\/wp\/v2\/comments?post=18953"}],"wp:attachment":[{"href":"https:\/\/www.linkeus.fr\/en\/wp-json\/wp\/v2\/media?parent=18953"}],"wp:term":[{"taxonomy":"product_cat","embeddable":true,"href":"https:\/\/www.linkeus.fr\/en\/wp-json\/wp\/v2\/product_cat?post=18953"},{"taxonomy":"product_tag","embeddable":true,"href":"https:\/\/www.linkeus.fr\/en\/wp-json\/wp\/v2\/product_tag?post=18953"}],"curies":[{"name":"wp","href":"https:\/\/api.w.org\/{rel}","templated":true}]}}