{"id":27769,"date":"2022-04-14T16:48:25","date_gmt":"2022-04-14T14:48:25","guid":{"rendered":"https:\/\/www.linkeus.fr\/charte-ethique-et-responsable\/"},"modified":"2024-10-29T12:43:01","modified_gmt":"2024-10-29T11:43:01","slug":"charte-ethique-et-responsable","status":"publish","type":"page","link":"https:\/\/www.linkeus.fr\/en\/charte-ethique-et-responsable\/","title":{"rendered":"ETHICAL AND RESPONSIBLE CHARTER"},"content":{"rendered":"<div class=\"wpb-content-wrapper\"><h2>LINKEUS Provence Alpes C\u00f4te d&#8217;Azur Convention Bureau launches the Ethical and Responsible Charter for the Event Industry<\/h2>\n<p><img loading=\"lazy\" decoding=\"async\" class=\"alignnone wp-image-26531\" src=\"https:\/\/www.linkeus.fr\/wp-content\/uploads\/2024\/02\/Logo-charte-png.png\" alt=\"\" width=\"154\" height=\"154\" srcset=\"https:\/\/www.linkeus.fr\/wp-content\/uploads\/2024\/02\/Logo-charte-png.png 500w, https:\/\/www.linkeus.fr\/wp-content\/uploads\/2024\/02\/Logo-charte-png-300x300.png 300w, https:\/\/www.linkeus.fr\/wp-content\/uploads\/2024\/02\/Logo-charte-png-150x150.png 150w, https:\/\/www.linkeus.fr\/wp-content\/uploads\/2024\/02\/Logo-charte-png-200x200.png 200w, https:\/\/www.linkeus.fr\/wp-content\/uploads\/2024\/02\/Logo-charte-png-100x100.png 100w\" sizes=\"auto, (max-width: 154px) 100vw, 154px\" \/><\/p>\n<p>Together, and through this Charter, the member companies of LINKEUS Provence Alpes C\u00f4te d&#8217;Azur Convention Bureau aim to defend the event industry value chain, establish best practices in invitations to tender, and promote their commitment to social and environmental responsibility.<\/p>\n<p>The aim is to build a lasting, winning and virtuous relationship with advertisers (event organizers) and specifiers, based on responsibility and transparency, particularly in calls for tender.<\/p>\n<p>Since April 2022, 200 member companies have signed up to an ethical and responsible charter, the first national initiative on a regional scale, and a tool for strategic development and competitiveness. The charter is valid for a renewable 24-month period. Each company will provide a report on its actions over a two-year period.<\/p>\n<p>The objectives of the charter are to<\/p>\n<ul>\n<li>Highlight the professionalism and commitments of event industry players in the Provence Alpes C\u00f4te d&#8217;Azur region;<\/li>\n<li>Develop responsible and environmentally-friendly practices;<\/li>\n<li>Develop a virtuous approach to invitations to tender between service providers and clients\/advertisers, with the shared aim of ensuring the success of the event, based on customer and participant satisfaction;<\/li>\n<li>Encourage and support initial and ongoing training for current and future players.<\/li>\n<\/ul>\n<p><a href=\"https:\/\/www.linkeus.fr\/wp-content\/uploads\/2022\/12\/Charte-Ethique-et-Responsable-LINKEUS.pdf\">Charte Ethique et Responsable LINKEUS<\/a><\/p>\n<div style=\"width: 760px;\" class=\"wp-video\"><!--[if lt IE 9]><script>document.createElement('video');<\/script><![endif]-->\n<video class=\"wp-video-shortcode\" id=\"video-27769-1\" width=\"760\" height=\"428\" poster=\"https:\/\/www.linkeus.fr\/wp-content\/uploads\/2022\/05\/PCE_MOTION_CHARTE1_2204291225.png\" preload=\"metadata\" controls=\"controls\"><source type=\"video\/mp4\" src=\"https:\/\/www.linkeus.fr\/wp-content\/uploads\/2022\/05\/PCE_MOTION_CHARTE3_2204291225.mp4?_=1\" \/><a href=\"https:\/\/www.linkeus.fr\/wp-content\/uploads\/2022\/05\/PCE_MOTION_CHARTE3_2204291225.mp4\">https:\/\/www.linkeus.fr\/wp-content\/uploads\/2022\/05\/PCE_MOTION_CHARTE3_2204291225.mp4<\/a><\/video><\/div>\n<p>[\/vc_column_text][\/vc_column][vc_column width=&#8221;1\/2&#8243;][vc_column_text]<\/p>\n<div style=\"width: 760px;\" class=\"wp-video\"><video class=\"wp-video-shortcode\" id=\"video-27769-2\" width=\"760\" height=\"428\" poster=\"https:\/\/www.linkeus.fr\/wp-content\/uploads\/2022\/05\/PCE_MOTION_CHARTE2_2204291225.png\" preload=\"metadata\" controls=\"controls\"><source type=\"video\/mp4\" src=\"https:\/\/www.linkeus.fr\/wp-content\/uploads\/2022\/05\/PCE_MOTION_CHARTE4_2204291225.mp4?_=2\" \/><a href=\"https:\/\/www.linkeus.fr\/wp-content\/uploads\/2022\/05\/PCE_MOTION_CHARTE4_2204291225.mp4\">https:\/\/www.linkeus.fr\/wp-content\/uploads\/2022\/05\/PCE_MOTION_CHARTE4_2204291225.mp4<\/a><\/video><\/div>\n<p>[\/vc_column_text][\/vc_column][\/vc_row][vc_row][vc_column width=&#8221;1\/2&#8243;][vc_column_text]<\/p>\n<div style=\"width: 760px;\" class=\"wp-video\"><video class=\"wp-video-shortcode\" id=\"video-27769-3\" width=\"760\" height=\"428\" poster=\"https:\/\/www.linkeus.fr\/wp-content\/uploads\/2022\/05\/PCE_MOTION_CHARTE3_2204291225.png\" preload=\"metadata\" controls=\"controls\"><source type=\"video\/mp4\" src=\"https:\/\/www.linkeus.fr\/wp-content\/uploads\/2022\/05\/PCE_MOTION_CHARTE1_2204291225.mp4?_=3\" \/><a href=\"https:\/\/www.linkeus.fr\/wp-content\/uploads\/2022\/05\/PCE_MOTION_CHARTE1_2204291225.mp4\">https:\/\/www.linkeus.fr\/wp-content\/uploads\/2022\/05\/PCE_MOTION_CHARTE1_2204291225.mp4<\/a><\/video><\/div>\n<p>[\/vc_column_text][\/vc_column][vc_column width=&#8221;1\/2&#8243;][vc_column_text]<\/p>\n<div style=\"width: 760px;\" class=\"wp-video\"><video class=\"wp-video-shortcode\" id=\"video-27769-4\" width=\"760\" height=\"428\" poster=\"https:\/\/www.linkeus.fr\/wp-content\/uploads\/2022\/05\/PCE_MOTION_CHARTE4_2204291225.png\" preload=\"metadata\" controls=\"controls\"><source type=\"video\/mp4\" src=\"https:\/\/www.linkeus.fr\/wp-content\/uploads\/2022\/05\/PCE_MOTION_CHARTE2_2204291225.mp4?_=4\" \/><a href=\"https:\/\/www.linkeus.fr\/wp-content\/uploads\/2022\/05\/PCE_MOTION_CHARTE2_2204291225.mp4\">https:\/\/www.linkeus.fr\/wp-content\/uploads\/2022\/05\/PCE_MOTION_CHARTE2_2204291225.mp4<\/a><\/video><\/div>\n<p>[\/vc_column_text][\/vc_column][\/vc_row][vc_row][vc_column width=&#8221;1\/2&#8243;][vc_column_text]<\/p>\n<div style=\"width: 760px;\" class=\"wp-video\"><video class=\"wp-video-shortcode\" id=\"video-27769-5\" width=\"760\" height=\"428\" poster=\"https:\/\/www.linkeus.fr\/wp-content\/uploads\/2022\/05\/PCE_MOTION_CHARTE5_2206171750.png\" preload=\"metadata\" controls=\"controls\"><source type=\"video\/mp4\" src=\"https:\/\/www.linkeus.fr\/wp-content\/uploads\/2022\/05\/PCE_MOTION_CHARTE5_2206171750.mp4?_=5\" \/><a href=\"https:\/\/www.linkeus.fr\/wp-content\/uploads\/2022\/05\/PCE_MOTION_CHARTE5_2206171750.mp4\">https:\/\/www.linkeus.fr\/wp-content\/uploads\/2022\/05\/PCE_MOTION_CHARTE5_2206171750.mp4<\/a><\/video><\/div>\n<p>[\/vc_column_text][\/vc_column][vc_column width=&#8221;1\/2&#8243;][vc_column_text]<\/p>\n<div style=\"width: 760px;\" class=\"wp-video\"><video class=\"wp-video-shortcode\" id=\"video-27769-6\" width=\"760\" height=\"428\" poster=\"https:\/\/www.linkeus.fr\/wp-content\/uploads\/2022\/05\/PCE_MOTION_CHARTE6_2206171750.png\" preload=\"metadata\" controls=\"controls\"><source type=\"video\/mp4\" src=\"https:\/\/www.linkeus.fr\/wp-content\/uploads\/2022\/05\/PCE_MOTION_CHARTE6_2206171750.mp4?_=6\" \/><a href=\"https:\/\/www.linkeus.fr\/wp-content\/uploads\/2022\/05\/PCE_MOTION_CHARTE6_2206171750.mp4\">https:\/\/www.linkeus.fr\/wp-content\/uploads\/2022\/05\/PCE_MOTION_CHARTE6_2206171750.mp4<\/a><\/video><\/div>\n<p>[\/vc_column_text][\/vc_column][\/vc_row]<\/p>\n<\/div>","protected":false},"excerpt":{"rendered":"<p>LINKEUS Provence Alpes C\u00f4te d&#8217;Azur Convention Bureau launches the Ethical and Responsible Charter for the Event Industry Together, and through this Charter, the member companies of LINKEUS Provence Alpes C\u00f4te d&#8217;Azur Convention Bureau aim to defend the event industry value chain, establish best practices in invitations to tender, and promote their commitment to social and [&hellip;]<\/p>\n","protected":false},"author":3,"featured_media":0,"parent":0,"menu_order":0,"comment_status":"closed","ping_status":"closed","template":"","meta":{"inline_featured_image":false,"footnotes":""},"class_list":["post-27769","page","type-page","status-publish","hentry"],"yoast_head":"<!-- This site is optimized with the Yoast SEO plugin v24.0 - https:\/\/yoast.com\/wordpress\/plugins\/seo\/ -->\n<title>ETHICAL AND RESPONSIBLE CHARTER - Linkeus Provence C\u00f4te d&#039;Azur Events<\/title>\n<meta name=\"description\" content=\"Les entreprises membres de LINKEUS Provence Alpes C\u00f4te d\u2019Azur visent \u00e0 d\u00e9fendre la chaine de valeur de l\u2019\u00e9v\u00e9nementiel, instaurer de bonnes pratiques dans les appels d\u2019offres et valoriser leurs engagements de responsabilit\u00e9 sociale et environnementale\" \/>\n<meta name=\"robots\" content=\"index, follow, max-snippet:-1, max-image-preview:large, max-video-preview:-1\" \/>\n<link rel=\"canonical\" href=\"https:\/\/www.linkeus.fr\/en\/charte-ethique-et-responsable\/\" \/>\n<meta property=\"og:locale\" content=\"en_US\" \/>\n<meta property=\"og:type\" content=\"article\" \/>\n<meta property=\"og:title\" content=\"ETHICAL AND RESPONSIBLE CHARTER - Linkeus Provence C\u00f4te d&#039;Azur Events\" \/>\n<meta property=\"og:description\" content=\"Les entreprises membres de LINKEUS Provence Alpes C\u00f4te d\u2019Azur visent \u00e0 d\u00e9fendre la chaine de valeur de l\u2019\u00e9v\u00e9nementiel, instaurer de bonnes pratiques dans les appels d\u2019offres et valoriser leurs engagements de responsabilit\u00e9 sociale et environnementale\" \/>\n<meta property=\"og:url\" content=\"https:\/\/www.linkeus.fr\/en\/charte-ethique-et-responsable\/\" \/>\n<meta property=\"og:site_name\" content=\"Linkeus Provence C\u00f4te d&#039;Azur Events\" \/>\n<meta property=\"article:publisher\" content=\"https:\/\/www.facebook.com\/ProvenceCotedAzurEvents\" \/>\n<meta property=\"article:modified_time\" content=\"2024-10-29T11:43:01+00:00\" \/>\n<meta property=\"og:image\" content=\"https:\/\/www.linkeus.fr\/wp-content\/uploads\/2024\/02\/Logo-charte-png.png\" \/>\n<meta name=\"twitter:card\" content=\"summary_large_image\" \/>\n<meta name=\"twitter:label1\" content=\"Est. reading time\" \/>\n\t<meta name=\"twitter:data1\" content=\"2 minutes\" \/>\n<script type=\"application\/ld+json\" class=\"yoast-schema-graph\">{\"@context\":\"https:\/\/schema.org\",\"@graph\":[{\"@type\":\"WebPage\",\"@id\":\"https:\/\/www.linkeus.fr\/en\/charte-ethique-et-responsable\/\",\"url\":\"https:\/\/www.linkeus.fr\/en\/charte-ethique-et-responsable\/\",\"name\":\"ETHICAL AND RESPONSIBLE CHARTER - Linkeus Provence C\u00f4te d&#039;Azur Events\",\"isPartOf\":{\"@id\":\"https:\/\/www.linkeus.fr\/#website\"},\"primaryImageOfPage\":{\"@id\":\"https:\/\/www.linkeus.fr\/en\/charte-ethique-et-responsable\/#primaryimage\"},\"image\":{\"@id\":\"https:\/\/www.linkeus.fr\/en\/charte-ethique-et-responsable\/#primaryimage\"},\"thumbnailUrl\":\"https:\/\/www.linkeus.fr\/wp-content\/uploads\/2024\/02\/Logo-charte-png.png\",\"datePublished\":\"2022-04-14T14:48:25+00:00\",\"dateModified\":\"2024-10-29T11:43:01+00:00\",\"description\":\"Les entreprises membres de LINKEUS Provence Alpes C\u00f4te d\u2019Azur visent \u00e0 d\u00e9fendre la chaine de valeur de l\u2019\u00e9v\u00e9nementiel, instaurer de bonnes pratiques dans les appels d\u2019offres et valoriser leurs engagements de responsabilit\u00e9 sociale et environnementale\",\"breadcrumb\":{\"@id\":\"https:\/\/www.linkeus.fr\/en\/charte-ethique-et-responsable\/#breadcrumb\"},\"inLanguage\":\"en-US\",\"potentialAction\":[{\"@type\":\"ReadAction\",\"target\":[\"https:\/\/www.linkeus.fr\/en\/charte-ethique-et-responsable\/\"]}]},{\"@type\":\"ImageObject\",\"inLanguage\":\"en-US\",\"@id\":\"https:\/\/www.linkeus.fr\/en\/charte-ethique-et-responsable\/#primaryimage\",\"url\":\"https:\/\/www.linkeus.fr\/wp-content\/uploads\/2024\/02\/Logo-charte-png.png\",\"contentUrl\":\"https:\/\/www.linkeus.fr\/wp-content\/uploads\/2024\/02\/Logo-charte-png.png\"},{\"@type\":\"BreadcrumbList\",\"@id\":\"https:\/\/www.linkeus.fr\/en\/charte-ethique-et-responsable\/#breadcrumb\",\"itemListElement\":[{\"@type\":\"ListItem\",\"position\":1,\"name\":\"Accueil\",\"item\":\"https:\/\/www.linkeus.fr\/en\/\"},{\"@type\":\"ListItem\",\"position\":2,\"name\":\"ETHICAL AND RESPONSIBLE CHARTER\"}]},{\"@type\":\"WebSite\",\"@id\":\"https:\/\/www.linkeus.fr\/#website\",\"url\":\"https:\/\/www.linkeus.fr\/\",\"name\":\"Linkeus Provence C\u00f4te d&#039;Azur Events\",\"description\":\"Le bureau des congr\u00e8s regional : l&#039;interlocuteur privil\u00e9gi\u00e9 pour l&#039;organisation de vos \u00e9v\u00e8nements professionnels en Provence Alpes C\u00f4te d&#039;Azur\",\"publisher\":{\"@id\":\"https:\/\/www.linkeus.fr\/#organization\"},\"potentialAction\":[{\"@type\":\"SearchAction\",\"target\":{\"@type\":\"EntryPoint\",\"urlTemplate\":\"https:\/\/www.linkeus.fr\/?s={search_term_string}\"},\"query-input\":{\"@type\":\"PropertyValueSpecification\",\"valueRequired\":true,\"valueName\":\"search_term_string\"}}],\"inLanguage\":\"en-US\"},{\"@type\":\"Organization\",\"@id\":\"https:\/\/www.linkeus.fr\/#organization\",\"name\":\"Linkeus Provence C\u00f4te d&#039;Azur Events\",\"url\":\"https:\/\/www.linkeus.fr\/\",\"logo\":{\"@type\":\"ImageObject\",\"inLanguage\":\"en-US\",\"@id\":\"https:\/\/www.linkeus.fr\/#\/schema\/logo\/image\/\",\"url\":\"https:\/\/www.linkeus.fr\/wp-content\/uploads\/2022\/09\/log-linkeus290.png\",\"contentUrl\":\"https:\/\/www.linkeus.fr\/wp-content\/uploads\/2022\/09\/log-linkeus290.png\",\"width\":290,\"height\":100,\"caption\":\"Linkeus Provence C\u00f4te d&#039;Azur Events\"},\"image\":{\"@id\":\"https:\/\/www.linkeus.fr\/#\/schema\/logo\/image\/\"},\"sameAs\":[\"https:\/\/www.facebook.com\/ProvenceCotedAzurEvents\"]}]}<\/script>\n<!-- \/ Yoast SEO plugin. -->","yoast_head_json":{"title":"ETHICAL AND RESPONSIBLE CHARTER - Linkeus Provence C\u00f4te d&#039;Azur Events","description":"Les entreprises membres de LINKEUS Provence Alpes C\u00f4te d\u2019Azur visent \u00e0 d\u00e9fendre la chaine de valeur de l\u2019\u00e9v\u00e9nementiel, instaurer de bonnes pratiques dans les appels d\u2019offres et valoriser leurs engagements de responsabilit\u00e9 sociale et environnementale","robots":{"index":"index","follow":"follow","max-snippet":"max-snippet:-1","max-image-preview":"max-image-preview:large","max-video-preview":"max-video-preview:-1"},"canonical":"https:\/\/www.linkeus.fr\/en\/charte-ethique-et-responsable\/","og_locale":"en_US","og_type":"article","og_title":"ETHICAL AND RESPONSIBLE CHARTER - Linkeus Provence C\u00f4te d&#039;Azur Events","og_description":"Les entreprises membres de LINKEUS Provence Alpes C\u00f4te d\u2019Azur visent \u00e0 d\u00e9fendre la chaine de valeur de l\u2019\u00e9v\u00e9nementiel, instaurer de bonnes pratiques dans les appels d\u2019offres et valoriser leurs engagements de responsabilit\u00e9 sociale et environnementale","og_url":"https:\/\/www.linkeus.fr\/en\/charte-ethique-et-responsable\/","og_site_name":"Linkeus Provence C\u00f4te d&#039;Azur Events","article_publisher":"https:\/\/www.facebook.com\/ProvenceCotedAzurEvents","article_modified_time":"2024-10-29T11:43:01+00:00","og_image":[{"url":"https:\/\/www.linkeus.fr\/wp-content\/uploads\/2024\/02\/Logo-charte-png.png","type":"","width":"","height":""}],"twitter_card":"summary_large_image","twitter_misc":{"Est. reading time":"2 minutes"},"schema":{"@context":"https:\/\/schema.org","@graph":[{"@type":"WebPage","@id":"https:\/\/www.linkeus.fr\/en\/charte-ethique-et-responsable\/","url":"https:\/\/www.linkeus.fr\/en\/charte-ethique-et-responsable\/","name":"ETHICAL AND RESPONSIBLE CHARTER - Linkeus Provence C\u00f4te d&#039;Azur Events","isPartOf":{"@id":"https:\/\/www.linkeus.fr\/#website"},"primaryImageOfPage":{"@id":"https:\/\/www.linkeus.fr\/en\/charte-ethique-et-responsable\/#primaryimage"},"image":{"@id":"https:\/\/www.linkeus.fr\/en\/charte-ethique-et-responsable\/#primaryimage"},"thumbnailUrl":"https:\/\/www.linkeus.fr\/wp-content\/uploads\/2024\/02\/Logo-charte-png.png","datePublished":"2022-04-14T14:48:25+00:00","dateModified":"2024-10-29T11:43:01+00:00","description":"Les entreprises membres de LINKEUS Provence Alpes C\u00f4te d\u2019Azur visent \u00e0 d\u00e9fendre la chaine de valeur de l\u2019\u00e9v\u00e9nementiel, instaurer de bonnes pratiques dans les appels d\u2019offres et valoriser leurs engagements de responsabilit\u00e9 sociale et environnementale","breadcrumb":{"@id":"https:\/\/www.linkeus.fr\/en\/charte-ethique-et-responsable\/#breadcrumb"},"inLanguage":"en-US","potentialAction":[{"@type":"ReadAction","target":["https:\/\/www.linkeus.fr\/en\/charte-ethique-et-responsable\/"]}]},{"@type":"ImageObject","inLanguage":"en-US","@id":"https:\/\/www.linkeus.fr\/en\/charte-ethique-et-responsable\/#primaryimage","url":"https:\/\/www.linkeus.fr\/wp-content\/uploads\/2024\/02\/Logo-charte-png.png","contentUrl":"https:\/\/www.linkeus.fr\/wp-content\/uploads\/2024\/02\/Logo-charte-png.png"},{"@type":"BreadcrumbList","@id":"https:\/\/www.linkeus.fr\/en\/charte-ethique-et-responsable\/#breadcrumb","itemListElement":[{"@type":"ListItem","position":1,"name":"Accueil","item":"https:\/\/www.linkeus.fr\/en\/"},{"@type":"ListItem","position":2,"name":"ETHICAL AND RESPONSIBLE CHARTER"}]},{"@type":"WebSite","@id":"https:\/\/www.linkeus.fr\/#website","url":"https:\/\/www.linkeus.fr\/","name":"Linkeus Provence C\u00f4te d&#039;Azur Events","description":"Le bureau des congr\u00e8s regional : l&#039;interlocuteur privil\u00e9gi\u00e9 pour l&#039;organisation de vos \u00e9v\u00e8nements professionnels en Provence Alpes C\u00f4te d&#039;Azur","publisher":{"@id":"https:\/\/www.linkeus.fr\/#organization"},"potentialAction":[{"@type":"SearchAction","target":{"@type":"EntryPoint","urlTemplate":"https:\/\/www.linkeus.fr\/?s={search_term_string}"},"query-input":{"@type":"PropertyValueSpecification","valueRequired":true,"valueName":"search_term_string"}}],"inLanguage":"en-US"},{"@type":"Organization","@id":"https:\/\/www.linkeus.fr\/#organization","name":"Linkeus Provence C\u00f4te d&#039;Azur Events","url":"https:\/\/www.linkeus.fr\/","logo":{"@type":"ImageObject","inLanguage":"en-US","@id":"https:\/\/www.linkeus.fr\/#\/schema\/logo\/image\/","url":"https:\/\/www.linkeus.fr\/wp-content\/uploads\/2022\/09\/log-linkeus290.png","contentUrl":"https:\/\/www.linkeus.fr\/wp-content\/uploads\/2022\/09\/log-linkeus290.png","width":290,"height":100,"caption":"Linkeus Provence C\u00f4te d&#039;Azur Events"},"image":{"@id":"https:\/\/www.linkeus.fr\/#\/schema\/logo\/image\/"},"sameAs":["https:\/\/www.facebook.com\/ProvenceCotedAzurEvents"]}]}},"_links":{"self":[{"href":"https:\/\/www.linkeus.fr\/en\/wp-json\/wp\/v2\/pages\/27769","targetHints":{"allow":["GET"]}}],"collection":[{"href":"https:\/\/www.linkeus.fr\/en\/wp-json\/wp\/v2\/pages"}],"about":[{"href":"https:\/\/www.linkeus.fr\/en\/wp-json\/wp\/v2\/types\/page"}],"author":[{"embeddable":true,"href":"https:\/\/www.linkeus.fr\/en\/wp-json\/wp\/v2\/users\/3"}],"replies":[{"embeddable":true,"href":"https:\/\/www.linkeus.fr\/en\/wp-json\/wp\/v2\/comments?post=27769"}],"version-history":[{"count":3,"href":"https:\/\/www.linkeus.fr\/en\/wp-json\/wp\/v2\/pages\/27769\/revisions"}],"predecessor-version":[{"id":27968,"href":"https:\/\/www.linkeus.fr\/en\/wp-json\/wp\/v2\/pages\/27769\/revisions\/27968"}],"wp:attachment":[{"href":"https:\/\/www.linkeus.fr\/en\/wp-json\/wp\/v2\/media?parent=27769"}],"curies":[{"name":"wp","href":"https:\/\/api.w.org\/{rel}","templated":true}]}}