{"id":27760,"date":"2022-04-15T15:17:57","date_gmt":"2022-04-15T13:17:57","guid":{"rendered":"https:\/\/www.linkeus.fr\/charte-de-bienveillance\/"},"modified":"2024-09-16T10:36:52","modified_gmt":"2024-09-16T08:36:52","slug":"charter-de-bienveillance","status":"publish","type":"page","link":"https:\/\/www.linkeus.fr\/en\/charter-de-bienveillance\/","title":{"rendered":"Kindness Charter &#8211; Event tourism employment"},"content":{"rendered":"<h2>Employers in the tourism industry take action for their businesses and their employees<\/h2>\n<p><img loading=\"lazy\" decoding=\"async\" class=\"aligncenter wp-image-22760 size-full\" src=\"https:\/\/www.linkeus.fr\/wp-content\/uploads\/2022\/04\/Image1.png\" alt=\"\" width=\"605\" height=\"448\" srcset=\"https:\/\/www.linkeus.fr\/wp-content\/uploads\/2022\/04\/Image1.png 605w, https:\/\/www.linkeus.fr\/wp-content\/uploads\/2022\/04\/Image1-300x222.png 300w, https:\/\/www.linkeus.fr\/wp-content\/uploads\/2022\/04\/Image1-590x437.png 590w, https:\/\/www.linkeus.fr\/wp-content\/uploads\/2022\/04\/Image1-577x427.png 577w, https:\/\/www.linkeus.fr\/wp-content\/uploads\/2022\/04\/Image1-600x444.png 600w\" sizes=\"auto, (max-width: 605px) 100vw, 605px\" \/><\/p>\n<p>As part of the campaign to promote employment in the tourism and events sector, run by the Comit\u00e9 R\u00e9gional de Tourisme Provence-Alpes-C\u00f4te d&#8217;Azur and the R\u00e9gion Sud, in partnership with UMIH Sud and with the support of numerous partners*, professionals in the tourism and events sector are committed to enhancing the value of their professions by promoting quality of life at work, and are inviting employers to sign up to the benevolence charter proposed below. This guarantees employees that the company promotes a relationship based on mutual trust, is committed to well-being in the workplace and cares about their career development.<\/p>\n<p>The signatories adhere to 10 progress initiatives.<\/p>\n<p>&#8211; Welcoming, integrating and building loyalty<\/p>\n<p>&#8211; Ensuring safety and well-being in the workplace<\/p>\n<p>&#8211; Integrate personnel management into a quality approach<\/p>\n<p>&#8211; Implement a motivating salary policy<\/p>\n<p>&#8211; Develop employability<\/p>\n<p>&#8211; Promote people skills and know-how<\/p>\n<p>&#8211; Valuing acquired skills and experience<\/p>\n<p>&#8211; Enable active participation in company life<\/p>\n<p>&#8211; Facilitate professionalization and career development<\/p>\n<p>&#8211; Encouraging mobility between professions and generations<\/p>\n<p>&nbsp;<\/p>\n<h2>To sign the Charter :<\/h2>\n<p><a href=\"https:\/\/provence-alpes-cotedazur.com\/emploi\/charte-de-bienveillance-les-employeurs-du-secteur-du-tourisme-sengagent\/\">Charte de bienveillance | Provence-Alpes-C\u00f4te d&#8217;Azur Tourisme (provence-alpes-cotedazur.com)<\/a><\/p>\n<p>*partners supporting the approach :<\/p>\n<p><img loading=\"lazy\" decoding=\"async\" class=\"aligncenter wp-image-22765 size-full\" src=\"https:\/\/www.linkeus.fr\/wp-content\/uploads\/2022\/04\/Image2.png\" alt=\"\" width=\"756\" height=\"140\" srcset=\"https:\/\/www.linkeus.fr\/wp-content\/uploads\/2022\/04\/Image2.png 756w, https:\/\/www.linkeus.fr\/wp-content\/uploads\/2022\/04\/Image2-300x56.png 300w, https:\/\/www.linkeus.fr\/wp-content\/uploads\/2022\/04\/Image2-590x109.png 590w, https:\/\/www.linkeus.fr\/wp-content\/uploads\/2022\/04\/Image2-577x107.png 577w, https:\/\/www.linkeus.fr\/wp-content\/uploads\/2022\/04\/Image2-600x111.png 600w\" sizes=\"auto, (max-width: 756px) 100vw, 756px\" \/><\/p>\n<p><img loading=\"lazy\" decoding=\"async\" class=\"aligncenter wp-image-22767 size-full\" src=\"https:\/\/www.linkeus.fr\/wp-content\/uploads\/2022\/04\/Image3.png\" alt=\"\" width=\"605\" height=\"103\" srcset=\"https:\/\/www.linkeus.fr\/wp-content\/uploads\/2022\/04\/Image3.png 605w, https:\/\/www.linkeus.fr\/wp-content\/uploads\/2022\/04\/Image3-300x51.png 300w, https:\/\/www.linkeus.fr\/wp-content\/uploads\/2022\/04\/Image3-590x100.png 590w, https:\/\/www.linkeus.fr\/wp-content\/uploads\/2022\/04\/Image3-577x98.png 577w, https:\/\/www.linkeus.fr\/wp-content\/uploads\/2022\/04\/Image3-600x102.png 600w\" sizes=\"auto, (max-width: 605px) 100vw, 605px\" \/><\/p>\n<p>The aim is to make jobs in the tourism and events sector more attractive, and to promote job vacancies by relaying the campaign aimed at attracting jobseekers, young graduates and seasonal workers. The campaign links to a single site that centralizes all vacancies in our region, available via P\u00f4le emploi and monemploitourisme.com.<\/p>\n<h3>Here is the link to the website dedicated to job offers in our region:<\/h3>\n<p><a href=\"https:\/\/provence-alpes-cotedazur.com\/emploi\/10-bonnes-raisons-de-travailler-dans-le-tourisme\/\">https:\/\/provence-alpes-cotedazur.com\/emploi\/10-bonnes-raisons-de-travailler-dans-le-tourisme\/<\/a><\/p>\n<p>This campaign, illustrated by employees working in our region&#8217;s establishments, will highlight the values conveyed by these professions: team spirit and initiative, attention to detail, good humor, human relations and attachment to our region. It will target jobseekers and those undergoing retraining to meet short-term needs. It will also be aimed at young people, to motivate them to choose tourism-oriented studies to prepare for the future.<\/p>\n<p>&nbsp;<\/p>\n","protected":false},"excerpt":{"rendered":"<p>Employers in the tourism industry take action for their businesses and their employees As part of the campaign to promote employment in the tourism and events sector, run by the Comit\u00e9 R\u00e9gional de Tourisme Provence-Alpes-C\u00f4te d&#8217;Azur and the R\u00e9gion Sud, in partnership with UMIH Sud and with the support of numerous partners*, professionals in the [&hellip;]<\/p>\n","protected":false},"author":3,"featured_media":22761,"parent":0,"menu_order":0,"comment_status":"closed","ping_status":"closed","template":"","meta":{"inline_featured_image":false,"footnotes":""},"class_list":["post-27760","page","type-page","status-publish","has-post-thumbnail","hentry"],"yoast_head":"<!-- This site is optimized with the Yoast SEO plugin v24.0 - https:\/\/yoast.com\/wordpress\/plugins\/seo\/ -->\n<title>Kindness Charter - Event tourism employment - Linkeus Provence C\u00f4te d&#039;Azur Events<\/title>\n<meta name=\"description\" content=\"As part of the campaign to promote employment in the tourism and events sector, professionals are getting involved.\" \/>\n<meta name=\"robots\" content=\"index, follow, max-snippet:-1, max-image-preview:large, max-video-preview:-1\" \/>\n<link rel=\"canonical\" href=\"https:\/\/www.linkeus.fr\/en\/charter-de-bienveillance\/\" \/>\n<meta property=\"og:locale\" content=\"en_US\" \/>\n<meta property=\"og:type\" content=\"article\" \/>\n<meta property=\"og:title\" content=\"Kindness Charter - Event tourism employment - Linkeus Provence C\u00f4te d&#039;Azur Events\" \/>\n<meta property=\"og:description\" content=\"As part of the campaign to promote employment in the tourism and events sector, professionals are getting involved.\" \/>\n<meta property=\"og:url\" content=\"https:\/\/www.linkeus.fr\/en\/charter-de-bienveillance\/\" \/>\n<meta property=\"og:site_name\" content=\"Linkeus Provence C\u00f4te d&#039;Azur Events\" \/>\n<meta property=\"article:publisher\" content=\"https:\/\/www.facebook.com\/ProvenceCotedAzurEvents\" \/>\n<meta property=\"article:modified_time\" content=\"2024-09-16T08:36:52+00:00\" \/>\n<meta property=\"og:image\" content=\"https:\/\/www.linkeus.fr\/wp-content\/uploads\/2022\/04\/Image1.png\" \/>\n\t<meta property=\"og:image:width\" content=\"605\" \/>\n\t<meta property=\"og:image:height\" content=\"448\" \/>\n\t<meta property=\"og:image:type\" content=\"image\/png\" \/>\n<meta name=\"twitter:card\" content=\"summary_large_image\" \/>\n<meta name=\"twitter:label1\" content=\"Est. reading time\" \/>\n\t<meta name=\"twitter:data1\" content=\"3 minutes\" \/>\n<script type=\"application\/ld+json\" class=\"yoast-schema-graph\">{\"@context\":\"https:\/\/schema.org\",\"@graph\":[{\"@type\":\"WebPage\",\"@id\":\"https:\/\/www.linkeus.fr\/en\/charter-de-bienveillance\/\",\"url\":\"https:\/\/www.linkeus.fr\/en\/charter-de-bienveillance\/\",\"name\":\"Kindness Charter - Event tourism employment - Linkeus Provence C\u00f4te d&#039;Azur Events\",\"isPartOf\":{\"@id\":\"https:\/\/www.linkeus.fr\/#website\"},\"primaryImageOfPage\":{\"@id\":\"https:\/\/www.linkeus.fr\/en\/charter-de-bienveillance\/#primaryimage\"},\"image\":{\"@id\":\"https:\/\/www.linkeus.fr\/en\/charter-de-bienveillance\/#primaryimage\"},\"thumbnailUrl\":\"https:\/\/www.linkeus.fr\/wp-content\/uploads\/2022\/04\/Image1.png\",\"datePublished\":\"2022-04-15T13:17:57+00:00\",\"dateModified\":\"2024-09-16T08:36:52+00:00\",\"description\":\"As part of the campaign to promote employment in the tourism and events sector, professionals are getting involved.\",\"breadcrumb\":{\"@id\":\"https:\/\/www.linkeus.fr\/en\/charter-de-bienveillance\/#breadcrumb\"},\"inLanguage\":\"en-US\",\"potentialAction\":[{\"@type\":\"ReadAction\",\"target\":[\"https:\/\/www.linkeus.fr\/en\/charter-de-bienveillance\/\"]}]},{\"@type\":\"ImageObject\",\"inLanguage\":\"en-US\",\"@id\":\"https:\/\/www.linkeus.fr\/en\/charter-de-bienveillance\/#primaryimage\",\"url\":\"https:\/\/www.linkeus.fr\/wp-content\/uploads\/2022\/04\/Image1.png\",\"contentUrl\":\"https:\/\/www.linkeus.fr\/wp-content\/uploads\/2022\/04\/Image1.png\",\"width\":605,\"height\":448,\"caption\":\"On a tous besoin de vous et de votre bonne humeur!\"},{\"@type\":\"BreadcrumbList\",\"@id\":\"https:\/\/www.linkeus.fr\/en\/charter-de-bienveillance\/#breadcrumb\",\"itemListElement\":[{\"@type\":\"ListItem\",\"position\":1,\"name\":\"Accueil\",\"item\":\"https:\/\/www.linkeus.fr\/en\/\"},{\"@type\":\"ListItem\",\"position\":2,\"name\":\"Kindness Charter &#8211; Event tourism employment\"}]},{\"@type\":\"WebSite\",\"@id\":\"https:\/\/www.linkeus.fr\/#website\",\"url\":\"https:\/\/www.linkeus.fr\/\",\"name\":\"Linkeus Provence C\u00f4te d&#039;Azur Events\",\"description\":\"Le bureau des congr\u00e8s regional : l&#039;interlocuteur privil\u00e9gi\u00e9 pour l&#039;organisation de vos \u00e9v\u00e8nements professionnels en Provence Alpes C\u00f4te d&#039;Azur\",\"publisher\":{\"@id\":\"https:\/\/www.linkeus.fr\/#organization\"},\"potentialAction\":[{\"@type\":\"SearchAction\",\"target\":{\"@type\":\"EntryPoint\",\"urlTemplate\":\"https:\/\/www.linkeus.fr\/?s={search_term_string}\"},\"query-input\":{\"@type\":\"PropertyValueSpecification\",\"valueRequired\":true,\"valueName\":\"search_term_string\"}}],\"inLanguage\":\"en-US\"},{\"@type\":\"Organization\",\"@id\":\"https:\/\/www.linkeus.fr\/#organization\",\"name\":\"Linkeus Provence C\u00f4te d&#039;Azur Events\",\"url\":\"https:\/\/www.linkeus.fr\/\",\"logo\":{\"@type\":\"ImageObject\",\"inLanguage\":\"en-US\",\"@id\":\"https:\/\/www.linkeus.fr\/#\/schema\/logo\/image\/\",\"url\":\"https:\/\/www.linkeus.fr\/wp-content\/uploads\/2022\/09\/log-linkeus290.png\",\"contentUrl\":\"https:\/\/www.linkeus.fr\/wp-content\/uploads\/2022\/09\/log-linkeus290.png\",\"width\":290,\"height\":100,\"caption\":\"Linkeus Provence C\u00f4te d&#039;Azur Events\"},\"image\":{\"@id\":\"https:\/\/www.linkeus.fr\/#\/schema\/logo\/image\/\"},\"sameAs\":[\"https:\/\/www.facebook.com\/ProvenceCotedAzurEvents\"]}]}<\/script>\n<!-- \/ Yoast SEO plugin. -->","yoast_head_json":{"title":"Kindness Charter - Event tourism employment - Linkeus Provence C\u00f4te d&#039;Azur Events","description":"As part of the campaign to promote employment in the tourism and events sector, professionals are getting involved.","robots":{"index":"index","follow":"follow","max-snippet":"max-snippet:-1","max-image-preview":"max-image-preview:large","max-video-preview":"max-video-preview:-1"},"canonical":"https:\/\/www.linkeus.fr\/en\/charter-de-bienveillance\/","og_locale":"en_US","og_type":"article","og_title":"Kindness Charter - Event tourism employment - Linkeus Provence C\u00f4te d&#039;Azur Events","og_description":"As part of the campaign to promote employment in the tourism and events sector, professionals are getting involved.","og_url":"https:\/\/www.linkeus.fr\/en\/charter-de-bienveillance\/","og_site_name":"Linkeus Provence C\u00f4te d&#039;Azur Events","article_publisher":"https:\/\/www.facebook.com\/ProvenceCotedAzurEvents","article_modified_time":"2024-09-16T08:36:52+00:00","og_image":[{"width":605,"height":448,"url":"https:\/\/www.linkeus.fr\/wp-content\/uploads\/2022\/04\/Image1.png","type":"image\/png"}],"twitter_card":"summary_large_image","twitter_misc":{"Est. reading time":"3 minutes"},"schema":{"@context":"https:\/\/schema.org","@graph":[{"@type":"WebPage","@id":"https:\/\/www.linkeus.fr\/en\/charter-de-bienveillance\/","url":"https:\/\/www.linkeus.fr\/en\/charter-de-bienveillance\/","name":"Kindness Charter - Event tourism employment - Linkeus Provence C\u00f4te d&#039;Azur Events","isPartOf":{"@id":"https:\/\/www.linkeus.fr\/#website"},"primaryImageOfPage":{"@id":"https:\/\/www.linkeus.fr\/en\/charter-de-bienveillance\/#primaryimage"},"image":{"@id":"https:\/\/www.linkeus.fr\/en\/charter-de-bienveillance\/#primaryimage"},"thumbnailUrl":"https:\/\/www.linkeus.fr\/wp-content\/uploads\/2022\/04\/Image1.png","datePublished":"2022-04-15T13:17:57+00:00","dateModified":"2024-09-16T08:36:52+00:00","description":"As part of the campaign to promote employment in the tourism and events sector, professionals are getting involved.","breadcrumb":{"@id":"https:\/\/www.linkeus.fr\/en\/charter-de-bienveillance\/#breadcrumb"},"inLanguage":"en-US","potentialAction":[{"@type":"ReadAction","target":["https:\/\/www.linkeus.fr\/en\/charter-de-bienveillance\/"]}]},{"@type":"ImageObject","inLanguage":"en-US","@id":"https:\/\/www.linkeus.fr\/en\/charter-de-bienveillance\/#primaryimage","url":"https:\/\/www.linkeus.fr\/wp-content\/uploads\/2022\/04\/Image1.png","contentUrl":"https:\/\/www.linkeus.fr\/wp-content\/uploads\/2022\/04\/Image1.png","width":605,"height":448,"caption":"On a tous besoin de vous et de votre bonne humeur!"},{"@type":"BreadcrumbList","@id":"https:\/\/www.linkeus.fr\/en\/charter-de-bienveillance\/#breadcrumb","itemListElement":[{"@type":"ListItem","position":1,"name":"Accueil","item":"https:\/\/www.linkeus.fr\/en\/"},{"@type":"ListItem","position":2,"name":"Kindness Charter &#8211; Event tourism employment"}]},{"@type":"WebSite","@id":"https:\/\/www.linkeus.fr\/#website","url":"https:\/\/www.linkeus.fr\/","name":"Linkeus Provence C\u00f4te d&#039;Azur Events","description":"Le bureau des congr\u00e8s regional : l&#039;interlocuteur privil\u00e9gi\u00e9 pour l&#039;organisation de vos \u00e9v\u00e8nements professionnels en Provence Alpes C\u00f4te d&#039;Azur","publisher":{"@id":"https:\/\/www.linkeus.fr\/#organization"},"potentialAction":[{"@type":"SearchAction","target":{"@type":"EntryPoint","urlTemplate":"https:\/\/www.linkeus.fr\/?s={search_term_string}"},"query-input":{"@type":"PropertyValueSpecification","valueRequired":true,"valueName":"search_term_string"}}],"inLanguage":"en-US"},{"@type":"Organization","@id":"https:\/\/www.linkeus.fr\/#organization","name":"Linkeus Provence C\u00f4te d&#039;Azur Events","url":"https:\/\/www.linkeus.fr\/","logo":{"@type":"ImageObject","inLanguage":"en-US","@id":"https:\/\/www.linkeus.fr\/#\/schema\/logo\/image\/","url":"https:\/\/www.linkeus.fr\/wp-content\/uploads\/2022\/09\/log-linkeus290.png","contentUrl":"https:\/\/www.linkeus.fr\/wp-content\/uploads\/2022\/09\/log-linkeus290.png","width":290,"height":100,"caption":"Linkeus Provence C\u00f4te d&#039;Azur Events"},"image":{"@id":"https:\/\/www.linkeus.fr\/#\/schema\/logo\/image\/"},"sameAs":["https:\/\/www.facebook.com\/ProvenceCotedAzurEvents"]}]}},"_links":{"self":[{"href":"https:\/\/www.linkeus.fr\/en\/wp-json\/wp\/v2\/pages\/27760","targetHints":{"allow":["GET"]}}],"collection":[{"href":"https:\/\/www.linkeus.fr\/en\/wp-json\/wp\/v2\/pages"}],"about":[{"href":"https:\/\/www.linkeus.fr\/en\/wp-json\/wp\/v2\/types\/page"}],"author":[{"embeddable":true,"href":"https:\/\/www.linkeus.fr\/en\/wp-json\/wp\/v2\/users\/3"}],"replies":[{"embeddable":true,"href":"https:\/\/www.linkeus.fr\/en\/wp-json\/wp\/v2\/comments?post=27760"}],"version-history":[{"count":3,"href":"https:\/\/www.linkeus.fr\/en\/wp-json\/wp\/v2\/pages\/27760\/revisions"}],"predecessor-version":[{"id":27768,"href":"https:\/\/www.linkeus.fr\/en\/wp-json\/wp\/v2\/pages\/27760\/revisions\/27768"}],"wp:featuredmedia":[{"embeddable":true,"href":"https:\/\/www.linkeus.fr\/en\/wp-json\/wp\/v2\/media\/22761"}],"wp:attachment":[{"href":"https:\/\/www.linkeus.fr\/en\/wp-json\/wp\/v2\/media?parent=27760"}],"curies":[{"name":"wp","href":"https:\/\/api.w.org\/{rel}","templated":true}]}}