{"id":27712,"date":"2024-09-12T12:33:04","date_gmt":"2024-09-12T10:33:04","guid":{"rendered":"https:\/\/www.linkeus.fr\/contactez-nous\/"},"modified":"2025-09-02T12:57:23","modified_gmt":"2025-09-02T10:57:23","slug":"contactez-nous","status":"publish","type":"page","link":"https:\/\/www.linkeus.fr\/en\/contactez-nous\/","title":{"rendered":"Contact-us"},"content":{"rendered":"<div class=\"wpb-content-wrapper\"><p>[vc_row][vc_column width=&#8221;1\/2&#8243;][vc_gmaps link=&#8221;#E-8_JTNDaWZyYW1lJTIwc3JjJTNEJTIyaHR0cHMlM0ElMkYlMkZ3d3cuZ29vZ2xlLmNvbSUyRm1hcHMlMkZlbWJlZCUzRnBiJTNEJTIxMW0xOCUyMTFtMTIlMjExbTMlMjExZDI5MDMuOTEyNTU2NjQxNDY3JTIxMmQ1LjM3MjYyMjA3NjU0MDMxMSUyMTNkNDMuMjk1MTUyODc1NTE0MTA2JTIxMm0zJTIxMWYwJTIxMmYwJTIxM2YwJTIxM20yJTIxMWkxMDI0JTIxMmk3NjglMjE0ZjEzLjElMjEzbTMlMjExbTIlMjExczB4MTJjOWMwYmYyY2FmZmZmZiUyNTNBMHg2ODNkZjYwZmI4OThkMTFhJTIxMnMzJTI1MjBSdWUlMjUyMEJlYXV2YXUlMjUyQyUyNTIwMTMwMDElMjUyME1hcnNlaWxsZSUyMTVlMCUyMTNtMiUyMTFzZnIlMjEyc2ZyJTIxNHYxNzI2MTM1OTYxNzEyJTIxNW0yJTIxMXNmciUyMTJzZnIlMjIlMjB3aWR0aCUzRCUyMjYwMCUyMiUyMGhlaWdodCUzRCUyMjQ1MCUyMiUyMHN0eWxlJTNEJTIyYm9yZGVyJTNBMCUzQiUyMiUyMGFsbG93ZnVsbHNjcmVlbiUzRCUyMiUyMiUyMGxvYWRpbmclM0QlMjJsYXp5JTIyJTIwcmVmZXJyZXJwb2xpY3klM0QlMjJuby1yZWZlcnJlci13aGVuLWRvd25ncmFkZSUyMiUzRSUzQyUyRmlmcmFtZSUzRQ==&#8221; css=&#8221;&#8221;][\/vc_column][vc_column width=&#8221;1\/2&#8243;][vc_column_text css=&#8221;&#8221;]<\/p>\n<h1><strong>Find us<\/strong><\/h1>\n<p>LINKEUS Provence Alpes C\u00f4te d\u2019Azur Convention Bureau<br \/>\n3\/5 rue Beauvau, 13001 Marseille<\/p>\n<p>\ud83d\udcde <strong>04 91 87 72 20<\/strong><\/p>\n<p>\u2709 <strong>contact@linkeus.fr<\/strong>[\/vc_column_text][\/vc_column][\/vc_row][vc_row][vc_column]<h3 style=\"font-weight:bold;text-align:left;\" class=\"headline margin-top-15 margin-bottom-35 headline-box    headline-aligned-to-left  \">Contact us<\/h3>\n<div class=\"wpcf7 no-js\" id=\"wpcf7-f368-o1\" lang=\"fr-FR\" dir=\"ltr\" data-wpcf7-id=\"368\">\n<div class=\"screen-reader-response\"><p role=\"status\" aria-live=\"polite\" aria-atomic=\"true\"><\/p> <ul><\/ul><\/div>\n<form action=\"\/en\/wp-json\/wp\/v2\/pages\/27712#wpcf7-f368-o1\" method=\"post\" class=\"wpcf7-form init\" aria-label=\"Formulaire de contact\" novalidate=\"novalidate\" data-status=\"init\">\n<fieldset class=\"hidden-fields-container\"><input type=\"hidden\" name=\"_wpcf7\" value=\"368\" \/><input type=\"hidden\" name=\"_wpcf7_version\" value=\"6.1.2\" \/><input type=\"hidden\" name=\"_wpcf7_locale\" value=\"fr_FR\" \/><input type=\"hidden\" name=\"_wpcf7_unit_tag\" value=\"wpcf7-f368-o1\" \/><input type=\"hidden\" name=\"_wpcf7_container_post\" value=\"0\" \/><input type=\"hidden\" name=\"_wpcf7_posted_data_hash\" value=\"\" \/><input type=\"hidden\" name=\"_wpcf7dtx_version\" value=\"5.0.3\" \/><input type=\"hidden\" name=\"_wpcf7_recaptcha_response\" value=\"\" \/>\n<\/fieldset>\n<div class=\"row\">\n\t<div class=\"col-md-6\">\n\t\t<div>\n\t\t\t<p><span class=\"wpcf7-form-control-wrap\" data-name=\"firstname\"><input size=\"40\" maxlength=\"400\" class=\"wpcf7-form-control wpcf7-text wpcf7-validates-as-required\" aria-required=\"true\" aria-invalid=\"false\" placeholder=\"Nom\" value=\"\" type=\"text\" name=\"firstname\" \/><\/span>\n\t\t\t<\/p>\n\t\t<\/div>\n\t<\/div>\n\t<div class=\"col-md-6\">\n\t\t<div>\n\t\t\t<p><span class=\"wpcf7-form-control-wrap\" data-name=\"email\"><input size=\"40\" maxlength=\"400\" class=\"wpcf7-form-control wpcf7-email wpcf7-validates-as-required wpcf7-text wpcf7-validates-as-email\" aria-required=\"true\" aria-invalid=\"false\" placeholder=\"Email\" value=\"\" type=\"email\" name=\"email\" \/><\/span>\n\t\t\t<\/p>\n\t\t<\/div>\n\t<\/div>\n\t<div class=\"col-md-12\">\n\t\t<div>\n\t\t\t<p><span class=\"wpcf7-form-control-wrap\" data-name=\"object\"><select class=\"wpcf7-form-control wpcf7-select wpcf7-validates-as-required\" aria-required=\"true\" aria-invalid=\"false\" name=\"object\"><option value=\"\">Objet de votre demande<\/option><option value=\"Demande de devis\">Demande de devis<\/option><option value=\"Demande d\u2019informations\">Demande d\u2019informations<\/option><option value=\"J\u2019organise un grand \u00e9v\u00e8nement\">J\u2019organise un grand \u00e9v\u00e8nement<\/option><option value=\"Autre\">Autre<\/option><\/select><\/span>\n\t\t\t<\/p>\n\t\t<\/div>\n\t<\/div>\n<\/div>\n<div>\n\t<p><span class=\"wpcf7-form-control-wrap\" data-name=\"message\"><textarea cols=\"40\" rows=\"10\" maxlength=\"2000\" class=\"wpcf7-form-control wpcf7-textarea wpcf7-validates-as-required\" aria-required=\"true\" aria-invalid=\"false\" placeholder=\"Message\" name=\"message\"><\/textarea><\/span>\n\t<\/p>\n<\/div>\n<p><input class=\"wpcf7-form-control wpcf7-submit has-spinner\" type=\"submit\" value=\"Envoyer\" \/>\n<\/p><div class=\"wpcf7-response-output\" aria-hidden=\"true\"><\/div>\n<\/form>\n<\/div>\n[\/vc_column][\/vc_row][vc_row][vc_column width=&#8221;1\/3&#8243;]<h3 style=\"font-weight:bold;text-align:left;\" class=\"headline margin-top-15 margin-bottom-35 headline-box    headline-aligned-to-left  \">LA DIRECTION<\/h3><div class=\"card-coor \">\n     <div class=\"card-coor__username\">Malika BOULDI<\/div>\n     \n               <div class=\"card-coor__function margin-bottom-15\">General Manger<\/div>\n     \n                    <div class=\"card-coor__mobile\"><i class=\"fa fa-mobile\" aria-hidden=\"true\"><\/i> +33 (0)6 83 24 02 24<\/div>\n                    <div class=\"card-coor__mail\"><a href=\"mailto:m.bouldi@linkeus.fr\"><i class=\"fa fa-envelope-o\" aria-hidden=\"true\"><\/i> m.bouldi@linkeus.fr<\/a><\/div>\n     <\/div><div class=\"card-coor \">\n     <div class=\"card-coor__username\">Laetitia CASSUTO<\/div>\n     \n               <div class=\"card-coor__function margin-bottom-15\">Deputy Director and Sales Manager<\/div>\n     \n                    <div class=\"card-coor__mobile\"><i class=\"fa fa-mobile\" aria-hidden=\"true\"><\/i> + 33 (0)6 23 16 07 20<\/div>\n                    <div class=\"card-coor__mail\"><a href=\"mailto:l.cassuto@linkeus.fr\"><i class=\"fa fa-envelope-o\" aria-hidden=\"true\"><\/i> l.cassuto@linkeus.fr<\/a><\/div>\n     <\/div>[\/vc_column][vc_column width=&#8221;1\/3&#8243;]<h3 style=\"font-weight:bold;text-align:left;\" class=\"headline margin-top-15 margin-bottom-35 headline-box    headline-aligned-to-left  \">CONVENTION BUREAU<\/h3><div class=\"card-coor \">\n     <div class=\"card-coor__username\">Laetitia MORI LEVRAUT<\/div>\n     \n               <div class=\"card-coor__function margin-bottom-15\">MICE Sales Manager<\/div>\n     \n                    <div class=\"card-coor__mobile\"><i class=\"fa fa-mobile\" aria-hidden=\"true\"><\/i> + 33 (0)7 76 19 75 93<\/div>\n                    <div class=\"card-coor__mail\"><a href=\"mailto:l.levraut@linkeus.fr\"><i class=\"fa fa-envelope-o\" aria-hidden=\"true\"><\/i> l.levraut@linkeus.fr<\/a><\/div>\n     <\/div><div class=\"card-coor \">\n     <div class=\"card-coor__username\">Yannick MOTREFF<\/div>\n     \n               <div class=\"card-coor__function margin-bottom-15\">Conference Sales Manager<\/div>\n     \n                    <div class=\"card-coor__mobile\"><i class=\"fa fa-mobile\" aria-hidden=\"true\"><\/i> + 33 (0)6 01 70 25 47<\/div>\n                    <div class=\"card-coor__mail\"><a href=\"mailto:y.motreff@linkeus.fr\"><i class=\"fa fa-envelope-o\" aria-hidden=\"true\"><\/i> y.motreff@linkeus.fr<\/a><\/div>\n     <\/div>[\/vc_column][vc_column width=&#8221;1\/3&#8243;]<h3 style=\"font-weight:bold;text-align:left;\" class=\"headline margin-top-15 margin-bottom-35 headline-box    headline-aligned-to-left  \">ACCOMPAGNEMENT DES ENTREPRISES<\/h3><div class=\"card-coor \">\n     <div class=\"card-coor__username\">H\u00e9li\u00e9na BREGAND<\/div>\n     \n               <div class=\"card-coor__function margin-bottom-15\">Director of Training Incubation Acceleration<\/div>\n     \n                    <div class=\"card-coor__mobile\"><i class=\"fa fa-mobile\" aria-hidden=\"true\"><\/i> + 33 (0)6 01 70 17 75<\/div>\n                    <div class=\"card-coor__mail\"><a href=\"mailto:h.bregand@linkeus.fr\"><i class=\"fa fa-envelope-o\" aria-hidden=\"true\"><\/i> h.bregand@linkeus.fr<\/a><\/div>\n     <\/div>[\/vc_column][\/vc_row]<\/p>\n<\/div>","protected":false},"excerpt":{"rendered":"<p>[vc_row][vc_column width=&#8221;1\/2&#8243;][vc_gmaps link=&#8221;#E-8_JTNDaWZyYW1lJTIwc3JjJTNEJTIyaHR0cHMlM0ElMkYlMkZ3d3cuZ29vZ2xlLmNvbSUyRm1hcHMlMkZlbWJlZCUzRnBiJTNEJTIxMW0xOCUyMTFtMTIlMjExbTMlMjExZDI5MDMuOTEyNTU2NjQxNDY3JTIxMmQ1LjM3MjYyMjA3NjU0MDMxMSUyMTNkNDMuMjk1MTUyODc1NTE0MTA2JTIxMm0zJTIxMWYwJTIxMmYwJTIxM2YwJTIxM20yJTIxMWkxMDI0JTIxMmk3NjglMjE0ZjEzLjElMjEzbTMlMjExbTIlMjExczB4MTJjOWMwYmYyY2FmZmZmZiUyNTNBMHg2ODNkZjYwZmI4OThkMTFhJTIxMnMzJTI1MjBSdWUlMjUyMEJlYXV2YXUlMjUyQyUyNTIwMTMwMDElMjUyME1hcnNlaWxsZSUyMTVlMCUyMTNtMiUyMTFzZnIlMjEyc2ZyJTIxNHYxNzI2MTM1OTYxNzEyJTIxNW0yJTIxMXNmciUyMTJzZnIlMjIlMjB3aWR0aCUzRCUyMjYwMCUyMiUyMGhlaWdodCUzRCUyMjQ1MCUyMiUyMHN0eWxlJTNEJTIyYm9yZGVyJTNBMCUzQiUyMiUyMGFsbG93ZnVsbHNjcmVlbiUzRCUyMiUyMiUyMGxvYWRpbmclM0QlMjJsYXp5JTIyJTIwcmVmZXJyZXJwb2xpY3klM0QlMjJuby1yZWZlcnJlci13aGVuLWRvd25ncmFkZSUyMiUzRSUzQyUyRmlmcmFtZSUzRQ==&#8221; css=&#8221;&#8221;][\/vc_column][vc_column width=&#8221;1\/2&#8243;][vc_column_text css=&#8221;&#8221;] Find us LINKEUS Provence Alpes C\u00f4te d\u2019Azur Convention Bureau 3\/5 rue Beauvau, 13001 Marseille \ud83d\udcde 04 91 87 72 20 \u2709 contact@linkeus.fr[\/vc_column_text][\/vc_column][\/vc_row][vc_row][vc_column][\/vc_column][\/vc_row][vc_row][vc_column width=&#8221;1\/3&#8243;][\/vc_column][vc_column width=&#8221;1\/3&#8243;][\/vc_column][vc_column width=&#8221;1\/3&#8243;][\/vc_column][\/vc_row]<\/p>\n","protected":false},"author":3,"featured_media":0,"parent":0,"menu_order":0,"comment_status":"closed","ping_status":"closed","template":"","meta":{"inline_featured_image":false,"footnotes":""},"class_list":["post-27712","page","type-page","status-publish","hentry"],"yoast_head":"<!-- This site is optimized with the Yoast SEO plugin v24.0 - https:\/\/yoast.com\/wordpress\/plugins\/seo\/ -->\n<title>Contact-us - Linkeus Provence C\u00f4te d&#039;Azur Events<\/title>\n<meta name=\"robots\" content=\"index, follow, max-snippet:-1, max-image-preview:large, max-video-preview:-1\" \/>\n<link rel=\"canonical\" href=\"https:\/\/www.linkeus.fr\/en\/contactez-nous\/\" \/>\n<meta property=\"og:locale\" content=\"en_US\" \/>\n<meta property=\"og:type\" content=\"article\" \/>\n<meta property=\"og:title\" content=\"Contact-us - Linkeus Provence C\u00f4te d&#039;Azur Events\" \/>\n<meta property=\"og:description\" content=\"[vc_row][vc_column width=&#8221;1\/2&#8243;][vc_gmaps link=&#8221;#E-8_JTNDaWZyYW1lJTIwc3JjJTNEJTIyaHR0cHMlM0ElMkYlMkZ3d3cuZ29vZ2xlLmNvbSUyRm1hcHMlMkZlbWJlZCUzRnBiJTNEJTIxMW0xOCUyMTFtMTIlMjExbTMlMjExZDI5MDMuOTEyNTU2NjQxNDY3JTIxMmQ1LjM3MjYyMjA3NjU0MDMxMSUyMTNkNDMuMjk1MTUyODc1NTE0MTA2JTIxMm0zJTIxMWYwJTIxMmYwJTIxM2YwJTIxM20yJTIxMWkxMDI0JTIxMmk3NjglMjE0ZjEzLjElMjEzbTMlMjExbTIlMjExczB4MTJjOWMwYmYyY2FmZmZmZiUyNTNBMHg2ODNkZjYwZmI4OThkMTFhJTIxMnMzJTI1MjBSdWUlMjUyMEJlYXV2YXUlMjUyQyUyNTIwMTMwMDElMjUyME1hcnNlaWxsZSUyMTVlMCUyMTNtMiUyMTFzZnIlMjEyc2ZyJTIxNHYxNzI2MTM1OTYxNzEyJTIxNW0yJTIxMXNmciUyMTJzZnIlMjIlMjB3aWR0aCUzRCUyMjYwMCUyMiUyMGhlaWdodCUzRCUyMjQ1MCUyMiUyMHN0eWxlJTNEJTIyYm9yZGVyJTNBMCUzQiUyMiUyMGFsbG93ZnVsbHNjcmVlbiUzRCUyMiUyMiUyMGxvYWRpbmclM0QlMjJsYXp5JTIyJTIwcmVmZXJyZXJwb2xpY3klM0QlMjJuby1yZWZlcnJlci13aGVuLWRvd25ncmFkZSUyMiUzRSUzQyUyRmlmcmFtZSUzRQ==&#8221; css=&#8221;&#8221;][\/vc_column][vc_column width=&#8221;1\/2&#8243;][vc_column_text css=&#8221;&#8221;] Find us LINKEUS Provence Alpes C\u00f4te d\u2019Azur Convention Bureau 3\/5 rue Beauvau, 13001 Marseille \ud83d\udcde 04 91 87 72 20 \u2709 contact@linkeus.fr[\/vc_column_text][\/vc_column][\/vc_row][vc_row][vc_column][\/vc_column][\/vc_row][vc_row][vc_column width=&#8221;1\/3&#8243;][\/vc_column][vc_column width=&#8221;1\/3&#8243;][\/vc_column][vc_column width=&#8221;1\/3&#8243;][\/vc_column][\/vc_row]\" \/>\n<meta property=\"og:url\" content=\"https:\/\/www.linkeus.fr\/en\/contactez-nous\/\" \/>\n<meta property=\"og:site_name\" content=\"Linkeus Provence C\u00f4te d&#039;Azur Events\" \/>\n<meta property=\"article:publisher\" content=\"https:\/\/www.facebook.com\/ProvenceCotedAzurEvents\" \/>\n<meta property=\"article:modified_time\" content=\"2025-09-02T10:57:23+00:00\" \/>\n<meta property=\"og:image\" content=\"https:\/\/www.linkeus.fr\/wp-content\/uploads\/2021\/07\/pce-image-resaux-sociaux-scaled.jpg\" \/>\n\t<meta property=\"og:image:width\" content=\"2560\" \/>\n\t<meta property=\"og:image:height\" content=\"1204\" \/>\n\t<meta property=\"og:image:type\" content=\"image\/jpeg\" \/>\n<meta name=\"twitter:card\" content=\"summary_large_image\" \/>\n<meta name=\"twitter:label1\" content=\"Est. reading time\" \/>\n\t<meta name=\"twitter:data1\" content=\"1 minute\" \/>\n<script type=\"application\/ld+json\" class=\"yoast-schema-graph\">{\"@context\":\"https:\/\/schema.org\",\"@graph\":[{\"@type\":\"WebPage\",\"@id\":\"https:\/\/www.linkeus.fr\/en\/contactez-nous\/\",\"url\":\"https:\/\/www.linkeus.fr\/en\/contactez-nous\/\",\"name\":\"Contact-us - Linkeus Provence C\u00f4te d&#039;Azur Events\",\"isPartOf\":{\"@id\":\"https:\/\/www.linkeus.fr\/#website\"},\"datePublished\":\"2024-09-12T10:33:04+00:00\",\"dateModified\":\"2025-09-02T10:57:23+00:00\",\"breadcrumb\":{\"@id\":\"https:\/\/www.linkeus.fr\/en\/contactez-nous\/#breadcrumb\"},\"inLanguage\":\"en-US\",\"potentialAction\":[{\"@type\":\"ReadAction\",\"target\":[\"https:\/\/www.linkeus.fr\/en\/contactez-nous\/\"]}]},{\"@type\":\"BreadcrumbList\",\"@id\":\"https:\/\/www.linkeus.fr\/en\/contactez-nous\/#breadcrumb\",\"itemListElement\":[{\"@type\":\"ListItem\",\"position\":1,\"name\":\"Accueil\",\"item\":\"https:\/\/www.linkeus.fr\/en\/\"},{\"@type\":\"ListItem\",\"position\":2,\"name\":\"Contact-us\"}]},{\"@type\":\"WebSite\",\"@id\":\"https:\/\/www.linkeus.fr\/#website\",\"url\":\"https:\/\/www.linkeus.fr\/\",\"name\":\"Linkeus Provence C\u00f4te d&#039;Azur Events\",\"description\":\"Le bureau des congr\u00e8s regional : l&#039;interlocuteur privil\u00e9gi\u00e9 pour l&#039;organisation de vos \u00e9v\u00e8nements professionnels en Provence Alpes C\u00f4te d&#039;Azur\",\"publisher\":{\"@id\":\"https:\/\/www.linkeus.fr\/#organization\"},\"potentialAction\":[{\"@type\":\"SearchAction\",\"target\":{\"@type\":\"EntryPoint\",\"urlTemplate\":\"https:\/\/www.linkeus.fr\/?s={search_term_string}\"},\"query-input\":{\"@type\":\"PropertyValueSpecification\",\"valueRequired\":true,\"valueName\":\"search_term_string\"}}],\"inLanguage\":\"en-US\"},{\"@type\":\"Organization\",\"@id\":\"https:\/\/www.linkeus.fr\/#organization\",\"name\":\"Linkeus Provence C\u00f4te d&#039;Azur Events\",\"url\":\"https:\/\/www.linkeus.fr\/\",\"logo\":{\"@type\":\"ImageObject\",\"inLanguage\":\"en-US\",\"@id\":\"https:\/\/www.linkeus.fr\/#\/schema\/logo\/image\/\",\"url\":\"https:\/\/www.linkeus.fr\/wp-content\/uploads\/2022\/09\/log-linkeus290.png\",\"contentUrl\":\"https:\/\/www.linkeus.fr\/wp-content\/uploads\/2022\/09\/log-linkeus290.png\",\"width\":290,\"height\":100,\"caption\":\"Linkeus Provence C\u00f4te d&#039;Azur Events\"},\"image\":{\"@id\":\"https:\/\/www.linkeus.fr\/#\/schema\/logo\/image\/\"},\"sameAs\":[\"https:\/\/www.facebook.com\/ProvenceCotedAzurEvents\"]}]}<\/script>\n<!-- \/ Yoast SEO plugin. -->","yoast_head_json":{"title":"Contact-us - Linkeus Provence C\u00f4te d&#039;Azur Events","robots":{"index":"index","follow":"follow","max-snippet":"max-snippet:-1","max-image-preview":"max-image-preview:large","max-video-preview":"max-video-preview:-1"},"canonical":"https:\/\/www.linkeus.fr\/en\/contactez-nous\/","og_locale":"en_US","og_type":"article","og_title":"Contact-us - Linkeus Provence C\u00f4te d&#039;Azur Events","og_description":"[vc_row][vc_column width=&#8221;1\/2&#8243;][vc_gmaps link=&#8221;#E-8_JTNDaWZyYW1lJTIwc3JjJTNEJTIyaHR0cHMlM0ElMkYlMkZ3d3cuZ29vZ2xlLmNvbSUyRm1hcHMlMkZlbWJlZCUzRnBiJTNEJTIxMW0xOCUyMTFtMTIlMjExbTMlMjExZDI5MDMuOTEyNTU2NjQxNDY3JTIxMmQ1LjM3MjYyMjA3NjU0MDMxMSUyMTNkNDMuMjk1MTUyODc1NTE0MTA2JTIxMm0zJTIxMWYwJTIxMmYwJTIxM2YwJTIxM20yJTIxMWkxMDI0JTIxMmk3NjglMjE0ZjEzLjElMjEzbTMlMjExbTIlMjExczB4MTJjOWMwYmYyY2FmZmZmZiUyNTNBMHg2ODNkZjYwZmI4OThkMTFhJTIxMnMzJTI1MjBSdWUlMjUyMEJlYXV2YXUlMjUyQyUyNTIwMTMwMDElMjUyME1hcnNlaWxsZSUyMTVlMCUyMTNtMiUyMTFzZnIlMjEyc2ZyJTIxNHYxNzI2MTM1OTYxNzEyJTIxNW0yJTIxMXNmciUyMTJzZnIlMjIlMjB3aWR0aCUzRCUyMjYwMCUyMiUyMGhlaWdodCUzRCUyMjQ1MCUyMiUyMHN0eWxlJTNEJTIyYm9yZGVyJTNBMCUzQiUyMiUyMGFsbG93ZnVsbHNjcmVlbiUzRCUyMiUyMiUyMGxvYWRpbmclM0QlMjJsYXp5JTIyJTIwcmVmZXJyZXJwb2xpY3klM0QlMjJuby1yZWZlcnJlci13aGVuLWRvd25ncmFkZSUyMiUzRSUzQyUyRmlmcmFtZSUzRQ==&#8221; css=&#8221;&#8221;][\/vc_column][vc_column width=&#8221;1\/2&#8243;][vc_column_text css=&#8221;&#8221;] Find us LINKEUS Provence Alpes C\u00f4te d\u2019Azur Convention Bureau 3\/5 rue Beauvau, 13001 Marseille \ud83d\udcde 04 91 87 72 20 \u2709 contact@linkeus.fr[\/vc_column_text][\/vc_column][\/vc_row][vc_row][vc_column][\/vc_column][\/vc_row][vc_row][vc_column width=&#8221;1\/3&#8243;][\/vc_column][vc_column width=&#8221;1\/3&#8243;][\/vc_column][vc_column width=&#8221;1\/3&#8243;][\/vc_column][\/vc_row]","og_url":"https:\/\/www.linkeus.fr\/en\/contactez-nous\/","og_site_name":"Linkeus Provence C\u00f4te d&#039;Azur Events","article_publisher":"https:\/\/www.facebook.com\/ProvenceCotedAzurEvents","article_modified_time":"2025-09-02T10:57:23+00:00","og_image":[{"width":2560,"height":1204,"url":"https:\/\/www.linkeus.fr\/wp-content\/uploads\/2021\/07\/pce-image-resaux-sociaux-scaled.jpg","type":"image\/jpeg"}],"twitter_card":"summary_large_image","twitter_misc":{"Est. reading time":"1 minute"},"schema":{"@context":"https:\/\/schema.org","@graph":[{"@type":"WebPage","@id":"https:\/\/www.linkeus.fr\/en\/contactez-nous\/","url":"https:\/\/www.linkeus.fr\/en\/contactez-nous\/","name":"Contact-us - Linkeus Provence C\u00f4te d&#039;Azur Events","isPartOf":{"@id":"https:\/\/www.linkeus.fr\/#website"},"datePublished":"2024-09-12T10:33:04+00:00","dateModified":"2025-09-02T10:57:23+00:00","breadcrumb":{"@id":"https:\/\/www.linkeus.fr\/en\/contactez-nous\/#breadcrumb"},"inLanguage":"en-US","potentialAction":[{"@type":"ReadAction","target":["https:\/\/www.linkeus.fr\/en\/contactez-nous\/"]}]},{"@type":"BreadcrumbList","@id":"https:\/\/www.linkeus.fr\/en\/contactez-nous\/#breadcrumb","itemListElement":[{"@type":"ListItem","position":1,"name":"Accueil","item":"https:\/\/www.linkeus.fr\/en\/"},{"@type":"ListItem","position":2,"name":"Contact-us"}]},{"@type":"WebSite","@id":"https:\/\/www.linkeus.fr\/#website","url":"https:\/\/www.linkeus.fr\/","name":"Linkeus Provence C\u00f4te d&#039;Azur Events","description":"Le bureau des congr\u00e8s regional : l&#039;interlocuteur privil\u00e9gi\u00e9 pour l&#039;organisation de vos \u00e9v\u00e8nements professionnels en Provence Alpes C\u00f4te d&#039;Azur","publisher":{"@id":"https:\/\/www.linkeus.fr\/#organization"},"potentialAction":[{"@type":"SearchAction","target":{"@type":"EntryPoint","urlTemplate":"https:\/\/www.linkeus.fr\/?s={search_term_string}"},"query-input":{"@type":"PropertyValueSpecification","valueRequired":true,"valueName":"search_term_string"}}],"inLanguage":"en-US"},{"@type":"Organization","@id":"https:\/\/www.linkeus.fr\/#organization","name":"Linkeus Provence C\u00f4te d&#039;Azur Events","url":"https:\/\/www.linkeus.fr\/","logo":{"@type":"ImageObject","inLanguage":"en-US","@id":"https:\/\/www.linkeus.fr\/#\/schema\/logo\/image\/","url":"https:\/\/www.linkeus.fr\/wp-content\/uploads\/2022\/09\/log-linkeus290.png","contentUrl":"https:\/\/www.linkeus.fr\/wp-content\/uploads\/2022\/09\/log-linkeus290.png","width":290,"height":100,"caption":"Linkeus Provence C\u00f4te d&#039;Azur Events"},"image":{"@id":"https:\/\/www.linkeus.fr\/#\/schema\/logo\/image\/"},"sameAs":["https:\/\/www.facebook.com\/ProvenceCotedAzurEvents"]}]}},"_links":{"self":[{"href":"https:\/\/www.linkeus.fr\/en\/wp-json\/wp\/v2\/pages\/27712","targetHints":{"allow":["GET"]}}],"collection":[{"href":"https:\/\/www.linkeus.fr\/en\/wp-json\/wp\/v2\/pages"}],"about":[{"href":"https:\/\/www.linkeus.fr\/en\/wp-json\/wp\/v2\/types\/page"}],"author":[{"embeddable":true,"href":"https:\/\/www.linkeus.fr\/en\/wp-json\/wp\/v2\/users\/3"}],"replies":[{"embeddable":true,"href":"https:\/\/www.linkeus.fr\/en\/wp-json\/wp\/v2\/comments?post=27712"}],"version-history":[{"count":3,"href":"https:\/\/www.linkeus.fr\/en\/wp-json\/wp\/v2\/pages\/27712\/revisions"}],"predecessor-version":[{"id":29895,"href":"https:\/\/www.linkeus.fr\/en\/wp-json\/wp\/v2\/pages\/27712\/revisions\/29895"}],"wp:attachment":[{"href":"https:\/\/www.linkeus.fr\/en\/wp-json\/wp\/v2\/media?parent=27712"}],"curies":[{"name":"wp","href":"https:\/\/api.w.org\/{rel}","templated":true}]}}