{"id":18265,"date":"2020-11-03T15:59:15","date_gmt":"2020-11-03T14:59:15","guid":{"rendered":"https:\/\/www.linkeus.fr\/how-to-become-a-member\/"},"modified":"2024-09-17T17:06:08","modified_gmt":"2024-09-17T15:06:08","slug":"how-to-become-a-member","status":"publish","type":"page","link":"https:\/\/www.linkeus.fr\/en\/how-to-become-a-member\/","title":{"rendered":"How to become a member"},"content":{"rendered":"<div class=\"wpb-content-wrapper\"><p>[vc_row css=&#8221;.vc_custom_1598455868164{padding-bottom: 20px !important;}&#8221;][vc_column width=&#8221;1\/6&#8243;][\/vc_column][vc_column width=&#8221;2\/3&#8243;][vc_column_text el_class=&#8221;couleurgrise&#8221;]<\/p>\n<p style=\"text-align: center;\">If you have any questions, please do not hesitate to contact Ms Ilham Chelmoun at +(0)4 91 87 72 20 or by e-mail at: <a href=\"mailto:info@provencecotedazurevents.com\">info@provencecotedazurevents.com<\/a><\/p>\n<p>[\/vc_column_text][\/vc_column][vc_column width=&#8221;1\/6&#8243;][\/vc_column][\/vc_row][vc_row full_width=&#8221;stretch_row&#8221; css=&#8221;.vc_custom_1598455759673{padding-top: 30px !important;padding-bottom: 30px !important;background-color: #f7f7f7 !important;}&#8221;][vc_column width=&#8221;2\/3&#8243; css=&#8221;.vc_custom_1598455725488{padding-right: 48px !important;}&#8221;]<h2 style=\"font-weight:normal;text-align:left;\" class=\"headline margin-top-15 margin-bottom-35 headline-box    headline-aligned-to-left  \">How to become a member?<\/h2>[vc_column_text el_class=&#8221;couleurgrise&#8221;]Organisations seeking to join LINKEUS Provence Alpes C\u00f4te d&#8217;Azur Convention Bureau can download the membership application form from the site. It includes the Association\u2019s action plan, internal rules and statutes.<\/p>\n<p>This comprises 5 colleges (convention centres and venues for events, accommodation, professional convention organisers and receptive agencies registered with Atout France, service providers and companies, and institutions), each with its own specific membership criteria.<\/p>\n<p>The application must be duly filled in by the candidate and sent, with the membership cheque, to the Association\u2019s address: 3\/5 Rue Beauvau, 13001 Marseille.<\/p>\n<p>After the application has been checked for compliance by the Association\u2019s team, the Director contacts the organisation, if necessary, to learn more about the motivations for membership. The application is then submitted for approval to the Association\u2019s Board of Directors, which meets three times a year to validate applications.[\/vc_column_text][\/vc_column][vc_column width=&#8221;1\/3&#8243;]<h2 style=\"font-weight:normal;text-align:left;\" class=\"headline margin-top-15 margin-bottom-35 headline-box    headline-aligned-to-left  \">Documents for download<\/h2>[vc_single_image image=&#8221;23235&#8243;][vc_column_text css=&#8221;&#8221;]<a href=\"https:\/\/www.linkeus.fr\/wp-content\/uploads\/2023\/12\/Formulaire-Adhesion-2024_remplissable.pdf\">2024 membership form<\/a><br \/>\n<a href=\"https:\/\/www.linkeus.fr\/wp-content\/uploads\/2023\/12\/Plan-dActions-2024-Linkeus.pdf\">LINKEUS 2024 Action Plan<\/a><br \/>\n<a href=\"https:\/\/www.linkeus.fr\/wp-content\/uploads\/2022\/12\/REGLEMENT-INTERIEUR-V2022-01-RI.pdf\">Internal rules<\/a><\/p>\n<p><a href=\"file:\/\/\/C:\/Users\/stage\/Downloads\/FICHE-DONNEES-ECO-2023-ENQUETE-V.html\">2023 economic data sheet<\/a><\/p>\n<p><a href=\"https:\/\/www.linkeus.fr\/wp-content\/uploads\/2022\/12\/Charte-Ethique-et-Responsable-LINKEUS.pdf\">LINKEUS Ethical and Responsible Charter<\/a><br \/>\n<a href=\"https:\/\/www.linkeus.fr\/wp-content\/uploads\/2020\/09\/STATUTS-09072020-SIGNES.pdf\">Statutes<\/a>[\/vc_column_text][\/vc_column][\/vc_row]<\/p>\n<\/div>","protected":false},"excerpt":{"rendered":"<p>[vc_row css=&#8221;.vc_custom_1598455868164{padding-bottom: 20px !important;}&#8221;][vc_column width=&#8221;1\/6&#8243;][\/vc_column][vc_column width=&#8221;2\/3&#8243;][vc_column_text el_class=&#8221;couleurgrise&#8221;] If you have any questions, please do not hesitate to contact Ms Ilham Chelmoun at +(0)4 91 87 72 20 or by e-mail at: info@provencecotedazurevents.com [\/vc_column_text][\/vc_column][vc_column width=&#8221;1\/6&#8243;][\/vc_column][\/vc_row][vc_row full_width=&#8221;stretch_row&#8221; css=&#8221;.vc_custom_1598455759673{padding-top: 30px !important;padding-bottom: 30px !important;background-color: #f7f7f7 !important;}&#8221;][vc_column width=&#8221;2\/3&#8243; css=&#8221;.vc_custom_1598455725488{padding-right: 48px !important;}&#8221;][vc_column_text el_class=&#8221;couleurgrise&#8221;]Organisations seeking to join LINKEUS Provence Alpes C\u00f4te d&#8217;Azur [&hellip;]<\/p>\n","protected":false},"author":2,"featured_media":17528,"parent":0,"menu_order":0,"comment_status":"closed","ping_status":"closed","template":"","meta":{"inline_featured_image":false,"footnotes":""},"class_list":["post-18265","page","type-page","status-publish","has-post-thumbnail","hentry"],"yoast_head":"<!-- This site is optimized with the Yoast SEO plugin v24.0 - https:\/\/yoast.com\/wordpress\/plugins\/seo\/ -->\n<title>How to become a member - Linkeus Provence C\u00f4te d&#039;Azur Events<\/title>\n<meta name=\"robots\" content=\"index, follow, max-snippet:-1, max-image-preview:large, max-video-preview:-1\" \/>\n<link rel=\"canonical\" href=\"https:\/\/www.linkeus.fr\/en\/how-to-become-a-member\/\" \/>\n<meta property=\"og:locale\" content=\"en_US\" \/>\n<meta property=\"og:type\" content=\"article\" \/>\n<meta property=\"og:title\" content=\"How to become a member - Linkeus Provence C\u00f4te d&#039;Azur Events\" \/>\n<meta property=\"og:description\" content=\"[vc_row css=&#8221;.vc_custom_1598455868164{padding-bottom: 20px !important;}&#8221;][vc_column width=&#8221;1\/6&#8243;][\/vc_column][vc_column width=&#8221;2\/3&#8243;][vc_column_text el_class=&#8221;couleurgrise&#8221;] If you have any questions, please do not hesitate to contact Ms Ilham Chelmoun at +(0)4 91 87 72 20 or by e-mail at: info@provencecotedazurevents.com [\/vc_column_text][\/vc_column][vc_column width=&#8221;1\/6&#8243;][\/vc_column][\/vc_row][vc_row full_width=&#8221;stretch_row&#8221; css=&#8221;.vc_custom_1598455759673{padding-top: 30px !important;padding-bottom: 30px !important;background-color: #f7f7f7 !important;}&#8221;][vc_column width=&#8221;2\/3&#8243; css=&#8221;.vc_custom_1598455725488{padding-right: 48px !important;}&#8221;][vc_column_text el_class=&#8221;couleurgrise&#8221;]Organisations seeking to join LINKEUS Provence Alpes C\u00f4te d&#8217;Azur [&hellip;]\" \/>\n<meta property=\"og:url\" content=\"https:\/\/www.linkeus.fr\/en\/how-to-become-a-member\/\" \/>\n<meta property=\"og:site_name\" content=\"Linkeus Provence C\u00f4te d&#039;Azur Events\" \/>\n<meta property=\"article:publisher\" content=\"https:\/\/www.facebook.com\/ProvenceCotedAzurEvents\" \/>\n<meta property=\"article:modified_time\" content=\"2024-09-17T15:06:08+00:00\" \/>\n<meta property=\"og:image\" content=\"https:\/\/www.linkeus.fr\/wp-content\/uploads\/2020\/09\/procedure-adhesion-hero.jpg\" \/>\n\t<meta property=\"og:image:width\" content=\"1920\" \/>\n\t<meta property=\"og:image:height\" content=\"400\" \/>\n\t<meta property=\"og:image:type\" content=\"image\/jpeg\" \/>\n<meta name=\"twitter:card\" content=\"summary_large_image\" \/>\n<meta name=\"twitter:label1\" content=\"Est. reading time\" \/>\n\t<meta name=\"twitter:data1\" content=\"2 minutes\" \/>\n<script type=\"application\/ld+json\" class=\"yoast-schema-graph\">{\"@context\":\"https:\/\/schema.org\",\"@graph\":[{\"@type\":\"WebPage\",\"@id\":\"https:\/\/www.linkeus.fr\/en\/how-to-become-a-member\/\",\"url\":\"https:\/\/www.linkeus.fr\/en\/how-to-become-a-member\/\",\"name\":\"How to become a member - Linkeus Provence C\u00f4te d&#039;Azur Events\",\"isPartOf\":{\"@id\":\"https:\/\/www.linkeus.fr\/#website\"},\"primaryImageOfPage\":{\"@id\":\"https:\/\/www.linkeus.fr\/en\/how-to-become-a-member\/#primaryimage\"},\"image\":{\"@id\":\"https:\/\/www.linkeus.fr\/en\/how-to-become-a-member\/#primaryimage\"},\"thumbnailUrl\":\"https:\/\/www.linkeus.fr\/wp-content\/uploads\/2020\/09\/procedure-adhesion-hero.jpg\",\"datePublished\":\"2020-11-03T14:59:15+00:00\",\"dateModified\":\"2024-09-17T15:06:08+00:00\",\"breadcrumb\":{\"@id\":\"https:\/\/www.linkeus.fr\/en\/how-to-become-a-member\/#breadcrumb\"},\"inLanguage\":\"en-US\",\"potentialAction\":[{\"@type\":\"ReadAction\",\"target\":[\"https:\/\/www.linkeus.fr\/en\/how-to-become-a-member\/\"]}]},{\"@type\":\"ImageObject\",\"inLanguage\":\"en-US\",\"@id\":\"https:\/\/www.linkeus.fr\/en\/how-to-become-a-member\/#primaryimage\",\"url\":\"https:\/\/www.linkeus.fr\/wp-content\/uploads\/2020\/09\/procedure-adhesion-hero.jpg\",\"contentUrl\":\"https:\/\/www.linkeus.fr\/wp-content\/uploads\/2020\/09\/procedure-adhesion-hero.jpg\",\"width\":1920,\"height\":400},{\"@type\":\"BreadcrumbList\",\"@id\":\"https:\/\/www.linkeus.fr\/en\/how-to-become-a-member\/#breadcrumb\",\"itemListElement\":[{\"@type\":\"ListItem\",\"position\":1,\"name\":\"Accueil\",\"item\":\"https:\/\/www.linkeus.fr\/en\/\"},{\"@type\":\"ListItem\",\"position\":2,\"name\":\"How to become a member\"}]},{\"@type\":\"WebSite\",\"@id\":\"https:\/\/www.linkeus.fr\/#website\",\"url\":\"https:\/\/www.linkeus.fr\/\",\"name\":\"Linkeus Provence C\u00f4te d&#039;Azur Events\",\"description\":\"Le bureau des congr\u00e8s regional : l&#039;interlocuteur privil\u00e9gi\u00e9 pour l&#039;organisation de vos \u00e9v\u00e8nements professionnels en Provence Alpes C\u00f4te d&#039;Azur\",\"publisher\":{\"@id\":\"https:\/\/www.linkeus.fr\/#organization\"},\"potentialAction\":[{\"@type\":\"SearchAction\",\"target\":{\"@type\":\"EntryPoint\",\"urlTemplate\":\"https:\/\/www.linkeus.fr\/?s={search_term_string}\"},\"query-input\":{\"@type\":\"PropertyValueSpecification\",\"valueRequired\":true,\"valueName\":\"search_term_string\"}}],\"inLanguage\":\"en-US\"},{\"@type\":\"Organization\",\"@id\":\"https:\/\/www.linkeus.fr\/#organization\",\"name\":\"Linkeus Provence C\u00f4te d&#039;Azur Events\",\"url\":\"https:\/\/www.linkeus.fr\/\",\"logo\":{\"@type\":\"ImageObject\",\"inLanguage\":\"en-US\",\"@id\":\"https:\/\/www.linkeus.fr\/#\/schema\/logo\/image\/\",\"url\":\"https:\/\/www.linkeus.fr\/wp-content\/uploads\/2022\/09\/log-linkeus290.png\",\"contentUrl\":\"https:\/\/www.linkeus.fr\/wp-content\/uploads\/2022\/09\/log-linkeus290.png\",\"width\":290,\"height\":100,\"caption\":\"Linkeus Provence C\u00f4te d&#039;Azur Events\"},\"image\":{\"@id\":\"https:\/\/www.linkeus.fr\/#\/schema\/logo\/image\/\"},\"sameAs\":[\"https:\/\/www.facebook.com\/ProvenceCotedAzurEvents\"]}]}<\/script>\n<!-- \/ Yoast SEO plugin. -->","yoast_head_json":{"title":"How to become a member - Linkeus Provence C\u00f4te d&#039;Azur Events","robots":{"index":"index","follow":"follow","max-snippet":"max-snippet:-1","max-image-preview":"max-image-preview:large","max-video-preview":"max-video-preview:-1"},"canonical":"https:\/\/www.linkeus.fr\/en\/how-to-become-a-member\/","og_locale":"en_US","og_type":"article","og_title":"How to become a member - Linkeus Provence C\u00f4te d&#039;Azur Events","og_description":"[vc_row css=&#8221;.vc_custom_1598455868164{padding-bottom: 20px !important;}&#8221;][vc_column width=&#8221;1\/6&#8243;][\/vc_column][vc_column width=&#8221;2\/3&#8243;][vc_column_text el_class=&#8221;couleurgrise&#8221;] If you have any questions, please do not hesitate to contact Ms Ilham Chelmoun at +(0)4 91 87 72 20 or by e-mail at: info@provencecotedazurevents.com [\/vc_column_text][\/vc_column][vc_column width=&#8221;1\/6&#8243;][\/vc_column][\/vc_row][vc_row full_width=&#8221;stretch_row&#8221; css=&#8221;.vc_custom_1598455759673{padding-top: 30px !important;padding-bottom: 30px !important;background-color: #f7f7f7 !important;}&#8221;][vc_column width=&#8221;2\/3&#8243; css=&#8221;.vc_custom_1598455725488{padding-right: 48px !important;}&#8221;][vc_column_text el_class=&#8221;couleurgrise&#8221;]Organisations seeking to join LINKEUS Provence Alpes C\u00f4te d&#8217;Azur [&hellip;]","og_url":"https:\/\/www.linkeus.fr\/en\/how-to-become-a-member\/","og_site_name":"Linkeus Provence C\u00f4te d&#039;Azur Events","article_publisher":"https:\/\/www.facebook.com\/ProvenceCotedAzurEvents","article_modified_time":"2024-09-17T15:06:08+00:00","og_image":[{"width":1920,"height":400,"url":"https:\/\/www.linkeus.fr\/wp-content\/uploads\/2020\/09\/procedure-adhesion-hero.jpg","type":"image\/jpeg"}],"twitter_card":"summary_large_image","twitter_misc":{"Est. reading time":"2 minutes"},"schema":{"@context":"https:\/\/schema.org","@graph":[{"@type":"WebPage","@id":"https:\/\/www.linkeus.fr\/en\/how-to-become-a-member\/","url":"https:\/\/www.linkeus.fr\/en\/how-to-become-a-member\/","name":"How to become a member - Linkeus Provence C\u00f4te d&#039;Azur Events","isPartOf":{"@id":"https:\/\/www.linkeus.fr\/#website"},"primaryImageOfPage":{"@id":"https:\/\/www.linkeus.fr\/en\/how-to-become-a-member\/#primaryimage"},"image":{"@id":"https:\/\/www.linkeus.fr\/en\/how-to-become-a-member\/#primaryimage"},"thumbnailUrl":"https:\/\/www.linkeus.fr\/wp-content\/uploads\/2020\/09\/procedure-adhesion-hero.jpg","datePublished":"2020-11-03T14:59:15+00:00","dateModified":"2024-09-17T15:06:08+00:00","breadcrumb":{"@id":"https:\/\/www.linkeus.fr\/en\/how-to-become-a-member\/#breadcrumb"},"inLanguage":"en-US","potentialAction":[{"@type":"ReadAction","target":["https:\/\/www.linkeus.fr\/en\/how-to-become-a-member\/"]}]},{"@type":"ImageObject","inLanguage":"en-US","@id":"https:\/\/www.linkeus.fr\/en\/how-to-become-a-member\/#primaryimage","url":"https:\/\/www.linkeus.fr\/wp-content\/uploads\/2020\/09\/procedure-adhesion-hero.jpg","contentUrl":"https:\/\/www.linkeus.fr\/wp-content\/uploads\/2020\/09\/procedure-adhesion-hero.jpg","width":1920,"height":400},{"@type":"BreadcrumbList","@id":"https:\/\/www.linkeus.fr\/en\/how-to-become-a-member\/#breadcrumb","itemListElement":[{"@type":"ListItem","position":1,"name":"Accueil","item":"https:\/\/www.linkeus.fr\/en\/"},{"@type":"ListItem","position":2,"name":"How to become a member"}]},{"@type":"WebSite","@id":"https:\/\/www.linkeus.fr\/#website","url":"https:\/\/www.linkeus.fr\/","name":"Linkeus Provence C\u00f4te d&#039;Azur Events","description":"Le bureau des congr\u00e8s regional : l&#039;interlocuteur privil\u00e9gi\u00e9 pour l&#039;organisation de vos \u00e9v\u00e8nements professionnels en Provence Alpes C\u00f4te d&#039;Azur","publisher":{"@id":"https:\/\/www.linkeus.fr\/#organization"},"potentialAction":[{"@type":"SearchAction","target":{"@type":"EntryPoint","urlTemplate":"https:\/\/www.linkeus.fr\/?s={search_term_string}"},"query-input":{"@type":"PropertyValueSpecification","valueRequired":true,"valueName":"search_term_string"}}],"inLanguage":"en-US"},{"@type":"Organization","@id":"https:\/\/www.linkeus.fr\/#organization","name":"Linkeus Provence C\u00f4te d&#039;Azur Events","url":"https:\/\/www.linkeus.fr\/","logo":{"@type":"ImageObject","inLanguage":"en-US","@id":"https:\/\/www.linkeus.fr\/#\/schema\/logo\/image\/","url":"https:\/\/www.linkeus.fr\/wp-content\/uploads\/2022\/09\/log-linkeus290.png","contentUrl":"https:\/\/www.linkeus.fr\/wp-content\/uploads\/2022\/09\/log-linkeus290.png","width":290,"height":100,"caption":"Linkeus Provence C\u00f4te d&#039;Azur Events"},"image":{"@id":"https:\/\/www.linkeus.fr\/#\/schema\/logo\/image\/"},"sameAs":["https:\/\/www.facebook.com\/ProvenceCotedAzurEvents"]}]}},"_links":{"self":[{"href":"https:\/\/www.linkeus.fr\/en\/wp-json\/wp\/v2\/pages\/18265","targetHints":{"allow":["GET"]}}],"collection":[{"href":"https:\/\/www.linkeus.fr\/en\/wp-json\/wp\/v2\/pages"}],"about":[{"href":"https:\/\/www.linkeus.fr\/en\/wp-json\/wp\/v2\/types\/page"}],"author":[{"embeddable":true,"href":"https:\/\/www.linkeus.fr\/en\/wp-json\/wp\/v2\/users\/2"}],"replies":[{"embeddable":true,"href":"https:\/\/www.linkeus.fr\/en\/wp-json\/wp\/v2\/comments?post=18265"}],"version-history":[{"count":1,"href":"https:\/\/www.linkeus.fr\/en\/wp-json\/wp\/v2\/pages\/18265\/revisions"}],"predecessor-version":[{"id":27830,"href":"https:\/\/www.linkeus.fr\/en\/wp-json\/wp\/v2\/pages\/18265\/revisions\/27830"}],"wp:featuredmedia":[{"embeddable":true,"href":"https:\/\/www.linkeus.fr\/en\/wp-json\/wp\/v2\/media\/17528"}],"wp:attachment":[{"href":"https:\/\/www.linkeus.fr\/en\/wp-json\/wp\/v2\/media?parent=18265"}],"curies":[{"name":"wp","href":"https:\/\/api.w.org\/{rel}","templated":true}]}}