{"id":18249,"date":"2020-11-03T15:50:04","date_gmt":"2020-11-03T14:50:04","guid":{"rendered":"https:\/\/www.linkeus.fr\/organise-your-event\/major-events-department\/our-assets\/"},"modified":"2022-09-27T22:38:33","modified_gmt":"2022-09-27T20:38:33","slug":"our-assets","status":"publish","type":"page","link":"https:\/\/www.linkeus.fr\/en\/organise-your-event\/major-events-department\/our-assets\/","title":{"rendered":"Our assets"},"content":{"rendered":"<div class=\"wpb-content-wrapper\"><p>[vc_row][vc_column width=&#8221;1\/6&#8243;][\/vc_column][vc_column width=&#8221;2\/3&#8243;][vc_column_text el_class=&#8221;couleurgrise&#8221;]<\/p>\n<p style=\"text-align: center;\"><a href=\"https:\/\/www.linkeus.fr\/en\/10-good-reasons-to-choose-the-south-region-for-your-event\/\">Creativity, art de vivre, environment and innovation<\/a>\u00a0are the very driving forces behind the success of our economy, that export high tech products and concepts throughout the globe.<\/p>\n<p>[\/vc_column_text][\/vc_column][vc_column width=&#8221;1\/6&#8243;][\/vc_column][\/vc_row][vc_row css=&#8221;.vc_custom_1597151412430{margin-top: 50px !important;}&#8221;][vc_column width=&#8221;1\/2&#8243;][vc_column_text el_class=&#8221;couleurgrise&#8221;]Organizing an event in our region, you may rely on an international ecosystem rich in experts, high level scientists, dynamic companies, and clusters.<br \/>\nSome figures:<\/p>\n<ul>\n<li>3rd economic region of France (demography and wealth)<\/li>\n<li>10 competitiveness clusters and structured enterprise networks:<\/li>\n<li>4 \u00ab French Tech \u00bb ecosystems<\/li>\n<li>300 public research laboratories<\/li>\n<li>4 regional universities and the largest European campus in Aix Marseille<\/li>\n<\/ul>\n<p>And also<\/p>\n<ul>\n<li>structuring and ambitious projects: world program ITER, Euro-M\u00e9diterran\u00e9e, Eco-Vall\u00e9e in the Plaine du Var<\/li>\n<li>large research and experiment facilities: INRA, IFREMER, Cancer Center<\/li>\n<li>Sophia-Antipolis: the largest European scientific and technologic park.<\/li>\n<\/ul>\n<p>[\/vc_column_text][\/vc_column][vc_column width=&#8221;1\/2&#8243;][vc_single_image image=&#8221;17582&#8243; img_size=&#8221;full&#8221; style=&#8221;vc_box_shadow&#8221;][\/vc_column][\/vc_row][vc_row][vc_column width=&#8221;1\/2&#8243;][vc_single_image image=&#8221;16407&#8243; img_size=&#8221;large&#8221; alignment=&#8221;center&#8221; style=&#8221;vc_box_shadow&#8221;][\/vc_column][vc_column width=&#8221;1\/2&#8243;][vc_column_text el_class=&#8221;couleurgrise&#8221;]Finally, to boost the regional economy, create growth and enhance the attractiveness of the territory, the Provence-Alpes-C\u00f4te d\u2019Azur region has structured its development in the framework of 8 operations of regional interest.[\/vc_column_text][\/vc_column][\/vc_row]<\/p>\n<\/div>","protected":false},"excerpt":{"rendered":"<p>[vc_row][vc_column width=&#8221;1\/6&#8243;][\/vc_column][vc_column width=&#8221;2\/3&#8243;][vc_column_text el_class=&#8221;couleurgrise&#8221;] Creativity, art de vivre, environment and innovation\u00a0are the very driving forces behind the success of our economy, that export high tech products and concepts throughout the globe. [\/vc_column_text][\/vc_column][vc_column width=&#8221;1\/6&#8243;][\/vc_column][\/vc_row][vc_row css=&#8221;.vc_custom_1597151412430{margin-top: 50px !important;}&#8221;][vc_column width=&#8221;1\/2&#8243;][vc_column_text el_class=&#8221;couleurgrise&#8221;]Organizing an event in our region, you may rely on an international ecosystem rich in experts, high level [&hellip;]<\/p>\n","protected":false},"author":2,"featured_media":17578,"parent":18187,"menu_order":0,"comment_status":"closed","ping_status":"closed","template":"","meta":{"inline_featured_image":false,"footnotes":""},"class_list":["post-18249","page","type-page","status-publish","has-post-thumbnail","hentry"],"yoast_head":"<!-- This site is optimized with the Yoast SEO plugin v24.0 - https:\/\/yoast.com\/wordpress\/plugins\/seo\/ -->\n<title>Our assets - Linkeus Provence C\u00f4te d&#039;Azur Events<\/title>\n<meta name=\"robots\" content=\"index, follow, max-snippet:-1, max-image-preview:large, max-video-preview:-1\" \/>\n<link rel=\"canonical\" href=\"https:\/\/www.linkeus.fr\/en\/organise-your-event\/major-events-department\/our-assets\/\" \/>\n<meta property=\"og:locale\" content=\"en_US\" \/>\n<meta property=\"og:type\" content=\"article\" \/>\n<meta property=\"og:title\" content=\"Our assets - Linkeus Provence C\u00f4te d&#039;Azur Events\" \/>\n<meta property=\"og:description\" content=\"[vc_row][vc_column width=&#8221;1\/6&#8243;][\/vc_column][vc_column width=&#8221;2\/3&#8243;][vc_column_text el_class=&#8221;couleurgrise&#8221;] Creativity, art de vivre, environment and innovation\u00a0are the very driving forces behind the success of our economy, that export high tech products and concepts throughout the globe. [\/vc_column_text][\/vc_column][vc_column width=&#8221;1\/6&#8243;][\/vc_column][\/vc_row][vc_row css=&#8221;.vc_custom_1597151412430{margin-top: 50px !important;}&#8221;][vc_column width=&#8221;1\/2&#8243;][vc_column_text el_class=&#8221;couleurgrise&#8221;]Organizing an event in our region, you may rely on an international ecosystem rich in experts, high level [&hellip;]\" \/>\n<meta property=\"og:url\" content=\"https:\/\/www.linkeus.fr\/en\/organise-your-event\/major-events-department\/our-assets\/\" \/>\n<meta property=\"og:site_name\" content=\"Linkeus Provence C\u00f4te d&#039;Azur Events\" \/>\n<meta property=\"article:publisher\" content=\"https:\/\/www.facebook.com\/ProvenceCotedAzurEvents\" \/>\n<meta property=\"article:modified_time\" content=\"2022-09-27T20:38:33+00:00\" \/>\n<meta property=\"og:image\" content=\"https:\/\/www.linkeus.fr\/wp-content\/uploads\/2020\/09\/photo3-1.jpg\" \/>\n\t<meta property=\"og:image:width\" content=\"960\" \/>\n\t<meta property=\"og:image:height\" content=\"640\" \/>\n\t<meta property=\"og:image:type\" content=\"image\/jpeg\" \/>\n<meta name=\"twitter:card\" content=\"summary_large_image\" \/>\n<meta name=\"twitter:label1\" content=\"Est. reading time\" \/>\n\t<meta name=\"twitter:data1\" content=\"1 minute\" \/>\n<script type=\"application\/ld+json\" class=\"yoast-schema-graph\">{\"@context\":\"https:\/\/schema.org\",\"@graph\":[{\"@type\":\"WebPage\",\"@id\":\"https:\/\/www.linkeus.fr\/en\/organise-your-event\/major-events-department\/our-assets\/\",\"url\":\"https:\/\/www.linkeus.fr\/en\/organise-your-event\/major-events-department\/our-assets\/\",\"name\":\"Our assets - Linkeus Provence C\u00f4te d&#039;Azur Events\",\"isPartOf\":{\"@id\":\"https:\/\/www.linkeus.fr\/#website\"},\"primaryImageOfPage\":{\"@id\":\"https:\/\/www.linkeus.fr\/en\/organise-your-event\/major-events-department\/our-assets\/#primaryimage\"},\"image\":{\"@id\":\"https:\/\/www.linkeus.fr\/en\/organise-your-event\/major-events-department\/our-assets\/#primaryimage\"},\"thumbnailUrl\":\"https:\/\/www.linkeus.fr\/wp-content\/uploads\/2020\/09\/photo3-1.jpg\",\"datePublished\":\"2020-11-03T14:50:04+00:00\",\"dateModified\":\"2022-09-27T20:38:33+00:00\",\"breadcrumb\":{\"@id\":\"https:\/\/www.linkeus.fr\/en\/organise-your-event\/major-events-department\/our-assets\/#breadcrumb\"},\"inLanguage\":\"en-US\",\"potentialAction\":[{\"@type\":\"ReadAction\",\"target\":[\"https:\/\/www.linkeus.fr\/en\/organise-your-event\/major-events-department\/our-assets\/\"]}]},{\"@type\":\"ImageObject\",\"inLanguage\":\"en-US\",\"@id\":\"https:\/\/www.linkeus.fr\/en\/organise-your-event\/major-events-department\/our-assets\/#primaryimage\",\"url\":\"https:\/\/www.linkeus.fr\/wp-content\/uploads\/2020\/09\/photo3-1.jpg\",\"contentUrl\":\"https:\/\/www.linkeus.fr\/wp-content\/uploads\/2020\/09\/photo3-1.jpg\",\"width\":960,\"height\":640},{\"@type\":\"BreadcrumbList\",\"@id\":\"https:\/\/www.linkeus.fr\/en\/organise-your-event\/major-events-department\/our-assets\/#breadcrumb\",\"itemListElement\":[{\"@type\":\"ListItem\",\"position\":1,\"name\":\"Accueil\",\"item\":\"https:\/\/www.linkeus.fr\/en\/\"},{\"@type\":\"ListItem\",\"position\":2,\"name\":\"Organise your event\",\"item\":\"https:\/\/www.linkeus.fr\/en\/organise-your-event\/\"},{\"@type\":\"ListItem\",\"position\":3,\"name\":\"Major events department\",\"item\":\"https:\/\/www.linkeus.fr\/en\/organise-your-event\/major-events-department\/\"},{\"@type\":\"ListItem\",\"position\":4,\"name\":\"Our assets\"}]},{\"@type\":\"WebSite\",\"@id\":\"https:\/\/www.linkeus.fr\/#website\",\"url\":\"https:\/\/www.linkeus.fr\/\",\"name\":\"Linkeus Provence C\u00f4te d&#039;Azur Events\",\"description\":\"Le bureau des congr\u00e8s regional : l&#039;interlocuteur privil\u00e9gi\u00e9 pour l&#039;organisation de vos \u00e9v\u00e8nements professionnels en Provence Alpes C\u00f4te d&#039;Azur\",\"publisher\":{\"@id\":\"https:\/\/www.linkeus.fr\/#organization\"},\"potentialAction\":[{\"@type\":\"SearchAction\",\"target\":{\"@type\":\"EntryPoint\",\"urlTemplate\":\"https:\/\/www.linkeus.fr\/?s={search_term_string}\"},\"query-input\":{\"@type\":\"PropertyValueSpecification\",\"valueRequired\":true,\"valueName\":\"search_term_string\"}}],\"inLanguage\":\"en-US\"},{\"@type\":\"Organization\",\"@id\":\"https:\/\/www.linkeus.fr\/#organization\",\"name\":\"Linkeus Provence C\u00f4te d&#039;Azur Events\",\"url\":\"https:\/\/www.linkeus.fr\/\",\"logo\":{\"@type\":\"ImageObject\",\"inLanguage\":\"en-US\",\"@id\":\"https:\/\/www.linkeus.fr\/#\/schema\/logo\/image\/\",\"url\":\"https:\/\/www.linkeus.fr\/wp-content\/uploads\/2022\/09\/log-linkeus290.png\",\"contentUrl\":\"https:\/\/www.linkeus.fr\/wp-content\/uploads\/2022\/09\/log-linkeus290.png\",\"width\":290,\"height\":100,\"caption\":\"Linkeus Provence C\u00f4te d&#039;Azur Events\"},\"image\":{\"@id\":\"https:\/\/www.linkeus.fr\/#\/schema\/logo\/image\/\"},\"sameAs\":[\"https:\/\/www.facebook.com\/ProvenceCotedAzurEvents\"]}]}<\/script>\n<!-- \/ Yoast SEO plugin. -->","yoast_head_json":{"title":"Our assets - Linkeus Provence C\u00f4te d&#039;Azur Events","robots":{"index":"index","follow":"follow","max-snippet":"max-snippet:-1","max-image-preview":"max-image-preview:large","max-video-preview":"max-video-preview:-1"},"canonical":"https:\/\/www.linkeus.fr\/en\/organise-your-event\/major-events-department\/our-assets\/","og_locale":"en_US","og_type":"article","og_title":"Our assets - Linkeus Provence C\u00f4te d&#039;Azur Events","og_description":"[vc_row][vc_column width=&#8221;1\/6&#8243;][\/vc_column][vc_column width=&#8221;2\/3&#8243;][vc_column_text el_class=&#8221;couleurgrise&#8221;] Creativity, art de vivre, environment and innovation\u00a0are the very driving forces behind the success of our economy, that export high tech products and concepts throughout the globe. [\/vc_column_text][\/vc_column][vc_column width=&#8221;1\/6&#8243;][\/vc_column][\/vc_row][vc_row css=&#8221;.vc_custom_1597151412430{margin-top: 50px !important;}&#8221;][vc_column width=&#8221;1\/2&#8243;][vc_column_text el_class=&#8221;couleurgrise&#8221;]Organizing an event in our region, you may rely on an international ecosystem rich in experts, high level [&hellip;]","og_url":"https:\/\/www.linkeus.fr\/en\/organise-your-event\/major-events-department\/our-assets\/","og_site_name":"Linkeus Provence C\u00f4te d&#039;Azur Events","article_publisher":"https:\/\/www.facebook.com\/ProvenceCotedAzurEvents","article_modified_time":"2022-09-27T20:38:33+00:00","og_image":[{"width":960,"height":640,"url":"https:\/\/www.linkeus.fr\/wp-content\/uploads\/2020\/09\/photo3-1.jpg","type":"image\/jpeg"}],"twitter_card":"summary_large_image","twitter_misc":{"Est. reading time":"1 minute"},"schema":{"@context":"https:\/\/schema.org","@graph":[{"@type":"WebPage","@id":"https:\/\/www.linkeus.fr\/en\/organise-your-event\/major-events-department\/our-assets\/","url":"https:\/\/www.linkeus.fr\/en\/organise-your-event\/major-events-department\/our-assets\/","name":"Our assets - Linkeus Provence C\u00f4te d&#039;Azur Events","isPartOf":{"@id":"https:\/\/www.linkeus.fr\/#website"},"primaryImageOfPage":{"@id":"https:\/\/www.linkeus.fr\/en\/organise-your-event\/major-events-department\/our-assets\/#primaryimage"},"image":{"@id":"https:\/\/www.linkeus.fr\/en\/organise-your-event\/major-events-department\/our-assets\/#primaryimage"},"thumbnailUrl":"https:\/\/www.linkeus.fr\/wp-content\/uploads\/2020\/09\/photo3-1.jpg","datePublished":"2020-11-03T14:50:04+00:00","dateModified":"2022-09-27T20:38:33+00:00","breadcrumb":{"@id":"https:\/\/www.linkeus.fr\/en\/organise-your-event\/major-events-department\/our-assets\/#breadcrumb"},"inLanguage":"en-US","potentialAction":[{"@type":"ReadAction","target":["https:\/\/www.linkeus.fr\/en\/organise-your-event\/major-events-department\/our-assets\/"]}]},{"@type":"ImageObject","inLanguage":"en-US","@id":"https:\/\/www.linkeus.fr\/en\/organise-your-event\/major-events-department\/our-assets\/#primaryimage","url":"https:\/\/www.linkeus.fr\/wp-content\/uploads\/2020\/09\/photo3-1.jpg","contentUrl":"https:\/\/www.linkeus.fr\/wp-content\/uploads\/2020\/09\/photo3-1.jpg","width":960,"height":640},{"@type":"BreadcrumbList","@id":"https:\/\/www.linkeus.fr\/en\/organise-your-event\/major-events-department\/our-assets\/#breadcrumb","itemListElement":[{"@type":"ListItem","position":1,"name":"Accueil","item":"https:\/\/www.linkeus.fr\/en\/"},{"@type":"ListItem","position":2,"name":"Organise your event","item":"https:\/\/www.linkeus.fr\/en\/organise-your-event\/"},{"@type":"ListItem","position":3,"name":"Major events department","item":"https:\/\/www.linkeus.fr\/en\/organise-your-event\/major-events-department\/"},{"@type":"ListItem","position":4,"name":"Our assets"}]},{"@type":"WebSite","@id":"https:\/\/www.linkeus.fr\/#website","url":"https:\/\/www.linkeus.fr\/","name":"Linkeus Provence C\u00f4te d&#039;Azur Events","description":"Le bureau des congr\u00e8s regional : l&#039;interlocuteur privil\u00e9gi\u00e9 pour l&#039;organisation de vos \u00e9v\u00e8nements professionnels en Provence Alpes C\u00f4te d&#039;Azur","publisher":{"@id":"https:\/\/www.linkeus.fr\/#organization"},"potentialAction":[{"@type":"SearchAction","target":{"@type":"EntryPoint","urlTemplate":"https:\/\/www.linkeus.fr\/?s={search_term_string}"},"query-input":{"@type":"PropertyValueSpecification","valueRequired":true,"valueName":"search_term_string"}}],"inLanguage":"en-US"},{"@type":"Organization","@id":"https:\/\/www.linkeus.fr\/#organization","name":"Linkeus Provence C\u00f4te d&#039;Azur Events","url":"https:\/\/www.linkeus.fr\/","logo":{"@type":"ImageObject","inLanguage":"en-US","@id":"https:\/\/www.linkeus.fr\/#\/schema\/logo\/image\/","url":"https:\/\/www.linkeus.fr\/wp-content\/uploads\/2022\/09\/log-linkeus290.png","contentUrl":"https:\/\/www.linkeus.fr\/wp-content\/uploads\/2022\/09\/log-linkeus290.png","width":290,"height":100,"caption":"Linkeus Provence C\u00f4te d&#039;Azur Events"},"image":{"@id":"https:\/\/www.linkeus.fr\/#\/schema\/logo\/image\/"},"sameAs":["https:\/\/www.facebook.com\/ProvenceCotedAzurEvents"]}]}},"_links":{"self":[{"href":"https:\/\/www.linkeus.fr\/en\/wp-json\/wp\/v2\/pages\/18249","targetHints":{"allow":["GET"]}}],"collection":[{"href":"https:\/\/www.linkeus.fr\/en\/wp-json\/wp\/v2\/pages"}],"about":[{"href":"https:\/\/www.linkeus.fr\/en\/wp-json\/wp\/v2\/types\/page"}],"author":[{"embeddable":true,"href":"https:\/\/www.linkeus.fr\/en\/wp-json\/wp\/v2\/users\/2"}],"replies":[{"embeddable":true,"href":"https:\/\/www.linkeus.fr\/en\/wp-json\/wp\/v2\/comments?post=18249"}],"version-history":[{"count":0,"href":"https:\/\/www.linkeus.fr\/en\/wp-json\/wp\/v2\/pages\/18249\/revisions"}],"up":[{"embeddable":true,"href":"https:\/\/www.linkeus.fr\/en\/wp-json\/wp\/v2\/pages\/18187"}],"wp:featuredmedia":[{"embeddable":true,"href":"https:\/\/www.linkeus.fr\/en\/wp-json\/wp\/v2\/media\/17578"}],"wp:attachment":[{"href":"https:\/\/www.linkeus.fr\/en\/wp-json\/wp\/v2\/media?parent=18249"}],"curies":[{"name":"wp","href":"https:\/\/api.w.org\/{rel}","templated":true}]}}