{"id":18242,"date":"2020-11-03T15:41:39","date_gmt":"2020-11-03T14:41:39","guid":{"rendered":"https:\/\/www.linkeus.fr\/organise-your-event\/major-events-department\/lets-implement-your-projet\/"},"modified":"2020-12-17T17:31:28","modified_gmt":"2020-12-17T16:31:28","slug":"lets-implement-your-projet","status":"publish","type":"page","link":"https:\/\/www.linkeus.fr\/en\/organise-your-event\/major-events-department\/lets-implement-your-projet\/","title":{"rendered":"Let&#8217;s implement your project"},"content":{"rendered":"<div class=\"wpb-content-wrapper\"><p>[vc_row gap=&#8221;10&#8243;][vc_column width=&#8221;4\/12&#8243;]<h2 style=\"font-weight:normal;text-align:left;\" class=\"headline margin-top-15 margin-bottom-35 headline-box    headline-aligned-to-left  \">Let&#8217;s implement your project<\/h2>[vc_column_text]Obtain assistance in finding a suitable venue for your major event in Provence-Alpes-C\u00f4te d\u2019Azur, carry out a bidding process, or be connected to professional events suppliers. Our services are kept free and confidential.[\/vc_column_text][\/vc_column][vc_column width=&#8221;8\/12&#8243;]<h2 style=\"font-weight:normal;text-align:left;\" class=\"headline margin-top-15 margin-bottom-35 headline-box    headline-aligned-to-left  \"> Contact us!<\/h2>\n<div class=\"wpcf7 no-js\" id=\"wpcf7-f18645-o1\" lang=\"en-US\" dir=\"ltr\" data-wpcf7-id=\"18645\">\n<div class=\"screen-reader-response\"><p role=\"status\" aria-live=\"polite\" aria-atomic=\"true\"><\/p> <ul><\/ul><\/div>\n<form action=\"\/en\/wp-json\/wp\/v2\/pages\/18242#wpcf7-f18645-o1\" method=\"post\" class=\"wpcf7-form init\" aria-label=\"Contact form\" enctype=\"multipart\/form-data\" novalidate=\"novalidate\" data-status=\"init\">\n<fieldset class=\"hidden-fields-container\"><input type=\"hidden\" name=\"_wpcf7\" value=\"18645\" \/><input type=\"hidden\" name=\"_wpcf7_version\" value=\"6.1.2\" \/><input type=\"hidden\" name=\"_wpcf7_locale\" value=\"en_US\" \/><input type=\"hidden\" name=\"_wpcf7_unit_tag\" value=\"wpcf7-f18645-o1\" \/><input type=\"hidden\" name=\"_wpcf7_container_post\" value=\"0\" \/><input type=\"hidden\" name=\"_wpcf7_posted_data_hash\" value=\"\" \/><input type=\"hidden\" name=\"_wpcf7dtx_version\" value=\"5.0.3\" \/><input type=\"hidden\" name=\"_wpcf7_recaptcha_response\" value=\"\" \/>\n<\/fieldset>\n<div class=\"row\">\n\t<div class=\"col-md-6\">\n\t\t<div>\n\t\t\t<p><span class=\"wpcf7-form-control-wrap\" data-name=\"pce-name\"><input size=\"40\" maxlength=\"400\" class=\"wpcf7-form-control wpcf7-text wpcf7-validates-as-required\" aria-required=\"true\" aria-invalid=\"false\" placeholder=\"Your last name\/first name*\" value=\"\" type=\"text\" name=\"pce-name\" \/><\/span>\n\t\t\t<\/p>\n\t\t<\/div>\n\t<\/div>\n\t<div class=\"col-md-6\">\n\t\t<div>\n\t\t\t<p><span class=\"wpcf7-form-control-wrap\" data-name=\"email\"><input size=\"40\" maxlength=\"400\" class=\"wpcf7-form-control wpcf7-email wpcf7-validates-as-required wpcf7-text wpcf7-validates-as-email\" aria-required=\"true\" aria-invalid=\"false\" placeholder=\"Your email*\" value=\"\" type=\"email\" name=\"email\" \/><\/span>\n\t\t\t<\/p>\n\t\t<\/div>\n\t<\/div>\n\t<div class=\"col-md-6\">\n\t\t<div>\n\t\t\t<p><span class=\"wpcf7-form-control-wrap\" data-name=\"pce-tel\"><input size=\"40\" maxlength=\"400\" class=\"wpcf7-form-control wpcf7-tel wpcf7-validates-as-required wpcf7-text wpcf7-validates-as-tel\" aria-required=\"true\" aria-invalid=\"false\" placeholder=\"Your phone number*\" value=\"\" type=\"tel\" name=\"pce-tel\" \/><\/span>\n\t\t\t<\/p>\n\t\t<\/div>\n\t<\/div>\n\t<div class=\"col-md-6\">\n\t\t<div>\n\t\t\t<p>Your request for proposal <span class=\"wpcf7-form-control-wrap\" data-name=\"pce-file\"><input size=\"40\" class=\"wpcf7-form-control wpcf7-file\" accept=\".pdf,.doc,.docx,.ppt,.pptx\" aria-invalid=\"false\" type=\"file\" name=\"pce-file\" \/><\/span>\n\t\t\t<\/p>\n\t\t<\/div>\n\t<\/div>\n\t<div class=\"col-md-6\">\n\t\t<div>\n\t\t\t<p><span class=\"wpcf7-form-control-wrap\" data-name=\"pce-evenement\"><input size=\"40\" maxlength=\"400\" class=\"wpcf7-form-control wpcf7-text\" aria-invalid=\"false\" placeholder=\"Event type\" value=\"\" type=\"text\" name=\"pce-evenement\" \/><\/span>\n\t\t\t<\/p>\n\t\t<\/div>\n\t<\/div>\n\t<div class=\"col-md-6\">\n\t\t<p><span class=\"wpcf7-form-control-wrap\" data-name=\"nb_participants\"><select class=\"wpcf7-form-control wpcf7-select\" aria-invalid=\"false\" name=\"nb_participants\"><option value=\"\">Number of attendees<\/option><option value=\"800-1000 pax\">800-1000 pax<\/option><option value=\"1000-1200 pax\">1000-1200 pax<\/option><option value=\"1200-1500 pax\">1200-1500 pax<\/option><option value=\"1500-2000 pax\">1500-2000 pax<\/option><option value=\"2000-2500 pax\">2000-2500 pax<\/option><option value=\"2500-3000 pax\">2500-3000 pax<\/option><option value=\"au-del\u00e0 de 3000\">au-del\u00e0 de 3000<\/option><\/select><\/span>\n\t\t<\/p>\n\t<\/div>\n\t<div class=\"col-md-6\">\n\t\t<div>\n\t\t\t<p><span class=\"wpcf7-form-control-wrap\" data-name=\"pce-surface\"><input size=\"40\" maxlength=\"400\" class=\"wpcf7-form-control wpcf7-text\" aria-invalid=\"false\" placeholder=\"Exhibition surface in m\u00b2*\" value=\"\" type=\"text\" name=\"pce-surface\" \/><\/span>\n\t\t\t<\/p>\n\t\t<\/div>\n\t<\/div>\n<\/div>\n<div class=\"row\">\n\t<div class=\"col-md-6\">\n\t\t<p><label>Starting date <\/label><span class=\"wpcf7-form-control-wrap\" data-name=\"pce-date-start\"><input class=\"wpcf7-form-control wpcf7-date wpcf7-validates-as-date\" aria-invalid=\"false\" placeholder=\"Starting date\" value=\"\" type=\"date\" name=\"pce-date-start\" \/><\/span>\n\t\t<\/p>\n\t<\/div>\n\t<div class=\"col-md-6\">\n\t\t<p><label>Ending date <\/label><span class=\"wpcf7-form-control-wrap\" data-name=\"pce-date-end\"><input class=\"wpcf7-form-control wpcf7-date wpcf7-validates-as-date\" aria-invalid=\"false\" placeholder=\"Ending date\" value=\"\" type=\"date\" name=\"pce-date-end\" \/><\/span>\n\t\t<\/p>\n\t<\/div>\n<\/div>\n<div class=\"row\">\n\t<div class=\"col-md-12\">\n\t\t<div>\n\t\t\t<p><span class=\"wpcf7-form-control-wrap\" data-name=\"pce-message\"><textarea cols=\"40\" rows=\"10\" maxlength=\"2000\" class=\"wpcf7-form-control wpcf7-textarea wpcf7-validates-as-required\" aria-required=\"true\" aria-invalid=\"false\" placeholder=\"Your message\" name=\"pce-message\"><\/textarea><\/span>\n\t\t\t<\/p>\n\t\t<\/div>\n\t<\/div>\n\t<div class=\"col-md-12 text-center\">\n\t\t<p><input class=\"wpcf7-form-control wpcf7-submit has-spinner\" type=\"submit\" value=\"Submit\" \/>\n\t\t<\/p>\n\t<\/div>\n<\/div><div class=\"wpcf7-response-output\" aria-hidden=\"true\"><\/div>\n<\/form>\n<\/div>\n[\/vc_column][\/vc_row]<\/p>\n<\/div>","protected":false},"excerpt":{"rendered":"<p>[vc_row gap=&#8221;10&#8243;][vc_column width=&#8221;4\/12&#8243;][vc_column_text]Obtain assistance in finding a suitable venue for your major event in Provence-Alpes-C\u00f4te d\u2019Azur, carry out a bidding process, or be connected to professional events suppliers. Our services are kept free and confidential.[\/vc_column_text][\/vc_column][vc_column width=&#8221;8\/12&#8243;][\/vc_column][\/vc_row]<\/p>\n","protected":false},"author":2,"featured_media":17574,"parent":18187,"menu_order":0,"comment_status":"closed","ping_status":"closed","template":"","meta":{"inline_featured_image":false,"footnotes":""},"class_list":["post-18242","page","type-page","status-publish","has-post-thumbnail","hentry"],"yoast_head":"<!-- This site is optimized with the Yoast SEO plugin v24.0 - https:\/\/yoast.com\/wordpress\/plugins\/seo\/ -->\n<title>Let&#039;s implement your project - Linkeus Provence C\u00f4te d&#039;Azur Events<\/title>\n<meta name=\"robots\" content=\"index, follow, max-snippet:-1, max-image-preview:large, max-video-preview:-1\" \/>\n<link rel=\"canonical\" href=\"https:\/\/www.linkeus.fr\/en\/organise-your-event\/major-events-department\/lets-implement-your-projet\/\" \/>\n<meta property=\"og:locale\" content=\"en_US\" \/>\n<meta property=\"og:type\" content=\"article\" \/>\n<meta property=\"og:title\" content=\"Let&#039;s implement your project - Linkeus Provence C\u00f4te d&#039;Azur Events\" \/>\n<meta property=\"og:description\" content=\"[vc_row gap=&#8221;10&#8243;][vc_column width=&#8221;4\/12&#8243;][vc_column_text]Obtain assistance in finding a suitable venue for your major event in Provence-Alpes-C\u00f4te d\u2019Azur, carry out a bidding process, or be connected to professional events suppliers. Our services are kept free and confidential.[\/vc_column_text][\/vc_column][vc_column width=&#8221;8\/12&#8243;][\/vc_column][\/vc_row]\" \/>\n<meta property=\"og:url\" content=\"https:\/\/www.linkeus.fr\/en\/organise-your-event\/major-events-department\/lets-implement-your-projet\/\" \/>\n<meta property=\"og:site_name\" content=\"Linkeus Provence C\u00f4te d&#039;Azur Events\" \/>\n<meta property=\"article:publisher\" content=\"https:\/\/www.facebook.com\/ProvenceCotedAzurEvents\" \/>\n<meta property=\"article:modified_time\" content=\"2020-12-17T16:31:28+00:00\" \/>\n<meta property=\"og:image\" content=\"https:\/\/www.linkeus.fr\/wp-content\/uploads\/2020\/09\/46108967282_eb65333f8b_o-scaled.jpg\" \/>\n\t<meta property=\"og:image:width\" content=\"2560\" \/>\n\t<meta property=\"og:image:height\" content=\"1440\" \/>\n\t<meta property=\"og:image:type\" content=\"image\/jpeg\" \/>\n<meta name=\"twitter:card\" content=\"summary_large_image\" \/>\n<meta name=\"twitter:label1\" content=\"Est. reading time\" \/>\n\t<meta name=\"twitter:data1\" content=\"1 minute\" \/>\n<script type=\"application\/ld+json\" class=\"yoast-schema-graph\">{\"@context\":\"https:\/\/schema.org\",\"@graph\":[{\"@type\":\"WebPage\",\"@id\":\"https:\/\/www.linkeus.fr\/en\/organise-your-event\/major-events-department\/lets-implement-your-projet\/\",\"url\":\"https:\/\/www.linkeus.fr\/en\/organise-your-event\/major-events-department\/lets-implement-your-projet\/\",\"name\":\"Let's implement your project - Linkeus Provence C\u00f4te d&#039;Azur Events\",\"isPartOf\":{\"@id\":\"https:\/\/www.linkeus.fr\/#website\"},\"primaryImageOfPage\":{\"@id\":\"https:\/\/www.linkeus.fr\/en\/organise-your-event\/major-events-department\/lets-implement-your-projet\/#primaryimage\"},\"image\":{\"@id\":\"https:\/\/www.linkeus.fr\/en\/organise-your-event\/major-events-department\/lets-implement-your-projet\/#primaryimage\"},\"thumbnailUrl\":\"https:\/\/www.linkeus.fr\/wp-content\/uploads\/2020\/09\/46108967282_eb65333f8b_o-scaled.jpg\",\"datePublished\":\"2020-11-03T14:41:39+00:00\",\"dateModified\":\"2020-12-17T16:31:28+00:00\",\"breadcrumb\":{\"@id\":\"https:\/\/www.linkeus.fr\/en\/organise-your-event\/major-events-department\/lets-implement-your-projet\/#breadcrumb\"},\"inLanguage\":\"en-US\",\"potentialAction\":[{\"@type\":\"ReadAction\",\"target\":[\"https:\/\/www.linkeus.fr\/en\/organise-your-event\/major-events-department\/lets-implement-your-projet\/\"]}]},{\"@type\":\"ImageObject\",\"inLanguage\":\"en-US\",\"@id\":\"https:\/\/www.linkeus.fr\/en\/organise-your-event\/major-events-department\/lets-implement-your-projet\/#primaryimage\",\"url\":\"https:\/\/www.linkeus.fr\/wp-content\/uploads\/2020\/09\/46108967282_eb65333f8b_o-scaled.jpg\",\"contentUrl\":\"https:\/\/www.linkeus.fr\/wp-content\/uploads\/2020\/09\/46108967282_eb65333f8b_o-scaled.jpg\",\"width\":2560,\"height\":1440},{\"@type\":\"BreadcrumbList\",\"@id\":\"https:\/\/www.linkeus.fr\/en\/organise-your-event\/major-events-department\/lets-implement-your-projet\/#breadcrumb\",\"itemListElement\":[{\"@type\":\"ListItem\",\"position\":1,\"name\":\"Accueil\",\"item\":\"https:\/\/www.linkeus.fr\/en\/\"},{\"@type\":\"ListItem\",\"position\":2,\"name\":\"Organise your event\",\"item\":\"https:\/\/www.linkeus.fr\/en\/organise-your-event\/\"},{\"@type\":\"ListItem\",\"position\":3,\"name\":\"Major events department\",\"item\":\"https:\/\/www.linkeus.fr\/en\/organise-your-event\/major-events-department\/\"},{\"@type\":\"ListItem\",\"position\":4,\"name\":\"Let&#8217;s implement your project\"}]},{\"@type\":\"WebSite\",\"@id\":\"https:\/\/www.linkeus.fr\/#website\",\"url\":\"https:\/\/www.linkeus.fr\/\",\"name\":\"Linkeus Provence C\u00f4te d&#039;Azur Events\",\"description\":\"Le bureau des congr\u00e8s regional : l&#039;interlocuteur privil\u00e9gi\u00e9 pour l&#039;organisation de vos \u00e9v\u00e8nements professionnels en Provence Alpes C\u00f4te d&#039;Azur\",\"publisher\":{\"@id\":\"https:\/\/www.linkeus.fr\/#organization\"},\"potentialAction\":[{\"@type\":\"SearchAction\",\"target\":{\"@type\":\"EntryPoint\",\"urlTemplate\":\"https:\/\/www.linkeus.fr\/?s={search_term_string}\"},\"query-input\":{\"@type\":\"PropertyValueSpecification\",\"valueRequired\":true,\"valueName\":\"search_term_string\"}}],\"inLanguage\":\"en-US\"},{\"@type\":\"Organization\",\"@id\":\"https:\/\/www.linkeus.fr\/#organization\",\"name\":\"Linkeus Provence C\u00f4te d&#039;Azur Events\",\"url\":\"https:\/\/www.linkeus.fr\/\",\"logo\":{\"@type\":\"ImageObject\",\"inLanguage\":\"en-US\",\"@id\":\"https:\/\/www.linkeus.fr\/#\/schema\/logo\/image\/\",\"url\":\"https:\/\/www.linkeus.fr\/wp-content\/uploads\/2022\/09\/log-linkeus290.png\",\"contentUrl\":\"https:\/\/www.linkeus.fr\/wp-content\/uploads\/2022\/09\/log-linkeus290.png\",\"width\":290,\"height\":100,\"caption\":\"Linkeus Provence C\u00f4te d&#039;Azur Events\"},\"image\":{\"@id\":\"https:\/\/www.linkeus.fr\/#\/schema\/logo\/image\/\"},\"sameAs\":[\"https:\/\/www.facebook.com\/ProvenceCotedAzurEvents\"]}]}<\/script>\n<!-- \/ Yoast SEO plugin. -->","yoast_head_json":{"title":"Let's implement your project - Linkeus Provence C\u00f4te d&#039;Azur Events","robots":{"index":"index","follow":"follow","max-snippet":"max-snippet:-1","max-image-preview":"max-image-preview:large","max-video-preview":"max-video-preview:-1"},"canonical":"https:\/\/www.linkeus.fr\/en\/organise-your-event\/major-events-department\/lets-implement-your-projet\/","og_locale":"en_US","og_type":"article","og_title":"Let's implement your project - Linkeus Provence C\u00f4te d&#039;Azur Events","og_description":"[vc_row gap=&#8221;10&#8243;][vc_column width=&#8221;4\/12&#8243;][vc_column_text]Obtain assistance in finding a suitable venue for your major event in Provence-Alpes-C\u00f4te d\u2019Azur, carry out a bidding process, or be connected to professional events suppliers. Our services are kept free and confidential.[\/vc_column_text][\/vc_column][vc_column width=&#8221;8\/12&#8243;][\/vc_column][\/vc_row]","og_url":"https:\/\/www.linkeus.fr\/en\/organise-your-event\/major-events-department\/lets-implement-your-projet\/","og_site_name":"Linkeus Provence C\u00f4te d&#039;Azur Events","article_publisher":"https:\/\/www.facebook.com\/ProvenceCotedAzurEvents","article_modified_time":"2020-12-17T16:31:28+00:00","og_image":[{"width":2560,"height":1440,"url":"https:\/\/www.linkeus.fr\/wp-content\/uploads\/2020\/09\/46108967282_eb65333f8b_o-scaled.jpg","type":"image\/jpeg"}],"twitter_card":"summary_large_image","twitter_misc":{"Est. reading time":"1 minute"},"schema":{"@context":"https:\/\/schema.org","@graph":[{"@type":"WebPage","@id":"https:\/\/www.linkeus.fr\/en\/organise-your-event\/major-events-department\/lets-implement-your-projet\/","url":"https:\/\/www.linkeus.fr\/en\/organise-your-event\/major-events-department\/lets-implement-your-projet\/","name":"Let's implement your project - Linkeus Provence C\u00f4te d&#039;Azur Events","isPartOf":{"@id":"https:\/\/www.linkeus.fr\/#website"},"primaryImageOfPage":{"@id":"https:\/\/www.linkeus.fr\/en\/organise-your-event\/major-events-department\/lets-implement-your-projet\/#primaryimage"},"image":{"@id":"https:\/\/www.linkeus.fr\/en\/organise-your-event\/major-events-department\/lets-implement-your-projet\/#primaryimage"},"thumbnailUrl":"https:\/\/www.linkeus.fr\/wp-content\/uploads\/2020\/09\/46108967282_eb65333f8b_o-scaled.jpg","datePublished":"2020-11-03T14:41:39+00:00","dateModified":"2020-12-17T16:31:28+00:00","breadcrumb":{"@id":"https:\/\/www.linkeus.fr\/en\/organise-your-event\/major-events-department\/lets-implement-your-projet\/#breadcrumb"},"inLanguage":"en-US","potentialAction":[{"@type":"ReadAction","target":["https:\/\/www.linkeus.fr\/en\/organise-your-event\/major-events-department\/lets-implement-your-projet\/"]}]},{"@type":"ImageObject","inLanguage":"en-US","@id":"https:\/\/www.linkeus.fr\/en\/organise-your-event\/major-events-department\/lets-implement-your-projet\/#primaryimage","url":"https:\/\/www.linkeus.fr\/wp-content\/uploads\/2020\/09\/46108967282_eb65333f8b_o-scaled.jpg","contentUrl":"https:\/\/www.linkeus.fr\/wp-content\/uploads\/2020\/09\/46108967282_eb65333f8b_o-scaled.jpg","width":2560,"height":1440},{"@type":"BreadcrumbList","@id":"https:\/\/www.linkeus.fr\/en\/organise-your-event\/major-events-department\/lets-implement-your-projet\/#breadcrumb","itemListElement":[{"@type":"ListItem","position":1,"name":"Accueil","item":"https:\/\/www.linkeus.fr\/en\/"},{"@type":"ListItem","position":2,"name":"Organise your event","item":"https:\/\/www.linkeus.fr\/en\/organise-your-event\/"},{"@type":"ListItem","position":3,"name":"Major events department","item":"https:\/\/www.linkeus.fr\/en\/organise-your-event\/major-events-department\/"},{"@type":"ListItem","position":4,"name":"Let&#8217;s implement your project"}]},{"@type":"WebSite","@id":"https:\/\/www.linkeus.fr\/#website","url":"https:\/\/www.linkeus.fr\/","name":"Linkeus Provence C\u00f4te d&#039;Azur Events","description":"Le bureau des congr\u00e8s regional : l&#039;interlocuteur privil\u00e9gi\u00e9 pour l&#039;organisation de vos \u00e9v\u00e8nements professionnels en Provence Alpes C\u00f4te d&#039;Azur","publisher":{"@id":"https:\/\/www.linkeus.fr\/#organization"},"potentialAction":[{"@type":"SearchAction","target":{"@type":"EntryPoint","urlTemplate":"https:\/\/www.linkeus.fr\/?s={search_term_string}"},"query-input":{"@type":"PropertyValueSpecification","valueRequired":true,"valueName":"search_term_string"}}],"inLanguage":"en-US"},{"@type":"Organization","@id":"https:\/\/www.linkeus.fr\/#organization","name":"Linkeus Provence C\u00f4te d&#039;Azur Events","url":"https:\/\/www.linkeus.fr\/","logo":{"@type":"ImageObject","inLanguage":"en-US","@id":"https:\/\/www.linkeus.fr\/#\/schema\/logo\/image\/","url":"https:\/\/www.linkeus.fr\/wp-content\/uploads\/2022\/09\/log-linkeus290.png","contentUrl":"https:\/\/www.linkeus.fr\/wp-content\/uploads\/2022\/09\/log-linkeus290.png","width":290,"height":100,"caption":"Linkeus Provence C\u00f4te d&#039;Azur Events"},"image":{"@id":"https:\/\/www.linkeus.fr\/#\/schema\/logo\/image\/"},"sameAs":["https:\/\/www.facebook.com\/ProvenceCotedAzurEvents"]}]}},"_links":{"self":[{"href":"https:\/\/www.linkeus.fr\/en\/wp-json\/wp\/v2\/pages\/18242","targetHints":{"allow":["GET"]}}],"collection":[{"href":"https:\/\/www.linkeus.fr\/en\/wp-json\/wp\/v2\/pages"}],"about":[{"href":"https:\/\/www.linkeus.fr\/en\/wp-json\/wp\/v2\/types\/page"}],"author":[{"embeddable":true,"href":"https:\/\/www.linkeus.fr\/en\/wp-json\/wp\/v2\/users\/2"}],"replies":[{"embeddable":true,"href":"https:\/\/www.linkeus.fr\/en\/wp-json\/wp\/v2\/comments?post=18242"}],"version-history":[{"count":0,"href":"https:\/\/www.linkeus.fr\/en\/wp-json\/wp\/v2\/pages\/18242\/revisions"}],"up":[{"embeddable":true,"href":"https:\/\/www.linkeus.fr\/en\/wp-json\/wp\/v2\/pages\/18187"}],"wp:featuredmedia":[{"embeddable":true,"href":"https:\/\/www.linkeus.fr\/en\/wp-json\/wp\/v2\/media\/17574"}],"wp:attachment":[{"href":"https:\/\/www.linkeus.fr\/en\/wp-json\/wp\/v2\/media?parent=18242"}],"curies":[{"name":"wp","href":"https:\/\/api.w.org\/{rel}","templated":true}]}}