{"id":18233,"date":"2020-11-03T15:36:33","date_gmt":"2020-11-03T14:36:33","guid":{"rendered":"https:\/\/www.linkeus.fr\/organise-your-event\/major-events-department\/attract-congresses-events-program\/"},"modified":"2022-09-27T22:39:30","modified_gmt":"2022-09-27T20:39:30","slug":"attract-congresses-events-program","status":"publish","type":"page","link":"https:\/\/www.linkeus.fr\/en\/organise-your-event\/major-events-department\/attract-congresses-events-program\/","title":{"rendered":"Attract Congresses &#038; Events Program"},"content":{"rendered":"<div class=\"wpb-content-wrapper\"><p>[vc_row][vc_column width=&#8221;1\/4&#8243;][\/vc_column][vc_column width=&#8221;1\/2&#8243;][vc_column_text el_class=&#8221;couleurgrise&#8221;]<\/p>\n<p style=\"text-align: center;\">A major asset for the economic development and the international influence of our region, hosting major events is central to the regional economic development plan. Voted by the Plenary Assembly of the Regional Council in November 2016, the \u201cAttract Congresses and Events\u201d (ACE) program aims to support economic events that have a structuring character for the sectors of excellence.<\/p>\n<p>[\/vc_column_text][\/vc_column][vc_column width=&#8221;1\/4&#8243;][\/vc_column][\/vc_row][vc_row css=&#8221;.vc_custom_1598628891679{padding-top: 25px !important;padding-bottom: 25px !important;}&#8221;][vc_column width=&#8221;1\/2&#8243;]<h2 style=\"font-weight:normal;text-align:left;\" class=\"headline margin-top-15 margin-bottom-35 headline-box    headline-aligned-to-left  \">Which events are eligible?<\/h2>[vc_column_text el_class=&#8221;couleurgrise&#8221;]<\/p>\n<ul>\n<li>Congress with more than 800 overnight stays, with at least a national scale<\/li>\n<li>Business conventions with more than 4000 overnight stays and related to the sectors of excellence<\/li>\n<li>New professional trade shows related to the sectors of excellence and with a gross exhibition surface of at least 2000 sqm<\/li>\n<\/ul>\n<p>[\/vc_column_text][\/vc_column][vc_column width=&#8221;1\/2&#8243;][vc_single_image image=&#8221;17567&#8243; img_size=&#8221;large&#8221; alignment=&#8221;center&#8221;][\/vc_column][\/vc_row][vc_row css=&#8221;.vc_custom_1598628846039{padding-top: 25px !important;padding-bottom: 25px !important;}&#8221;][vc_column width=&#8221;1\/2&#8243;][vc_single_image image=&#8221;17571&#8243; img_size=&#8221;large&#8221; alignment=&#8221;center&#8221;][\/vc_column][vc_column width=&#8221;1\/2&#8243;]<h2 style=\"font-weight:normal;text-align:left;\" class=\"headline margin-top-15 margin-bottom-35 headline-box    headline-aligned-to-left  \">Who can benefit from the ACE grants program?<\/h2>[vc_column_text el_class=&#8221;couleurgrise&#8221;]Event organizers: federations, learned societies, professional event organizers, etc.[\/vc_column_text][\/vc_column][\/vc_row][vc_row css=&#8221;.vc_custom_1598628779214{padding-top: 25px !important;padding-bottom: 25px !important;}&#8221;][vc_column width=&#8221;1\/2&#8243;]<h2 style=\"font-weight:normal;text-align:left;\" class=\"headline margin-top-15 margin-bottom-35 headline-box    headline-aligned-to-left  \">What support is proposed?<\/h2>[vc_column_text el_class=&#8221;couleurgrise&#8221;]<\/p>\n<ul>\n<li>10 000 \u20ac up to 30 000 \u20ac of grant for events with LESS than 10 000 overnight stays or 5 000 sqm gross exhibition surface<\/li>\n<li>50 000 \u20ac up to 100 000 \u20ac of grant for events with MORE than 10 000 overnight stays or 5 000 sqm gross exhibition surface<\/li>\n<\/ul>\n<p>[\/vc_column_text][\/vc_column][vc_column width=&#8221;1\/2&#8243;][vc_single_image image=&#8221;17569&#8243; img_size=&#8221;large&#8221; alignment=&#8221;center&#8221;][\/vc_column][\/vc_row][vc_row css=&#8221;.vc_custom_1600189681408{background-color: rgba(237,237,237,0.14) !important;*background-color: rgb(237,237,237) !important;}&#8221;][vc_column][vc_column_text]<\/p>\n<p style=\"text-align: center;\">For further information on <a href=\"https:\/\/www.maregionsud.fr\/la-region-en-action\/entreprise-innovation-tourisme\/tourisme\">the \u201cAttract Congresses and Events\u201d program<\/a><\/p>\n<p>[\/vc_column_text][\/vc_column][\/vc_row][vc_row][vc_column]<h3 style=\"font-weight:normal;text-align:center;\" class=\"headline margin-top-15 margin-bottom-35 headline-box    headline-aligned-to-center  \">Let&#8217;s implement your projet!<\/h3><div class=\"text-center\">\n    <a class=\"btn btn-pce-green\" href=\"https:\/\/www.linkeus.fr\/organisez-votre-evenement\/cellule-grands-evenements\/realisons-votre-projet\/\" target=\"_blank\">Contact us<\/a>\n<\/div>[\/vc_column][\/vc_row]<\/p>\n<\/div>","protected":false},"excerpt":{"rendered":"<p>[vc_row][vc_column width=&#8221;1\/4&#8243;][\/vc_column][vc_column width=&#8221;1\/2&#8243;][vc_column_text el_class=&#8221;couleurgrise&#8221;] A major asset for the economic development and the international influence of our region, hosting major events is central to the regional economic development plan. Voted by the Plenary Assembly of the Regional Council in November 2016, the \u201cAttract Congresses and Events\u201d (ACE) program aims to support economic events that have [&hellip;]<\/p>\n","protected":false},"author":2,"featured_media":17565,"parent":18187,"menu_order":0,"comment_status":"closed","ping_status":"closed","template":"","meta":{"inline_featured_image":false,"footnotes":""},"class_list":["post-18233","page","type-page","status-publish","has-post-thumbnail","hentry"],"yoast_head":"<!-- This site is optimized with the Yoast SEO plugin v24.0 - https:\/\/yoast.com\/wordpress\/plugins\/seo\/ -->\n<title>Attract Congresses &amp; Events Program - Linkeus Provence C\u00f4te d&#039;Azur Events<\/title>\n<meta name=\"robots\" content=\"index, follow, max-snippet:-1, max-image-preview:large, max-video-preview:-1\" \/>\n<link rel=\"canonical\" href=\"https:\/\/www.linkeus.fr\/en\/organise-your-event\/major-events-department\/attract-congresses-events-program\/\" \/>\n<meta property=\"og:locale\" content=\"en_US\" \/>\n<meta property=\"og:type\" content=\"article\" \/>\n<meta property=\"og:title\" content=\"Attract Congresses &amp; Events Program - Linkeus Provence C\u00f4te d&#039;Azur Events\" \/>\n<meta property=\"og:description\" content=\"[vc_row][vc_column width=&#8221;1\/4&#8243;][\/vc_column][vc_column width=&#8221;1\/2&#8243;][vc_column_text el_class=&#8221;couleurgrise&#8221;] A major asset for the economic development and the international influence of our region, hosting major events is central to the regional economic development plan. Voted by the Plenary Assembly of the Regional Council in November 2016, the \u201cAttract Congresses and Events\u201d (ACE) program aims to support economic events that have [&hellip;]\" \/>\n<meta property=\"og:url\" content=\"https:\/\/www.linkeus.fr\/en\/organise-your-event\/major-events-department\/attract-congresses-events-program\/\" \/>\n<meta property=\"og:site_name\" content=\"Linkeus Provence C\u00f4te d&#039;Azur Events\" \/>\n<meta property=\"article:publisher\" content=\"https:\/\/www.facebook.com\/ProvenceCotedAzurEvents\" \/>\n<meta property=\"article:modified_time\" content=\"2022-09-27T20:39:30+00:00\" \/>\n<meta property=\"og:image\" content=\"https:\/\/www.linkeus.fr\/wp-content\/uploads\/2020\/09\/esadTPM_chalucet_toulon_c-O.Pastor-TPM-e1600191776138.jpg\" \/>\n\t<meta property=\"og:image:width\" content=\"1772\" \/>\n\t<meta property=\"og:image:height\" content=\"1797\" \/>\n\t<meta property=\"og:image:type\" content=\"image\/jpeg\" \/>\n<meta name=\"twitter:card\" content=\"summary_large_image\" \/>\n<meta name=\"twitter:label1\" content=\"Est. reading time\" \/>\n\t<meta name=\"twitter:data1\" content=\"2 minutes\" \/>\n<script type=\"application\/ld+json\" class=\"yoast-schema-graph\">{\"@context\":\"https:\/\/schema.org\",\"@graph\":[{\"@type\":\"WebPage\",\"@id\":\"https:\/\/www.linkeus.fr\/en\/organise-your-event\/major-events-department\/attract-congresses-events-program\/\",\"url\":\"https:\/\/www.linkeus.fr\/en\/organise-your-event\/major-events-department\/attract-congresses-events-program\/\",\"name\":\"Attract Congresses & Events Program - Linkeus Provence C\u00f4te d&#039;Azur Events\",\"isPartOf\":{\"@id\":\"https:\/\/www.linkeus.fr\/#website\"},\"primaryImageOfPage\":{\"@id\":\"https:\/\/www.linkeus.fr\/en\/organise-your-event\/major-events-department\/attract-congresses-events-program\/#primaryimage\"},\"image\":{\"@id\":\"https:\/\/www.linkeus.fr\/en\/organise-your-event\/major-events-department\/attract-congresses-events-program\/#primaryimage\"},\"thumbnailUrl\":\"https:\/\/www.linkeus.fr\/wp-content\/uploads\/2020\/09\/esadTPM_chalucet_toulon_c-O.Pastor-TPM-e1600191776138.jpg\",\"datePublished\":\"2020-11-03T14:36:33+00:00\",\"dateModified\":\"2022-09-27T20:39:30+00:00\",\"breadcrumb\":{\"@id\":\"https:\/\/www.linkeus.fr\/en\/organise-your-event\/major-events-department\/attract-congresses-events-program\/#breadcrumb\"},\"inLanguage\":\"en-US\",\"potentialAction\":[{\"@type\":\"ReadAction\",\"target\":[\"https:\/\/www.linkeus.fr\/en\/organise-your-event\/major-events-department\/attract-congresses-events-program\/\"]}]},{\"@type\":\"ImageObject\",\"inLanguage\":\"en-US\",\"@id\":\"https:\/\/www.linkeus.fr\/en\/organise-your-event\/major-events-department\/attract-congresses-events-program\/#primaryimage\",\"url\":\"https:\/\/www.linkeus.fr\/wp-content\/uploads\/2020\/09\/esadTPM_chalucet_toulon_c-O.Pastor-TPM-e1600191776138.jpg\",\"contentUrl\":\"https:\/\/www.linkeus.fr\/wp-content\/uploads\/2020\/09\/esadTPM_chalucet_toulon_c-O.Pastor-TPM-e1600191776138.jpg\",\"width\":1772,\"height\":1797},{\"@type\":\"BreadcrumbList\",\"@id\":\"https:\/\/www.linkeus.fr\/en\/organise-your-event\/major-events-department\/attract-congresses-events-program\/#breadcrumb\",\"itemListElement\":[{\"@type\":\"ListItem\",\"position\":1,\"name\":\"Accueil\",\"item\":\"https:\/\/www.linkeus.fr\/en\/\"},{\"@type\":\"ListItem\",\"position\":2,\"name\":\"Organise your event\",\"item\":\"https:\/\/www.linkeus.fr\/en\/organise-your-event\/\"},{\"@type\":\"ListItem\",\"position\":3,\"name\":\"Major events department\",\"item\":\"https:\/\/www.linkeus.fr\/en\/organise-your-event\/major-events-department\/\"},{\"@type\":\"ListItem\",\"position\":4,\"name\":\"Attract Congresses &#038; Events Program\"}]},{\"@type\":\"WebSite\",\"@id\":\"https:\/\/www.linkeus.fr\/#website\",\"url\":\"https:\/\/www.linkeus.fr\/\",\"name\":\"Linkeus Provence C\u00f4te d&#039;Azur Events\",\"description\":\"Le bureau des congr\u00e8s regional : l&#039;interlocuteur privil\u00e9gi\u00e9 pour l&#039;organisation de vos \u00e9v\u00e8nements professionnels en Provence Alpes C\u00f4te d&#039;Azur\",\"publisher\":{\"@id\":\"https:\/\/www.linkeus.fr\/#organization\"},\"potentialAction\":[{\"@type\":\"SearchAction\",\"target\":{\"@type\":\"EntryPoint\",\"urlTemplate\":\"https:\/\/www.linkeus.fr\/?s={search_term_string}\"},\"query-input\":{\"@type\":\"PropertyValueSpecification\",\"valueRequired\":true,\"valueName\":\"search_term_string\"}}],\"inLanguage\":\"en-US\"},{\"@type\":\"Organization\",\"@id\":\"https:\/\/www.linkeus.fr\/#organization\",\"name\":\"Linkeus Provence C\u00f4te d&#039;Azur Events\",\"url\":\"https:\/\/www.linkeus.fr\/\",\"logo\":{\"@type\":\"ImageObject\",\"inLanguage\":\"en-US\",\"@id\":\"https:\/\/www.linkeus.fr\/#\/schema\/logo\/image\/\",\"url\":\"https:\/\/www.linkeus.fr\/wp-content\/uploads\/2022\/09\/log-linkeus290.png\",\"contentUrl\":\"https:\/\/www.linkeus.fr\/wp-content\/uploads\/2022\/09\/log-linkeus290.png\",\"width\":290,\"height\":100,\"caption\":\"Linkeus Provence C\u00f4te d&#039;Azur Events\"},\"image\":{\"@id\":\"https:\/\/www.linkeus.fr\/#\/schema\/logo\/image\/\"},\"sameAs\":[\"https:\/\/www.facebook.com\/ProvenceCotedAzurEvents\"]}]}<\/script>\n<!-- \/ Yoast SEO plugin. -->","yoast_head_json":{"title":"Attract Congresses & Events Program - Linkeus Provence C\u00f4te d&#039;Azur Events","robots":{"index":"index","follow":"follow","max-snippet":"max-snippet:-1","max-image-preview":"max-image-preview:large","max-video-preview":"max-video-preview:-1"},"canonical":"https:\/\/www.linkeus.fr\/en\/organise-your-event\/major-events-department\/attract-congresses-events-program\/","og_locale":"en_US","og_type":"article","og_title":"Attract Congresses & Events Program - Linkeus Provence C\u00f4te d&#039;Azur Events","og_description":"[vc_row][vc_column width=&#8221;1\/4&#8243;][\/vc_column][vc_column width=&#8221;1\/2&#8243;][vc_column_text el_class=&#8221;couleurgrise&#8221;] A major asset for the economic development and the international influence of our region, hosting major events is central to the regional economic development plan. Voted by the Plenary Assembly of the Regional Council in November 2016, the \u201cAttract Congresses and Events\u201d (ACE) program aims to support economic events that have [&hellip;]","og_url":"https:\/\/www.linkeus.fr\/en\/organise-your-event\/major-events-department\/attract-congresses-events-program\/","og_site_name":"Linkeus Provence C\u00f4te d&#039;Azur Events","article_publisher":"https:\/\/www.facebook.com\/ProvenceCotedAzurEvents","article_modified_time":"2022-09-27T20:39:30+00:00","og_image":[{"width":1772,"height":1797,"url":"https:\/\/www.linkeus.fr\/wp-content\/uploads\/2020\/09\/esadTPM_chalucet_toulon_c-O.Pastor-TPM-e1600191776138.jpg","type":"image\/jpeg"}],"twitter_card":"summary_large_image","twitter_misc":{"Est. reading time":"2 minutes"},"schema":{"@context":"https:\/\/schema.org","@graph":[{"@type":"WebPage","@id":"https:\/\/www.linkeus.fr\/en\/organise-your-event\/major-events-department\/attract-congresses-events-program\/","url":"https:\/\/www.linkeus.fr\/en\/organise-your-event\/major-events-department\/attract-congresses-events-program\/","name":"Attract Congresses & Events Program - Linkeus Provence C\u00f4te d&#039;Azur Events","isPartOf":{"@id":"https:\/\/www.linkeus.fr\/#website"},"primaryImageOfPage":{"@id":"https:\/\/www.linkeus.fr\/en\/organise-your-event\/major-events-department\/attract-congresses-events-program\/#primaryimage"},"image":{"@id":"https:\/\/www.linkeus.fr\/en\/organise-your-event\/major-events-department\/attract-congresses-events-program\/#primaryimage"},"thumbnailUrl":"https:\/\/www.linkeus.fr\/wp-content\/uploads\/2020\/09\/esadTPM_chalucet_toulon_c-O.Pastor-TPM-e1600191776138.jpg","datePublished":"2020-11-03T14:36:33+00:00","dateModified":"2022-09-27T20:39:30+00:00","breadcrumb":{"@id":"https:\/\/www.linkeus.fr\/en\/organise-your-event\/major-events-department\/attract-congresses-events-program\/#breadcrumb"},"inLanguage":"en-US","potentialAction":[{"@type":"ReadAction","target":["https:\/\/www.linkeus.fr\/en\/organise-your-event\/major-events-department\/attract-congresses-events-program\/"]}]},{"@type":"ImageObject","inLanguage":"en-US","@id":"https:\/\/www.linkeus.fr\/en\/organise-your-event\/major-events-department\/attract-congresses-events-program\/#primaryimage","url":"https:\/\/www.linkeus.fr\/wp-content\/uploads\/2020\/09\/esadTPM_chalucet_toulon_c-O.Pastor-TPM-e1600191776138.jpg","contentUrl":"https:\/\/www.linkeus.fr\/wp-content\/uploads\/2020\/09\/esadTPM_chalucet_toulon_c-O.Pastor-TPM-e1600191776138.jpg","width":1772,"height":1797},{"@type":"BreadcrumbList","@id":"https:\/\/www.linkeus.fr\/en\/organise-your-event\/major-events-department\/attract-congresses-events-program\/#breadcrumb","itemListElement":[{"@type":"ListItem","position":1,"name":"Accueil","item":"https:\/\/www.linkeus.fr\/en\/"},{"@type":"ListItem","position":2,"name":"Organise your event","item":"https:\/\/www.linkeus.fr\/en\/organise-your-event\/"},{"@type":"ListItem","position":3,"name":"Major events department","item":"https:\/\/www.linkeus.fr\/en\/organise-your-event\/major-events-department\/"},{"@type":"ListItem","position":4,"name":"Attract Congresses &#038; Events Program"}]},{"@type":"WebSite","@id":"https:\/\/www.linkeus.fr\/#website","url":"https:\/\/www.linkeus.fr\/","name":"Linkeus Provence C\u00f4te d&#039;Azur Events","description":"Le bureau des congr\u00e8s regional : l&#039;interlocuteur privil\u00e9gi\u00e9 pour l&#039;organisation de vos \u00e9v\u00e8nements professionnels en Provence Alpes C\u00f4te d&#039;Azur","publisher":{"@id":"https:\/\/www.linkeus.fr\/#organization"},"potentialAction":[{"@type":"SearchAction","target":{"@type":"EntryPoint","urlTemplate":"https:\/\/www.linkeus.fr\/?s={search_term_string}"},"query-input":{"@type":"PropertyValueSpecification","valueRequired":true,"valueName":"search_term_string"}}],"inLanguage":"en-US"},{"@type":"Organization","@id":"https:\/\/www.linkeus.fr\/#organization","name":"Linkeus Provence C\u00f4te d&#039;Azur Events","url":"https:\/\/www.linkeus.fr\/","logo":{"@type":"ImageObject","inLanguage":"en-US","@id":"https:\/\/www.linkeus.fr\/#\/schema\/logo\/image\/","url":"https:\/\/www.linkeus.fr\/wp-content\/uploads\/2022\/09\/log-linkeus290.png","contentUrl":"https:\/\/www.linkeus.fr\/wp-content\/uploads\/2022\/09\/log-linkeus290.png","width":290,"height":100,"caption":"Linkeus Provence C\u00f4te d&#039;Azur Events"},"image":{"@id":"https:\/\/www.linkeus.fr\/#\/schema\/logo\/image\/"},"sameAs":["https:\/\/www.facebook.com\/ProvenceCotedAzurEvents"]}]}},"_links":{"self":[{"href":"https:\/\/www.linkeus.fr\/en\/wp-json\/wp\/v2\/pages\/18233","targetHints":{"allow":["GET"]}}],"collection":[{"href":"https:\/\/www.linkeus.fr\/en\/wp-json\/wp\/v2\/pages"}],"about":[{"href":"https:\/\/www.linkeus.fr\/en\/wp-json\/wp\/v2\/types\/page"}],"author":[{"embeddable":true,"href":"https:\/\/www.linkeus.fr\/en\/wp-json\/wp\/v2\/users\/2"}],"replies":[{"embeddable":true,"href":"https:\/\/www.linkeus.fr\/en\/wp-json\/wp\/v2\/comments?post=18233"}],"version-history":[{"count":0,"href":"https:\/\/www.linkeus.fr\/en\/wp-json\/wp\/v2\/pages\/18233\/revisions"}],"up":[{"embeddable":true,"href":"https:\/\/www.linkeus.fr\/en\/wp-json\/wp\/v2\/pages\/18187"}],"wp:featuredmedia":[{"embeddable":true,"href":"https:\/\/www.linkeus.fr\/en\/wp-json\/wp\/v2\/media\/17565"}],"wp:attachment":[{"href":"https:\/\/www.linkeus.fr\/en\/wp-json\/wp\/v2\/media?parent=18233"}],"curies":[{"name":"wp","href":"https:\/\/api.w.org\/{rel}","templated":true}]}}