{"id":18204,"date":"2020-11-03T12:40:48","date_gmt":"2020-11-03T11:40:48","guid":{"rendered":"https:\/\/www.linkeus.fr\/organise-your-event\/the-sales-department\/"},"modified":"2024-07-02T15:35:48","modified_gmt":"2024-07-02T13:35:48","slug":"the-sales-department","status":"publish","type":"page","link":"https:\/\/www.linkeus.fr\/en\/organise-your-event\/the-sales-department\/","title":{"rendered":"The sales department"},"content":{"rendered":"<div class=\"wpb-content-wrapper\"><p>[vc_row][vc_column width=&#8221;1\/6&#8243;][\/vc_column][vc_column width=&#8221;2\/3&#8243;][vc_column_text el_class=&#8221;couleurgrise&#8221;]<\/p>\n<p style=\"text-align: center;\">LINKEUS Provence Alpes C\u00f4te d&#8217;Azur Convention Bureau provides support to ensure your events\u2019 success. Impartial and free of charge, the Sales Department is at the disposal of organisers of meetings, corporate conventions, professional trade fairs, seminars and incentives to.<\/p>\n<p>[\/vc_column_text][\/vc_column][vc_column width=&#8221;1\/6&#8243;][\/vc_column][\/vc_row][vc_row css=&#8221;.vc_custom_1597151412430{margin-top: 50px !important;}&#8221;][vc_column width=&#8221;1\/2&#8243;]<h2 style=\"font-weight:normal;text-align:left;\" class=\"headline margin-top-15 margin-bottom-35 headline-box    headline-aligned-to-left  \">The Sales Department\u2019s missions<\/h2>[vc_column_text el_class=&#8221;couleurgrise&#8221;]<\/p>\n<ul>\n<li>Assist and advise you by phone in the organisation of your events, essentially in the search for suitable venues for the technical requirements of your projects;<\/li>\n<li>Support you in examining your project\u2019s specifications and feasibility in the Region.<\/li>\n<li>Putting you in contact with the finest service providers best suited to your project.<\/li>\n<li>Transmit several estimates within 48h maximum<\/li>\n<li>Meet you at trade fairs and regularly in Paris by appointment to inform you of the offer of the Region and its destinations.<\/li>\n<\/ul>\n<p>[\/vc_column_text][\/vc_column][vc_column width=&#8221;1\/2&#8243;][vc_single_image image=&#8221;16331&#8243; img_size=&#8221;large&#8221; alignment=&#8221;center&#8221; style=&#8221;vc_box_shadow&#8221;][\/vc_column][\/vc_row][vc_row full_width=&#8221;stretch_row&#8221; css=&#8221;.vc_custom_1597154170167{padding-top: 50px !important;padding-bottom: 50px !important;background-color: #fafafa !important;}&#8221;][vc_column]<h2 style=\"font-weight:normal;text-align:center;\" class=\"headline margin-top-15 margin-bottom-35 headline-box    headline-aligned-to-center  \">Please contact us to save time<\/h2>[vc_row_inner][vc_column_inner width=&#8221;1\/2&#8243;][vc_column_text]<\/p>\n<p style=\"text-align: center;\"><strong>Yannick MOTREFF<\/strong><br \/>\nCongress Sales Manager<br \/>\nMobile: +33 (0)6 04 65 36 04<br \/>\nEmail: <a href=\"mailto:y.motreff@linkeus.fr\">y.motreff@linkeus.fr<\/a><\/p>\n<p>[\/vc_column_text][\/vc_column_inner][vc_column_inner width=&#8221;1\/2&#8243;][vc_column_text css=&#8221;&#8221;]<\/p>\n<p style=\"text-align: center;\"><strong>Laetitia MORI LEVRAUT<\/strong><br \/>\nMICE Sales Manager<br \/>\nMobile : +33 (0)7 76 19 75 93<br \/>\nEmail: <a href=\"mailto:l.levraut@linkeus.fr\">l.levraut@linkeus.fr<\/a><\/p>\n<p>[\/vc_column_text][\/vc_column_inner][\/vc_row_inner][vc_separator el_width=&#8221;60&#8243; css_animation=&#8221;fadeInLeft&#8221;][\/vc_column][\/vc_row][vc_row css=&#8221;.vc_custom_1597153883965{padding-top: 30px !important;padding-bottom: 30px !important;}&#8221;][vc_column width=&#8221;1\/2&#8243;][vc_single_image image=&#8221;16336&#8243; img_size=&#8221;large&#8221; alignment=&#8221;center&#8221; style=&#8221;vc_box_shadow&#8221;][\/vc_column][vc_column width=&#8221;1\/2&#8243;]<h2 style=\"font-weight:normal;text-align:left;\" class=\"headline margin-top-15 margin-bottom-35 headline-box    headline-aligned-to-left  \">Perfect knowledge of the regional offer<\/h2>[vc_column_text el_class=&#8221;couleurgrise&#8221;]<\/p>\n<ul>\n<li><a href=\"\/?page_id=16813\">The economic and industrial potential<\/a> through competitiveness clusters and entrepreneurial networks;<\/li>\n<li>Major projects (Iter for nuclear fusion, Marseille Provence 2017 for Sport, Eco-Vall\u00e9e de la Plaine du Var for the most advanced technologies in terms of development, Euro-M\u00e9diterran\u00e9e);<\/li>\n<li>Reception infrastructures and their facilities;<\/li>\n<li>Regional access;<\/li>\n<li>Hotel accommodation;<\/li>\n<li>Prestige and professional venues;<\/li>\n<li>Team-building activities available;<\/li>\n<li>Institutional referents.<\/li>\n<\/ul>\n<p>[\/vc_column_text][\/vc_column][\/vc_row][vc_row css=&#8221;.vc_custom_1597153877464{padding-top: 30px !important;padding-bottom: 30px !important;}&#8221;][vc_column width=&#8221;1\/2&#8243; el_class=&#8221;vc_col-sm-push-6&#8243;][vc_single_image image=&#8221;27267&#8243; img_size=&#8221;large&#8221; alignment=&#8221;center&#8221; style=&#8221;vc_box_shadow&#8221; css=&#8221;&#8221;][\/vc_column][vc_column width=&#8221;1\/2&#8243; el_class=&#8221;vc_col-sm-pull-6&#8243;]<h2 style=\"font-weight:normal;text-align:left;\" class=\"headline margin-top-15 margin-bottom-35 headline-box    headline-aligned-to-left  \">Reactivity for your projects<\/h2>[vc_column_text css=&#8221;&#8221; el_class=&#8221;couleurgrise&#8221;]<\/p>\n<ul>\n<li>Detection of destinations suited to the needs of your project and a response within 48 hours maximum with an initial budget estimate<\/li>\n<li>Rapid search for availability for your events thanks to our network of 17 destinations<\/li>\n<li>A reactive team: 7 professionals to help you save time.<\/li>\n<\/ul>\n<p>[\/vc_column_text][\/vc_column][\/vc_row][vc_row css=&#8221;.vc_custom_1597153883965{padding-top: 30px !important;padding-bottom: 30px !important;}&#8221;][vc_column width=&#8221;1\/2&#8243;][vc_single_image image=&#8221;17827&#8243; img_size=&#8221;large&#8221; alignment=&#8221;center&#8221; style=&#8221;vc_box_shadow&#8221;][\/vc_column][vc_column width=&#8221;1\/2&#8243;]<h2 style=\"font-weight:normal;text-align:left;\" class=\"headline margin-top-15 margin-bottom-35 headline-box    headline-aligned-to-left  \">National and international presence<\/h2>[vc_column_text css=&#8221;&#8221; el_class=&#8221;couleurgrise&#8221;]<\/p>\n<ul>\n<li>We speak six foreign languages: English, Spanish, Italian, German, Russian and Arabic;<\/li>\n<li>We travel to Paris 7 to 8 times a year at the request of organisers the better to get to know you, determine your needs and offer you the best service for your needs;<\/li>\n<li>We are present at major trade fairs: Event Days, Heavent Meetings Cannes, Business Events Seminar (Lyon), IMEX (Frankfurt), IBTM (Barcelona) and at international workshops. LINKEUS is a member of the International Congress &amp; Convention Association (ICCA), Club Fran\u00e7ais du Tourisme d\u2019Affaires R\u00e9ceptif d\u2019Atout France (CFTAR) and UNIMEV.<\/li>\n<\/ul>\n<p>[\/vc_column_text][\/vc_column][\/vc_row][vc_row css=&#8221;.vc_custom_1597153877464{padding-top: 30px !important;padding-bottom: 30px !important;}&#8221;][vc_column width=&#8221;1\/2&#8243; el_class=&#8221;vc_col-sm-push-6&#8243;][vc_single_image image=&#8221;17825&#8243; img_size=&#8221;large&#8221; alignment=&#8221;center&#8221; style=&#8221;vc_box_shadow&#8221;][\/vc_column][vc_column width=&#8221;1\/2&#8243; el_class=&#8221;vc_col-sm-pull-6&#8243;]<h2 style=\"font-weight:normal;text-align:left;\" class=\"headline margin-top-15 margin-bottom-35 headline-box    headline-aligned-to-left  \">Connecting with institutions<\/h2>[vc_column_text el_class=&#8221;couleurgrise&#8221;]We serve as the institutional interface for requests for subsidies from communities for the organisers of major economic events[\/vc_column_text][\/vc_column][\/vc_row]<\/p>\n<\/div>","protected":false},"excerpt":{"rendered":"<p>[vc_row][vc_column width=&#8221;1\/6&#8243;][\/vc_column][vc_column width=&#8221;2\/3&#8243;][vc_column_text el_class=&#8221;couleurgrise&#8221;] LINKEUS Provence Alpes C\u00f4te d&#8217;Azur Convention Bureau provides support to ensure your events\u2019 success. Impartial and free of charge, the Sales Department is at the disposal of organisers of meetings, corporate conventions, professional trade fairs, seminars and incentives to. [\/vc_column_text][\/vc_column][vc_column width=&#8221;1\/6&#8243;][\/vc_column][\/vc_row][vc_row css=&#8221;.vc_custom_1597151412430{margin-top: 50px !important;}&#8221;][vc_column width=&#8221;1\/2&#8243;][vc_column_text el_class=&#8221;couleurgrise&#8221;] Assist and advise you by [&hellip;]<\/p>\n","protected":false},"author":2,"featured_media":17516,"parent":18185,"menu_order":0,"comment_status":"closed","ping_status":"closed","template":"","meta":{"inline_featured_image":false,"footnotes":""},"class_list":["post-18204","page","type-page","status-publish","has-post-thumbnail","hentry"],"yoast_head":"<!-- This site is optimized with the Yoast SEO plugin v24.0 - https:\/\/yoast.com\/wordpress\/plugins\/seo\/ -->\n<title>The sales department - Linkeus Provence C\u00f4te d&#039;Azur Events<\/title>\n<meta name=\"robots\" content=\"index, follow, max-snippet:-1, max-image-preview:large, max-video-preview:-1\" \/>\n<link rel=\"canonical\" href=\"https:\/\/www.linkeus.fr\/en\/organise-your-event\/the-sales-department\/\" \/>\n<meta property=\"og:locale\" content=\"en_US\" \/>\n<meta property=\"og:type\" content=\"article\" \/>\n<meta property=\"og:title\" content=\"The sales department - Linkeus Provence C\u00f4te d&#039;Azur Events\" \/>\n<meta property=\"og:description\" content=\"[vc_row][vc_column width=&#8221;1\/6&#8243;][\/vc_column][vc_column width=&#8221;2\/3&#8243;][vc_column_text el_class=&#8221;couleurgrise&#8221;] LINKEUS Provence Alpes C\u00f4te d&#8217;Azur Convention Bureau provides support to ensure your events\u2019 success. Impartial and free of charge, the Sales Department is at the disposal of organisers of meetings, corporate conventions, professional trade fairs, seminars and incentives to. [\/vc_column_text][\/vc_column][vc_column width=&#8221;1\/6&#8243;][\/vc_column][\/vc_row][vc_row css=&#8221;.vc_custom_1597151412430{margin-top: 50px !important;}&#8221;][vc_column width=&#8221;1\/2&#8243;][vc_column_text el_class=&#8221;couleurgrise&#8221;] Assist and advise you by [&hellip;]\" \/>\n<meta property=\"og:url\" content=\"https:\/\/www.linkeus.fr\/en\/organise-your-event\/the-sales-department\/\" \/>\n<meta property=\"og:site_name\" content=\"Linkeus Provence C\u00f4te d&#039;Azur Events\" \/>\n<meta property=\"article:publisher\" content=\"https:\/\/www.facebook.com\/ProvenceCotedAzurEvents\" \/>\n<meta property=\"article:modified_time\" content=\"2024-07-02T13:35:48+00:00\" \/>\n<meta property=\"og:image\" content=\"https:\/\/www.linkeus.fr\/wp-content\/uploads\/2020\/09\/missions-service-commercial-hero.jpg\" \/>\n\t<meta property=\"og:image:width\" content=\"1920\" \/>\n\t<meta property=\"og:image:height\" content=\"400\" \/>\n\t<meta property=\"og:image:type\" content=\"image\/jpeg\" \/>\n<meta name=\"twitter:card\" content=\"summary_large_image\" \/>\n<meta name=\"twitter:label1\" content=\"Est. reading time\" \/>\n\t<meta name=\"twitter:data1\" content=\"4 minutes\" \/>\n<script type=\"application\/ld+json\" class=\"yoast-schema-graph\">{\"@context\":\"https:\/\/schema.org\",\"@graph\":[{\"@type\":\"WebPage\",\"@id\":\"https:\/\/www.linkeus.fr\/en\/organise-your-event\/the-sales-department\/\",\"url\":\"https:\/\/www.linkeus.fr\/en\/organise-your-event\/the-sales-department\/\",\"name\":\"The sales department - Linkeus Provence C\u00f4te d&#039;Azur Events\",\"isPartOf\":{\"@id\":\"https:\/\/www.linkeus.fr\/#website\"},\"primaryImageOfPage\":{\"@id\":\"https:\/\/www.linkeus.fr\/en\/organise-your-event\/the-sales-department\/#primaryimage\"},\"image\":{\"@id\":\"https:\/\/www.linkeus.fr\/en\/organise-your-event\/the-sales-department\/#primaryimage\"},\"thumbnailUrl\":\"https:\/\/www.linkeus.fr\/wp-content\/uploads\/2020\/09\/missions-service-commercial-hero.jpg\",\"datePublished\":\"2020-11-03T11:40:48+00:00\",\"dateModified\":\"2024-07-02T13:35:48+00:00\",\"breadcrumb\":{\"@id\":\"https:\/\/www.linkeus.fr\/en\/organise-your-event\/the-sales-department\/#breadcrumb\"},\"inLanguage\":\"en-US\",\"potentialAction\":[{\"@type\":\"ReadAction\",\"target\":[\"https:\/\/www.linkeus.fr\/en\/organise-your-event\/the-sales-department\/\"]}]},{\"@type\":\"ImageObject\",\"inLanguage\":\"en-US\",\"@id\":\"https:\/\/www.linkeus.fr\/en\/organise-your-event\/the-sales-department\/#primaryimage\",\"url\":\"https:\/\/www.linkeus.fr\/wp-content\/uploads\/2020\/09\/missions-service-commercial-hero.jpg\",\"contentUrl\":\"https:\/\/www.linkeus.fr\/wp-content\/uploads\/2020\/09\/missions-service-commercial-hero.jpg\",\"width\":1920,\"height\":400},{\"@type\":\"BreadcrumbList\",\"@id\":\"https:\/\/www.linkeus.fr\/en\/organise-your-event\/the-sales-department\/#breadcrumb\",\"itemListElement\":[{\"@type\":\"ListItem\",\"position\":1,\"name\":\"Accueil\",\"item\":\"https:\/\/www.linkeus.fr\/en\/\"},{\"@type\":\"ListItem\",\"position\":2,\"name\":\"Organise your event\",\"item\":\"https:\/\/www.linkeus.fr\/en\/organise-your-event\/\"},{\"@type\":\"ListItem\",\"position\":3,\"name\":\"The sales department\"}]},{\"@type\":\"WebSite\",\"@id\":\"https:\/\/www.linkeus.fr\/#website\",\"url\":\"https:\/\/www.linkeus.fr\/\",\"name\":\"Linkeus Provence C\u00f4te d&#039;Azur Events\",\"description\":\"Le bureau des congr\u00e8s regional : l&#039;interlocuteur privil\u00e9gi\u00e9 pour l&#039;organisation de vos \u00e9v\u00e8nements professionnels en Provence Alpes C\u00f4te d&#039;Azur\",\"publisher\":{\"@id\":\"https:\/\/www.linkeus.fr\/#organization\"},\"potentialAction\":[{\"@type\":\"SearchAction\",\"target\":{\"@type\":\"EntryPoint\",\"urlTemplate\":\"https:\/\/www.linkeus.fr\/?s={search_term_string}\"},\"query-input\":{\"@type\":\"PropertyValueSpecification\",\"valueRequired\":true,\"valueName\":\"search_term_string\"}}],\"inLanguage\":\"en-US\"},{\"@type\":\"Organization\",\"@id\":\"https:\/\/www.linkeus.fr\/#organization\",\"name\":\"Linkeus Provence C\u00f4te d&#039;Azur Events\",\"url\":\"https:\/\/www.linkeus.fr\/\",\"logo\":{\"@type\":\"ImageObject\",\"inLanguage\":\"en-US\",\"@id\":\"https:\/\/www.linkeus.fr\/#\/schema\/logo\/image\/\",\"url\":\"https:\/\/www.linkeus.fr\/wp-content\/uploads\/2022\/09\/log-linkeus290.png\",\"contentUrl\":\"https:\/\/www.linkeus.fr\/wp-content\/uploads\/2022\/09\/log-linkeus290.png\",\"width\":290,\"height\":100,\"caption\":\"Linkeus Provence C\u00f4te d&#039;Azur Events\"},\"image\":{\"@id\":\"https:\/\/www.linkeus.fr\/#\/schema\/logo\/image\/\"},\"sameAs\":[\"https:\/\/www.facebook.com\/ProvenceCotedAzurEvents\"]}]}<\/script>\n<!-- \/ Yoast SEO plugin. -->","yoast_head_json":{"title":"The sales department - Linkeus Provence C\u00f4te d&#039;Azur Events","robots":{"index":"index","follow":"follow","max-snippet":"max-snippet:-1","max-image-preview":"max-image-preview:large","max-video-preview":"max-video-preview:-1"},"canonical":"https:\/\/www.linkeus.fr\/en\/organise-your-event\/the-sales-department\/","og_locale":"en_US","og_type":"article","og_title":"The sales department - Linkeus Provence C\u00f4te d&#039;Azur Events","og_description":"[vc_row][vc_column width=&#8221;1\/6&#8243;][\/vc_column][vc_column width=&#8221;2\/3&#8243;][vc_column_text el_class=&#8221;couleurgrise&#8221;] LINKEUS Provence Alpes C\u00f4te d&#8217;Azur Convention Bureau provides support to ensure your events\u2019 success. Impartial and free of charge, the Sales Department is at the disposal of organisers of meetings, corporate conventions, professional trade fairs, seminars and incentives to. [\/vc_column_text][\/vc_column][vc_column width=&#8221;1\/6&#8243;][\/vc_column][\/vc_row][vc_row css=&#8221;.vc_custom_1597151412430{margin-top: 50px !important;}&#8221;][vc_column width=&#8221;1\/2&#8243;][vc_column_text el_class=&#8221;couleurgrise&#8221;] Assist and advise you by [&hellip;]","og_url":"https:\/\/www.linkeus.fr\/en\/organise-your-event\/the-sales-department\/","og_site_name":"Linkeus Provence C\u00f4te d&#039;Azur Events","article_publisher":"https:\/\/www.facebook.com\/ProvenceCotedAzurEvents","article_modified_time":"2024-07-02T13:35:48+00:00","og_image":[{"width":1920,"height":400,"url":"https:\/\/www.linkeus.fr\/wp-content\/uploads\/2020\/09\/missions-service-commercial-hero.jpg","type":"image\/jpeg"}],"twitter_card":"summary_large_image","twitter_misc":{"Est. reading time":"4 minutes"},"schema":{"@context":"https:\/\/schema.org","@graph":[{"@type":"WebPage","@id":"https:\/\/www.linkeus.fr\/en\/organise-your-event\/the-sales-department\/","url":"https:\/\/www.linkeus.fr\/en\/organise-your-event\/the-sales-department\/","name":"The sales department - Linkeus Provence C\u00f4te d&#039;Azur Events","isPartOf":{"@id":"https:\/\/www.linkeus.fr\/#website"},"primaryImageOfPage":{"@id":"https:\/\/www.linkeus.fr\/en\/organise-your-event\/the-sales-department\/#primaryimage"},"image":{"@id":"https:\/\/www.linkeus.fr\/en\/organise-your-event\/the-sales-department\/#primaryimage"},"thumbnailUrl":"https:\/\/www.linkeus.fr\/wp-content\/uploads\/2020\/09\/missions-service-commercial-hero.jpg","datePublished":"2020-11-03T11:40:48+00:00","dateModified":"2024-07-02T13:35:48+00:00","breadcrumb":{"@id":"https:\/\/www.linkeus.fr\/en\/organise-your-event\/the-sales-department\/#breadcrumb"},"inLanguage":"en-US","potentialAction":[{"@type":"ReadAction","target":["https:\/\/www.linkeus.fr\/en\/organise-your-event\/the-sales-department\/"]}]},{"@type":"ImageObject","inLanguage":"en-US","@id":"https:\/\/www.linkeus.fr\/en\/organise-your-event\/the-sales-department\/#primaryimage","url":"https:\/\/www.linkeus.fr\/wp-content\/uploads\/2020\/09\/missions-service-commercial-hero.jpg","contentUrl":"https:\/\/www.linkeus.fr\/wp-content\/uploads\/2020\/09\/missions-service-commercial-hero.jpg","width":1920,"height":400},{"@type":"BreadcrumbList","@id":"https:\/\/www.linkeus.fr\/en\/organise-your-event\/the-sales-department\/#breadcrumb","itemListElement":[{"@type":"ListItem","position":1,"name":"Accueil","item":"https:\/\/www.linkeus.fr\/en\/"},{"@type":"ListItem","position":2,"name":"Organise your event","item":"https:\/\/www.linkeus.fr\/en\/organise-your-event\/"},{"@type":"ListItem","position":3,"name":"The sales department"}]},{"@type":"WebSite","@id":"https:\/\/www.linkeus.fr\/#website","url":"https:\/\/www.linkeus.fr\/","name":"Linkeus Provence C\u00f4te d&#039;Azur Events","description":"Le bureau des congr\u00e8s regional : l&#039;interlocuteur privil\u00e9gi\u00e9 pour l&#039;organisation de vos \u00e9v\u00e8nements professionnels en Provence Alpes C\u00f4te d&#039;Azur","publisher":{"@id":"https:\/\/www.linkeus.fr\/#organization"},"potentialAction":[{"@type":"SearchAction","target":{"@type":"EntryPoint","urlTemplate":"https:\/\/www.linkeus.fr\/?s={search_term_string}"},"query-input":{"@type":"PropertyValueSpecification","valueRequired":true,"valueName":"search_term_string"}}],"inLanguage":"en-US"},{"@type":"Organization","@id":"https:\/\/www.linkeus.fr\/#organization","name":"Linkeus Provence C\u00f4te d&#039;Azur Events","url":"https:\/\/www.linkeus.fr\/","logo":{"@type":"ImageObject","inLanguage":"en-US","@id":"https:\/\/www.linkeus.fr\/#\/schema\/logo\/image\/","url":"https:\/\/www.linkeus.fr\/wp-content\/uploads\/2022\/09\/log-linkeus290.png","contentUrl":"https:\/\/www.linkeus.fr\/wp-content\/uploads\/2022\/09\/log-linkeus290.png","width":290,"height":100,"caption":"Linkeus Provence C\u00f4te d&#039;Azur Events"},"image":{"@id":"https:\/\/www.linkeus.fr\/#\/schema\/logo\/image\/"},"sameAs":["https:\/\/www.facebook.com\/ProvenceCotedAzurEvents"]}]}},"_links":{"self":[{"href":"https:\/\/www.linkeus.fr\/en\/wp-json\/wp\/v2\/pages\/18204","targetHints":{"allow":["GET"]}}],"collection":[{"href":"https:\/\/www.linkeus.fr\/en\/wp-json\/wp\/v2\/pages"}],"about":[{"href":"https:\/\/www.linkeus.fr\/en\/wp-json\/wp\/v2\/types\/page"}],"author":[{"embeddable":true,"href":"https:\/\/www.linkeus.fr\/en\/wp-json\/wp\/v2\/users\/2"}],"replies":[{"embeddable":true,"href":"https:\/\/www.linkeus.fr\/en\/wp-json\/wp\/v2\/comments?post=18204"}],"version-history":[{"count":6,"href":"https:\/\/www.linkeus.fr\/en\/wp-json\/wp\/v2\/pages\/18204\/revisions"}],"predecessor-version":[{"id":27271,"href":"https:\/\/www.linkeus.fr\/en\/wp-json\/wp\/v2\/pages\/18204\/revisions\/27271"}],"up":[{"embeddable":true,"href":"https:\/\/www.linkeus.fr\/en\/wp-json\/wp\/v2\/pages\/18185"}],"wp:featuredmedia":[{"embeddable":true,"href":"https:\/\/www.linkeus.fr\/en\/wp-json\/wp\/v2\/media\/17516"}],"wp:attachment":[{"href":"https:\/\/www.linkeus.fr\/en\/wp-json\/wp\/v2\/media?parent=18204"}],"curies":[{"name":"wp","href":"https:\/\/api.w.org\/{rel}","templated":true}]}}